{"id":116,"date":"2009-05-25T13:22:03","date_gmt":"2009-05-25T13:22:03","guid":{"rendered":"https:\/\/webs.uab.cat\/ecas\/rd-projects\/"},"modified":"2022-08-22T13:35:00","modified_gmt":"2022-08-22T13:35:00","slug":"rd-projects","status":"publish","type":"page","link":"https:\/\/webs.uab.cat\/ecas\/rd-projects\/","title":{"rendered":"R+D Projects"},"content":{"rendered":"\n<p><em><strong>*Sonics-on-CMOS<\/strong><\/em>:&nbsp;Transductores ultras\u00f3nicos inteligentes de alta resoluci\u00f3n y multifrecuencia basados en piezoMEMS-en-CMOS para aplicaciones biom\u00e9tricas y de imagen. <strong>PID2019-108270RB-I00<\/strong>. Ministerio de Ciencia e Innovaci\u00f3n-Agencia Espa\u00f1ola de Investigaci\u00f3n. Duraci\u00f3n&nbsp;3 a\u00f1os (junio 2020-mayo 2023). IPs: N\u00faria Barniol y Arantxa Uranga. Importe: 134 k\u20ac. (2020-2023)<\/p>\n\n\n\n<p>*<em><strong>Piezoelectric Micromachined ultrasonic transducers (PMUT) on CMOS for Acoustic Imaging, Rangefinder and Gesture Recognition<\/strong><\/em>. Contract with SilTerra-Malaysia. Duraci\u00f3n: 3 a\u00f1os (2020-2023). Importe: 60 k\u20ac y acceso sin coste a su tecnolog\u00eda.<\/p>\n\n\n\n<p>*<em><strong>CMOS-PMUT\u2019s II<\/strong><\/em>: Development of a Piezoelectric Micromachined ultrasonic transducer (PMUT) on CMOS. Contract with SilTerra-Malaysia. April 2018-April 2020. 30k\u20ac<\/p>\n\n\n\n<p>*P-Sphere, <strong>H2020-MSCA-CoFund<\/strong>, ref. 665919, UAB Postdoctoral fellows, Vassil Tzanov, 2016-2019.<\/p>\n\n\n\n<p><em><strong>*CMOS-MENUTS: <\/strong>Sistemas CMOS-MEMS\/NEMS resonantes para sensado inteligente y nuevos transductores de ultrasonidos. <\/em><strong>Proyecto TEC2015-66337-R,&nbsp;<\/strong> Funded by MINECO&amp;FEDER. Principal investigator: N\u00faria Barniol. 216k\u20ac (2015-2018)<\/p>\n\n\n\n<p><strong><em>* Development of a Piezoelectric Micromachined ultrasonic transducer (PMUT) on a CMOS for Medical Imaging. <\/em><\/strong>Contracts with SilTerra-Malaysia. April 2016-April 2018, 30k\u20ac<\/p>\n\n\n\n<p><strong>* NFFA-Europe:<\/strong><em>Nanoscale Foundries and Fine Analysis for Europe. <\/em>Project funded by the European Commission under the <strong>H2020-654360<\/strong>. Start date: 1\/09\/2015-28\/02\/2021. Coordinator: Giorgio Rossi from CNR, Italy. 20 partners.&nbsp; UAB acts as third party of PRUAB. UAB participation is spread in three groups. UAB\u2019s founding under ECAS responsibility: 137k\u20ac<\/p>\n\n\n\n<p><em><strong>* NEMS-in-CMOS. <\/strong>Dispositivos nanoelectromec\u00e1nicos (NEMS) integrados en CMOS: explotaci\u00f3n de las propiedades no lineales de los resonadores NEMS en aplicaciones l\u00f3gicas y sensora<\/em>s. TEC2012-32677. Funded by MINECO&amp;FEDER. Funding: 218k\u20ac. (2013-2015<strong>)<\/strong><\/p>\n\n\n\n<p><strong>* MEMS oscillator with standard CMOS technology.<\/strong> Contract with Silterra-Malaysia. (2013-2014).<\/p>\n\n\n\n<p><strong>* Non linear Dynamics, Bifurcations, and Non-Stationary Response in Nano-and Micro- Cantilever <em>Arrays for Multiple Sensor Detectio<\/em>n<\/strong>. Nevet Applications 2011- Technion &#8211; Nano Gune- BnC-B. Collaborative project with Israel. Principal investigators: Oded Gottlieb (Israel) and Nuria Barniol (UAB). Funding from Israel. Starting date: October 2011-2013 .<\/p>\n\n\n\n<p><strong>* SGR2009-1375 <\/strong><em><strong>Electronics circuits and systems group<\/strong> (ECAS<\/em>). Funded by Generalitat de Catalunya. Funding: 40k\u20ac. (2009-2013)<\/p>\n\n\n\n<p><em><strong>* NEMESYS<\/strong><strong>: NEMS\/MEMS in submicrometric CMOS technologies for RF systems and novel applications<\/strong>. TEC2009-9008, . Funded by MINECO &amp; FEDER programme. Funding: 219k\u20ac. (2010-2012)<\/em><\/p>\n\n\n\n<p><em><strong>* NFFA. Nanoscale Foundries and Fine Analysis. <\/strong><\/em>Project funded by the European Commission under the VII Framework Programme, under Capacities Specific Programme Research Infrastructures.&nbsp; Research area: INFRA-2007-2.1-01. Contract Type: Collaborative project. Project reference: 212348. Partners:CNR-IOM (Italy), STFC (United Kingdom), CSIC-CNM (Espa\u00f1a), PSI (Switzerland), OEAW (Austria). ECAS-UAB is participating as sub-contracted. 40k\u20ac. (June 2008- june 2011)<\/p>\n\n\n\n<p><strong>* COSY-3D. Compact Secured Systems in 3D<\/strong>. Euripides (EU). EUR-07-302. Entidades participantes:&nbsp; CEA-Leti (Francia), NXP (Francia), Datacon (Austria), VTT (Finlandia), Gemalto (Francia), VTI (Finlandia), Applus-LGAI (Espa\u00f1a), Mentor Graphics (Polonia), Armines-EMSE (Francia), UAB (Espa\u00f1a). Total Budget: 10,704M\u20ac. IP: Nadine Colchen-Fargues (Gemalto-Francia). (2008-2010). TSI-020400-2008-75. AVANZA. Fomento de la Investigaci\u00f3n T\u00e9cnica, para la realizaci\u00f3n de proyectos internacionales y acciones complementarias de cooperaci\u00f3n internacional (Ministerio de Industria, Turismo y Comercio). Partners UAB and Applus-LGAI. IP: Xavier Vilarrubla. ECAS-UAB funding: 31k\u20ac. (2008-2009<strong>)<\/strong><\/p>\n","protected":false},"excerpt":{"rendered":"<p>*Sonics-on-CMOS:&nbsp;Transductores ultras\u00f3nicos inteligentes de alta resoluci\u00f3n y multifrecuencia basados en piezoMEMS-en-CMOS para aplicaciones biom\u00e9tricas y de imagen. PID2019-108270RB-I00. Ministerio de Ciencia e Innovaci\u00f3n-Agencia Espa\u00f1ola de Investigaci\u00f3n. Duraci\u00f3n&nbsp;3 a\u00f1os (junio 2020-mayo 2023). IPs: N\u00faria Barniol y Arantxa Uranga. Importe: 134 k\u20ac. (2020-2023) *Piezoelectric Micromachined ultrasonic transducers (PMUT) on CMOS for Acoustic Imaging, Rangefinder and Gesture Recognition. [&hellip;]<\/p>\n","protected":false},"author":20,"featured_media":0,"parent":0,"menu_order":0,"comment_status":"closed","ping_status":"closed","template":"","meta":{"footnotes":""},"class_list":["post-116","page","type-page","status-publish","hentry"],"_links":{"self":[{"href":"https:\/\/webs.uab.cat\/ecas\/wp-json\/wp\/v2\/pages\/116","targetHints":{"allow":["GET"]}}],"collection":[{"href":"https:\/\/webs.uab.cat\/ecas\/wp-json\/wp\/v2\/pages"}],"about":[{"href":"https:\/\/webs.uab.cat\/ecas\/wp-json\/wp\/v2\/types\/page"}],"author":[{"embeddable":true,"href":"https:\/\/webs.uab.cat\/ecas\/wp-json\/wp\/v2\/users\/20"}],"replies":[{"embeddable":true,"href":"https:\/\/webs.uab.cat\/ecas\/wp-json\/wp\/v2\/comments?post=116"}],"version-history":[{"count":1,"href":"https:\/\/webs.uab.cat\/ecas\/wp-json\/wp\/v2\/pages\/116\/revisions"}],"predecessor-version":[{"id":331,"href":"https:\/\/webs.uab.cat\/ecas\/wp-json\/wp\/v2\/pages\/116\/revisions\/331"}],"wp:attachment":[{"href":"https:\/\/webs.uab.cat\/ecas\/wp-json\/wp\/v2\/media?parent=116"}],"curies":[{"name":"wp","href":"https:\/\/api.w.org\/{rel}","templated":true}]}}