{"id":1072,"date":"2025-03-26T12:49:32","date_gmt":"2025-03-26T10:49:32","guid":{"rendered":"https:\/\/webs.uab.cat\/ecf4climcrisiecosocial\/?page_id=1072"},"modified":"2025-03-26T12:58:46","modified_gmt":"2025-03-26T10:58:46","slug":"ii-escenaris-de-futur-de-la-transicio-ecosocial","status":"publish","type":"page","link":"https:\/\/webs.uab.cat\/ecf4climcrisiecosocial\/ii-escenaris-de-futur-de-la-transicio-ecosocial\/","title":{"rendered":"(II) Escenaris de futur de la transici\u00f3 ecosocial"},"content":{"rendered":"<div class=\"wp-block-image\">\n<figure class=\"aligncenter size-full\"><img loading=\"lazy\" decoding=\"async\" width=\"914\" height=\"332\" src=\"https:\/\/webs.uab.cat\/ecf4climcrisiecosocial\/wp-content\/uploads\/sites\/540\/2025\/03\/image.png\" alt=\"\" class=\"wp-image-1073\" srcset=\"https:\/\/webs.uab.cat\/ecf4climcrisiecosocial\/wp-content\/uploads\/sites\/540\/2025\/03\/image.png 914w, https:\/\/webs.uab.cat\/ecf4climcrisiecosocial\/wp-content\/uploads\/sites\/540\/2025\/03\/image-300x109.png 300w, https:\/\/webs.uab.cat\/ecf4climcrisiecosocial\/wp-content\/uploads\/sites\/540\/2025\/03\/image-768x279.png 768w\" sizes=\"auto, (max-width: 914px) 100vw, 914px\" \/><\/figure>\n<\/div>\n\n\n<p><em>Portada del llibre &#8220;Futurs (im)possibles&#8221; (Pol\u00b7len, 2024)<\/em><\/p>\n\n\n\n<h2 class=\"wp-block-heading\">Confer\u00e8ncia II: Eva Vilaseca i Rub\u00e8n Suri\u00f1ach<\/h2>\n\n\n\n<p>El dimarts 18 de mar\u00e7 van venir a la facultat dos ponents vinculats a la <a href=\"https:\/\/xes.cat\/\" data-type=\"link\" data-id=\"https:\/\/xes.cat\/\">Xarxa d&#8217;Economia Solid\u00e0ria (XES)<\/a> i a l&#8217;<a href=\"https:\/\/assembleaecosocial.cat\/\" data-type=\"link\" data-id=\"https:\/\/assembleaecosocial.cat\/\">Assamblea per la Transici\u00f3 Ecosocial de Catalunya (ACTE)<\/a>. l&#8217;Eva Vilaseca \u00e9s bi\u00f2loga i s&#8217;ha especialitzat en Ecologia i Economia Social i Solid\u00e0ria, treballa des de la <a href=\"https:\/\/espaiambiental.coop\/\" data-type=\"link\" data-id=\"https:\/\/espaiambiental.coop\/\">cooperativa Espai Ambiental<\/a> i des de la <a href=\"https:\/\/ecohub.cat\/\" data-type=\"link\" data-id=\"https:\/\/ecohub.cat\/\">cooperativa EcoHub<\/a>, impulsada recentment per en Rub\u00e9n Suri\u00f1ach. En Rub\u00e9n \u00e9s economista especialitzat en economia social i solid\u00e0ria i economies transformadores, ha estat durant molts anys vinculat a la XES, actualment \u00e9s el coordinador de la cooperativa EcoHub i \u00e9s autor de la novel\u00b7la &#8220;<a href=\"https:\/\/pol-len.cat\/llibres\/tot-era-massa-fragil\/\" data-type=\"link\" data-id=\"https:\/\/pol-len.cat\/llibres\/tot-era-massa-fragil\/\">Tot era massa fr\u00e0gil<\/a>&#8221; (Pol\u00b7len Edicions). <\/p>\n\n\n\n<p>S\u00f3n coordinadors i autors del llibre <a href=\"https:\/\/pol-len.cat\/llibres\/futurs-impossibles\/\" data-type=\"link\" data-id=\"https:\/\/pol-len.cat\/llibres\/futurs-impossibles\/\">&#8220;Futurs (im)possibles&#8221;<\/a> (Pol\u00b7len, 2024) i han impulsat el projecte <a href=\"https:\/\/escoladetransicions.coop\/\" data-type=\"link\" data-id=\"https:\/\/escoladetransicions.coop\/\">Escola de Transicions<\/a>, un curs d\u2019especialitzaci\u00f3 en transici\u00f3 ecol\u00f2gica i alternatives econ\u00f2miques a la Universitat de Barcelona (UB). <\/p>\n\n\n\n<p><strong>Construir un futur en un m\u00f3n que s&#8217;acaba: Escenaris, possibilitats i estrat\u00e8gies per una transici\u00f3 ecosocial<\/strong><\/p>\n\n\n\n<ul class=\"wp-block-list\">\n<li><strong>Realisme ecol\u00f2gic<\/strong><\/li>\n<\/ul>\n\n\n\n<p><em>La gran acceleraci\u00f3 i el descens energ\u00e8tic<\/em><\/p>\n\n\n\n<p>La <strong>Gran Acceleraci\u00f3<\/strong> fa refer\u00e8ncia a la correlaci\u00f3 entre l\u2019obtenci\u00f3 d\u2019energia barata i l\u2019augment exponencial d\u2019indicadors econ\u00f2mics, socials i ambientals. L\u2019\u00fas hist\u00f2ric dels combustibles f\u00f2ssils ha perm\u00e8s aquest creixement, per\u00f2, essent recursos finits, estan destinats a esgotar-se. A una escala hist\u00f2rica m\u00e9s \u00e0mplia, la seva disponibilitat ha estat una excepcionalitat que ha impulsat el desenvolupament hum\u00e0. No obstant aix\u00f2,<strong> ens enfrontem ara al declivi energ\u00e8tic i a la necessitat urgent d\u2019adaptar-nos-hi<\/strong>.<\/p>\n\n\n\n<p>Despr\u00e9s de la Gran Acceleraci\u00f3 arriba el <strong>Gran Descens<\/strong>, l\u2019inici de l\u2019era de les conseq\u00fc\u00e8ncies. Els <strong>impactes ambientals derivats del model de creixement actual es fan evidents a trav\u00e9s de fen\u00f2mens com els <a href=\"https:\/\/www.stockholmresilience.org\/research\/planetary-boundaries.html\" data-type=\"link\" data-id=\"https:\/\/www.stockholmresilience.org\/research\/planetary-boundaries.html\">l\u00edmits planetaris<\/a><\/strong>. <\/p>\n\n\n\n<p>La transici\u00f3 ecol\u00f2gica no \u00e9s una opci\u00f3, sin\u00f3 <strong>un proc\u00e9s inevitable<\/strong>. El decreixement es presenta com una condici\u00f3 biof\u00edsica imprescindible per garantir la sostenibilitat. La q\u00fcesti\u00f3 clau \u00e9s com abordar aquest descens i reduir la nostra petjada ecol\u00f2gica de <strong>manera equitativa i efectiva<\/strong>.<\/p>\n\n\n\n<ul class=\"wp-block-list\">\n<li><strong>Combatre la dist\u00f2pia <\/strong><\/li>\n<\/ul>\n\n\n\n<p>El concepte <strong>TINA <\/strong>(<em>There Is No Alternative<\/em>), encunyat per Margaret Thatcher, proporciona la idea de que no hi ha cap alternativa viable al capitalisme. Mark Fisher anomena <strong>realisme capitalista<\/strong> al proc\u00e9s cultural mitjan\u00e7ant el qual se&#8217;ns inculca la creen\u00e7a que no podem imaginar una altra forma de vida fora del capitalisme.<\/p>\n\n\n\n<p>A partir del col\u00b7lapse financer del 2008, la utopia capitalista occidental es trenca. L\u2019ideal del progr\u00e9s basat en el creixement econ\u00f2mic i l\u2019ascensor social esdev\u00e9 inassolible per a les noves generacions, que constaten que viure millor que els seus predecessors ja no \u00e9s una possibilitat. Aix\u00f2 provoca un efecte psicosocial que es tradueix en una <strong>cancel\u00b7laci\u00f3 del futur<\/strong>, on cada cop menys persones s\u2019atreveixen a imaginar horitzons alternatius.<\/p>\n\n\n\n<p>Aquest fenomen es veu reflectit en les produccions dist\u00f2piques de masses, on el motor de la narraci\u00f3 no \u00e9s l\u2019esperan\u00e7a, sin\u00f3 la <strong>superviv\u00e8ncia individualista en un m\u00f3n devastat<\/strong>. Aquest relat t\u00e9 un efecte pervers: genera acomodament en el present, fomenta el pensament conservador i paralitza qualsevol intent de projectar un futur diferent.<\/p>\n\n\n\n<p>Per revertir aquesta situaci\u00f3, cal <strong>trencar amb aquesta narrativa i obrir la capsa del futur<\/strong>. \u00c9s essencial disputar la dist\u00f2pia i entrenar el pensament ut\u00f2pic, promovent una imaginaci\u00f3 col\u00b7lectiva <strong>capa\u00e7 de narrar futurs desitjables i possibles<\/strong>.<\/p>\n\n\n\n<p class=\"has-text-align-center\"><strong>Taula de World Economic Forum sobre els riscos dels propers anys<\/strong><\/p>\n\n\n<div class=\"wp-block-image\">\n<figure class=\"aligncenter size-large is-resized\"><img loading=\"lazy\" decoding=\"async\" width=\"931\" height=\"1024\" src=\"https:\/\/webs.uab.cat\/ecf4climcrisiecosocial\/wp-content\/uploads\/sites\/540\/2025\/03\/image-1-931x1024.png\" alt=\"\" class=\"wp-image-1076\" style=\"width:593px;height:auto\" srcset=\"https:\/\/webs.uab.cat\/ecf4climcrisiecosocial\/wp-content\/uploads\/sites\/540\/2025\/03\/image-1-931x1024.png 931w, https:\/\/webs.uab.cat\/ecf4climcrisiecosocial\/wp-content\/uploads\/sites\/540\/2025\/03\/image-1-273x300.png 273w, https:\/\/webs.uab.cat\/ecf4climcrisiecosocial\/wp-content\/uploads\/sites\/540\/2025\/03\/image-1-768x845.png 768w, https:\/\/webs.uab.cat\/ecf4climcrisiecosocial\/wp-content\/uploads\/sites\/540\/2025\/03\/image-1-1396x1536.png 1396w, https:\/\/webs.uab.cat\/ecf4climcrisiecosocial\/wp-content\/uploads\/sites\/540\/2025\/03\/image-1-1862x2048.png 1862w, https:\/\/webs.uab.cat\/ecf4climcrisiecosocial\/wp-content\/uploads\/sites\/540\/2025\/03\/image-1-1200x1320.png 1200w, https:\/\/webs.uab.cat\/ecf4climcrisiecosocial\/wp-content\/uploads\/sites\/540\/2025\/03\/image-1.png 1921w\" sizes=\"auto, (max-width: 931px) 100vw, 931px\" \/><\/figure>\n<\/div>\n\n\n<p><em>Font: <a href=\"https:\/\/es.weforum.org\/stories\/2023\/01\/estos-son-los-mayores-riesgos-a-los-que-se-enfrenta-el-mundo\/\" data-type=\"link\" data-id=\"https:\/\/es.weforum.org\/stories\/2023\/01\/estos-son-los-mayores-riesgos-a-los-que-se-enfrenta-el-mundo\/\">World Economic Forum<\/a><\/em><\/p>\n\n\n\n<p>Hem d&#8217;anar m\u00e9s enll\u00e0 de la disputa cultural i del bloqueig dist\u00f2pic i apostar per l&#8217;<strong>anticipaci\u00f3 estrat\u00e8gica<\/strong> mitjan\u00e7ant la construcci\u00f3 participativa d&#8217;escenaris de futur, teixit social i comunitari. Els quatre primers riscos mostrats a la taula est\u00e0n relacionats amb la <strong>transici\u00f3 ecol\u00f2gica<\/strong>, \u00e9s en aquest marc en el que hem de treballar els escenaris de futur. Aquest futur que s&#8217;aproxima \u00e9s <strong>complex <\/strong>i ens mourem entre un proc\u00e9s endre\u00e7at i planificat i la necessitat de respondre a emerg\u00e8ncies donades per fen\u00f2mens clim\u00e0tics. <\/p>\n\n\n\n<ul class=\"wp-block-list\">\n<li><strong>Escenaris de futur<\/strong><\/li>\n<\/ul>\n\n\n<div class=\"wp-block-image\">\n<figure class=\"aligncenter size-full\"><img loading=\"lazy\" decoding=\"async\" width=\"840\" height=\"557\" src=\"https:\/\/webs.uab.cat\/ecf4climcrisiecosocial\/wp-content\/uploads\/sites\/540\/2025\/03\/image-2.png\" alt=\"\" class=\"wp-image-1079\" srcset=\"https:\/\/webs.uab.cat\/ecf4climcrisiecosocial\/wp-content\/uploads\/sites\/540\/2025\/03\/image-2.png 840w, https:\/\/webs.uab.cat\/ecf4climcrisiecosocial\/wp-content\/uploads\/sites\/540\/2025\/03\/image-2-300x199.png 300w, https:\/\/webs.uab.cat\/ecf4climcrisiecosocial\/wp-content\/uploads\/sites\/540\/2025\/03\/image-2-768x509.png 768w\" sizes=\"auto, (max-width: 840px) 100vw, 840px\" \/><\/figure>\n<\/div>\n\n\n<p><em>Font: Imatge extreta de la presentaci\u00f3<\/em><\/p>\n\n\n\n<p>A partir de dos eixos: continuitat institucional\/discontinuitat institucional i l\u00f2gica de mercat\/l\u00f2gica de b\u00e9 com\u00fa, podem dibuixar quatre possibles escenaris de futur per fer front a la transici\u00f3 ecosocial. <\/p>\n\n\n\n<p>Un <strong>escenari ecofeixista<\/strong> es caracteritza perqu\u00e8 les elits i el poder corporatiu duen a terme un proc\u00e9s de segregaci\u00f3 social i concentraci\u00f3 de terres i recursos. El conflicte sorgeix entre les classes populars, que es fragmenten internament, degut a una regressi\u00f3 democr\u00e0tica i a una tend\u00e8ncia cap a l&#8217;autoritarisme.<\/p>\n\n\n\n<p>D&#8217;altra banda, el que s&#8217;anomena <strong>Green New Deal corporatiu<\/strong> \u00e9s un escenari similar. Aqu\u00ed es produeix un adormiment social, en qu\u00e8 governs i capital privat fan un maquillatge verd (a trav\u00e9s de renovables i de l&#8217;electrificaci\u00f3 del transport), mentre que la poblaci\u00f3 menys privilegiada experimenta un empitjorament de les condicions.<\/p>\n\n\n\n<ul class=\"wp-block-list\">\n<li><strong>Cinc estrat\u00e8gies de canvi<\/strong><\/li>\n<\/ul>\n\n\n\n<p>A continuaci\u00f3 es presenten cinc grans estrat\u00e8gies de canvi sobre les que incidir per treballar en la transici\u00f3 ecol\u00f2gica justa, seguint la teoria del canvi o de transformaci\u00f3 social. <\/p>\n\n\n\n<ol class=\"wp-block-list\">\n<li><strong>Mobilitzaci\u00f3, den\u00fancia i resist\u00e8ncia<\/strong><\/li>\n\n\n\n<li><strong>Incid\u00e8ncia pol\u00edtica<\/strong><\/li>\n\n\n\n<li><strong>Construcci\u00f3 d&#8217;alternatives econ\u00f2miques<\/strong><\/li>\n\n\n\n<li><strong>Refor\u00e7 del teixit i governan\u00e7a comunit\u00e0ria<\/strong><\/li>\n\n\n\n<li><strong>Canvi cultural<\/strong><\/li>\n<\/ol>\n\n\n\n<ul class=\"wp-block-list\">\n<li><strong>Transici\u00f3 ecosocial<\/strong><\/li>\n<\/ul>\n\n\n\n<p>L&#8217;\u00fanic cam\u00ed cap a un futur possible i habitable \u00e9s una transici\u00f3 ecosocial. Es presenta la proposta de l&#8217;<a href=\"https:\/\/doughnuteconomics.org\/about-doughnut-economics\" data-type=\"link\" data-id=\"https:\/\/doughnuteconomics.org\/about-doughnut-economics\">economia del d\u00f2nut de Kate Raworth<\/a>, una proposta que vincula els l\u00edmits planetaris que no podem traspassar en forma de sostre ecol\u00f2gic, i una base social conformada per drets b\u00e0sics garantits per tothom. \u00c9s l&#8217;espai entre aquests dos eixos el lloc cap a on hem de dirigir-nos per garantir un futur ecosocial. <\/p>\n\n\n<div class=\"wp-block-image\">\n<figure class=\"aligncenter size-full is-resized\"><img loading=\"lazy\" decoding=\"async\" width=\"805\" height=\"764\" src=\"https:\/\/webs.uab.cat\/ecf4climcrisiecosocial\/wp-content\/uploads\/sites\/540\/2025\/03\/image-3.png\" alt=\"\" class=\"wp-image-1082\" style=\"width:493px;height:auto\" srcset=\"https:\/\/webs.uab.cat\/ecf4climcrisiecosocial\/wp-content\/uploads\/sites\/540\/2025\/03\/image-3.png 805w, https:\/\/webs.uab.cat\/ecf4climcrisiecosocial\/wp-content\/uploads\/sites\/540\/2025\/03\/image-3-300x285.png 300w, https:\/\/webs.uab.cat\/ecf4climcrisiecosocial\/wp-content\/uploads\/sites\/540\/2025\/03\/image-3-768x729.png 768w\" sizes=\"auto, (max-width: 805px) 100vw, 805px\" \/><figcaption class=\"wp-element-caption\">Font: <a href=\"https:\/\/doughnuteconomics.org\/about-doughnut-economics\" data-type=\"link\" data-id=\"https:\/\/doughnuteconomics.org\/about-doughnut-economics\">Dohnut Economies<\/a><\/figcaption><\/figure>\n<\/div>\n\n\n<ul class=\"wp-block-list\">\n<li><strong>Com hi arribem?<\/strong><\/li>\n<\/ul>\n\n\n\n<p>T\u00e8cnicament \u00e9s possible per\u00f2 els reptes son que sigui <strong>ecol\u00f2gicament necessari<\/strong>, <strong>pol\u00edticament viable<\/strong> i <strong>culturalment desitjable<\/strong>. La necessitat recau en construir noves narratives i poder imaginar aquest futur com a possible a m\u00e9s de concretar els passos de com fer-ho.<\/p>\n\n\n\n<ul class=\"wp-block-list\">\n<li><strong>Construir un projecte pol\u00edtic per Catalunya<\/strong><\/li>\n<\/ul>\n\n\n\n<p>La nostra prioritat hauria de ser que, davant la crisi ecosocial, les estrat\u00e8gies i propostes pol\u00edtiques es dirigeixin a fer que aquesta sortida sigui desitjable i acceptable per la gran majoria, <strong>un ecologisme pel 99%.<\/strong><\/p>\n\n\n\n<ol class=\"wp-block-list\">\n<li><strong>Centrat en les necessitats de la gent<br><\/strong>L&#8217;ecologisme actual sovint es presenta de manera individualista (ex. reciclatge) o resistencialista (ex. l\u00edmits al creixement). Podem, en canvi, proposar solucions que tamb\u00e9 abordin les necessitats quotidianes: habitatge, antiracisme, feminisme, etc. Aix\u00ed, <strong>la q\u00fcesti\u00f3 de la fi del m\u00f3n i l&#8217;arribada a final de mes es converteixen en lluites convergents<\/strong>.<\/li>\n<\/ol>\n\n\n\n<p>2. <strong>Defensa de tres drets b\u00e0sics<\/strong><\/p>\n\n\n\n<ul class=\"wp-block-list\">\n<li>Drets socials (lluites socials)<\/li>\n\n\n\n<li>Drets de la natura (defensa del territori)<\/li>\n\n\n\n<li>Dret al futur (per les noves generacions)<\/li>\n<\/ul>\n\n\n\n<p><strong>3. Un ecologisme macro<br><\/strong>Cal proposar <strong>accions ambicioses, concretes i realistes<\/strong>. Les propostes micro i localitzades (com les comunitats energ\u00e8tiques) s\u00f3n importants, per\u00f2 tamb\u00e9 cal plantejar <strong>canvis m\u00e9s amplis<\/strong> que defineixin el com i el qu\u00e8 s\u2019ha de fer per transformar la situaci\u00f3.<\/p>\n\n\n\n<p><strong>4. Donar resposta a la q\u00fcesti\u00f3 del treball<br><\/strong>La <strong>tensi\u00f3 <\/strong>entre l&#8217;<strong>agenda ecologista<\/strong> i els <strong>interessos de la classe treballadora<\/strong> \u00e9s central. L&#8217;ecologisme ha de plantejar la creaci\u00f3 de llocs de treball, forjant aliances sindicals pertinents i desenvolupant propostes concretes que abordin aquesta q\u00fcesti\u00f3.<\/p>\n\n\n\n<p><strong>5. Un projecte compartit<br><\/strong>L&#8217;objectiu \u00e9s construir una proposta pol\u00edtica que respongui a aquestes necessitats, basada en un proc\u00e9s ampli de grans aliances. Des de <strong>l\u2019ACTE<\/strong>, proposem erigir una <strong>estrat\u00e8gia pol\u00edtica compartida<\/strong>, ambiciosa, que busqui ponts i defineixi un horitz\u00f3 com\u00fa. \u00c9s necessari construir el nostre projecte pol\u00edtic davant aquesta crisi, com reflecteix el<strong> Pacte Ecosocial de Catalunya<\/strong>. <\/p>\n\n\n\n<p>En el <a href=\"https:\/\/nextcloud.pangea.org\/s\/m6SzDoYHaXxCFoA\" data-type=\"link\" data-id=\"https:\/\/nextcloud.pangea.org\/s\/m6SzDoYHaXxCFoA\">seg\u00fcent enlla\u00e7<\/a> podeu consultar les <strong>Mesures per una Transici\u00f3 Ecosocial a Catalunya<\/strong> presentades per <strong>l&#8217;ACTE<\/strong>, integrada per 273 entitats i moviments socials, professionals i activistes de diversos sectors. <strong>L&#8217;ACTE <\/strong>es presenta amb <strong>l&#8217;objectiu d<\/strong>&#8216;<strong>impulsar una transici\u00f3 ecol\u00f2gica i social a Catalunya que sigui justa i democr\u00e0tica. <\/strong><\/p>\n","protected":false},"excerpt":{"rendered":"<p>Portada del llibre &#8220;Futurs (im)possibles&#8221; (Pol\u00b7len, 2024) Confer\u00e8ncia II: Eva Vilaseca i Rub\u00e8n Suri\u00f1ach El dimarts 18 de mar\u00e7 van venir a la facultat dos ponents vinculats a la Xarxa d&#8217;Economia Solid\u00e0ria (XES) i a l&#8217;Assamblea per la Transici\u00f3 Ecosocial de Catalunya (ACTE). l&#8217;Eva Vilaseca \u00e9s bi\u00f2loga i s&#8217;ha especialitzat en Ecologia i Economia Social [&hellip;]<\/p>\n","protected":false},"author":3039,"featured_media":0,"parent":0,"menu_order":0,"comment_status":"closed","ping_status":"closed","template":"","meta":{"footnotes":""},"class_list":["post-1072","page","type-page","status-publish","hentry"],"_links":{"self":[{"href":"https:\/\/webs.uab.cat\/ecf4climcrisiecosocial\/wp-json\/wp\/v2\/pages\/1072","targetHints":{"allow":["GET"]}}],"collection":[{"href":"https:\/\/webs.uab.cat\/ecf4climcrisiecosocial\/wp-json\/wp\/v2\/pages"}],"about":[{"href":"https:\/\/webs.uab.cat\/ecf4climcrisiecosocial\/wp-json\/wp\/v2\/types\/page"}],"author":[{"embeddable":true,"href":"https:\/\/webs.uab.cat\/ecf4climcrisiecosocial\/wp-json\/wp\/v2\/users\/3039"}],"replies":[{"embeddable":true,"href":"https:\/\/webs.uab.cat\/ecf4climcrisiecosocial\/wp-json\/wp\/v2\/comments?post=1072"}],"version-history":[{"count":4,"href":"https:\/\/webs.uab.cat\/ecf4climcrisiecosocial\/wp-json\/wp\/v2\/pages\/1072\/revisions"}],"predecessor-version":[{"id":1091,"href":"https:\/\/webs.uab.cat\/ecf4climcrisiecosocial\/wp-json\/wp\/v2\/pages\/1072\/revisions\/1091"}],"wp:attachment":[{"href":"https:\/\/webs.uab.cat\/ecf4climcrisiecosocial\/wp-json\/wp\/v2\/media?parent=1072"}],"curies":[{"name":"wp","href":"https:\/\/api.w.org\/{rel}","templated":true}]}}