{"id":488,"date":"2024-03-21T18:17:28","date_gmt":"2024-03-21T16:17:28","guid":{"rendered":"https:\/\/webs.uab.cat\/ecf4climcrisiecosocial\/?page_id=488"},"modified":"2025-01-22T12:34:01","modified_gmt":"2025-01-22T10:34:01","slug":"ii-imaginar-el-futur","status":"publish","type":"page","link":"https:\/\/webs.uab.cat\/ecf4climcrisiecosocial\/ii-imaginar-el-futur\/","title":{"rendered":"(II) Imaginar el futur"},"content":{"rendered":"\n<p>La segona confer\u00e8ncia del Cicle sobre Crisi Ecosocial va comptar amb la participaci\u00f3 de dos ponents molt vinculats a tant a l<strong>\u2019economia social i solid\u00e0ria<\/strong> com a<strong> xarxes d\u2019activisme ecologista<\/strong>. Tamb\u00e9 van participar en l&#8217;organitzaci\u00f3 de les <a href=\"https:\/\/futursimpossibles.org\/\">Jornades Futurs (Im)possibles<\/a>.<\/p>\n\n\n\n<p>El Rub\u00e8n Suri\u00f1ach i l\u2019Eva Vilaseca, ambd\u00f2s vinculats a la <a href=\"https:\/\/xes.cat\/\">Xarxa d&#8217;Economia Solid\u00e0ria (XES)<\/a> i a l\u2019<a href=\"https:\/\/futursimpossibles.org\/assemblea-catalana-per-la-transicio-ecosocial\/\">Assemblea per la Transici\u00f3 Ecosocial de Catalunya (ACTE)<\/a>, de la que ens parlen al finalitzar la xerrada, van introduir-nos a la perspectiva dels escenaris de futur.<\/p>\n\n\n\n<ul class=\"wp-block-list\">\n<li><strong>Realisme ecol\u00f2gic<\/strong><\/li>\n<\/ul>\n\n\n\n<p>El Rub\u00e8n enceta la xerrada amb el concepte de realisme ecol\u00f2gic, pel que hem d\u2019actuar amb la consci\u00e8ncia envers l\u2019extralimitaci\u00f3 de recursos naturals. <\/p>\n\n\n\n<p><a href=\"https:\/\/www.stockholmresilience.org\/research\/planetary-boundaries.html\">Saber-ne m\u00e9s<\/a><\/p>\n\n\n\n<p>Hi ha tot un seguit d\u2019indicadors que apunten cap a aquest trasp\u00e0s dels l\u00edmits biogeof\u00edsics, i el canvi clim\u00e0tic \u00e9s nom\u00e9s un d\u2019aquests (ex.: acidificaci\u00f3 dels oceans, canvis en les precipitacions, biodiversitat, canvis edafol\u00f2gics&#8230;). Per tant, cal treballar des de la l\u00f2gica de l\u2019adaptaci\u00f3, la resili\u00e8ncia i la mitigaci\u00f3. <\/p>\n\n\n\n<p>Si la transici\u00f3 ecosocial \u00e9s inevitable, com fer-la?<\/p>\n\n\n\n<ul class=\"wp-block-list\">\n<li><strong>Cancelaci\u00f3 del futur<\/strong><\/li>\n<\/ul>\n\n\n\n<p>Abans de fer-la, cal poder imaginar-la.<\/p>\n\n\n\n<p>Partint d\u2019aquesta idea de la necessitat d\u2019adaptar-nos a la crisi ecosocial, la Jornada Futurs Impossibles va permetre observar les dificultats sist\u00e8miques per a pensar en sistemes alternatius. Aquesta diagnosi est\u00e0 nodrida de fets hist\u00f2rics, principalment vinculats a la<strong> consolidaci\u00f3 del neoliberalisme<\/strong>. Aix\u00f2 ha condicionat, gr\u00e0cies a tota la campanya que els seus defensors porten fent des dels 80s (ex.: la <a href=\"https:\/\/es.wikipedia.org\/wiki\/There_is_no_alternative\">TINA \u2013 o There is No Alternative<\/a> de Margaret Thatcher) que no es vei\u00e9s alternativa possible al capitalisme imperant.<\/p>\n\n\n\n<p>La utopia neoliberal es consolida fins el <strong>2008<\/strong>. La crisi va suposar un punt d\u2019inflexi\u00f3, perqu\u00e8 el creixement econ\u00f2mic va mostrar els seus l\u00edmits. <strong>Ara b\u00e9, aquest \u00abxoc de realitat\u00bb no va suposar sempre un trencament de la legitimitat del neoliberalisme.<\/strong> La precarietat s\u2019ha pogut cronificar, aix\u00ed com la sensaci\u00f3 que \u00abno viurem millor que els nostres pares\u00bb. Aquest element de xoc i precarietat, sumat a la proliferaci\u00f3 de les distopies, pot haver afavorit al fenomen de cancelaci\u00f3 del futur.<\/p>\n\n\n\n<p>Cancelem el futur quan no el podem pensar, imaginar, planificar, simplement perqu\u00e8 <strong>viure el present ens fa sentir m\u00e9s segurs.<\/strong> Les distopies contribueixen a que ens fem un cau en el present pensant que \u00aben uns anys, tot pot ser pitjor\u00bb.<\/p>\n\n\n\n<p>No heu tingut la t\u00edpica conversa sobre <em>\u00abcom de malament est\u00e0 el m\u00f3n\u00bb<\/em> i com <em>\u00abla humanitat s\u2019estingir\u00e0\u00bb<\/em> perqu\u00e8 <em>\u00abno hi ha res a fer\u00bb<\/em>?<\/p>\n\n\n\n<p> A aix\u00f2 ens referim.<\/p>\n\n\n\n<ul class=\"wp-block-list\">\n<li><strong>La proposta dels escenaris de futur<\/strong><\/li>\n<\/ul>\n\n\n\n<p>El Rub\u00e8n proposa treballar amb 4 tipus de ficcions per a pensar, de diferents maneres, i atenent a diferents l\u00f2giques, el futur. Per una banda, podem pensar si primar\u00e0 la l\u00f2gica de mercat, o la l\u00f2gica comunit\u00e0ria, i alhora, si hi haur\u00e0 m\u00e9s o menys conflictivitat social. Com comentem, els 4 escenaris de futur son ficcions, i maneres de veure el \u00absistema\u00bb en el que viurem des de diferents \u00f2ptiques. Son categories que serveixen per a l\u2019an\u00e0lisi pol\u00edtic del m\u00f3n en el que vivim. Pel Rub\u00e8n i l\u2019Eva, poder dibuixar aquests escenaris pot permetre afrontar la cancelaci\u00f3 del futur.<\/p>\n\n\n\n<figure class=\"wp-block-image size-full\"><img loading=\"lazy\" decoding=\"async\" width=\"890\" height=\"517\" src=\"https:\/\/webs.uab.cat\/ecf4climcrisiecosocial\/wp-content\/uploads\/sites\/540\/2024\/03\/image-7.png\" alt=\"\" class=\"wp-image-489\" srcset=\"https:\/\/webs.uab.cat\/ecf4climcrisiecosocial\/wp-content\/uploads\/sites\/540\/2024\/03\/image-7.png 890w, https:\/\/webs.uab.cat\/ecf4climcrisiecosocial\/wp-content\/uploads\/sites\/540\/2024\/03\/image-7-300x174.png 300w, https:\/\/webs.uab.cat\/ecf4climcrisiecosocial\/wp-content\/uploads\/sites\/540\/2024\/03\/image-7-768x446.png 768w\" sizes=\"auto, (max-width: 890px) 100vw, 890px\" \/><figcaption class=\"wp-element-caption\">Una de les diapositives de la presentaci\u00f3 d&#8217;en Rub\u00e8n i l&#8217;Eva, Futurs (Im)possibles.<\/figcaption><\/figure>\n\n\n\n<p><strong><em>LES ELITS FAN LA TRANSICI\u00d3: ESCENARI ECOFEIXISTA <\/em><\/strong>i <strong><em>ESCENARI GREEN NEW DEAL CORPORATIU <\/em><\/strong><\/p>\n\n\n\n<p>Un escenari ecofeixista seria en el que les elits i el poder corporatiu duen a terme un proc\u00e9s de segregaci\u00f3 social, acaparament de terres i recursos. El conflicte se situa entre les classes populars (divisi\u00f3 interna d\u2019aquesta classe), ja que es produeix una regressi\u00f3 democr\u00e0tica i es tendeix a l\u2019autoritarisme.<\/p>\n\n\n\n<p>El tamb\u00e9 anomenat <a href=\"https:\/\/commission.europa.eu\/strategy-and-policy\/priorities-2019-2024\/european-green-deal_es\">Green New Deal<\/a> corporatiu \u00e9s un escenari similar a l\u2019anterior. Es produeix un adormiment social, els governs i el capital privat fan maquillatge verd (renovables i electrificaci\u00f3 del transport), mentre la poblaci\u00f3 que no es tan privilegiada veu com empitjoren les condicions. <\/p>\n\n\n\n<p>Com serien les portades dels diaris en cadascun d&#8217;aquests escenaris?<\/p>\n\n\n\n<div class=\"wp-block-columns is-layout-flex wp-container-core-columns-is-layout-9d6595d7 wp-block-columns-is-layout-flex\">\n<div class=\"wp-block-column is-layout-flow wp-block-column-is-layout-flow\" style=\"flex-basis:100%\">\n<div class=\"wp-block-columns is-layout-flex wp-container-core-columns-is-layout-9d6595d7 wp-block-columns-is-layout-flex\">\n<div class=\"wp-block-column is-layout-flow wp-block-column-is-layout-flow\">\n<figure class=\"wp-block-image size-full\"><img loading=\"lazy\" decoding=\"async\" width=\"354\" height=\"517\" src=\"https:\/\/webs.uab.cat\/ecf4climcrisiecosocial\/wp-content\/uploads\/sites\/540\/2024\/03\/fotoescenaris1.png\" alt=\"\" class=\"wp-image-495\" srcset=\"https:\/\/webs.uab.cat\/ecf4climcrisiecosocial\/wp-content\/uploads\/sites\/540\/2024\/03\/fotoescenaris1.png 354w, https:\/\/webs.uab.cat\/ecf4climcrisiecosocial\/wp-content\/uploads\/sites\/540\/2024\/03\/fotoescenaris1-205x300.png 205w\" sizes=\"auto, (max-width: 354px) 100vw, 354px\" \/><figcaption class=\"wp-element-caption\">Les hipot\u00e8tiques not\u00edcies d&#8217;un m\u00f3n ecofeixista<\/figcaption><\/figure>\n<\/div>\n\n\n\n<div class=\"wp-block-column is-layout-flow wp-block-column-is-layout-flow\">\n<figure class=\"wp-block-image size-full\"><img loading=\"lazy\" decoding=\"async\" width=\"380\" height=\"511\" src=\"https:\/\/webs.uab.cat\/ecf4climcrisiecosocial\/wp-content\/uploads\/sites\/540\/2024\/03\/fotoescenaris.png\" alt=\"\" class=\"wp-image-498\" srcset=\"https:\/\/webs.uab.cat\/ecf4climcrisiecosocial\/wp-content\/uploads\/sites\/540\/2024\/03\/fotoescenaris.png 380w, https:\/\/webs.uab.cat\/ecf4climcrisiecosocial\/wp-content\/uploads\/sites\/540\/2024\/03\/fotoescenaris-223x300.png 223w\" sizes=\"auto, (max-width: 380px) 100vw, 380px\" \/><figcaption class=\"wp-element-caption\">Les hipot\u00e8tiques not\u00edcies d&#8217;un m\u00f3n amb el Green New Deal corporatiu<\/figcaption><\/figure>\n<\/div>\n<\/div>\n<\/div>\n<\/div>\n\n\n\n<p><strong><em>QUI LIDERA EL CANVI, LES INSTITUCIONS O L&#8217;AUTO-ORGANITZACI\u00d3?<\/em><\/strong><\/p>\n\n\n\n<p>En un escenari de Green New Deal transformador s\u2019assumeix un lideratge d&#8217;un canvi ecosocial m\u00e9s inclusiu des de les instiucions. Hi ha baixa conflictivitat social perqu\u00e8 la transici\u00f3 la duen a terme les institucions, per\u00f2 la poblaci\u00f3 no t\u00e9 la iniciativa. <\/p>\n\n\n\n<p>En canvi, en un escenari decreixentista els canvis els lidera la iniciativa de la societat civil organitzada. Aquest \u00e9s l&#8217;escenari m\u00e9s &#8220;radical&#8221; perqu\u00e8 l&#8217;actual sistema de democr\u00e0cia representativa perd pes a mida que guanya la for\u00e7a de l&#8217;auto-organitzaci\u00f3. <\/p>\n\n\n\n<p>Les not\u00edcies en cadascun d&#8217;aquests escenaris podrien ser:<\/p>\n\n\n\n<div class=\"wp-block-columns is-layout-flex wp-container-core-columns-is-layout-9d6595d7 wp-block-columns-is-layout-flex\">\n<div class=\"wp-block-column is-layout-flow wp-block-column-is-layout-flow\">\n<figure class=\"wp-block-image size-full\"><img loading=\"lazy\" decoding=\"async\" width=\"348\" height=\"526\" src=\"https:\/\/webs.uab.cat\/ecf4climcrisiecosocial\/wp-content\/uploads\/sites\/540\/2024\/03\/escenaris2.png\" alt=\"\" class=\"wp-image-509\" srcset=\"https:\/\/webs.uab.cat\/ecf4climcrisiecosocial\/wp-content\/uploads\/sites\/540\/2024\/03\/escenaris2.png 348w, https:\/\/webs.uab.cat\/ecf4climcrisiecosocial\/wp-content\/uploads\/sites\/540\/2024\/03\/escenaris2-198x300.png 198w\" sizes=\"auto, (max-width: 348px) 100vw, 348px\" \/><figcaption class=\"wp-element-caption\">Escenari Green New Deal transformador. Font: presentaci\u00f3 de Futurs (Im)possibles <\/figcaption><\/figure>\n<\/div>\n\n\n\n<div class=\"wp-block-column is-layout-flow wp-block-column-is-layout-flow\">\n<figure class=\"wp-block-image size-full\"><img loading=\"lazy\" decoding=\"async\" width=\"347\" height=\"514\" src=\"https:\/\/webs.uab.cat\/ecf4climcrisiecosocial\/wp-content\/uploads\/sites\/540\/2024\/03\/escenaris-4.png\" alt=\"\" class=\"wp-image-512\" srcset=\"https:\/\/webs.uab.cat\/ecf4climcrisiecosocial\/wp-content\/uploads\/sites\/540\/2024\/03\/escenaris-4.png 347w, https:\/\/webs.uab.cat\/ecf4climcrisiecosocial\/wp-content\/uploads\/sites\/540\/2024\/03\/escenaris-4-203x300.png 203w\" sizes=\"auto, (max-width: 347px) 100vw, 347px\" \/><figcaption class=\"wp-element-caption\">Escenari decreixentista. Font: presentaci\u00f3 de Futurs (Im)possibles <\/figcaption><\/figure>\n<\/div>\n<\/div>\n\n\n\n<ul class=\"wp-block-list\">\n<li><strong>Disruptors ecol\u00f2gics i conflictes socials <\/strong><\/li>\n<\/ul>\n\n\n\n<p><strong>Els escenaris de futur s\u2019han dibuixat durant el transcurs de diferents tallers que s\u2019han dut a terme pel territori catal\u00e0.<\/strong> En tots aquests es compartia la diagnosi de la futura inestabilitat socioecon\u00f2mica, causada per disrupcions ecol\u00f2giques.<\/p>\n\n\n<div class=\"wp-block-image\">\n<figure class=\"aligncenter size-full is-resized\"><img loading=\"lazy\" decoding=\"async\" width=\"957\" height=\"535\" src=\"https:\/\/webs.uab.cat\/ecf4climcrisiecosocial\/wp-content\/uploads\/sites\/540\/2024\/03\/image-9.png\" alt=\"\" class=\"wp-image-515\" style=\"width:540px;height:auto\" srcset=\"https:\/\/webs.uab.cat\/ecf4climcrisiecosocial\/wp-content\/uploads\/sites\/540\/2024\/03\/image-9.png 957w, https:\/\/webs.uab.cat\/ecf4climcrisiecosocial\/wp-content\/uploads\/sites\/540\/2024\/03\/image-9-300x168.png 300w, https:\/\/webs.uab.cat\/ecf4climcrisiecosocial\/wp-content\/uploads\/sites\/540\/2024\/03\/image-9-768x429.png 768w\" sizes=\"auto, (max-width: 957px) 100vw, 957px\" \/><figcaption class=\"wp-element-caption\">Font: presentaci\u00f3 de Futurs (Im)possibles<\/figcaption><\/figure>\n<\/div>\n\n<div class=\"wp-block-image\">\n<figure class=\"aligncenter size-full is-resized\"><img loading=\"lazy\" decoding=\"async\" width=\"957\" height=\"535\" src=\"https:\/\/webs.uab.cat\/ecf4climcrisiecosocial\/wp-content\/uploads\/sites\/540\/2024\/03\/image-10.png\" alt=\"\" class=\"wp-image-518\" style=\"width:534px;height:auto\" srcset=\"https:\/\/webs.uab.cat\/ecf4climcrisiecosocial\/wp-content\/uploads\/sites\/540\/2024\/03\/image-10.png 957w, https:\/\/webs.uab.cat\/ecf4climcrisiecosocial\/wp-content\/uploads\/sites\/540\/2024\/03\/image-10-300x168.png 300w, https:\/\/webs.uab.cat\/ecf4climcrisiecosocial\/wp-content\/uploads\/sites\/540\/2024\/03\/image-10-768x429.png 768w\" sizes=\"auto, (max-width: 957px) 100vw, 957px\" \/><figcaption class=\"wp-element-caption\">Font: presentaci\u00f3 de Futurs (Im)possibles <\/figcaption><\/figure>\n<\/div>\n\n<div class=\"wp-block-image\">\n<figure class=\"aligncenter size-full is-resized\"><img loading=\"lazy\" decoding=\"async\" width=\"957\" height=\"535\" src=\"https:\/\/webs.uab.cat\/ecf4climcrisiecosocial\/wp-content\/uploads\/sites\/540\/2024\/03\/image-11.png\" alt=\"\" class=\"wp-image-521\" style=\"width:528px;height:auto\" srcset=\"https:\/\/webs.uab.cat\/ecf4climcrisiecosocial\/wp-content\/uploads\/sites\/540\/2024\/03\/image-11.png 957w, https:\/\/webs.uab.cat\/ecf4climcrisiecosocial\/wp-content\/uploads\/sites\/540\/2024\/03\/image-11-300x168.png 300w, https:\/\/webs.uab.cat\/ecf4climcrisiecosocial\/wp-content\/uploads\/sites\/540\/2024\/03\/image-11-768x429.png 768w\" sizes=\"auto, (max-width: 957px) 100vw, 957px\" \/><figcaption class=\"wp-element-caption\">Font: presentaci\u00f3 de Futurs (Im)possibles <\/figcaption><\/figure>\n<\/div>\n\n\n<p>Cal fer \u00e8mfasi en la idea que tots aquests elements vinculats a la transici\u00f3 ecosocial i els escenaris son instruments vinculats a la incid\u00e8ncia pol\u00edtica. Ens serveixen per a dibuixar futurs possibles i per a pensar com treballar per a que tinguin lloc, o b\u00e9 per evitar-los, si no son desitjables. No s&#8217;han de prendre com a previsions de futur! A m\u00e9s, podem trobar molts elements d&#8217;aquests escenaris en el present, fins i tot dels dos escenaris m\u00e9s &#8220;radicals&#8221; (ecofeixista i, en oposici\u00f3, decreixentista). <\/p>\n\n\n\n<p>En acabar, l&#8217;Eva i el Rub\u00e8n ens proposaven 5 estrat\u00e8gies de canvi<\/p>\n\n\n\n<blockquote class=\"wp-block-quote is-style-plain is-layout-flow wp-block-quote-is-layout-flow\">\n<ol class=\"wp-block-list\">\n<li>Mobilitzaci\u00f3, den\u00fancia i resist\u00e8ncia<\/li>\n\n\n\n<li>Incid\u00e8ncia pol\u00edtica <\/li>\n\n\n\n<li>Construcci\u00f3 d&#8217;alternatives econ\u00f2miques <\/li>\n\n\n\n<li>Refor\u00e7 del teixit i governan\u00e7a comunit\u00e0ria <\/li>\n\n\n\n<li>Canvi cultural <\/li>\n<\/ol>\n<\/blockquote>\n\n\n\n<ul class=\"wp-block-list\">\n<li><strong>Principis de la transici\u00f3 ecosocial<\/strong><\/li>\n<\/ul>\n\n\n\n<figure class=\"wp-block-image size-full\"><img loading=\"lazy\" decoding=\"async\" width=\"962\" height=\"588\" src=\"https:\/\/webs.uab.cat\/ecf4climcrisiecosocial\/wp-content\/uploads\/sites\/540\/2024\/03\/image-12.png\" alt=\"\" class=\"wp-image-524\" srcset=\"https:\/\/webs.uab.cat\/ecf4climcrisiecosocial\/wp-content\/uploads\/sites\/540\/2024\/03\/image-12.png 962w, https:\/\/webs.uab.cat\/ecf4climcrisiecosocial\/wp-content\/uploads\/sites\/540\/2024\/03\/image-12-300x183.png 300w, https:\/\/webs.uab.cat\/ecf4climcrisiecosocial\/wp-content\/uploads\/sites\/540\/2024\/03\/image-12-768x469.png 768w\" sizes=\"auto, (max-width: 962px) 100vw, 962px\" \/><\/figure>\n\n\n\n<p><em>viure amb menys, per viure millor i per viure tots i totes<\/em><\/p>\n\n\n\n<p>\u00c9s el lema que ens presenta l\u2019Eva iniciant la seva part de la pon\u00e8ncia, centrada en el \u00abcom\u00bb d\u2019aquesta transici\u00f3 ecosocial que s\u00ed que podem imaginar.<\/p>\n\n\n\n<ul class=\"wp-block-list\">\n<li><strong>Propostes que ja existeixen<\/strong><\/li>\n<\/ul>\n\n\n\n<p>La transici\u00f3 ecosocial s&#8217;ha de centrar en les necessitats. El sistema econ\u00f2mic no les pot falsejar per a nodrir els beneficis capitalistes. Per a fer una proposta contra-capitalista, Kate Raworth ha dibuixat l&#8217;<a href=\"https:\/\/doughnuteconomics.org\/about-doughnut-economics\">economia del donut<\/a>, de la que l&#8217;Eva ens parlava per a posar-nos un exemple de proposta d&#8217;an\u00e0lisi. Aquesta proposta s&#8217;anomena aix\u00ed perqu\u00e8 es grafica amb un donut, amb 3 cercles al seu interior. El que vol explicar el donut \u00e9s que entre les necessitats socials i els l\u00edmits ecol\u00f2gics s&#8217;hi troba una economia sana (economia regenerativa i distributiva). <\/p>\n\n\n<div class=\"wp-block-image\">\n<figure class=\"aligncenter size-full is-resized\"><img loading=\"lazy\" decoding=\"async\" width=\"570\" height=\"551\" src=\"https:\/\/webs.uab.cat\/ecf4climcrisiecosocial\/wp-content\/uploads\/sites\/540\/2024\/03\/Doughnut-Overflow-1.png\" alt=\"\" class=\"wp-image-527\" style=\"width:425px;height:auto\" srcset=\"https:\/\/webs.uab.cat\/ecf4climcrisiecosocial\/wp-content\/uploads\/sites\/540\/2024\/03\/Doughnut-Overflow-1.png 570w, https:\/\/webs.uab.cat\/ecf4climcrisiecosocial\/wp-content\/uploads\/sites\/540\/2024\/03\/Doughnut-Overflow-1-300x290.png 300w\" sizes=\"auto, (max-width: 570px) 100vw, 570px\" \/><figcaption class=\"wp-element-caption\">Font: doughnuteconomics.org<\/figcaption><\/figure>\n<\/div>\n\n\n<ul class=\"wp-block-list\">\n<li><strong>Canvis per <em>canviar-ho tot <\/em><\/strong><\/li>\n<\/ul>\n\n\n\n<p>A la presentaci\u00f3 hem intentat desbloquejar el cam\u00ed cap a la transici\u00f3 ecosocial (que no \u00e9s que no estigui succe\u00efnt, per\u00f2 segueix sent un cam\u00ed per rec\u00f2rrer) amb 4 blocs.<\/p>\n\n\n\n<figure class=\"wp-block-table\"><table><tbody><tr><td><strong><em>CANVIAR LA RELACI\u00d3 NATURA-TERRITORI<\/em><\/strong><br>Restaurant ecosistemes, democratitzar l\u2019acc\u00e9s als b\u00e9ns naturals, sobiranies, renaturalitzaci\u00f3 de les ciutats&#8230;<\/td><\/tr><tr><td><strong><em>CANVIAR EL SISTEMA ECON\u00d2MIC<\/em><\/strong><br>Decr\u00e9ixer, descarbonitzar, relocalitzar, reconversi\u00f3 productiva .<br>Preguntar-nos quins son els sectors econ\u00f2mics <em>essencials<\/em> <em>per a la vida<\/em>.<\/td><\/tr><tr><td><strong><em>CANVIAR EL SISTEMA DEMOCR\u00c0TIC<\/em><\/strong><br>Garantint els drets socials, la cobertura de les necessitats b\u00e0siques, la regeneraci\u00f3 democr\u00e0tica, renda b\u00e0sica universal, repensar com ens organitzem el temps, serveis p\u00fablics, solidaritat internacionalista i cultura de la pau.<\/td><\/tr><tr><td><strong><em>CANVIS CULTURALS<\/em><\/strong><br>Vides m\u00e9s senzilles, m\u00e9s comunit\u00e0ries, m\u00e9s felices, cultura de la sufici\u00e8ncia; educaci\u00f3 ecosocial, art i cultura, economia social i solid\u00e0ria, imaginaci\u00f3 i desig.<\/td><\/tr><\/tbody><\/table><\/figure>\n\n\n\n<ul class=\"wp-block-list\">\n<li>L&#8217;ACTE: mans al canvi!<\/li>\n<\/ul>\n\n\n\n<p>Amb tota aquesta informaci\u00f3 present, i amb un futur imaginable tan engrescador, l\u2019Eva i el Rub\u00e8n han format part de la constituci\u00f3 de l\u2019Assemblea Catalana per la Transici\u00f3 Ecosocial o ACTE (juliol de 2023). L\u2019objectiu \u00e9s que aquest sigui un punt de trobada de moviments, que, alhora, permeti donar suport a processos de transici\u00f3 locals. Fins ara, han impulsat reunions monogr\u00e0fiques per abordar, des de l\u2019ecologisme, situacions com la de l\u2019actual <em>Revolta pagesa<\/em>.<\/p>\n\n\n\n<p>Fins i tot intenten utilitzar la seva veu de canal de difusi\u00f3 d\u2019aquestes lluites.<\/p>\n\n\n\n<p><a href=\"https:\/\/t.me\/ACTEpagesia\">Vegeu el canal de telegram de l\u2019ACTE sobre les mobilitzacions de la pagesia catalana. <\/a><\/p>\n\n\n\n<p>Aix\u00ed \u00e9s com, de la diagnosi (realisme ecol\u00f2gic), la imaginaci\u00f3 (escenaris de futur) i la proposta (assemblea) els ponents ens porten a la universitat la transici\u00f3 ecosocial, la qual sembla ser un cam\u00ed de vida que moltes persones no nom\u00e9s imaginen, sin\u00f3 que ja forma part de les seves vides. <\/p>\n\n\n\n<p><\/p>\n","protected":false},"excerpt":{"rendered":"<p>La segona confer\u00e8ncia del Cicle sobre Crisi Ecosocial va comptar amb la participaci\u00f3 de dos ponents molt vinculats a tant a l\u2019economia social i solid\u00e0ria com a xarxes d\u2019activisme ecologista. Tamb\u00e9 van participar en l&#8217;organitzaci\u00f3 de les Jornades Futurs (Im)possibles. El Rub\u00e8n Suri\u00f1ach i l\u2019Eva Vilaseca, ambd\u00f2s vinculats a la Xarxa d&#8217;Economia Solid\u00e0ria (XES) i [&hellip;]<\/p>\n","protected":false},"author":2866,"featured_media":535,"parent":0,"menu_order":0,"comment_status":"closed","ping_status":"closed","template":"","meta":{"footnotes":""},"class_list":["post-488","page","type-page","status-publish","has-post-thumbnail","hentry"],"_links":{"self":[{"href":"https:\/\/webs.uab.cat\/ecf4climcrisiecosocial\/wp-json\/wp\/v2\/pages\/488","targetHints":{"allow":["GET"]}}],"collection":[{"href":"https:\/\/webs.uab.cat\/ecf4climcrisiecosocial\/wp-json\/wp\/v2\/pages"}],"about":[{"href":"https:\/\/webs.uab.cat\/ecf4climcrisiecosocial\/wp-json\/wp\/v2\/types\/page"}],"author":[{"embeddable":true,"href":"https:\/\/webs.uab.cat\/ecf4climcrisiecosocial\/wp-json\/wp\/v2\/users\/2866"}],"replies":[{"embeddable":true,"href":"https:\/\/webs.uab.cat\/ecf4climcrisiecosocial\/wp-json\/wp\/v2\/comments?post=488"}],"version-history":[{"count":3,"href":"https:\/\/webs.uab.cat\/ecf4climcrisiecosocial\/wp-json\/wp\/v2\/pages\/488\/revisions"}],"predecessor-version":[{"id":532,"href":"https:\/\/webs.uab.cat\/ecf4climcrisiecosocial\/wp-json\/wp\/v2\/pages\/488\/revisions\/532"}],"wp:featuredmedia":[{"embeddable":true,"href":"https:\/\/webs.uab.cat\/ecf4climcrisiecosocial\/wp-json\/wp\/v2\/media\/535"}],"wp:attachment":[{"href":"https:\/\/webs.uab.cat\/ecf4climcrisiecosocial\/wp-json\/wp\/v2\/media?parent=488"}],"curies":[{"name":"wp","href":"https:\/\/api.w.org\/{rel}","templated":true}]}}