{"id":5,"date":"2024-01-23T23:53:53","date_gmt":"2024-01-23T21:53:53","guid":{"rendered":"https:\/\/webs.uab.cat\/ecf4climcrisiecosocial\/?page_id=5"},"modified":"2026-05-06T17:03:15","modified_gmt":"2026-05-06T15:03:15","slug":"de-que-parlem-quan-parlem-de-crisi-ecosocial","status":"publish","type":"page","link":"https:\/\/webs.uab.cat\/ecf4climcrisiecosocial\/","title":{"rendered":"Programa general"},"content":{"rendered":"\n<p>El <em><strong><mark style=\"background-color:var(--color-blanc);color:var(--color-marca-primari)\" class=\"has-inline-color\">Cicle formatiu sobre Crisi Ecosocial<\/mark><\/strong><\/em>, organitzat per la <strong>Facultat de Ci\u00e8ncies Pol\u00edtiques i Sociologia<\/strong>, la <strong>FAS<\/strong> i l&#8217;<strong>IGOP<\/strong>, en el marc del projecte europeu <a href=\"https:\/\/ecf4clim.eu\/\" target=\"_blank\" rel=\"noreferrer noopener\">ECF4CLIM<\/a>, est\u00e0 format per <strong>6 sessions de confer\u00e8ncies<\/strong>, <strong>5 tallers<\/strong> i diverses <strong>activitats <\/strong>paral\u00b7leles. L&#8217;assist\u00e8ncia continuada comporta <strong>2 cr\u00e8dits ECTS<\/strong> per a l&#8217;alumnat.<\/p>\n\n\n\n<figure class=\"wp-block-table is-style-stripes\"><table><tbody><tr><td class=\"has-text-align-left\" data-align=\"left\"><strong><mark style=\"background-color:var(--color-marca-terciari-fons)\" class=\"has-inline-color\">Confer\u00e8ncies i tallers<\/mark><\/strong> <strong>&nbsp;<\/strong><\/td><td class=\"has-text-align-center\" data-align=\"center\"><strong><mark style=\"background-color:var(--color-marca-terciari-fons)\" class=\"has-inline-color\">Ponents<\/mark><\/strong><\/td><td class=\"has-text-align-center\" data-align=\"center\"><strong><mark style=\"background-color:var(--color-marca-terciari-fons)\" class=\"has-inline-color\">Data<\/mark><\/strong><\/td><td class=\"has-text-align-center\" data-align=\"center\"><strong><mark style=\"background-color:var(--color-marca-terciari-fons)\" class=\"has-inline-color\">Horari<\/mark><\/strong><\/td><\/tr><tr><td class=\"has-text-align-left\" data-align=\"left\"><strong><em>L&#8217;emerg\u00e8ncia clim\u00e0tica a la UAB<\/em><\/strong><\/td><td class=\"has-text-align-center\" data-align=\"center\"><strong>Anselm Rodrigo<\/strong><br>(Centre de Recerca Ecol\u00f2gica i Aplicacions Forestals &#8211; UAB)&nbsp;<br><strong>Laura Calvet-Mir<\/strong><br>(Institut Metr\u00f2poli)<br><strong>Beatriu Garcias Tornero<\/strong><br>(Dinamitzadora)<\/td><td class=\"has-text-align-center\" data-align=\"center\">Dimarts <br>3 mar\u00e7<\/td><td class=\"has-text-align-center\" data-align=\"center\">13:00-14:30<\/td><\/tr><tr><td class=\"has-text-align-left\" data-align=\"left\"><strong><em>Crisi clim\u00e0tica, just\u00edcia ambiental i ecofeminismes<\/em><\/strong><\/td><td class=\"has-text-align-center\" data-align=\"center\"><strong>J\u00falia Mart\u00ed<\/strong> <br>(Observatori del Deute en la Globalitzaci\u00f3)<br><strong>Beatriu Garcias Tornero<\/strong><br>(Dinamitzadora)<\/td><td class=\"has-text-align-center\" data-align=\"center\">Dimarts <br>10 mar\u00e7<\/td><td class=\"has-text-align-center\" data-align=\"center\">13:00-14:30<\/td><\/tr><tr><td class=\"has-text-align-left\" data-align=\"left\"><strong><em>Escenaris de futur de la transici\u00f3 ecosocial<\/em><\/strong><\/td><td class=\"has-text-align-center\" data-align=\"center\"><br><strong>Eva Vilaseca<\/strong> <br>(Assemblea Catalana per la Transici\u00f3 Ecosocial)<br> <strong>Rub\u00e8n Suri\u00f1ach<\/strong> <br>(ECOHUB)<br><strong>Beatriu Garcias Tornero<\/strong><br>(Dinamitzadora)<\/td><td class=\"has-text-align-center\" data-align=\"center\">Dimarts<br>17 mar\u00e7<\/td><td class=\"has-text-align-center\" data-align=\"center\">13:00-14:30<\/td><\/tr><tr><td class=\"has-text-align-left\" data-align=\"left\">Taller 1: Imaginar m\u00e9s enll\u00e0 del col\u00b7lapse: de la preocupaci\u00f3 a l\u2019acci\u00f3<\/td><td class=\"has-text-align-center\" data-align=\"center\"><strong>Mireia Ruiz<\/strong><br>(Coordinadora de Voluntariat i Programes Socials. FAS-UAB)<br><strong>Beatriu Garcias Tornero<\/strong><br>(Dinamitzadora)<\/td><td class=\"has-text-align-center\" data-align=\"center\"><sub>Dimarts <\/sub><br><sub>24 mar\u00e7<\/sub><\/td><td class=\"has-text-align-center\" data-align=\"center\"><sub>13:00-14:30<\/sub><\/td><\/tr><tr><td class=\"has-text-align-left\" data-align=\"left\"><strong><em>Un sistema agroalimentari disfuncional, causa i soluci\u00f3 de totes les crisis<\/em><\/strong><\/td><td class=\"has-text-align-center\" data-align=\"center\"><strong>Gustavo Duch<\/strong><br>(<a href=\"https:\/\/www.soberaniaalimentaria.info\/\" target=\"_blank\" rel=\"noreferrer noopener\">Revista Sobirania Aliment\u00e0ria, Biodiversitat i Cultures<\/a>)&nbsp;<\/td><td class=\"has-text-align-center\" data-align=\"center\">Dimecres<br>8 abril<\/td><td class=\"has-text-align-center\" data-align=\"center\">13:00-14:30<\/td><\/tr><tr><td class=\"has-text-align-left\" data-align=\"left\">TALLER 2 &#8211; Activitats de ci\u00e8ncia ciutadana<\/td><td class=\"has-text-align-center\" data-align=\"center\"><br><strong>Josep Espluga<\/strong> (IGOP)<br><\/td><td class=\"has-text-align-center\" data-align=\"center\"><sub>Dimecres <\/sub><br><sub>15 abril<\/sub><\/td><td class=\"has-text-align-center\" data-align=\"center\"><sub>13:00-14:30<\/sub><\/td><\/tr><tr><td class=\"has-text-align-left\" data-align=\"left\"><strong><em><strong>Desaprendre el capitalisme: El decreixement com a perspectiva decolonial<\/strong><\/em><\/strong><\/td><td class=\"has-text-align-center\" data-align=\"center\"><strong>Mariona Massip <\/strong><br>(Facultat de Ci\u00e8ncies de l\u2019Educaci\u00f3)<\/td><td class=\"has-text-align-center\" data-align=\"center\">Dimarts <br>21 abril<\/td><td class=\"has-text-align-center\" data-align=\"center\">13:00-14:30<\/td><\/tr><tr><td class=\"has-text-align-left\" data-align=\"left\">Taller 3: Activitats de ci\u00e8ncia ciutadana<\/td><td class=\"has-text-align-center\" data-align=\"center\"><strong>Josep Espluga<\/strong> (IGOP)<br><\/td><td class=\"has-text-align-center\" data-align=\"center\"><sub>Dimarts <\/sub><br><sub>28 abril<\/sub><\/td><td class=\"has-text-align-center\" data-align=\"center\"><sub>13:00-14:30<\/sub><\/td><\/tr><tr><td class=\"has-text-align-left\" data-align=\"left\"><strong><em><strong>Ecologia pol\u00edtica dels residus<\/strong><\/em><\/strong><\/td><td class=\"has-text-align-center\" data-align=\"center\"><strong>Giacomo D\u2019Alisa <\/strong><br>(<a href=\"https:\/\/www.uab.cat\/icta\/\">Institut de Ci\u00e8ncia i Tecnologia Ambientals<\/a>)<\/td><td class=\"has-text-align-center\" data-align=\"center\">Dimarts<br>5 maig<\/td><td class=\"has-text-align-center\" data-align=\"center\">13:00-14:30<\/td><\/tr><tr><td class=\"has-text-align-left\" data-align=\"left\">TALLER 4 &#8211; Seguiment d&#8217;activitats + debat<\/td><td class=\"has-text-align-center\" data-align=\"center\"><strong>Josep Espluga<\/strong> (IGOP)<br><strong>Beatriu Garcias Tornero<\/strong><br>(Dinamitzadora)<br><\/td><td class=\"has-text-align-center\" data-align=\"center\"><sub>Dimarts <\/sub><br><sub>12 maig<\/sub><\/td><td class=\"has-text-align-center\" data-align=\"center\"><sub>13:00-14:30<\/sub><\/td><\/tr><tr><td class=\"has-text-align-left\" data-align=\"left\"><strong>Plenari final i cloenda<\/strong><\/td><td class=\"has-text-align-center\" data-align=\"center\"><strong>Josep Espluga<\/strong> (IGOP)<br><strong>Beatriu Garcias Tornero<\/strong><br>(Dinamitzadora)<\/td><td class=\"has-text-align-center\" data-align=\"center\"><sub>Dimarts <\/sub><br><sub>19 maig<\/sub><\/td><td class=\"has-text-align-center\" data-align=\"center\"><sub>13:00-14:30<\/sub><\/td><\/tr><tr><td class=\"has-text-align-left\" data-align=\"left\"><\/td><td class=\"has-text-align-center\" data-align=\"center\"><\/td><td class=\"has-text-align-center\" data-align=\"center\"><\/td><td class=\"has-text-align-center\" data-align=\"center\"><\/td><\/tr><\/tbody><\/table><\/figure>\n\n\n\n<p>Totes les sessions es faran a l&#8217;<strong>Aula 7 <\/strong>de la <strong>Facultat de Ci\u00e8ncies Pol\u00edtiques i Sociologia<\/strong>.<\/p>\n\n\n\n<p>Aquest cicle formatiu \u00e9s gratu\u00eft. L&#8217;assist\u00e8ncia a les confer\u00e8ncies individuals s\u00f3n lliures. Per a fer el curs sencer, participar als tallers i obtenir els 2 ECTS cal sol\u00b7licitar la <strong>inscripci\u00f3 <\/strong>a trav\u00e9s d&#8217;aquest <strong><a href=\"https:\/\/forms.office.com\/e\/C7DrAN8mJ9\">FORMULARI<\/a><\/strong>. A m\u00e9s, es proporcionar\u00e0 <strong>certificat d&#8217;assist\u00e8ncia<\/strong> a les persones que segueixin tot o part del cicle i no necessitin o no vulguin sol\u00b7licitar els 2 ECTS.<\/p>\n\n\n<div class=\"wp-block-image\">\n<figure class=\"aligncenter size-full is-resized\"><img loading=\"lazy\" decoding=\"async\" width=\"405\" height=\"405\" src=\"https:\/\/webs.uab.cat\/ecf4climcrisiecosocial\/wp-content\/uploads\/sites\/540\/2026\/01\/imatge.png\" alt=\"\" class=\"wp-image-1180\" style=\"width:219px;height:auto\" srcset=\"https:\/\/webs.uab.cat\/ecf4climcrisiecosocial\/wp-content\/uploads\/sites\/540\/2026\/01\/imatge.png 405w, https:\/\/webs.uab.cat\/ecf4climcrisiecosocial\/wp-content\/uploads\/sites\/540\/2026\/01\/imatge-300x300.png 300w, https:\/\/webs.uab.cat\/ecf4climcrisiecosocial\/wp-content\/uploads\/sites\/540\/2026\/01\/imatge-150x150.png 150w\" sizes=\"auto, (max-width: 405px) 100vw, 405px\" \/><\/figure>\n<\/div>\n\n\n<p>Per qualsevol dubte contacteu amb el coordinador: Josep Espluga Trenc (joseplluis.espluga@uab.cat)<\/p>\n","protected":false},"excerpt":{"rendered":"<p>El Cicle formatiu sobre Crisi Ecosocial, organitzat per la Facultat de Ci\u00e8ncies Pol\u00edtiques i Sociologia, la FAS i l&#8217;IGOP, en el marc del projecte europeu ECF4CLIM, est\u00e0 format per 6 sessions de confer\u00e8ncies, 5 tallers i diverses activitats paral\u00b7leles. L&#8217;assist\u00e8ncia continuada comporta 2 cr\u00e8dits ECTS per a l&#8217;alumnat. Confer\u00e8ncies i tallers &nbsp; Ponents Data Horari [&hellip;]<\/p>\n","protected":false},"author":561,"featured_media":4,"parent":0,"menu_order":0,"comment_status":"closed","ping_status":"closed","template":"","meta":{"footnotes":""},"class_list":["post-5","page","type-page","status-publish","has-post-thumbnail","hentry"],"_links":{"self":[{"href":"https:\/\/webs.uab.cat\/ecf4climcrisiecosocial\/wp-json\/wp\/v2\/pages\/5","targetHints":{"allow":["GET"]}}],"collection":[{"href":"https:\/\/webs.uab.cat\/ecf4climcrisiecosocial\/wp-json\/wp\/v2\/pages"}],"about":[{"href":"https:\/\/webs.uab.cat\/ecf4climcrisiecosocial\/wp-json\/wp\/v2\/types\/page"}],"author":[{"embeddable":true,"href":"https:\/\/webs.uab.cat\/ecf4climcrisiecosocial\/wp-json\/wp\/v2\/users\/561"}],"replies":[{"embeddable":true,"href":"https:\/\/webs.uab.cat\/ecf4climcrisiecosocial\/wp-json\/wp\/v2\/comments?post=5"}],"version-history":[{"count":34,"href":"https:\/\/webs.uab.cat\/ecf4climcrisiecosocial\/wp-json\/wp\/v2\/pages\/5\/revisions"}],"predecessor-version":[{"id":1197,"href":"https:\/\/webs.uab.cat\/ecf4climcrisiecosocial\/wp-json\/wp\/v2\/pages\/5\/revisions\/1197"}],"wp:featuredmedia":[{"embeddable":true,"href":"https:\/\/webs.uab.cat\/ecf4climcrisiecosocial\/wp-json\/wp\/v2\/media\/4"}],"wp:attachment":[{"href":"https:\/\/webs.uab.cat\/ecf4climcrisiecosocial\/wp-json\/wp\/v2\/media?parent=5"}],"curies":[{"name":"wp","href":"https:\/\/api.w.org\/{rel}","templated":true}]}}