{"id":759,"date":"2024-06-04T00:28:47","date_gmt":"2024-06-03T22:28:47","guid":{"rendered":"https:\/\/webs.uab.cat\/ecf4climcrisiecosocial\/?page_id=759"},"modified":"2025-01-22T12:34:31","modified_gmt":"2025-01-22T10:34:31","slug":"v-viure-en-el-planeta-escombraria","status":"publish","type":"page","link":"https:\/\/webs.uab.cat\/ecf4climcrisiecosocial\/v-viure-en-el-planeta-escombraria\/","title":{"rendered":"(V) Viure en el planeta escombraria"},"content":{"rendered":"\n<div class=\"wp-block-media-text is-stacked-on-mobile\"><figure class=\"wp-block-media-text__media\"><img loading=\"lazy\" decoding=\"async\" width=\"1024\" height=\"896\" src=\"https:\/\/webs.uab.cat\/ecf4climcrisiecosocial\/wp-content\/uploads\/sites\/540\/2024\/05\/GOPR0429-1024x896.jpg\" alt=\"\" class=\"wp-image-760 size-full\" srcset=\"https:\/\/webs.uab.cat\/ecf4climcrisiecosocial\/wp-content\/uploads\/sites\/540\/2024\/05\/GOPR0429-1024x896.jpg 1024w, https:\/\/webs.uab.cat\/ecf4climcrisiecosocial\/wp-content\/uploads\/sites\/540\/2024\/05\/GOPR0429-300x263.jpg 300w, https:\/\/webs.uab.cat\/ecf4climcrisiecosocial\/wp-content\/uploads\/sites\/540\/2024\/05\/GOPR0429-768x672.jpg 768w, https:\/\/webs.uab.cat\/ecf4climcrisiecosocial\/wp-content\/uploads\/sites\/540\/2024\/05\/GOPR0429-1536x1344.jpg 1536w, https:\/\/webs.uab.cat\/ecf4climcrisiecosocial\/wp-content\/uploads\/sites\/540\/2024\/05\/GOPR0429-2048x1792.jpg 2048w, https:\/\/webs.uab.cat\/ecf4climcrisiecosocial\/wp-content\/uploads\/sites\/540\/2024\/05\/GOPR0429-1200x1050.jpg 1200w, https:\/\/webs.uab.cat\/ecf4climcrisiecosocial\/wp-content\/uploads\/sites\/540\/2024\/05\/GOPR0429-1980x1733.jpg 1980w\" sizes=\"auto, (max-width: 1024px) 100vw, 1024px\" \/><\/figure><div class=\"wp-block-media-text__content\">\n<p class=\"has-text-align-center\">\u201cImaginar els residus \u00e9s imaginar el m\u00f3n en qu\u00e8 han estat produits. \u00c9s invocar una valoraci\u00f3 sociol\u00f2gica i moral al voltant del valor personal, l&#8217;organitzaci\u00f3 social i el desenvolupament de la societat&#8221;<br>(O\u2019Brien 2008: 171)<\/p>\n<\/div><\/div>\n\n\n\n<p><mark style=\"background-color:var(--color-marca-terciari);color:var(--color-negre)\" class=\"has-inline-color\">Blanca Call\u00e9n<\/mark><\/p>\n\n\n\n<ul class=\"wp-block-list\">\n<li><strong>Brossa electr\u00f2nica en creixement<\/strong> <\/li>\n<\/ul>\n\n\n\n<p>La Blanca ens explica, a trav\u00e9s de les dades del <a href=\"https:\/\/ewastemonitor.info\/\">Global Waste Monitor<\/a> <em>(on podeu consultar els \u00faltims informes, <a href=\"https:\/\/ewastemonitor.info\/the-global-e-waste-monitor-2024\/\">poc optimistes<\/a> amb la continuada generaci\u00f3 de brossa electr\u00f2nica, amb estimacions d&#8217;arribar als 82 milions de T al 2030)<\/em>, com incrementa la brossa electr\u00f2nica cada any.  Perqu\u00e8 ens fem una idea m\u00e9s visual, al 2023 s&#8217;esperava una generaci\u00f3 de tants residus electr\u00f2nics equivalent a 6.200 torres eiffel. <\/p>\n\n\n<div class=\"wp-block-image\">\n<figure class=\"aligncenter size-full is-resized\"><img loading=\"lazy\" decoding=\"async\" width=\"679\" height=\"660\" src=\"https:\/\/webs.uab.cat\/ecf4climcrisiecosocial\/wp-content\/uploads\/sites\/540\/2024\/05\/image-11.png\" alt=\"\" class=\"wp-image-765\" style=\"width:509px;height:auto\" srcset=\"https:\/\/webs.uab.cat\/ecf4climcrisiecosocial\/wp-content\/uploads\/sites\/540\/2024\/05\/image-11.png 679w, https:\/\/webs.uab.cat\/ecf4climcrisiecosocial\/wp-content\/uploads\/sites\/540\/2024\/05\/image-11-300x292.png 300w\" sizes=\"auto, (max-width: 679px) 100vw, 679px\" \/><\/figure>\n<\/div>\n\n\n<ul class=\"wp-block-list\">\n<li><strong>Reci&#8230;qu\u00e8?<\/strong> <\/li>\n<\/ul>\n\n\n\n<p>Una de les idees m\u00e9s repetides durant la intervenci\u00f3 de la Blanca Call\u00e9n es refereix a la incoher\u00e8ncia del reciclatge dels aparells electr\u00f2nics, ja que, en la seva major part, no son processats adequadament, i es perden molts minerals valuosos per a no poder ser classificats, processats i reciclats. <\/p>\n\n\n\n<p>Cal anar m\u00e9s enll\u00e0 i plantejar-se, no nom\u00e9s les conseq\u00fc\u00e8ncies en termes de contaminaci\u00f3, sin\u00f3 d&#8217;extractivisme. Com assenyalava la ponent, ens trobem en un moment en qu\u00e8 <strong>hi ha m\u00e9s materials cr\u00edtics sobre la terra<\/strong>, que sota (en el subs\u00f2l, d&#8217;on provenen els materials cr\u00edtics, com les terres rares). <\/p>\n\n\n\n<figure class=\"wp-block-image size-full is-resized\"><img loading=\"lazy\" decoding=\"async\" width=\"639\" height=\"421\" src=\"https:\/\/webs.uab.cat\/ecf4climcrisiecosocial\/wp-content\/uploads\/sites\/540\/2024\/06\/image.png\" alt=\"\" class=\"wp-image-869\" style=\"width:641px;height:auto\" srcset=\"https:\/\/webs.uab.cat\/ecf4climcrisiecosocial\/wp-content\/uploads\/sites\/540\/2024\/06\/image.png 639w, https:\/\/webs.uab.cat\/ecf4climcrisiecosocial\/wp-content\/uploads\/sites\/540\/2024\/06\/image-300x198.png 300w\" sizes=\"auto, (max-width: 639px) 100vw, 639px\" \/><figcaption class=\"wp-element-caption\">La infografia presentada per la Blanca, amb dades del 2018, explica com el 80% de la brossa electr\u00f2nica no es recicla. Cal tenir en compte els m\u00e9s de 100 milions de dispositius que, aquell any, s&#8217;estimava que romanien a les cases (es poden considerar residus?).<\/figcaption><\/figure>\n\n\n\n<ul class=\"wp-block-list\">\n<li><strong>Responsabilitat estesa del productor <\/strong><\/li>\n<\/ul>\n\n\n\n<p>En el cas de l&#8217;estat espanyol, nom\u00e9s un ter\u00e7 dels residus acaben en plantes de tractament on poden separar-se adequadament. Els compradors desconeixen la taxa incorporada pel fabricant al preu total del producte, que serveix per a finan\u00e7ar el posterior reciclat (entre 5 i 30 euros per aparell). Tanmateix, la Blanca ens explicava que les grans marques productores nom\u00e9s haurien destinat un 21% del que han cobrat al reciclatge. Ens trobem davant d&#8217;un enriquiment il\u00b7leg\u00edtim?<\/p>\n\n\n\n<p>A m\u00e9s, els comer\u00e7os de m\u00e9s de 400m2 han d&#8217;acceptar l&#8217;entrega gratu\u00efta de qualsevol petit aparell electr\u00f2nic (menys de 25 cent\u00edmetres). Segons la investigadora, encara hi ha botigues que no accepten recollir-ho. <\/p>\n\n\n\n<ul class=\"wp-block-list\">\n<li><strong>Difer\u00e8ncies entre pa\u00efsos <\/strong><\/li>\n<\/ul>\n\n\n\n<figure class=\"wp-block-image size-full\"><img loading=\"lazy\" decoding=\"async\" width=\"516\" height=\"330\" src=\"https:\/\/webs.uab.cat\/ecf4climcrisiecosocial\/wp-content\/uploads\/sites\/540\/2024\/05\/image-13.png\" alt=\"\" class=\"wp-image-772\" srcset=\"https:\/\/webs.uab.cat\/ecf4climcrisiecosocial\/wp-content\/uploads\/sites\/540\/2024\/05\/image-13.png 516w, https:\/\/webs.uab.cat\/ecf4climcrisiecosocial\/wp-content\/uploads\/sites\/540\/2024\/05\/image-13-300x192.png 300w\" sizes=\"auto, (max-width: 516px) 100vw, 516px\" \/><figcaption class=\"wp-element-caption\">Font: Lewis 11, The Global E-waste Statistics Partnership, 2018<\/figcaption><\/figure>\n\n\n\n<p>Quan separem els pa\u00efsos entre els que generen i els que reben residus notem difer\u00e8ncies entre pa\u00efsos del &#8220;nord global&#8221; i del &#8220;sud global&#8221;. B\u00e0sicament la major part dels que reben son la Xina, l&#8217;\u00cdndia, el Pakistan, Egipte, Ghana, Costa de Marfil, Brasil i M\u00e8xic. Europa i Am\u00e8rica son els principals productors. <\/p>\n\n\n\n<p>Les dades segregades per pa\u00efsos ens mostren que el 2022 les regions que varen generar la major quantitat de brossa electr\u00f2nica per c\u00e0pita va ser Europa (17,6 kg) seguida d&#8217;Oceania (16,1 kg) i les Am\u00e8riques (14,1). Tamb\u00e9 aquestes son regions amb sistemes de recol\u00b7leci\u00f3, tractament i reciclatge m\u00e9s avan\u00e7ats i tenen les r\u00e0tios de recol\u00b7lecci\u00f3 m\u00e9s elevades (7,5 kg a Europa, 6,7 kg a Oceania i 4,2 kg a les Am\u00e8riques).<\/p>\n\n\n\n<figure class=\"wp-block-image size-full\"><img loading=\"lazy\" decoding=\"async\" width=\"495\" height=\"457\" src=\"https:\/\/webs.uab.cat\/ecf4climcrisiecosocial\/wp-content\/uploads\/sites\/540\/2024\/05\/image-14.png\" alt=\"\" class=\"wp-image-775\" srcset=\"https:\/\/webs.uab.cat\/ecf4climcrisiecosocial\/wp-content\/uploads\/sites\/540\/2024\/05\/image-14.png 495w, https:\/\/webs.uab.cat\/ecf4climcrisiecosocial\/wp-content\/uploads\/sites\/540\/2024\/05\/image-14-300x277.png 300w\" sizes=\"auto, (max-width: 495px) 100vw, 495px\" \/><figcaption class=\"wp-element-caption\">Font: <a href=\"https:\/\/globalewaste.org\/\">\u00faltim informe de la Global E-waste statistics partnership<\/a><\/figcaption><\/figure>\n\n\n\n<ul class=\"wp-block-list\">\n<li><strong>Conflictes i respostes ecosocials <\/strong><\/li>\n<\/ul>\n\n\n\n<p>Distingim dos moments en els quals ens trobem amb conflictes relacionats amb els AEE. Per una banda, els que tenen lloc <strong>durant el proc\u00e9s de disseny i producci\u00f3 de l&#8217;aparell:<\/strong><\/p>\n\n\n\n<ol class=\"wp-block-list\">\n<li><mark style=\"background-color:var(--color-marca-primari)\" class=\"has-inline-color\">L&#8217;obsolesc\u00e8ncia programada:<\/mark> un disseny premeditat que escur\u00e7a la vida dels dispositius. <\/li>\n<\/ol>\n\n\n\n<p>Hi ha grups de pressi\u00f3 que lluiten contra l&#8217;obsolesc\u00e8ncia programada. A nivell legal trobem lleis que intenten promoure l&#8217;eco-disseny, o el disseny pensat per a un f\u00e0cil reciclatge. El 23 d&#8217;abril de 2024 es va publicar una <a href=\"https:\/\/www.europarl.europa.eu\/news\/es\/press-room\/20240419IPR20590\/derecho-a-reparar-reparaciones-mas-faciles-y-atractivas-para-los-consumidores\">directiva europea <\/a>pel dret a reparar. Aquesta pot ajudar a respondre a l&#8217;obsolesc\u00e8ncia programada.<\/p>\n\n\n\n<p>2. <mark style=\"background-color:var(--color-marca-primari)\" class=\"has-inline-color\">L&#8217;escassetat de materials<\/mark>: sovint vinculada a conflictes b\u00e8l\u00b7lics (Congo i coltan).<\/p>\n\n\n\n<p>Per part de l&#8217;activisme, hi ha pressi\u00f3 per a establir un sistema internacional de verificaci\u00f3 dels minerals cr\u00edtics (coltan, liti, etc.), comenta la ponent. <\/p>\n\n\n\n<p>3. <mark style=\"background-color:var(--color-marca-primari)\" class=\"has-inline-color\">La toxicitat i la salut mediambiental<\/mark>: estudiant els components que fan que el residu sigui especialment complexe de tractar.<\/p>\n\n\n\n<p>Al 1982 a Sillicon Valley es va descobrir que les aig\u00fces subterr\u00e0nies estaven contaminades per culpa de les plantes productores d&#8217;AEE. Aix\u00f2 afectava les treballadores en termes de salut. La <a href=\"https:\/\/solarscorecard.org\/past-projects-1\">Sillicon Valley Toxics Coalition<\/a> va n\u00e9ixer d&#8217;aquesta situaci\u00f3. La conseq\u00fc\u00e8ncia, per\u00f2, va ser l&#8217;externalitzaci\u00f3 de la producci\u00f3 a pa\u00efsos amb normatives m\u00e9s laxes. La Blanca comenta que, tanmateix, coalicions com la SVTC han seguit lluitant a nivell global per a frenar la contaminaci\u00f3 electr\u00f2nica. <\/p>\n\n\n\n<p>Tamb\u00e9 ens trobem amb lleis que procuren que la fabricaci\u00f3 d&#8217;AEE sigui lliure d&#8217;elements t\u00f2xics (<a href=\"https:\/\/www.boe.es\/buscar\/doc.php?id=BOE-A-2022-7420\">llei RoHS<\/a>).<\/p>\n\n\n\n<p>Davant d&#8217;aquestes situacions, les preguntes que se&#8217;ns plantegen son <em>Quin m\u00f3n socio-material recrea l&#8217;actual disseny i producci\u00f3 de tecnologia?<\/em>, <em>De quines altres maneres es podria dissenyar i produir tecnologia?<\/em> o <em>Qu\u00e8 significa la innovaci\u00f3 socio-t\u00e8cnica?<\/em> per exemple.<\/p>\n\n\n\n<p>Un altre grup de problemes sorgeixen <strong>en el moment de consumir<\/strong> els productes electr\u00f2nics, i estan relacionats amb la seva vida \u00fatil. <\/p>\n\n\n\n<ol class=\"wp-block-list\">\n<li><mark style=\"background-color:var(--color-marca-primari)\" class=\"has-inline-color\">L&#8217;obsolesc\u00e8ncia percebuda:<\/mark> sensaci\u00f3 de desfassament dels dispositius. Algunes empreses dissenyen tots els productes que han de treure al mercat amb anys vista. <\/li>\n\n\n\n<li><mark style=\"background-color:var(--color-marca-primari)\" class=\"has-inline-color\">La incompatibilitat del software i els formats<\/mark>: aix\u00f2 t\u00e9 lloc quan hardwares funcionals deixen de ser-ho perqu\u00e8 no responen a les necessitats de software que genera el mercat.<\/li>\n<\/ol>\n\n\n\n<p>Com a alternativa, podem instal\u00b7lar <a href=\"https:\/\/en.wikipedia.org\/wiki\/Linux\">Linux<\/a> o <a href=\"https:\/\/www.arduino.cc\/\">formats oberts<\/a>.<\/p>\n\n\n\n<p>3. <mark style=\"background-color:var(--color-marca-primari)\" class=\"has-inline-color\">Els costos<\/mark>: \u00e9s m\u00e9s econ\u00f2mic consumir, de nou, els productes electr\u00f2nics. Els costos m\u00e9s econ\u00f2mics dels nous productes son a costa de l&#8217;externalitzaci\u00f3 social i ambiental. <\/p>\n\n\n\n<p>El<strong> 80% de l&#8217;energia que utilitzar\u00e0 un ordinador en tota la seva vida es consumeix en el moment de la producci\u00f3.<\/strong> El millor aparell \u00e9s el que ja tens.<\/p>\n\n\n\n<ul class=\"wp-block-list\">\n<li><strong>Evitar el residu, allargar la vida dels AEE<\/strong><\/li>\n<\/ul>\n\n\n\n<p>Els passos que hem de seguir per a evitar contribuir a fer cr\u00e8ixer la brossa electr\u00f2nica son la REPARACI\u00d3 (1), la DONACI\u00d3 (2), la REUTILITZACI\u00d3 (3) i el RECICLATGE (4). <\/p>\n\n\n\n<figure class=\"wp-block-image size-full\"><img loading=\"lazy\" decoding=\"async\" width=\"505\" height=\"426\" src=\"https:\/\/webs.uab.cat\/ecf4climcrisiecosocial\/wp-content\/uploads\/sites\/540\/2024\/05\/image-15.png\" alt=\"\" class=\"wp-image-778\" srcset=\"https:\/\/webs.uab.cat\/ecf4climcrisiecosocial\/wp-content\/uploads\/sites\/540\/2024\/05\/image-15.png 505w, https:\/\/webs.uab.cat\/ecf4climcrisiecosocial\/wp-content\/uploads\/sites\/540\/2024\/05\/image-15-300x253.png 300w\" sizes=\"auto, (max-width: 505px) 100vw, 505px\" \/><figcaption class=\"wp-element-caption\">Diapositiva de la Blanca Call\u00e9n sobre els passos per evitar la brossa electr\u00f2nica<\/figcaption><\/figure>\n\n\n\n<p>Anualment, <a href=\"https:\/\/archivo-es.greenpeace.org\/espana\/es\/Trabajamos-en\/Parar-la-contaminacion\/Electronicos\/\">Greenpeace<\/a> o <a href=\"https:\/\/es.ifixit.com\/Info\/background\">IFixIt<\/a> publiquen r\u00e0nkigs de productes electr\u00f2nics que es poden reparar. <\/p>\n\n\n\n<p>La Blanca tamb\u00e9 es refereix a la comunitat de Restarters Barcelona, que organitzen jornades de reparaci\u00f3 d&#8217;electr\u00f2nics. Entre d&#8217;altres iniciatives que podem trobar a la ciutat de Barcelona, com <a href=\"https:\/\/www.amb.cat\/web\/medi-ambient\/residus\/prevencio\/millor-que-nou\">Reparat Millor que Nou<\/a>. <\/p>\n\n\n\n<figure class=\"wp-block-image size-full\"><img loading=\"lazy\" decoding=\"async\" width=\"950\" height=\"524\" src=\"https:\/\/webs.uab.cat\/ecf4climcrisiecosocial\/wp-content\/uploads\/sites\/540\/2024\/05\/image-16.png\" alt=\"\" class=\"wp-image-781\" srcset=\"https:\/\/webs.uab.cat\/ecf4climcrisiecosocial\/wp-content\/uploads\/sites\/540\/2024\/05\/image-16.png 950w, https:\/\/webs.uab.cat\/ecf4climcrisiecosocial\/wp-content\/uploads\/sites\/540\/2024\/05\/image-16-300x165.png 300w, https:\/\/webs.uab.cat\/ecf4climcrisiecosocial\/wp-content\/uploads\/sites\/540\/2024\/05\/image-16-768x424.png 768w\" sizes=\"auto, (max-width: 950px) 100vw, 950px\" \/><figcaption class=\"wp-element-caption\">Diapositiva de la Blanca Call\u00e9n sobre les alternatives al residu electr\u00f2nic<\/figcaption><\/figure>\n\n\n\n<p>Abans del &#8220;suposat&#8221; reciclatge trobem diferents vies de reparaci\u00f3, donaci\u00f3 o reutilitzaci\u00f3 dels residus. El reciclatge, per\u00f2, \u00e9s controvertit, perqu\u00e8 els beneficis tamb\u00e9 entren en joc. Per exemple, les grans operadores telef\u00f2niques subhasten els residus dels que son propiet\u00e0ries per tal de treure un rendiment d&#8217;aquests. <\/p>\n\n\n\n<p>Hi ha grups de pressi\u00f3, com <a href=\"https:\/\/www.no-burn.org\/es\/\">GAIA<\/a>, en contra de les incineradores, que s&#8217;estan aliniant amb sindicats de treballadors per a lluitar contra la crema dels residus. Recordem que, quan el residu es porta a la incineraci\u00f3, el sector de recicladors informals perd possible feina.<\/p>\n\n\n\n<p>La reflexi\u00f3 que fa la Blanca de tot plegat \u00e9s que, al centre del problema, hi ha la definici\u00f3 del que \u00e9s <em>brossa<\/em> <em>electr\u00f2nica<\/em>. <strong>Hi ha forces que intenten que els dispositius siguin \u00fatils, envers les que treballen per a accelerar la generaci\u00f3 de residus. <\/strong><\/p>\n\n\n\n<p><mark style=\"background-color:var(--color-marca-terciari)\" class=\"has-inline-color\">Juli\u00e1n Porras <\/mark><\/p>\n\n\n\n<p>Reflexiona i estudia sobre les relacions socials al voltant dels residus. La seva recerca va comen\u00e7ar el 2013, quan va descobrir una nau de recicladors informals que estaven a punt de ser desallotjats al Poblenou. <\/p>\n\n\n\n<ul class=\"wp-block-list\">\n<li><strong>Qui son els <em>chatarreros<\/em><\/strong><\/li>\n<\/ul>\n\n\n\n<p>Sovint no tenim paraules per a anomenar les persones que reciclen als carrers. Abans s&#8217;utilitzava el terme <em>drapaire<\/em>, per\u00f2 no sembla que avui dia sigui tan utilitzat.<\/p>\n\n\n\n<p>Per qu\u00e8, per\u00f2, ens manca un nom formal per a aquests treballadors? Aquesta \u00e9s una pregunta vertebradora de la recerca del Juli\u00e1n. <\/p>\n\n\n\n<p>Ens mostra la imatge de l&#8217;alcalde de Barcelona Narc\u00eds Serra, inaugurant el primer contenidor de reciclatge del vidre. <\/p>\n\n\n\n<figure class=\"wp-block-image size-full is-resized\"><img loading=\"lazy\" decoding=\"async\" width=\"434\" height=\"600\" src=\"https:\/\/webs.uab.cat\/ecf4climcrisiecosocial\/wp-content\/uploads\/sites\/540\/2024\/05\/image-17.png\" alt=\"\" class=\"wp-image-784\" style=\"width:369px;height:auto\" srcset=\"https:\/\/webs.uab.cat\/ecf4climcrisiecosocial\/wp-content\/uploads\/sites\/540\/2024\/05\/image-17.png 434w, https:\/\/webs.uab.cat\/ecf4climcrisiecosocial\/wp-content\/uploads\/sites\/540\/2024\/05\/image-17-217x300.png 217w\" sizes=\"auto, (max-width: 434px) 100vw, 434px\" \/><\/figure>\n\n\n\n<p>Els processos de modernitzaci\u00f3 en la gesti\u00f3 dels residus varen portar, doncs, a la p\u00e8rdua de treball, i tamb\u00e9 de significaci\u00f3, dels antics drapaires i\/o altres persones que treballaven en la gesti\u00f3 de residus. Tanmateix, aquestes persones no han desaparegut, i aix\u00f2 pot b\u00e9 ser un s\u00edmptoma de com funciona el sistema de generaci\u00f3 i processament de residus (com ens ha explicat la Blanca). <\/p>\n\n\n\n<p>De recicladors informals n&#8217;hi ha a tots els pa\u00efsos, per\u00f2 prenent diferents noms, en funci\u00f3, tamb\u00e9, dels residus que solen recollir (ex.: &#8220;cartoneros&#8221; a l&#8217;Argentina). <\/p>\n\n\n\n<p>A la recerca del Juli\u00e1n han investigat quins residus recullen els treballadors informals de la deixalla. Tot i que podem pensar que nom\u00e9s recullen residus &#8220;amb valor&#8221;, hi ha tot un seguit de tasques que es desenvolupen al voltant de la selecci\u00f3 de les peces d&#8217;inter\u00e8s. <\/p>\n\n\n\n<p>Entre les t\u00e8cniques de recerca que han fet servir es troba la cartografia. Han detectat les naus on els <em>chatarreros<\/em> hi van a vendre en un mapa, i han estimat que, a la ciutat de Barcelona, hi pot haver unes tres mil persones recollint residus. <\/p>\n\n\n\n<p>Aquestes tres mil persones a Barcelona corresponen a m\u00e9s del nombre de fisioterapeutes, a la meitat d&#8217;odont\u00f2legs&#8230; per exemple. \u00c9s interessant, doncs, pensar en les relacions socials establertes al voltant d&#8217;aquests residus, perqu\u00e8 son relacions laborals. <\/p>\n\n\n\n<p>Hi ha molts m\u00e9s actors implicats en el reciclatge de residus del que podem pensar, i de diferents nivells socioecon\u00f2mics (dones, gent gran, persones sense sostre). Tamb\u00e9 utilitzen instruments diferents, des de furgonetes a carrets de supermercat. <\/p>\n\n\n\n<p>Va existir una cooperativa de recicladors formalitzada, ALENCOOP, per\u00f2 ja no existeix. [La Directa explicava en un<a href=\"https:\/\/directa.cat\/lajuntament-de-barcelona-liquida-la-cooperativa-municipal-de-recollida-de-residus\/\"> article<\/a> l&#8217;any 2020, molt interessant, la seva desaparici\u00f3].<\/p>\n\n\n\n<p>Assumim que les relacions amb els residus son des de l&#8217;autonomia. M\u00e9s aviat ens trobem amb relacions indirectes entre un &#8220;nosaltres&#8221; que no \u00e9s reciclador, i les persones que treballen informalment amb el residus. Aquestes relacions invisibles fan que ens q\u00fcestionem el propi vincle amb els residus. <\/p>\n\n\n\n<p>El 83% de les persones han vist recicladors al seu ve\u00efnat, per tant, no son invisibles, i per tant, podem parlar d&#8217;un sector &#8220;marginal&#8221;? Tenint en compte la pres\u00e8ncia que tenen en el dia a dia dels carrers, i tot i que el contacte que tinguem amb ells \u00e9s poc, no creiem que s&#8217;hagi de parlar d&#8217;un sector marginat.<\/p>\n\n\n\n<p>Com a comentari final, tot i que aquests treballadors segueixin sent &#8220;informals&#8221; hi ha tot un seguit d&#8217;estereotips (marginalitat, solitud, etc.) que haur\u00edem de q\u00fcestionar des del punt de vista sociol\u00f2gic. A m\u00e9s, aquest sector de la societat ens fa de mirall, perqu\u00e8 recullen all\u00f2 que nosaltres deixem de poder gestionar.<\/p>\n\n\n\n<p>En Pep Espluga, investigador participant en una recerca sobre treballadors informals de la deixalla a Granollers q\u00fcestiona que aquests &#8220;no estiguin integrats&#8221; a la societatnom\u00e9s per la informalitat de la seva ocupaci\u00f3. El seu coneixement de l&#8217;espai p\u00fablic (que altres ciutadans no tenen), els vincles teixits amb el ve\u00efnatge i les altres feines que desenvolupen a m\u00e9s a m\u00e9s de la de reciclar ferralla, q\u00fcestionen el concepte de marginalitat. Per en Pep, els recicladors de Granollers estaven molt ben integrats dins la societat. <\/p>\n\n\n\n<ul class=\"wp-block-list\">\n<li><strong>Comentaris finals <\/strong><\/li>\n<\/ul>\n\n\n\n<p>Hem comptat amb la participaci\u00f3 final de la soci\u00f2loga i professora de la UAB Mireia Bolibar, qui, despr\u00e9s d&#8217;escoltar el Juli\u00e1n i la Blanca, es pregunta sobre la responsabilitzaci\u00f3 sobre els propis residus. Ara b\u00e9, fins a quin punt la gesti\u00f3 de residus s&#8217;ha d&#8217;individualitzar? Com influenciar sobre les din\u00e0miques de consum de masses, promogudes des de la banda de la producci\u00f3? Com aquesta din\u00e0mica ens desposseeix col\u00b7lectivament d&#8217;incidir en la gesti\u00f3 de residus? <\/p>\n\n\n\n<p><strong><em>Treballar amb la brossa et converteix en part de la brossa.<\/em><\/strong><\/p>\n\n\n\n<p>No recon\u00e9ixer els treballadors de la brossa amaga la insostenibilitat dels residus, de tots els residus que genera el sistema. <\/p>\n\n\n\n<p>Tanmateix, tampoc tenim clar que el reconeixement sigui desitjable pels propis treballadors, pel fet que bona part d&#8217;aquests treballadors poden no disposar de situacions de resid\u00e8ncia regulars. Per altra banda, la Blanca plantejava la idea que, \u00e9s tanta la feina que fan els recicladors, que al sistema li suposa un gran cost la internalitzaci\u00f3 dels seus serveis. En definitiva, aquest \u00e9s el tema que m\u00e9s preguntes ha deixat en obert. <\/p>\n\n\n\n<p>Per \u00faltim, el Juli\u00e1n est\u00e0 vinculat a un projecte de recerca de l&#8217;Ajuntament de Barcelona anomenat <a href=\"https:\/\/www.ub.edu\/portal\/web\/dp-histeco\/detall\/-\/detall\/wastecare-explorando-las-relaciones-invisibles-del-reciclaje-en-barcelona\">WASTECARE <\/a>en el que s&#8217;estudien les relacions socials al voltant de la gesti\u00f3 dels residus amb l&#8217;objectiu de dissenyar una pol\u00edtica p\u00fablica feminista i ecologista de \u00a0gesti\u00f3 de residus s\u00f2lids municipals a Barcelona. Una part de la recerca del WASTECARE ha aparegut en articles d&#8217;El Pa\u00eds i de The Guardian. <\/p>\n\n\n\n<p>&#8220;<a href=\"https:\/\/www.theguardian.com\/global-development\/2021\/mar\/23\/chariots-steel-barcelonas-hidden-migrant-army-scrap-recyclers\" target=\"_blank\" rel=\"noreferrer noopener\">Chariots of steel: Barcelona&#8217;s hidden army of scrap recyclers<\/a>&#8221; <em>The Guardian<\/em><\/p>\n\n\n\n<p>&#8221;\u00a0<a href=\"https:\/\/elpais.com\/planeta-futuro\/2021-02-28\/mineros-urbanos-a-cielo-abierto-la-cara-invisible-del-reciclaje.html\" target=\"_blank\" rel=\"noreferrer noopener\">Mineros urbanos a cielo abierto, la cara invisible del reciclaje<\/a>&#8221; <em>El Pa\u00eds <\/em><\/p>\n","protected":false},"excerpt":{"rendered":"<p>\u201cImaginar els residus \u00e9s imaginar el m\u00f3n en qu\u00e8 han estat produits. \u00c9s invocar una valoraci\u00f3 sociol\u00f2gica i moral al voltant del valor personal, l&#8217;organitzaci\u00f3 social i el desenvolupament de la societat&#8221;(O\u2019Brien 2008: 171) Blanca Call\u00e9n La Blanca ens explica, a trav\u00e9s de les dades del Global Waste Monitor (on podeu consultar els \u00faltims informes, [&hellip;]<\/p>\n","protected":false},"author":2866,"featured_media":760,"parent":0,"menu_order":0,"comment_status":"closed","ping_status":"closed","template":"","meta":{"footnotes":""},"class_list":["post-759","page","type-page","status-publish","has-post-thumbnail","hentry"],"_links":{"self":[{"href":"https:\/\/webs.uab.cat\/ecf4climcrisiecosocial\/wp-json\/wp\/v2\/pages\/759","targetHints":{"allow":["GET"]}}],"collection":[{"href":"https:\/\/webs.uab.cat\/ecf4climcrisiecosocial\/wp-json\/wp\/v2\/pages"}],"about":[{"href":"https:\/\/webs.uab.cat\/ecf4climcrisiecosocial\/wp-json\/wp\/v2\/types\/page"}],"author":[{"embeddable":true,"href":"https:\/\/webs.uab.cat\/ecf4climcrisiecosocial\/wp-json\/wp\/v2\/users\/2866"}],"replies":[{"embeddable":true,"href":"https:\/\/webs.uab.cat\/ecf4climcrisiecosocial\/wp-json\/wp\/v2\/comments?post=759"}],"version-history":[{"count":12,"href":"https:\/\/webs.uab.cat\/ecf4climcrisiecosocial\/wp-json\/wp\/v2\/pages\/759\/revisions"}],"predecessor-version":[{"id":893,"href":"https:\/\/webs.uab.cat\/ecf4climcrisiecosocial\/wp-json\/wp\/v2\/pages\/759\/revisions\/893"}],"wp:featuredmedia":[{"embeddable":true,"href":"https:\/\/webs.uab.cat\/ecf4climcrisiecosocial\/wp-json\/wp\/v2\/media\/760"}],"wp:attachment":[{"href":"https:\/\/webs.uab.cat\/ecf4climcrisiecosocial\/wp-json\/wp\/v2\/media?parent=759"}],"curies":[{"name":"wp","href":"https:\/\/api.w.org\/{rel}","templated":true}]}}