{"id":19,"date":"2025-04-03T00:01:20","date_gmt":"2025-04-02T22:01:20","guid":{"rendered":"https:\/\/webs.uab.cat\/economia-ess\/?page_id=19"},"modified":"2025-07-13T01:38:27","modified_gmt":"2025-07-12T23:38:27","slug":"informacio-general","status":"publish","type":"page","link":"https:\/\/webs.uab.cat\/economia-ess\/informacio-general\/","title":{"rendered":"Moneda local. Economia Social i Solid\u00e0ria"},"content":{"rendered":"\n<ul class=\"wp-block-list\">\n<li>Pol\u00edtiques Econ\u00f2miques en Economia Social i Solid\u00e0ria<\/li>\n<\/ul>\n\n\n\n<p><strong>Moneda local <\/strong><\/p>\n\n\n\n<figure class=\"wp-block-image size-full is-resized\"><img loading=\"lazy\" decoding=\"async\" width=\"517\" height=\"573\" src=\"https:\/\/webs.uab.cat\/economia-ess\/wp-content\/uploads\/sites\/655\/2025\/04\/image.png\" alt=\"\" class=\"wp-image-44\" style=\"width:293px;height:auto\" srcset=\"https:\/\/webs.uab.cat\/economia-ess\/wp-content\/uploads\/sites\/655\/2025\/04\/image.png 517w, https:\/\/webs.uab.cat\/economia-ess\/wp-content\/uploads\/sites\/655\/2025\/04\/image-271x300.png 271w\" sizes=\"auto, (max-width: 517px) 100vw, 517px\" \/><\/figure>\n\n\n\n<p>Un dels pilars de l&#8217;<strong>#ESS<\/strong> \u00e9s l&#8217;impuls de les Economies Locals. Un dels instruments \u00e9s el foment de les Monedes Locals, com a forma alternativa de desenvolupament econ\u00f2mic vinculada a un territori.<\/p>\n\n\n\n<p>Si sou persones interessades en aquesta tem\u00e0tica no us podeu perdre aquest interessant llibre que s&#8217;acaba de publicar:<\/p>\n\n\n\n<p><em>Reinventar el valor del dinero para impulsar la Econom\u00eda Local<\/em> <br>Henk van Arkel, Llu\u00eds Muns Terrats &amp; Juliette Alenda-Demoutiez (2025). <br>Social Trade Organisation (STRO). <br>Tu voz en mi pluma<\/p>\n\n\n\n<p><a href=\"https:\/\/www.tuvozenmipluma.com\/obras\/reinventar-el-valor-del-dinero-para-optimizar-la-economia-local\/\">https:\/\/www.tuvozenmipluma.com\/obras\/reinventar-el-valor-del-dinero-para-optimizar-la-economia-local\/<\/a><\/p>\n\n\n\n<p>\u00c9s una traducci\u00f3 del llibre:<br><em>Boost Your Local Economy by Making Money Virtuous<\/em> dels mateixos autors<\/p>\n\n\n\n<p>A trav\u00e9s de l&#8217;enfoc de Booster de Valor social, els seus autors fan una exhaustiva an\u00e0lisi de diferents exemples del funcionament de monedes locals i de les seves implicacions econ\u00f2miques en el territori on s&#8217;implementen.<\/p>\n\n\n\n<p class=\"has-text-align-left\">En un m\u00f3n a on el sistema econ\u00f2mic global impacta profundament a les nostres vides quotidianes, aquest llibre ofereix una proposta radicalment transformadora. Ens convida a repensar el diner i els seus efectes a les nostres comunitats. La seva premisa \u00e9s clara: <em>all\u00f2 est\u00e0ndard no \u00e9s una regla, sin\u00f3 una opci\u00f3<\/em>. A trav\u00e9s d&#8217;un enfoc innovador, els seus autors ens mostren com els sistemes de pagament locals, gestionats per les comunitats o des de l&#8217;administraci\u00f3 p\u00fablica, poden ser una alternativa real als models globals dominants. <br>Reinventar el valor del diner no \u00e9s nom\u00e9s una crida a q\u00fcestionar el sistema, sin\u00f3 una proposta urgent per a un futur m\u00e9s equitatiu i sostenible. Ens recorda que el canvi, encara que incert, comen\u00e7a amb decissions conscients i col.letives. Aquest llibre \u00e9s una invitaci\u00f3 a sumar-se a una revoluci\u00f3 silenciosa, comen\u00e7ant des d&#8217;all\u00f3 m\u00e9s proper, des de all\u00f2 local. Si creus que un futur m\u00e9s just \u00e9s possible, aquest llibre \u00e9s el punt de partida.<\/p>\n\n\n\n<figure class=\"wp-block-image size-full\"><img loading=\"lazy\" decoding=\"async\" width=\"585\" height=\"257\" src=\"https:\/\/webs.uab.cat\/economia-ess\/wp-content\/uploads\/sites\/655\/2025\/04\/image-1.png\" alt=\"\" class=\"wp-image-73\" srcset=\"https:\/\/webs.uab.cat\/economia-ess\/wp-content\/uploads\/sites\/655\/2025\/04\/image-1.png 585w, https:\/\/webs.uab.cat\/economia-ess\/wp-content\/uploads\/sites\/655\/2025\/04\/image-1-300x132.png 300w\" sizes=\"auto, (max-width: 585px) 100vw, 585px\" \/><\/figure>\n\n\n\n<p>The book \u2018Social and Solidarity Economy\u2019, by Timoth\u00e9e Duverger, PhD in History and professor at Sciences Po Bordeaux, published in 2023\u00a0<a href=\"https:\/\/shs.cairn.info\/l-economie-sociale-et-solidaire--9782348075551?lang=fr\">in French<\/a>\u00a0is now available in<a href=\"https:\/\/shs.cairn.info\/the-social-and-solidarity-economy--9782348075551?lang=en\">\u00a0English<\/a>\u00a0and\u00a0<a href=\"https:\/\/shs.cairn.info\/la-economia-social-y-solidaria--9782348075551?lang=es\">in Spanish<\/a>. Duverger leads the TerrESS chair, as well as the Master\u2019s in \u201cSocial and Solidarity Economy and Social Innovation\u201d (ESSIS) and the executive Master\u2019s in \u201cStrategies, Territories, and Innovative Projects in Social and Solidarity Economy\u201d (STPI-ESS).<\/p>\n\n\n\n<p>As the author \u2014President of the CIRIEC-France Advisory Council and organizer of the CIRIECInternational Research Conference on Social Economy to be held in Bordeaux next October\u2014 explains, the historiography of Social Economy, initially activist-driven or developed by enterprises, generally studied by sociologists and later by some historians, has evolved through monographic, sectoral, or territorial studies.<\/p>\n\n\n\n<p>There are syntheses on the subject for both the 19th century (Gueslin, 1987) and the 20th century (Duverger, 2016; Dreyfus, 2017). Although often analyzed from a social history perspective, its study has been renewed through an institutionalist approach, questioning the role it plays in the institutional adjustments of capitalism (Celle, 2020; Demoustier, 2015; Duverger et al., 2020), particularly in relation to the state (Cha\u00efbi, 2018).<\/p>\n\n\n\n<p>The Social Economy has enjoyed growing recognition worldwide in the academic community since the first decade of the 2000s. There is a wealth of literature on the subject. Interest comes from a number of disciplines, including sociology, economics, law, management sciences, history, geography and political science, with the inevitable attendant interdisciplinary research and dialogue between actors and researchers.<\/p>\n\n\n\n<p>The concept of social and solidarity economy (SSE) dates back to the year 2000, when the historic social economy (cooperatives, mutual societies, and associations) moved closer to the solidarity economy, born two decades earlier from transformations of the welfare state associating integration activities with the new community services (childcare, homecare services, etc.).<\/p>\n\n\n\n<p>The SSE is also a source of social innovation in higher education and research. This can be seen in the initiatives of associations, cooperatives, and mutual societies active in both student life and degree courses (Ros et al. 2021), as well as in the development of participatory research (Juan 2021).<\/p>\n\n\n\n<p>With increasing recognition in the socioeconomic, political, institutional, and academic spheres, Social and Solidarity Economy is emerging, at a time of enterprise reform and ecological transition, as the \u201cdesirable norm for tomorrow\u2019s economy\u201d.<\/p>\n\n\n\n<p>This book offers students, professionals, volunteers, elected officials, and the general public an interdisciplinary vision of the major research on SSE, as well as a presentation of the key issues at the heart of contemporary transformation.<\/p>\n\n\n\n<p><a href=\"https:\/\/shs.cairn.info\/the-social-and-solidarity-economy--9782348075551?lang=en\">https:\/\/shs.cairn.info\/the-social-and-solidarity-economy&#8211;9782348075551?lang=en<\/a><\/p>\n\n\n\n<p><em>The social and solidarity economy<\/em><br>By\u00a0<a href=\"https:\/\/shs.cairn.info\/publications-de-timothee-duverger--97771?lang=en\">Timoth\u00e9e Duverger<\/a><br><a href=\"https:\/\/shs.cairn.info\/collection-reperes?lang=en\">Rep\u00e8res<\/a><br>2023<br><a href=\"https:\/\/shs.cairn.info\/editeur\/DEC?lang=en\">La D\u00e9couverte<\/a><\/p>\n","protected":false},"excerpt":{"rendered":"<p>Moneda local Un dels pilars de l&#8217;#ESS \u00e9s l&#8217;impuls de les Economies Locals. Un dels instruments \u00e9s el foment de les Monedes Locals, com a forma alternativa de desenvolupament econ\u00f2mic vinculada a un territori. Si sou persones interessades en aquesta tem\u00e0tica no us podeu perdre aquest interessant llibre que s&#8217;acaba de publicar: Reinventar el valor [&hellip;]<\/p>\n","protected":false},"author":2307,"featured_media":0,"parent":0,"menu_order":3,"comment_status":"closed","ping_status":"closed","template":"","meta":{"footnotes":""},"class_list":["post-19","page","type-page","status-publish","hentry"],"_links":{"self":[{"href":"https:\/\/webs.uab.cat\/economia-ess\/wp-json\/wp\/v2\/pages\/19","targetHints":{"allow":["GET"]}}],"collection":[{"href":"https:\/\/webs.uab.cat\/economia-ess\/wp-json\/wp\/v2\/pages"}],"about":[{"href":"https:\/\/webs.uab.cat\/economia-ess\/wp-json\/wp\/v2\/types\/page"}],"author":[{"embeddable":true,"href":"https:\/\/webs.uab.cat\/economia-ess\/wp-json\/wp\/v2\/users\/2307"}],"replies":[{"embeddable":true,"href":"https:\/\/webs.uab.cat\/economia-ess\/wp-json\/wp\/v2\/comments?post=19"}],"version-history":[{"count":15,"href":"https:\/\/webs.uab.cat\/economia-ess\/wp-json\/wp\/v2\/pages\/19\/revisions"}],"predecessor-version":[{"id":224,"href":"https:\/\/webs.uab.cat\/economia-ess\/wp-json\/wp\/v2\/pages\/19\/revisions\/224"}],"wp:attachment":[{"href":"https:\/\/webs.uab.cat\/economia-ess\/wp-json\/wp\/v2\/media?parent=19"}],"curies":[{"name":"wp","href":"https:\/\/api.w.org\/{rel}","templated":true}]}}