{"id":8,"date":"2025-04-02T23:35:01","date_gmt":"2025-04-02T21:35:01","guid":{"rendered":"https:\/\/webs.uab.cat\/economia-ess\/?page_id=8"},"modified":"2025-06-13T12:06:28","modified_gmt":"2025-06-13T10:06:28","slug":"inici","status":"publish","type":"page","link":"https:\/\/webs.uab.cat\/economia-ess\/inici\/","title":{"rendered":"Inici"},"content":{"rendered":"\n<h2 class=\"wp-block-heading\">Economia Social i Solid\u00e0ria: Desenvolupament Local, Cooperativisme i Transformaci\u00f3 Social<\/h2>\n\n\n\n<p><a href=\"https:\/\/www.ilo.org\/topics-and-sectors\/social-and-solidarity-economy\">https:\/\/www.ilo.org\/topics-and-sectors\/social-and-solidarity-economy<\/a><\/p>\n\n\n\n<p>La econom\u00eda social i solidaria (ESS) contribueix al treball digne, a la economia inclusiva i sostenible, a la just\u00edcia social i al desenvolupament sostenible.<\/p>\n\n\n\n<p>La ESS engloba a empreses, organitzaciones i altres entitats que realitzen activitats econ\u00f2miques, socials i mediambientals d&#8217;inter\u00e9s col.lectiu o general, que es basen en els principis de la cooperaci\u00f3 volunt\u00e0ria i l&#8217;ajut mutu, la governan\u00e7a democr\u00e0tica o participativa, la autonomia i la independ\u00e8ncia, i la primacia de les persones i la finalitat social sobre el capital en la distribuci\u00f3 i l&#8217;\u00fas dels excedents o els beneficis, aix\u00ed com dels seus actius. Les entitats de la ESS aspiren a la viabilitat i a la sostenibilitat a llarg pla\u00e7 i a la transici\u00f3 de la economia informal a la economia formal, i operen a tots els sectors de l&#8217;economia. Posen en pr\u00e0ctica un conjunt de valors que s\u00f3n intr\u00ednsecs al seu funcionament i que s\u00f3n: la cura de les persones i el planeta, la igualtat i la equitat, la interdepend\u00e8ncia, la autogobernan\u00e7a, la transpar\u00e8ncia i la rendici\u00f3 de comptes, i l&#8217;assoliment del treball digne i de mitjans de vida dignes. En funci\u00f3 de les circumst\u00e0ncies nacionals, la ESS compren cooperatives, associacions, mutualitats, fundacions, empreses socials, grups d&#8217;autoajuda i altres entitats que operen segons els seus valors i els seus principis.<\/p>\n\n\n\n<p>Fuente:&nbsp;<a href=\"https:\/\/www.ilo.org\/ilc\/ILCSessions\/110\/reports\/texts-adopted\/WCMS_848664\/lang--es\/index.htm\"><em>Resoluci\u00f3n de la OIT relativa al trabajo decente y la econom\u00eda social y solidaria<\/em><\/a>, 2022<\/p>\n\n\n\n<p><\/p>\n\n\n\n<p>The social and solidarity economy (SSE) contributes to decent work, inclusive and sustainable economies, social justice and sustainable development.<\/p>\n\n\n\n<p>The SSE encompasses enterprises, organizations and other entities that are engaged in economic, social, and environmental activities to serve the collective and\/or general interest, which are based on the principles of voluntary cooperation and mutual aid, democratic and\/or participatory governance, autonomy and independence, and the primacy of people and social purpose over capital in the distribution and use of surpluses and\/or profits as well as assets. SSE entities aspire to long-term viability and sustainability, and to the transition from the informal to the formal economy and operate in all sectors of the economy. They put into practice a set of values which are intrinsic to their functioning and consistent with care for people and planet, equality and fairness, interdependence, self-governance, transparency and accountability, and the attainment of decent work and livelihoods. According to national circumstances, the SSE includes cooperatives, associations, mutual societies, foundations, social enterprises, self-help groups and other entities operating in accordance with the values and principles of the SSE.&nbsp;<\/p>\n\n\n\n<p>Source:&nbsp;<a href=\"https:\/\/www.ilo.org\/node\/446401\"><em>ILO Resolution concerning decent work and the social and solidarity economy<\/em><\/a>, 2022<\/p>\n","protected":false},"excerpt":{"rendered":"<p>Economia Social i Solid\u00e0ria: Desenvolupament Local, Cooperativisme i Transformaci\u00f3 Social https:\/\/www.ilo.org\/topics-and-sectors\/social-and-solidarity-economy La econom\u00eda social i solidaria (ESS) contribueix al treball digne, a la economia inclusiva i sostenible, a la just\u00edcia social i al desenvolupament sostenible. La ESS engloba a empreses, organitzaciones i altres entitats que realitzen activitats econ\u00f2miques, socials i mediambientals d&#8217;inter\u00e9s col.lectiu o general, [&hellip;]<\/p>\n","protected":false},"author":2307,"featured_media":0,"parent":0,"menu_order":1,"comment_status":"closed","ping_status":"closed","template":"","meta":{"footnotes":""},"class_list":["post-8","page","type-page","status-publish","hentry"],"_links":{"self":[{"href":"https:\/\/webs.uab.cat\/economia-ess\/wp-json\/wp\/v2\/pages\/8","targetHints":{"allow":["GET"]}}],"collection":[{"href":"https:\/\/webs.uab.cat\/economia-ess\/wp-json\/wp\/v2\/pages"}],"about":[{"href":"https:\/\/webs.uab.cat\/economia-ess\/wp-json\/wp\/v2\/types\/page"}],"author":[{"embeddable":true,"href":"https:\/\/webs.uab.cat\/economia-ess\/wp-json\/wp\/v2\/users\/2307"}],"replies":[{"embeddable":true,"href":"https:\/\/webs.uab.cat\/economia-ess\/wp-json\/wp\/v2\/comments?post=8"}],"version-history":[{"count":7,"href":"https:\/\/webs.uab.cat\/economia-ess\/wp-json\/wp\/v2\/pages\/8\/revisions"}],"predecessor-version":[{"id":147,"href":"https:\/\/webs.uab.cat\/economia-ess\/wp-json\/wp\/v2\/pages\/8\/revisions\/147"}],"wp:attachment":[{"href":"https:\/\/webs.uab.cat\/economia-ess\/wp-json\/wp\/v2\/media?parent=8"}],"curies":[{"name":"wp","href":"https:\/\/api.w.org\/{rel}","templated":true}]}}