{"id":390,"date":"2010-01-21T13:43:18","date_gmt":"2010-01-21T11:43:18","guid":{"rendered":"https:\/\/webs.uab.cat\/economicgeography\/inici-2\/"},"modified":"2025-09-03T14:09:44","modified_gmt":"2025-09-03T12:09:44","slug":"inici-2","status":"publish","type":"page","link":"https:\/\/webs.uab.cat\/economicgeography\/es\/","title":{"rendered":"Inicio"},"content":{"rendered":"\n<p>Nuestro grupo de investigaci\u00f3n en Geograf\u00eda Econ\u00f3mica se especializa en el <strong>an\u00e1lisis de las din\u00e1micas territoriales<\/strong> desde una perspectiva socioecon\u00f3mica. Nos centramos en <strong>espacios urbanos metropolitanos y de ciudades medianas<\/strong>; en la comprensi\u00f3n del <strong>desarrollo local<\/strong> y sus derivaciones escalares, explorando la compleja interacci\u00f3n entre el \u00e1mbito local y el regional; y en temas propios de la <strong>Geograf\u00eda Industrial<\/strong>, que incluye la actividad productiva, los servicios y las <strong>nuevas econom\u00edas ligadas a la innovaci\u00f3n, las nuevas tecnolog\u00edas y la introducci\u00f3n de Large Language Models (LLM, Inteligencia Artificial)<\/strong>.<\/p>\n\n\n\n<p>Investigamos a fondo las <strong>econom\u00edas alternativas<\/strong>, incluyendo la econom\u00eda social y las diversas formas de organizaci\u00f3n econ\u00f3mica propuestas por autores como Gibson-Graham y Dobronski, poniendo \u00e9nfasis en las oportunidades que estas ofrecen para nuevos modelos de trabajo y prosperidad.<\/p>\n\n\n\n<p>Un eje fundamental de nuestra investigaci\u00f3n es la interconexi\u00f3n entre <strong>biodiversidad, planificaci\u00f3n urbana y calidad de vida<\/strong>. Este enfoque, relativamente novedoso en la Geograf\u00eda Econ\u00f3mica, nos permite interpretar el espacio econ\u00f3mico a trav\u00e9s de la lente de la sostenibilidad, donde la planificaci\u00f3n urbana se convierte en un instrumento clave para abordar la relaci\u00f3n con el cambio clim\u00e1tico.<\/p>\n\n\n\n<p>Adicionalmente, el grupo aborda tem\u00e1ticas clave como el <strong>sector terciario y los espacios p\u00fablicos<\/strong>. Analizamos el papel de este sector en el espacio econ\u00f3mico y la planificaci\u00f3n urbana, considerando sus implicaciones en el comercio electr\u00f3nico (<em>e-commerce<\/em>), el impacto del <strong>Big Data<\/strong> y de la <strong>Inteligencia Artificial<\/strong>.<\/p>\n\n\n\n<p>Desde una perspectiva microgeogr\u00e1fica, investigamos la <strong>movilidad alternativa y la ciclodistribuci\u00f3n<\/strong>. Estudiamos c\u00f3mo el transporte y la movilidad, conceptos cl\u00e1sicos de la Geograf\u00eda Econ\u00f3mica, se transforman con nuevos paradigmas que modifican las estructuras laborales y los costos asociados. Esta l\u00ednea de investigaci\u00f3n tambi\u00e9n se adentra en el cambio cultural y social, ofreciendo nuevas perspectivas para el estudio de la Geograf\u00eda Econ\u00f3mica sostenible.<\/p>\n\n\n\n<p>Finalmente, otro aspecto microgeogr\u00e1fico relevante para el grupo es la <strong>vulnerabilidd energ\u00e9tica, la<\/strong> <strong>conciliaci\u00f3n familiar y el g\u00e9nero en los espacios h\u00edbridos<\/strong>. Analizamos las consecuencias del teletrabajo y el espacio de trabajo h\u00edbrido, particularmente el \u00ablugar de trabajo\u00bb del empleado h\u00edbrido, y c\u00f3mo las nuevas condiciones del espacio laboral pueden intensificar la carga de trabajo de las mujeres en el \u00e1mbito familiar y suponer un nuevo reto energ\u00e9tico.<\/p>\n\n\n\n<h2 class=\"wp-block-heading has-verd-tropic-color has-text-color has-link-color wp-elements-66ba3c038c78fbcc7a18acc20cd39262\">Palabras clave<\/h2>\n\n\n\n<div class=\"wp-block-columns is-layout-flex wp-container-core-columns-is-layout-9d6595d7 wp-block-columns-is-layout-flex\">\n<div class=\"wp-block-column is-layout-flow wp-block-column-is-layout-flow\">\n<ul class=\"wp-block-list\">\n<li>Desarrollo local<\/li>\n\n\n\n<li>Econom\u00edas alternativas<\/li>\n\n\n\n<li>Espacios econ\u00f3micos<\/li>\n\n\n\n<li>Factores de localizaci\u00f3n<\/li>\n\n\n\n<li>Biodiversidad<\/li>\n\n\n\n<li>Planificaci\u00f3n urbana<\/li>\n\n\n\n<li>Calidad de vida<\/li>\n<\/ul>\n<\/div>\n\n\n\n<div class=\"wp-block-column is-layout-flow wp-block-column-is-layout-flow\">\n<ul class=\"wp-block-list\">\n<li>Sector terciario<\/li>\n\n\n\n<li>Espacios p\u00fablicos<\/li>\n\n\n\n<li>Movilidad alternativa<\/li>\n\n\n\n<li>Ciclodistribuci\u00f3n<\/li>\n\n\n\n<li>Vulnerabilidad energ\u00e9tica<\/li>\n\n\n\n<li>Conciliaci\u00f3n familiar<\/li>\n\n\n\n<li>G\u00e9nero a los espacios h\u00edbridos<\/li>\n<\/ul>\n<\/div>\n<\/div>\n\n\n\n<h2 class=\"wp-block-heading has-verd-tropic-color has-text-color has-link-color wp-elements-75238474ddfaff605418d4a67e086950\">Descriptores sint\u00e9ticos<\/h2>\n\n\n\n<ol class=\"wp-block-list\">\n<li class=\"has-negre-eben-color has-text-color has-link-color wp-elements-6f384d1618ba78625c380e3ca0816e9e\"><strong>Desarrollo local.<\/strong> Algunos autores destacan la dicotom\u00eda del concepto entre lo local y lo regional, y aqu\u00ed se a\u00f1ade la derivada de la escala y el espacio cuando se habla de desarrollo local.<\/li>\n\n\n\n<li>Dentro de las <strong>econom\u00edas alternativas<\/strong> se encuentra la econom\u00eda social y las econom\u00edas diversas, incluyendo oportunidades en buenos trabajos publicados sobre este tema y en sus desarrollos.<\/li>\n\n\n\n<li><strong>Biodiversidad, planificaci\u00f3n urbana y calidad de vida.<\/strong> Un factor relativamente novedoso en la GE que ayuda a interpretar el espacio econ\u00f3mico, donde la planificaci\u00f3n urbana es el instrumento facilitador y que ciertamente incluye su relaci\u00f3n con el cambio clim\u00e1tico.<\/li>\n\n\n\n<li><strong>Sector terciario y espacios p\u00fablicos.<\/strong> Es un sector clave en la GE y en nuestro grupo, que se relaciona con el espacio econ\u00f3mico y la planificaci\u00f3n urbana, y ofrece vertientes muy importantes como el estudio del \u201cespacio\u201d del e-commerce y del Big Data.<\/li>\n\n\n\n<li><strong>Movilidad alternativa y ciclodistribuci\u00f3n.<\/strong> Es la parte m\u00e1s microgeogr\u00e1fica de las tem\u00e1ticas de nuestro grupo, y estudia c\u00f3mo el factor del transporte y la movilidad (un cl\u00e1sico en la GE) ahora se presenta como un cambio en la estructura del trabajo dentro de la GE, y modifica los aspectos cl\u00e1sicos del transporte y de los costes de transporte tan presentes en nuestra disciplina. Tambi\u00e9n se presenta como un cambio cultural y social que se materializa en el paradigma de la GE y ofrece nuevas perspectivas para el estudio de la Geograf\u00eda Econ\u00f3mica sostenible.<\/li>\n\n\n\n<li><strong>Vulnerabilidad energ\u00e9tica, conciliaci\u00f3n familiar y g\u00e9nero en los espacios h\u00edbridos.<\/strong> Es el tercer aspecto m\u00e1s microgeogr\u00e1fico del grupo, al estudiar aspectos del teletrabajo y del espacio de trabajo en forma h\u00edbrida; sobre todo en el \u201clugar de trabajo\u201d del trabajador h\u00edbrido y sus consecuencias en el espacio familiar, como la vulnerabilidad energ\u00e9tica, y c\u00f3mo las nuevas condiciones del espacio de trabajo pueden conducir a una nueva intensificaci\u00f3n del trabajo de las mujeres en el espacio familiar.<\/li>\n<\/ol>\n","protected":false},"excerpt":{"rendered":"<p>Nuestro grupo de investigaci\u00f3n en Geograf\u00eda Econ\u00f3mica se especializa en el an\u00e1lisis de las din\u00e1micas territoriales desde una perspectiva socioecon\u00f3mica. Nos centramos en espacios urbanos metropolitanos y de ciudades medianas; en la comprensi\u00f3n del desarrollo local y sus derivaciones escalares, explorando la compleja interacci\u00f3n entre el \u00e1mbito local y el regional; y en temas propios [&hellip;]<\/p>\n","protected":false},"author":20,"featured_media":0,"parent":0,"menu_order":0,"comment_status":"closed","ping_status":"closed","template":"","meta":{"footnotes":""},"class_list":["post-390","page","type-page","status-publish","hentry"],"_links":{"self":[{"href":"https:\/\/webs.uab.cat\/economicgeography\/es\/wp-json\/wp\/v2\/pages\/390","targetHints":{"allow":["GET"]}}],"collection":[{"href":"https:\/\/webs.uab.cat\/economicgeography\/es\/wp-json\/wp\/v2\/pages"}],"about":[{"href":"https:\/\/webs.uab.cat\/economicgeography\/es\/wp-json\/wp\/v2\/types\/page"}],"author":[{"embeddable":true,"href":"https:\/\/webs.uab.cat\/economicgeography\/es\/wp-json\/wp\/v2\/users\/20"}],"replies":[{"embeddable":true,"href":"https:\/\/webs.uab.cat\/economicgeography\/es\/wp-json\/wp\/v2\/comments?post=390"}],"version-history":[{"count":3,"href":"https:\/\/webs.uab.cat\/economicgeography\/es\/wp-json\/wp\/v2\/pages\/390\/revisions"}],"predecessor-version":[{"id":548,"href":"https:\/\/webs.uab.cat\/economicgeography\/es\/wp-json\/wp\/v2\/pages\/390\/revisions\/548"}],"wp:attachment":[{"href":"https:\/\/webs.uab.cat\/economicgeography\/es\/wp-json\/wp\/v2\/media?parent=390"}],"curies":[{"name":"wp","href":"https:\/\/api.w.org\/{rel}","templated":true}]}}