{"id":401,"date":"2025-09-02T10:55:47","date_gmt":"2025-09-02T08:55:47","guid":{"rendered":"https:\/\/webs.uab.cat\/economicgeography\/linies-de-recerca\/"},"modified":"2025-09-03T13:44:06","modified_gmt":"2025-09-03T11:44:06","slug":"linies-de-recerca","status":"publish","type":"page","link":"https:\/\/webs.uab.cat\/economicgeography\/es\/linies-de-recerca\/","title":{"rendered":"L\u00edneas de investigaci\u00f3n"},"content":{"rendered":"\n<h2 class=\"wp-block-heading alignwide has-verd-tropic-color has-text-color has-link-color wp-elements-1e07742e367da33f49b098157058d93a\">Geograf\u00eda econ\u00f3mica<\/h2>\n\n\n\n<div class=\"wp-block-columns alignwide is-layout-flex wp-container-core-columns-is-layout-9d6595d7 wp-block-columns-is-layout-flex\">\n<div class=\"wp-block-column is-layout-flow wp-block-column-is-layout-flow\">\n<p class=\"has-text-align-center has-negre-eben-color has-gris-pubilla-background-color has-text-color has-background has-link-color has-small-font-size wp-elements-349795a8327656eaf5b89b275ba65f80\"><strong>Geograf\u00eda econ\u00f3mica<\/strong><\/p>\n<\/div>\n\n\n\n<div class=\"wp-block-column is-layout-flow wp-block-column-is-layout-flow\">\n<p class=\"has-text-align-center has-gris-pubilla-background-color has-background has-small-font-size\"><strong>Din\u00e1micas territoriales<\/strong><\/p>\n<\/div>\n\n\n\n<div class=\"wp-block-column is-layout-flow wp-block-column-is-layout-flow\">\n<p class=\"has-text-align-center has-gris-pubilla-background-color has-background has-small-font-size\"><strong>Desarrollo local<\/strong><\/p>\n<\/div>\n<\/div>\n\n\n\n<div class=\"wp-block-columns alignwide is-layout-flex wp-container-core-columns-is-layout-9d6595d7 wp-block-columns-is-layout-flex\">\n<div class=\"wp-block-column is-layout-flow wp-block-column-is-layout-flow\">\n<p class=\"has-text-align-center has-negre-eben-color has-gris-pubilla-background-color has-text-color has-background has-link-color has-small-font-size wp-elements-5354d4004caed15d2e0eab7c4f06cf1e\"><strong>Desarrollo regional<\/strong><\/p>\n<\/div>\n\n\n\n<div class=\"wp-block-column is-layout-flow wp-block-column-is-layout-flow\">\n<p class=\"has-text-align-center has-gris-pubilla-background-color has-background has-small-font-size\"><strong>Espacios urbanos metropolitanos<\/strong><\/p>\n<\/div>\n\n\n\n<div class=\"wp-block-column is-layout-flow wp-block-column-is-layout-flow\">\n<p class=\"has-text-align-center has-gris-pubilla-background-color has-background has-small-font-size\"><strong>Ciudades medianas<\/strong><\/p>\n<\/div>\n<\/div>\n\n\n\n<div class=\"wp-block-columns alignwide is-layout-flex wp-container-core-columns-is-layout-9d6595d7 wp-block-columns-is-layout-flex\">\n<div class=\"wp-block-column is-layout-flow wp-block-column-is-layout-flow\">\n<p class=\"has-text-align-center has-negre-eben-color has-gris-pubilla-background-color has-text-color has-background has-link-color has-small-font-size wp-elements-0555bab4ef7e95471f5fccd8ddf4e772\"><strong>Geograf\u00eda industrial<\/strong><\/p>\n<\/div>\n\n\n\n<div class=\"wp-block-column is-layout-flow wp-block-column-is-layout-flow\">\n<p class=\"has-text-align-center has-gris-pubilla-background-color has-background has-small-font-size\"><strong>Espacios econ\u00f3micos<\/strong><\/p>\n<\/div>\n\n\n\n<div class=\"wp-block-column is-layout-flow wp-block-column-is-layout-flow\">\n<p class=\"has-text-align-center has-small-font-size\"><\/p>\n<\/div>\n<\/div>\n\n\n\n<h2 class=\"wp-block-heading alignwide has-verd-tropic-color has-text-color has-link-color wp-elements-767ea1bad8b493030bc9dcbbf8326711\">Nuevas econom\u00edas y tecnolog\u00eda<\/h2>\n\n\n\n<div class=\"wp-block-columns alignwide is-layout-flex wp-container-core-columns-is-layout-9d6595d7 wp-block-columns-is-layout-flex\">\n<div class=\"wp-block-column is-layout-flow wp-block-column-is-layout-flow\">\n<p class=\"has-text-align-center has-negre-eben-color has-gris-pubilla-background-color has-text-color has-background has-link-color has-small-font-size wp-elements-0af1d20af891af887e6fe17670ec0a8c\"><strong>Econom\u00edas alternativas<\/strong><\/p>\n<\/div>\n\n\n\n<div class=\"wp-block-column is-layout-flow wp-block-column-is-layout-flow\">\n<p class=\"has-text-align-center has-gris-pubilla-background-color has-background has-small-font-size\"><strong>Econom\u00eda social<\/strong><\/p>\n<\/div>\n\n\n\n<div class=\"wp-block-column is-layout-flow wp-block-column-is-layout-flow\">\n<p class=\"has-text-align-center has-gris-pubilla-background-color has-background has-small-font-size\"><strong>Innovaci\u00f3n econ\u00f3mica<\/strong><\/p>\n<\/div>\n<\/div>\n\n\n\n<div class=\"wp-block-columns alignwide is-layout-flex wp-container-core-columns-is-layout-9d6595d7 wp-block-columns-is-layout-flex\">\n<div class=\"wp-block-column is-layout-flow wp-block-column-is-layout-flow\">\n<p class=\"has-text-align-center has-negre-eben-color has-gris-pubilla-background-color has-text-color has-background has-link-color has-small-font-size wp-elements-911baa68a78d08117f8e8931ea3f7403\"><strong>Nuevas tecnolog\u00edas<\/strong><\/p>\n<\/div>\n\n\n\n<div class=\"wp-block-column is-layout-flow wp-block-column-is-layout-flow\">\n<p class=\"has-text-align-center has-gris-pubilla-background-color has-background has-small-font-size\"><strong>Large Language Models (LLM)<\/strong><\/p>\n<\/div>\n\n\n\n<div class=\"wp-block-column is-layout-flow wp-block-column-is-layout-flow\">\n<p class=\"has-text-align-center has-gris-pubilla-background-color has-background has-small-font-size\"><strong>Inteligencia Artificial (IA)<\/strong><\/p>\n<\/div>\n<\/div>\n\n\n\n<div class=\"wp-block-columns alignwide is-layout-flex wp-container-core-columns-is-layout-9d6595d7 wp-block-columns-is-layout-flex\">\n<div class=\"wp-block-column is-layout-flow wp-block-column-is-layout-flow\">\n<p class=\"has-text-align-center has-negre-eben-color has-gris-pubilla-background-color has-text-color has-background has-link-color has-small-font-size wp-elements-ff916380e47a5cb0e5f2833853015522\"><strong>E-commerce<\/strong><\/p>\n<\/div>\n\n\n\n<div class=\"wp-block-column is-layout-flow wp-block-column-is-layout-flow\">\n<p class=\"has-text-align-center has-gris-pubilla-background-color has-background has-small-font-size\"><strong>Big Data<\/strong><\/p>\n<\/div>\n\n\n\n<div class=\"wp-block-column is-layout-flow wp-block-column-is-layout-flow\">\n<p class=\"has-text-align-center has-small-font-size\"><\/p>\n<\/div>\n<\/div>\n\n\n\n<h2 class=\"wp-block-heading alignwide has-verd-tropic-color has-text-color has-link-color wp-elements-cb3300716a1ea1e3533f16e819635734\">Sostenibilidad y planificaci\u00f3n<\/h2>\n\n\n\n<div class=\"wp-block-columns alignwide is-layout-flex wp-container-core-columns-is-layout-9d6595d7 wp-block-columns-is-layout-flex\">\n<div class=\"wp-block-column is-layout-flow wp-block-column-is-layout-flow\">\n<p class=\"has-text-align-center has-negre-eben-color has-gris-pubilla-background-color has-text-color has-background has-link-color has-small-font-size wp-elements-5c494d24cfdfa6f8f042e650d7b44747\"><strong>Sostenibilidad urbana<\/strong><\/p>\n<\/div>\n\n\n\n<div class=\"wp-block-column is-layout-flow wp-block-column-is-layout-flow\">\n<p class=\"has-text-align-center has-gris-pubilla-background-color has-background has-small-font-size\"><strong>Biodiversidad urbana<\/strong><\/p>\n<\/div>\n\n\n\n<div class=\"wp-block-column is-layout-flow wp-block-column-is-layout-flow\">\n<p class=\"has-text-align-center has-gris-pubilla-background-color has-background has-small-font-size\"><strong>Planificaci\u00f3n urbana<\/strong><\/p>\n<\/div>\n<\/div>\n\n\n\n<div class=\"wp-block-columns alignwide is-layout-flex wp-container-core-columns-is-layout-9d6595d7 wp-block-columns-is-layout-flex\">\n<div class=\"wp-block-column is-layout-flow wp-block-column-is-layout-flow\">\n<p class=\"has-text-align-center has-negre-eben-color has-gris-pubilla-background-color has-text-color has-background has-link-color has-small-font-size wp-elements-e759da6c76c3548a2b42164e1aef0d88\"><strong>Calidad de vida<\/strong><\/p>\n<\/div>\n\n\n\n<div class=\"wp-block-column is-layout-flow wp-block-column-is-layout-flow\">\n<p class=\"has-text-align-center has-gris-pubilla-background-color has-background has-small-font-size\"><strong>Cambio clim\u00e1tico<\/strong><\/p>\n<\/div>\n\n\n\n<div class=\"wp-block-column is-layout-flow wp-block-column-is-layout-flow\">\n<p class=\"has-text-align-center has-gris-pubilla-background-color has-background has-small-font-size\"><strong>Geograf\u00eda econ\u00f3mica sostenible<\/strong><\/p>\n<\/div>\n<\/div>\n\n\n\n<div class=\"wp-block-columns alignwide is-layout-flex wp-container-core-columns-is-layout-9d6595d7 wp-block-columns-is-layout-flex\">\n<div class=\"wp-block-column is-layout-flow wp-block-column-is-layout-flow\">\n<p class=\"has-text-align-center has-negre-eben-color has-gris-pubilla-background-color has-text-color has-background has-link-color has-small-font-size wp-elements-7fddf304309fd2aba7a4b770b49cb245\"><strong>Vulnerabilidad energ\u00e9tica<\/strong><\/p>\n<\/div>\n\n\n\n<div class=\"wp-block-column is-layout-flow wp-block-column-is-layout-flow\">\n<p class=\"has-text-align-center has-small-font-size\"><\/p>\n<\/div>\n\n\n\n<div class=\"wp-block-column is-layout-flow wp-block-column-is-layout-flow\">\n<p class=\"has-text-align-center has-small-font-size\"><\/p>\n<\/div>\n<\/div>\n\n\n\n<h2 class=\"wp-block-heading alignwide has-verd-tropic-color has-text-color has-link-color wp-elements-6b7a1406fa159a26583a582eb1de7864\">Sociedad, trabajo y g\u00e9nero<\/h2>\n\n\n\n<div class=\"wp-block-columns alignwide is-layout-flex wp-container-core-columns-is-layout-9d6595d7 wp-block-columns-is-layout-flex\">\n<div class=\"wp-block-column is-layout-flow wp-block-column-is-layout-flow\">\n<p class=\"has-text-align-center has-negre-eben-color has-gris-pubilla-background-color has-text-color has-background has-link-color has-small-font-size wp-elements-9198fd1fea4e4d9005b13968cd3583f3\"><strong>Sector terciario<\/strong><\/p>\n<\/div>\n\n\n\n<div class=\"wp-block-column is-layout-flow wp-block-column-is-layout-flow\">\n<p class=\"has-text-align-center has-gris-pubilla-background-color has-background has-small-font-size\"><strong>Espacios p\u00fablicos<\/strong><\/p>\n<\/div>\n\n\n\n<div class=\"wp-block-column is-layout-flow wp-block-column-is-layout-flow\">\n<p class=\"has-text-align-center has-gris-pubilla-background-color has-background has-small-font-size\"><strong>Movilidad alternativa<\/strong><\/p>\n<\/div>\n<\/div>\n\n\n\n<div class=\"wp-block-columns alignwide is-layout-flex wp-container-core-columns-is-layout-9d6595d7 wp-block-columns-is-layout-flex\">\n<div class=\"wp-block-column is-layout-flow wp-block-column-is-layout-flow\">\n<p class=\"has-text-align-center has-negre-eben-color has-gris-pubilla-background-color has-text-color has-background has-link-color has-small-font-size wp-elements-27ceb53c14919b0b5a650dd1cb9c8826\"><strong>Ciclodistribuci\u00f3n<\/strong><\/p>\n<\/div>\n\n\n\n<div class=\"wp-block-column is-layout-flow wp-block-column-is-layout-flow\">\n<p class=\"has-text-align-center has-gris-pubilla-background-color has-background has-small-font-size\"><strong>Estructuras laborales<\/strong><\/p>\n<\/div>\n\n\n\n<div class=\"wp-block-column is-layout-flow wp-block-column-is-layout-flow\">\n<p class=\"has-text-align-center has-gris-pubilla-background-color has-background has-small-font-size\"><strong>Conciliaci\u00f3n familiar<\/strong><\/p>\n<\/div>\n<\/div>\n\n\n\n<div class=\"wp-block-columns alignwide is-layout-flex wp-container-core-columns-is-layout-9d6595d7 wp-block-columns-is-layout-flex\">\n<div class=\"wp-block-column is-layout-flow wp-block-column-is-layout-flow\">\n<p class=\"has-text-align-center has-negre-eben-color has-gris-pubilla-background-color has-text-color has-background has-link-color has-small-font-size wp-elements-c520790c0a5ee740af940466d2fa16f9\"><strong>G\u00e9nero y trabajo<\/strong><\/p>\n<\/div>\n\n\n\n<div class=\"wp-block-column is-layout-flow wp-block-column-is-layout-flow\">\n<p class=\"has-text-align-center has-gris-pubilla-background-color has-background has-small-font-size\"><strong>Espacios h\u00edbridos<\/strong><\/p>\n<\/div>\n\n\n\n<div class=\"wp-block-column is-layout-flow wp-block-column-is-layout-flow\">\n<p class=\"has-text-align-center has-gris-pubilla-background-color has-background has-small-font-size\"><strong>Teletrebajo<\/strong><\/p>\n<\/div>\n<\/div>\n","protected":false},"excerpt":{"rendered":"<p>Geograf\u00eda econ\u00f3mica Geograf\u00eda econ\u00f3mica Din\u00e1micas territoriales Desarrollo local Desarrollo regional Espacios urbanos metropolitanos Ciudades medianas Geograf\u00eda industrial Espacios econ\u00f3micos Nuevas econom\u00edas y tecnolog\u00eda Econom\u00edas alternativas Econom\u00eda social Innovaci\u00f3n econ\u00f3mica Nuevas tecnolog\u00edas Large Language Models (LLM) Inteligencia Artificial (IA) E-commerce Big Data Sostenibilidad y planificaci\u00f3n Sostenibilidad urbana Biodiversidad urbana Planificaci\u00f3n urbana Calidad de vida Cambio clim\u00e1tico [&hellip;]<\/p>\n","protected":false},"author":2819,"featured_media":0,"parent":0,"menu_order":0,"comment_status":"closed","ping_status":"closed","template":"","meta":{"footnotes":""},"class_list":["post-401","page","type-page","status-publish","hentry"],"_links":{"self":[{"href":"https:\/\/webs.uab.cat\/economicgeography\/es\/wp-json\/wp\/v2\/pages\/401","targetHints":{"allow":["GET"]}}],"collection":[{"href":"https:\/\/webs.uab.cat\/economicgeography\/es\/wp-json\/wp\/v2\/pages"}],"about":[{"href":"https:\/\/webs.uab.cat\/economicgeography\/es\/wp-json\/wp\/v2\/types\/page"}],"author":[{"embeddable":true,"href":"https:\/\/webs.uab.cat\/economicgeography\/es\/wp-json\/wp\/v2\/users\/2819"}],"replies":[{"embeddable":true,"href":"https:\/\/webs.uab.cat\/economicgeography\/es\/wp-json\/wp\/v2\/comments?post=401"}],"version-history":[{"count":5,"href":"https:\/\/webs.uab.cat\/economicgeography\/es\/wp-json\/wp\/v2\/pages\/401\/revisions"}],"predecessor-version":[{"id":546,"href":"https:\/\/webs.uab.cat\/economicgeography\/es\/wp-json\/wp\/v2\/pages\/401\/revisions\/546"}],"wp:attachment":[{"href":"https:\/\/webs.uab.cat\/economicgeography\/es\/wp-json\/wp\/v2\/media?parent=401"}],"curies":[{"name":"wp","href":"https:\/\/api.w.org\/{rel}","templated":true}]}}