{"id":6,"date":"2025-06-30T10:17:16","date_gmt":"2025-06-30T08:17:16","guid":{"rendered":"https:\/\/webs.uab.cat\/ecotrad\/?page_id=6"},"modified":"2026-02-04T00:05:28","modified_gmt":"2026-02-03T22:05:28","slug":"miembros","status":"publish","type":"page","link":"https:\/\/webs.uab.cat\/ecotrad\/miembros\/","title":{"rendered":"MIEMBROS"},"content":{"rendered":"\n<div class=\"wp-block-media-text is-stacked-on-mobile\" style=\"grid-template-columns:35% auto\"><figure class=\"wp-block-media-text__media\"><img loading=\"lazy\" decoding=\"async\" width=\"300\" height=\"300\" src=\"https:\/\/webs.uab.cat\/ecotrad\/wp-content\/uploads\/sites\/621\/2025\/06\/001-patricia-rodriguez.jpg\" alt=\"Patricia Rodr\u00edguez In\u00e9s\" class=\"wp-image-34 size-full\" srcset=\"https:\/\/webs.uab.cat\/ecotrad\/wp-content\/uploads\/sites\/621\/2025\/06\/001-patricia-rodriguez.jpg 300w, https:\/\/webs.uab.cat\/ecotrad\/wp-content\/uploads\/sites\/621\/2025\/06\/001-patricia-rodriguez-150x150.jpg 150w\" sizes=\"auto, (max-width: 300px) 100vw, 300px\" \/><\/figure><div class=\"wp-block-media-text__content\">\n<p><strong>Dra. Patricia Rodr\u00edguez In\u00e9s<\/strong>: Promotora de esta iniciativa; profesora de traducci\u00f3n entre ingl\u00e9s y espa\u00f1ol; IP de FORTI. Facultat de Traducci\u00f3 i d\u2019Interpretaci\u00f3. UAB.<\/p>\n<\/div><\/div>\n\n\n\n<div class=\"wp-block-media-text is-stacked-on-mobile\" style=\"grid-template-columns:35% auto\"><figure class=\"wp-block-media-text__media\"><img loading=\"lazy\" decoding=\"async\" width=\"300\" height=\"300\" src=\"https:\/\/webs.uab.cat\/ecotrad\/wp-content\/uploads\/sites\/621\/2025\/06\/001-cristina-palet.jpg\" alt=\"Cristina Palet\" class=\"wp-image-31 size-full\" srcset=\"https:\/\/webs.uab.cat\/ecotrad\/wp-content\/uploads\/sites\/621\/2025\/06\/001-cristina-palet.jpg 300w, https:\/\/webs.uab.cat\/ecotrad\/wp-content\/uploads\/sites\/621\/2025\/06\/001-cristina-palet-150x150.jpg 150w\" sizes=\"auto, (max-width: 300px) 100vw, 300px\" \/><\/figure><div class=\"wp-block-media-text__content\">\n<p><strong>Dra. Cristina Palet<\/strong>: Profesora de Qu\u00edmica Anal\u00edtica (Facultat de Ci\u00e8ncies); miembro de la Comisi\u00f3n de docencia del Grado de Ciencias Ambientales. UAB.<\/p>\n<\/div><\/div>\n\n\n\n<div class=\"wp-block-media-text is-stacked-on-mobile\" style=\"grid-template-columns:35% auto\"><figure class=\"wp-block-media-text__media\"><img loading=\"lazy\" decoding=\"async\" width=\"300\" height=\"300\" src=\"https:\/\/webs.uab.cat\/ecotrad\/wp-content\/uploads\/sites\/621\/2025\/06\/001-miguel-A-serrat-camaleon.jpg\" alt=\"Miguel \u00c1ngel Serrat\" class=\"wp-image-32 size-full\" srcset=\"https:\/\/webs.uab.cat\/ecotrad\/wp-content\/uploads\/sites\/621\/2025\/06\/001-miguel-A-serrat-camaleon.jpg 300w, https:\/\/webs.uab.cat\/ecotrad\/wp-content\/uploads\/sites\/621\/2025\/06\/001-miguel-A-serrat-camaleon-150x150.jpg 150w\" sizes=\"auto, (max-width: 300px) 100vw, 300px\" \/><\/figure><div class=\"wp-block-media-text__content\">\n<p><strong>Dr. Miguel \u00c1ngel Serrat<\/strong>: profesor. Facultad de Derecho y Escuela de Prevenci\u00f3n y Seguridad Integeal (EPSI-FUABFormaci\u00f3). Responsable de la Subcomisi\u00f3n de Seguridad Laboral de la C\u00e1tedra Manuel Ballb\u00e9. UAB.<\/p>\n<\/div><\/div>\n\n\n\n<div class=\"wp-block-media-text is-stacked-on-mobile\" style=\"grid-template-columns:35% auto\"><figure class=\"wp-block-media-text__media\"><img loading=\"lazy\" decoding=\"async\" width=\"300\" height=\"300\" src=\"https:\/\/webs.uab.cat\/ecotrad\/wp-content\/uploads\/sites\/621\/2025\/06\/001-oscar-aznar.jpg\" alt=\"\u00d2scar Aznar Alemany\" class=\"wp-image-33 size-full\" srcset=\"https:\/\/webs.uab.cat\/ecotrad\/wp-content\/uploads\/sites\/621\/2025\/06\/001-oscar-aznar.jpg 300w, https:\/\/webs.uab.cat\/ecotrad\/wp-content\/uploads\/sites\/621\/2025\/06\/001-oscar-aznar-150x150.jpg 150w\" sizes=\"auto, (max-width: 300px) 100vw, 300px\" \/><\/figure><div class=\"wp-block-media-text__content\">\n<p><strong>Dr. \u00d2scar Aznar Alemany<\/strong>: doctor en Qu\u00edmica Anal\u00edtica Ambiental (CSIC\/UPC), termin\u00f3logo (TERMCAT), divulgador cient\u00edfico con reivindicaci\u00f3n LGTBIQA+ (Science Queers) y profesor de Traducci\u00f3n T\u00e9cnica y Cient\u00edfica. Facultat de Traducci\u00f3 i d\u2019Interpretaci\u00f3. UAB.<\/p>\n<\/div><\/div>\n\n\n\n<div class=\"wp-block-media-text is-stacked-on-mobile\" style=\"grid-template-columns:35% auto\"><figure class=\"wp-block-media-text__media\"><img loading=\"lazy\" decoding=\"async\" width=\"300\" height=\"300\" src=\"https:\/\/webs.uab.cat\/ecotrad\/wp-content\/uploads\/sites\/621\/2025\/06\/001-pau-joan-hdez_gata.jpg\" alt=\"Pau Joan Hern\u00e1ndez\" class=\"wp-image-35 size-full\" srcset=\"https:\/\/webs.uab.cat\/ecotrad\/wp-content\/uploads\/sites\/621\/2025\/06\/001-pau-joan-hdez_gata.jpg 300w, https:\/\/webs.uab.cat\/ecotrad\/wp-content\/uploads\/sites\/621\/2025\/06\/001-pau-joan-hdez_gata-150x150.jpg 150w\" sizes=\"auto, (max-width: 300px) 100vw, 300px\" \/><\/figure><div class=\"wp-block-media-text__content\">\n<p><strong>Dr. Pau Joan Hern\u00e1ndez<\/strong>: Profesor de traducci\u00f3n del franc\u00e9s; miembro de GETCC. Facultat de Traducci\u00f3 i d\u2019Interpretaci\u00f3. UAB.<\/p>\n<\/div><\/div>\n\n\n\n<div class=\"wp-block-media-text is-stacked-on-mobile\" style=\"grid-template-columns:35% auto\"><figure class=\"wp-block-media-text__media\"><img loading=\"lazy\" decoding=\"async\" width=\"300\" height=\"300\" src=\"https:\/\/webs.uab.cat\/ecotrad\/wp-content\/uploads\/sites\/621\/2025\/06\/001-pilar-cid.jpg\" alt=\"Pilar Cid\" class=\"wp-image-36 size-full\" srcset=\"https:\/\/webs.uab.cat\/ecotrad\/wp-content\/uploads\/sites\/621\/2025\/06\/001-pilar-cid.jpg 300w, https:\/\/webs.uab.cat\/ecotrad\/wp-content\/uploads\/sites\/621\/2025\/06\/001-pilar-cid-150x150.jpg 150w\" sizes=\"auto, (max-width: 300px) 100vw, 300px\" \/><\/figure><div class=\"wp-block-media-text__content\">\n<p><strong>Dra. Pilar Cid<\/strong>: Profesora de Documentaci\u00f3n aplicada a la Traducci\u00f3n. Facultat de Traducci\u00f3 i d\u2019Interpretaci\u00f3. UAB.<\/p>\n<\/div><\/div>\n\n\n\n<div class=\"wp-block-media-text is-stacked-on-mobile\" style=\"grid-template-columns:35% auto\"><figure class=\"wp-block-media-text__media\"><img loading=\"lazy\" decoding=\"async\" width=\"300\" height=\"300\" src=\"https:\/\/webs.uab.cat\/ecotrad\/wp-content\/uploads\/sites\/621\/2025\/06\/001-yifan-miao.jpg\" alt=\"Yifan Miao\" class=\"wp-image-38 size-full\" srcset=\"https:\/\/webs.uab.cat\/ecotrad\/wp-content\/uploads\/sites\/621\/2025\/06\/001-yifan-miao.jpg 300w, https:\/\/webs.uab.cat\/ecotrad\/wp-content\/uploads\/sites\/621\/2025\/06\/001-yifan-miao-150x150.jpg 150w\" sizes=\"auto, (max-width: 300px) 100vw, 300px\" \/><\/figure><div class=\"wp-block-media-text__content\">\n<p><strong>Dra. Yifan Miao<\/strong>: profesora de Filolog\u00eda Hisp\u00e1nica; Wenzhou Business College; Miembro de FORTI.<\/p>\n<\/div><\/div>\n\n\n\n<div class=\"wp-block-media-text is-stacked-on-mobile\" style=\"grid-template-columns:35% auto\"><figure class=\"wp-block-media-text__media\"><img loading=\"lazy\" decoding=\"async\" width=\"225\" height=\"225\" src=\"https:\/\/webs.uab.cat\/ecotrad\/wp-content\/uploads\/sites\/621\/2025\/06\/anonimo.png\" alt=\"Anonimo\" class=\"wp-image-58 size-full\" srcset=\"https:\/\/webs.uab.cat\/ecotrad\/wp-content\/uploads\/sites\/621\/2025\/06\/anonimo.png 225w, https:\/\/webs.uab.cat\/ecotrad\/wp-content\/uploads\/sites\/621\/2025\/06\/anonimo-150x150.png 150w\" sizes=\"auto, (max-width: 225px) 100vw, 225px\" \/><\/figure><div class=\"wp-block-media-text__content\">\n<p><strong>Dra. Alaitz Zabala<\/strong>: Coordinadora del M\u00e0ster Universitari en Estudis Interdisciplinaris en Sostenibilitat Ambiental, Econ\u00f2mica i Social (SAES). Facultat de CC. Ambientals. UAB.<\/p>\n<\/div><\/div>\n\n\n\n<div class=\"wp-block-media-text is-stacked-on-mobile\" style=\"grid-template-columns:35% auto\"><figure class=\"wp-block-media-text__media\"><img loading=\"lazy\" decoding=\"async\" width=\"400\" height=\"400\" src=\"https:\/\/webs.uab.cat\/ecotrad\/wp-content\/uploads\/sites\/621\/2026\/02\/foto-shabnam-jpeg.jpeg\" alt=\"\" class=\"wp-image-76 size-full\" srcset=\"https:\/\/webs.uab.cat\/ecotrad\/wp-content\/uploads\/sites\/621\/2026\/02\/foto-shabnam-jpeg.jpeg 400w, https:\/\/webs.uab.cat\/ecotrad\/wp-content\/uploads\/sites\/621\/2026\/02\/foto-shabnam-jpeg-300x300.jpeg 300w, https:\/\/webs.uab.cat\/ecotrad\/wp-content\/uploads\/sites\/621\/2026\/02\/foto-shabnam-jpeg-150x150.jpeg 150w\" sizes=\"auto, (max-width: 400px) 100vw, 400px\" \/><\/figure><div class=\"wp-block-media-text__content\">\n<p><strong>Dra. Shabnam Naderi<\/strong>: Profesora de traducci\u00f3n en la Allameh Tabataba&#8217;i University, Ir\u00e1n. Miembro de la Global Posthuman Network. Especializada en poshumanismo.<\/p>\n<\/div><\/div>\n\n\n\n<div class=\"wp-block-media-text is-stacked-on-mobile\" style=\"grid-template-columns:35% auto\"><figure class=\"wp-block-media-text__media\"><img loading=\"lazy\" decoding=\"async\" width=\"300\" height=\"300\" src=\"https:\/\/webs.uab.cat\/ecotrad\/wp-content\/uploads\/sites\/621\/2025\/06\/001-fiona.jpg\" alt=\"Fiona Kelso\" class=\"wp-image-39 size-full\" srcset=\"https:\/\/webs.uab.cat\/ecotrad\/wp-content\/uploads\/sites\/621\/2025\/06\/001-fiona.jpg 300w, https:\/\/webs.uab.cat\/ecotrad\/wp-content\/uploads\/sites\/621\/2025\/06\/001-fiona-150x150.jpg 150w\" sizes=\"auto, (max-width: 300px) 100vw, 300px\" \/><\/figure><div class=\"wp-block-media-text__content\">\n<p><strong>Dra. Fiona Kelso<\/strong>: Profesora de mediaci\u00f3n cultural y traducci\u00f3n inversa; miembro de REICIT. Facultat de Traducci\u00f3 i d\u2019Interpretaci\u00f3. UAB.<\/p>\n<\/div><\/div>\n\n\n\n<div class=\"wp-block-media-text is-stacked-on-mobile\" style=\"grid-template-columns:35% auto\"><figure class=\"wp-block-media-text__media\"><img loading=\"lazy\" decoding=\"async\" width=\"300\" height=\"300\" src=\"https:\/\/webs.uab.cat\/ecotrad\/wp-content\/uploads\/sites\/621\/2025\/06\/001-jordi-mas.jpg\" alt=\"Jordi Mas L\u00f3pez\" class=\"wp-image-41 size-full\" srcset=\"https:\/\/webs.uab.cat\/ecotrad\/wp-content\/uploads\/sites\/621\/2025\/06\/001-jordi-mas.jpg 300w, https:\/\/webs.uab.cat\/ecotrad\/wp-content\/uploads\/sites\/621\/2025\/06\/001-jordi-mas-150x150.jpg 150w\" sizes=\"auto, (max-width: 300px) 100vw, 300px\" \/><\/figure><div class=\"wp-block-media-text__content\">\n<p><strong>Dr. Jordi Mas L\u00f3pez<\/strong>: Profesor de japon\u00e9s; coordinador del Grado de Traducci\u00f3n e Interpretaci\u00f3n. Facultat de Traducci\u00f3 i d\u2019Interpretaci\u00f3. UAB.<\/p>\n<\/div><\/div>\n\n\n\n<div class=\"wp-block-media-text is-stacked-on-mobile\" style=\"grid-template-columns:35% auto\"><figure class=\"wp-block-media-text__media\"><img loading=\"lazy\" decoding=\"async\" width=\"225\" height=\"225\" src=\"https:\/\/webs.uab.cat\/ecotrad\/wp-content\/uploads\/sites\/621\/2025\/06\/anonimo.png\" alt=\"Anonimo\" class=\"wp-image-58 size-full\" srcset=\"https:\/\/webs.uab.cat\/ecotrad\/wp-content\/uploads\/sites\/621\/2025\/06\/anonimo.png 225w, https:\/\/webs.uab.cat\/ecotrad\/wp-content\/uploads\/sites\/621\/2025\/06\/anonimo-150x150.png 150w\" sizes=\"auto, (max-width: 225px) 100vw, 225px\" \/><\/figure><div class=\"wp-block-media-text__content\">\n<p><strong>Dra. Maria Vittoria Ambrosini<\/strong>: Profesora de espa\u00f1ol. U. del Salento.<\/p>\n<\/div><\/div>\n\n\n\n<div class=\"wp-block-media-text is-stacked-on-mobile\" style=\"grid-template-columns:35% auto\"><figure class=\"wp-block-media-text__media\"><img loading=\"lazy\" decoding=\"async\" width=\"225\" height=\"225\" src=\"https:\/\/webs.uab.cat\/ecotrad\/wp-content\/uploads\/sites\/621\/2025\/06\/anonimo.png\" alt=\"Anonimo\" class=\"wp-image-58 size-full\" srcset=\"https:\/\/webs.uab.cat\/ecotrad\/wp-content\/uploads\/sites\/621\/2025\/06\/anonimo.png 225w, https:\/\/webs.uab.cat\/ecotrad\/wp-content\/uploads\/sites\/621\/2025\/06\/anonimo-150x150.png 150w\" sizes=\"auto, (max-width: 225px) 100vw, 225px\" \/><\/figure><div class=\"wp-block-media-text__content\">\n<p><strong>Dra. Sonia Gonz\u00e1lez Cruz<\/strong>: Profesora de traducci\u00f3n de ingl\u00e9s y tecnolog\u00edas; miembro de FORTI. Facultat de Traducci\u00f3 i d\u2019Interpretaci\u00f3. UAB.<\/p>\n<\/div><\/div>\n\n\n\n<div class=\"wp-block-media-text is-stacked-on-mobile\" style=\"grid-template-columns:35% auto\"><figure class=\"wp-block-media-text__media\"><img loading=\"lazy\" decoding=\"async\" width=\"300\" height=\"300\" src=\"https:\/\/webs.uab.cat\/ecotrad\/wp-content\/uploads\/sites\/621\/2025\/06\/001-xenia-amoros.jpg\" alt=\"X\u00e8nia Amor\u00f2s\" class=\"wp-image-40 size-full\" srcset=\"https:\/\/webs.uab.cat\/ecotrad\/wp-content\/uploads\/sites\/621\/2025\/06\/001-xenia-amoros.jpg 300w, https:\/\/webs.uab.cat\/ecotrad\/wp-content\/uploads\/sites\/621\/2025\/06\/001-xenia-amoros-150x150.jpg 150w\" sizes=\"auto, (max-width: 300px) 100vw, 300px\" \/><\/figure><div class=\"wp-block-media-text__content\">\n<p><strong>X\u00e8nia Amor\u00f2s<\/strong>: Traductora y profesora de Tecnolog\u00edas de la traducci\u00f3n y TIC. Facultat de Traducci\u00f3 i d\u2019Interpretaci\u00f3. UAB.<\/p>\n<\/div><\/div>\n","protected":false},"excerpt":{"rendered":"<p>Dra. Patricia Rodr\u00edguez In\u00e9s: Promotora de esta iniciativa; profesora de traducci\u00f3n entre ingl\u00e9s y espa\u00f1ol; IP de FORTI. Facultat de Traducci\u00f3 i d\u2019Interpretaci\u00f3. UAB. Dra. Cristina Palet: Profesora de Qu\u00edmica Anal\u00edtica (Facultat de Ci\u00e8ncies); miembro de la Comisi\u00f3n de docencia del Grado de Ciencias Ambientales. UAB. Dr. Miguel \u00c1ngel Serrat: profesor. Facultad de Derecho y [&hellip;]<\/p>\n","protected":false},"author":103,"featured_media":0,"parent":0,"menu_order":0,"comment_status":"closed","ping_status":"closed","template":"","meta":{"footnotes":""},"class_list":["post-6","page","type-page","status-publish","hentry"],"_links":{"self":[{"href":"https:\/\/webs.uab.cat\/ecotrad\/wp-json\/wp\/v2\/pages\/6","targetHints":{"allow":["GET"]}}],"collection":[{"href":"https:\/\/webs.uab.cat\/ecotrad\/wp-json\/wp\/v2\/pages"}],"about":[{"href":"https:\/\/webs.uab.cat\/ecotrad\/wp-json\/wp\/v2\/types\/page"}],"author":[{"embeddable":true,"href":"https:\/\/webs.uab.cat\/ecotrad\/wp-json\/wp\/v2\/users\/103"}],"replies":[{"embeddable":true,"href":"https:\/\/webs.uab.cat\/ecotrad\/wp-json\/wp\/v2\/comments?post=6"}],"version-history":[{"count":5,"href":"https:\/\/webs.uab.cat\/ecotrad\/wp-json\/wp\/v2\/pages\/6\/revisions"}],"predecessor-version":[{"id":77,"href":"https:\/\/webs.uab.cat\/ecotrad\/wp-json\/wp\/v2\/pages\/6\/revisions\/77"}],"wp:attachment":[{"href":"https:\/\/webs.uab.cat\/ecotrad\/wp-json\/wp\/v2\/media?parent=6"}],"curies":[{"name":"wp","href":"https:\/\/api.w.org\/{rel}","templated":true}]}}