{"id":7,"date":"2025-06-30T10:17:29","date_gmt":"2025-06-30T08:17:29","guid":{"rendered":"https:\/\/webs.uab.cat\/ecotrad\/?page_id=7"},"modified":"2025-11-21T19:50:25","modified_gmt":"2025-11-21T17:50:25","slug":"proyectos","status":"publish","type":"page","link":"https:\/\/webs.uab.cat\/ecotrad\/proyectos\/","title":{"rendered":"PROYECTOS"},"content":{"rendered":"\n<p>Proyectos de investigaci\u00f3n y transferencia relacionados con la traducci\u00f3n y la concienciaci\u00f3n medioambiental en los que participan miembros de ECOTRAD.<\/p>\n\n\n\n<h2 class=\"wp-block-heading\">Proyectos vigentes<\/h2>\n\n\n\n<ul class=\"wp-block-list\">\n<li><strong>GREANISSH<\/strong>: GoTriple for Raising Environmental AwareNess In Social Sciences and Humanities. Parte del proyecto FASCA, que a su vez pertenece a la <a href=\"https:\/\/www.linkedin.com\/company\/operas\/\">OPERAS Research Infrastructure<\/a> y se financia a trav\u00e9s del proyecto <a href=\"http:\/\/oscars-project.eu\/\">OSCARS<\/a>. En colaboraci\u00f3n con el CHC Digital Humanities Centre (Institute of Literary Research of the Polish Academy of Sciences). 01\/09\/2025 &#8211; 01\/04\/2025. Participantes: Patricia Rodr\u00edguez-In\u00e9s (IP) <\/li>\n<\/ul>\n\n\n\n<p><\/p>\n","protected":false},"excerpt":{"rendered":"<p>Proyectos de investigaci\u00f3n y transferencia relacionados con la traducci\u00f3n y la concienciaci\u00f3n medioambiental en los que participan miembros de ECOTRAD. Proyectos vigentes<\/p>\n","protected":false},"author":103,"featured_media":0,"parent":0,"menu_order":0,"comment_status":"closed","ping_status":"closed","template":"","meta":{"footnotes":""},"class_list":["post-7","page","type-page","status-publish","hentry"],"_links":{"self":[{"href":"https:\/\/webs.uab.cat\/ecotrad\/wp-json\/wp\/v2\/pages\/7","targetHints":{"allow":["GET"]}}],"collection":[{"href":"https:\/\/webs.uab.cat\/ecotrad\/wp-json\/wp\/v2\/pages"}],"about":[{"href":"https:\/\/webs.uab.cat\/ecotrad\/wp-json\/wp\/v2\/types\/page"}],"author":[{"embeddable":true,"href":"https:\/\/webs.uab.cat\/ecotrad\/wp-json\/wp\/v2\/users\/103"}],"replies":[{"embeddable":true,"href":"https:\/\/webs.uab.cat\/ecotrad\/wp-json\/wp\/v2\/comments?post=7"}],"version-history":[{"count":3,"href":"https:\/\/webs.uab.cat\/ecotrad\/wp-json\/wp\/v2\/pages\/7\/revisions"}],"predecessor-version":[{"id":68,"href":"https:\/\/webs.uab.cat\/ecotrad\/wp-json\/wp\/v2\/pages\/7\/revisions\/68"}],"wp:attachment":[{"href":"https:\/\/webs.uab.cat\/ecotrad\/wp-json\/wp\/v2\/media?parent=7"}],"curies":[{"name":"wp","href":"https:\/\/api.w.org\/{rel}","templated":true}]}}