{"id":2273,"date":"2023-03-28T14:36:51","date_gmt":"2023-03-28T12:36:51","guid":{"rendered":"https:\/\/webs.uab.cat\/edicio-web\/?page_id=2273"},"modified":"2025-03-28T14:06:34","modified_gmt":"2025-03-28T12:06:34","slug":"manual-wordpress","status":"publish","type":"page","link":"https:\/\/webs.uab.cat\/edicio-web\/manual-wordpress\/","title":{"rendered":"WP: Manual WordPress"},"content":{"rendered":"\n<p class=\"wp-block-uab-entradeta entradeta\">Us presentem la Guia per a l\u2019edici\u00f3 de webs amb el gestor de continguts WordPress. D\u2019una banda, trobareu com utilitzar aquesta eina d&#8217;edici\u00f3 web i per altra banda tamb\u00e9 trobareu consells per redactar i preparar correctament els textos i imatges seguint el llibre d\u2019estil de la universitat, anal\u00edtica web, accessibilitat i protecci\u00f3 de dades personals.<br>El document que esteu llegint l\u2019hem preparat amb molta il\u00b7lusi\u00f3 des de la Unitat de Web per facilitar la tasca dels editors i editores de Webs UAB. Esperem que us sigui de molt ajut! <\/p>\n\n\n\n<h2 class=\"wp-block-heading\">Continguts<\/h2>\n\n\n\n<ol class=\"wp-block-list\">\n<li><a href=\"\/edicio-web\/wordpress-i-webs-uab\">Qu\u00e8 \u00e9s WordPress?\u00a0Difer\u00e8ncies de la versi\u00f3 UAB.<\/a><\/li>\n\n\n\n<li><a data-type=\"page\" data-id=\"2291\" href=\"https:\/\/webs.uab.cat\/edicio-web\/manual-wordpress\/com-entrar-a-ladministracio-de-wordpress\/\">Com entrar a l\u2019administraci\u00f3<\/a><\/li>\n\n\n\n<li><a href=\"https:\/\/webs.uab.cat\/edicio-web\/perfil-dusuari\/\">Perfil d\u2019usuari<\/a><\/li>\n\n\n\n<li><a href=\"https:\/\/webs.uab.cat\/edicio-web\/wp-configuracio-general-del-web\/\">Configuraci\u00f3 general del web<\/a><\/li>\n\n\n\n<li><a href=\"\/edicio-web\/pagines-i-entrades\">P\u00e0gines i entrades<\/a>. <br>Quina \u00e9s la difer\u00e8ncia? Com crear-les i organitzar-les.<br>URL, visibilitat, imatge destacada, revisions.\n<ol class=\"wp-block-list\">\n<li><a href=\"\/edicio-web\/pagines\">P\u00e0gines<\/a><br>Parentius, plantilla<\/li>\n\n\n\n<li><a href=\"\/edicio-web\/entrades\">Entrades<\/a><br>Categories i etiquetes, com crear-les i organitzar-les, extracte.<\/li>\n<\/ol>\n<\/li>\n\n\n\n<li><a style=\", Helvetica, sans-serif;letter-spacing: 0.05rem\" href=\"\/edicio-web\/edicio-amb-blocs-de-contingut\">Edici\u00f3 amb blocs de contingut<\/a><span style=\", Helvetica, sans-serif;letter-spacing: 0.05rem\"> <\/span><br>Qu\u00e8 s\u00f3n els blocs, quins tipus de bloc hi ha, com es poden personalitzar?\n<ol class=\"wp-block-list\">\n<li><a data-type=\"page\" data-id=\"2518\" href=\"https:\/\/webs.uab.cat\/edicio-web\/manual-wordpress\/edicio-amb-blocs-de-contingut\/blocs-de-text\/\">Blocs de text<\/a><\/li>\n\n\n\n<li><a data-type=\"page\" data-id=\"2513\" href=\"https:\/\/webs.uab.cat\/edicio-web\/manual-wordpress\/edicio-amb-blocs-de-contingut\/blocs-de-media\/\">Blocs de m\u00e8dia<\/a><\/li>\n\n\n\n<li><a data-type=\"page\" data-id=\"2594\" href=\"https:\/\/webs.uab.cat\/edicio-web\/manual-wordpress\/edicio-amb-blocs-de-contingut\/wp-blocs-de-ginys\/\">Blocs de ginys<\/a><\/li>\n\n\n\n<li><a data-type=\"page\" data-id=\"2550\" href=\"https:\/\/webs.uab.cat\/edicio-web\/manual-wordpress\/edicio-amb-blocs-de-contingut\/wp-blocs-de-maquetacio\/\">Blocs de maquetaci\u00f3<\/a><\/li>\n\n\n\n<li><a data-type=\"page\" data-id=\"2753\" href=\"https:\/\/webs.uab.cat\/edicio-web\/manual-wordpress\/edicio-amb-blocs-de-contingut\/wp-blocs-de-tema\/\">Blocs de tema<\/a><\/li>\n<\/ol>\n<\/li>\n\n\n\n<li><a data-type=\"page\" data-id=\"2773\" href=\"https:\/\/webs.uab.cat\/edicio-web\/wp-media\/\">M\u00e8dia<\/a><br>Com afegir, editar, organitzar i incloure m\u00e8dia a p\u00e0gines i entrades?<\/li>\n\n\n\n<li><a href=\"https:\/\/webs.uab.cat\/edicio-web\/wp-menus\">Men\u00fas<\/a><\/li>\n\n\n\n<li><a href=\"https:\/\/webs.uab.cat\/edicio-web\/aparenca-del-web\/\">Aparen\u00e7a del web.\u00a0<br><\/a>Qu\u00e8 es pot personalitzar: cap\u00e7alera, p\u00e0gina principal, zona on es mostren els ginys, zones de men\u00fas\n<ol start=\"1\" style=\"list-style-type:lower-alpha\" class=\"wp-block-list\">\n<li><a href=\"https:\/\/webs.uab.cat\/edicio-web\/wp-colors-institucionals-a-ledicio\/\">Colors institucionals a l\u2019edici\u00f3<\/a><\/li>\n<\/ol>\n<\/li>\n\n\n\n<li><a href=\"https:\/\/webs.uab.cat\/edicio-web\/wp-ginys\/\">Ginys<\/a><\/li>\n\n\n\n<li><a href=\"https:\/\/webs.uab.cat\/edicio-web\/wp-extensions\/\">Extensions<\/a>.<br>Qu\u00e8 s\u00f3n, quines podem utilitzar\n<ol start=\"1\" style=\"list-style-type:lower-alpha\" class=\"wp-block-list\">\n<li><a data-type=\"page\" data-id=\"3135\" href=\"https:\/\/webs.uab.cat\/edicio-web\/formularis-2\/\">Formularis<\/a> (Gravity Forms)<\/li>\n\n\n\n<li><a href=\"https:\/\/webs.uab.cat\/edicio-web\/manual-wordpress\/wp-extensions\/wp-multillenguatge-wpml\/\">Multillenguatge<\/a> (WPML)<\/li>\n\n\n\n<li><a href=\"https:\/\/webs.uab.cat\/edicio-web\/wp-galeries-meow\/\">Galeries<\/a> (Meow)<\/li>\n\n\n\n<li><a data-type=\"page\" data-id=\"3282\" href=\"https:\/\/webs.uab.cat\/edicio-web\/manual-wordpress\/wp-extensions\/wp-analitiques-google\/\">Anal\u00edtiques<\/a> (Google)<\/li>\n\n\n\n<li><a href=\"https:\/\/webs.uab.cat\/edicio-web\/wp-compartir-a-xarxes-socials\">Compartir a xarxes socials<\/a><\/li>\n\n\n\n<li><a href=\"https:\/\/webs.uab.cat\/edicio-web\/wp-yoast-seo\/\">Yoast SEO<\/a><\/li>\n<\/ol>\n<\/li>\n\n\n\n<li><a href=\"https:\/\/webs.uab.cat\/edicio-web\/wp-gestio-dusuaris\/\">Gesti\u00f3 d\u2019usuaris<\/a>.<br>Com afegir usuaris, canviar-los el rol<\/li>\n\n\n\n<li><a href=\"https:\/\/webs.uab.cat\/edicio-web\/wp-tipus-de-contingut-especials\/\">Tipus de continguts especials<\/a>\u00a0<\/li>\n\n\n\n<li><a href=\"https:\/\/webs.uab.cat\/edicio-web\/manual-wordpress\/wp-accessibilitat-web\/\">Accessibilitat web<\/a><\/li>\n\n\n\n<li><a data-type=\"page\" data-id=\"2546\" href=\"https:\/\/webs.uab.cat\/edicio-web\/manual-wordpress\/wp-redaccio-de-noticies-i-textos-per-al-web\/\">Redacci\u00f3 de not\u00edcies i textos per a web<\/a><\/li>\n\n\n\n<li><a data-type=\"page\" data-id=\"2540\" href=\"https:\/\/webs.uab.cat\/edicio-web\/manual-wordpress\/wp-proteccio-de-dades-personals\/\">Protecci\u00f3 de dades personals<\/a><\/li>\n<\/ol>\n\n\n\n<hr class=\"wp-block-separator has-alpha-channel-opacity is-style-wide\"\/>\n\n\n\n<div class=\"wp-block-buttons alignfull is-content-justification-center is-layout-flex wp-container-core-buttons-is-layout-16018d1d wp-block-buttons-is-layout-flex\">\n\n\n<div class=\"wp-block-button has-custom-width wp-block-button__width-25 is-style-outline is-style-outline--2\"><a class=\"wp-block-button__link wp-element-button\" href=\"https:\/\/webs.uab.cat\/edicio-web\/manual-wordpress\/\">TAULA DE CONTINGUTS<\/a><\/div>\n\n\n\n<div class=\"wp-block-button has-custom-width wp-block-button__width-25 endavant\"><a class=\"wp-block-button__link wp-element-button\" href=\"https:\/\/webs.uab.cat\/edicio-web\/manual-wordpress\/wordpress-i-webs-uab\/\">WordPress i Webs UAB<\/a><\/div>\n<\/div>\n\n\n\n<p><\/p>\n\n\n\n<p><\/p>\n\n\n\n<p><\/p>\n\n\n\n<p><\/p>\n","protected":false},"excerpt":{"rendered":"<p>Continguts<\/p>\n","protected":false},"author":20,"featured_media":0,"parent":0,"menu_order":0,"comment_status":"closed","ping_status":"closed","template":"","meta":{"footnotes":""},"class_list":["post-2273","page","type-page","status-publish","hentry"],"yoast_head":"<!-- This site is optimized with the Yoast SEO plugin v26.8 - https:\/\/yoast.com\/product\/yoast-seo-wordpress\/ -->\n<title>WP: Manual Wordpress &#8212; Blog de l&#039;edici\u00f3 web a la UAB<\/title>\n<meta name=\"robots\" content=\"index, follow, max-snippet:-1, max-image-preview:large, max-video-preview:-1\" \/>\n<link rel=\"canonical\" href=\"https:\/\/webs.uab.cat\/edicio-web\/manual-wordpress\/\" \/>\n<meta property=\"og:locale\" content=\"ca_ES\" \/>\n<meta property=\"og:type\" content=\"article\" \/>\n<meta property=\"og:title\" content=\"WP: Manual Wordpress &#8212; Blog de l&#039;edici\u00f3 web a la UAB\" \/>\n<meta property=\"og:description\" content=\"Continguts\" \/>\n<meta property=\"og:url\" content=\"https:\/\/webs.uab.cat\/edicio-web\/manual-wordpress\/\" \/>\n<meta property=\"og:site_name\" content=\"Blog de l&#039;edici\u00f3 web a la UAB\" \/>\n<meta property=\"article:modified_time\" content=\"2025-03-28T12:06:34+00:00\" \/>\n<meta name=\"twitter:card\" content=\"summary_large_image\" \/>\n<meta name=\"twitter:label1\" content=\"Temps estimat de lectura\" \/>\n\t<meta name=\"twitter:data1\" content=\"2 minuts\" \/>\n<script type=\"application\/ld+json\" class=\"yoast-schema-graph\">{\"@context\":\"https:\/\/schema.org\",\"@graph\":[{\"@type\":\"WebPage\",\"@id\":\"https:\/\/webs.uab.cat\/edicio-web\/manual-wordpress\/\",\"url\":\"https:\/\/webs.uab.cat\/edicio-web\/manual-wordpress\/\",\"name\":\"WP: Manual Wordpress &#8212; Blog de l&#039;edici\u00f3 web a la UAB\",\"isPartOf\":{\"@id\":\"https:\/\/webs.uab.cat\/edicio-web\/#website\"},\"datePublished\":\"2023-03-28T12:36:51+00:00\",\"dateModified\":\"2025-03-28T12:06:34+00:00\",\"breadcrumb\":{\"@id\":\"https:\/\/webs.uab.cat\/edicio-web\/manual-wordpress\/#breadcrumb\"},\"inLanguage\":\"ca\",\"potentialAction\":[{\"@type\":\"ReadAction\",\"target\":[\"https:\/\/webs.uab.cat\/edicio-web\/manual-wordpress\/\"]}]},{\"@type\":\"BreadcrumbList\",\"@id\":\"https:\/\/webs.uab.cat\/edicio-web\/manual-wordpress\/#breadcrumb\",\"itemListElement\":[{\"@type\":\"ListItem\",\"position\":1,\"name\":\"Inici\",\"item\":\"https:\/\/webs.uab.cat\/edicio-web\/\"},{\"@type\":\"ListItem\",\"position\":2,\"name\":\"WP: Manual WordPress\"}]},{\"@type\":\"WebSite\",\"@id\":\"https:\/\/webs.uab.cat\/edicio-web\/#website\",\"url\":\"https:\/\/webs.uab.cat\/edicio-web\/\",\"name\":\"Blog de l'edici\u00f3 web a la UAB\",\"description\":\"Un espai amb recursos \u00fatils per a les persones que editen el web de la UAB\",\"publisher\":{\"@id\":\"https:\/\/webs.uab.cat\/edicio-web\/#organization\"},\"potentialAction\":[{\"@type\":\"SearchAction\",\"target\":{\"@type\":\"EntryPoint\",\"urlTemplate\":\"https:\/\/webs.uab.cat\/edicio-web\/?s={search_term_string}\"},\"query-input\":{\"@type\":\"PropertyValueSpecification\",\"valueRequired\":true,\"valueName\":\"search_term_string\"}}],\"inLanguage\":\"ca\"},{\"@type\":\"Organization\",\"@id\":\"https:\/\/webs.uab.cat\/edicio-web\/#organization\",\"name\":\"Unitat de Web, Universitat Aut\u00f2noma de Barcelona\",\"url\":\"https:\/\/webs.uab.cat\/edicio-web\/\",\"logo\":{\"@type\":\"ImageObject\",\"inLanguage\":\"ca\",\"@id\":\"https:\/\/webs.uab.cat\/edicio-web\/#\/schema\/logo\/image\/\",\"url\":\"https:\/\/webs.uab.cat\/edicio-web\/wp-content\/uploads\/sites\/31\/2024\/11\/logotip-uab-esquerra-2-linies-verd.png\",\"contentUrl\":\"https:\/\/webs.uab.cat\/edicio-web\/wp-content\/uploads\/sites\/31\/2024\/11\/logotip-uab-esquerra-2-linies-verd.png\",\"width\":1892,\"height\":727,\"caption\":\"Unitat de Web, Universitat Aut\u00f2noma de Barcelona\"},\"image\":{\"@id\":\"https:\/\/webs.uab.cat\/edicio-web\/#\/schema\/logo\/image\/\"}}]}<\/script>\n<!-- \/ Yoast SEO plugin. -->","yoast_head_json":{"title":"WP: Manual Wordpress &#8212; Blog de l&#039;edici\u00f3 web a la UAB","robots":{"index":"index","follow":"follow","max-snippet":"max-snippet:-1","max-image-preview":"max-image-preview:large","max-video-preview":"max-video-preview:-1"},"canonical":"https:\/\/webs.uab.cat\/edicio-web\/manual-wordpress\/","og_locale":"ca_ES","og_type":"article","og_title":"WP: Manual Wordpress &#8212; Blog de l&#039;edici\u00f3 web a la UAB","og_description":"Continguts","og_url":"https:\/\/webs.uab.cat\/edicio-web\/manual-wordpress\/","og_site_name":"Blog de l&#039;edici\u00f3 web a la UAB","article_modified_time":"2025-03-28T12:06:34+00:00","twitter_card":"summary_large_image","twitter_misc":{"Temps estimat de lectura":"2 minuts"},"schema":{"@context":"https:\/\/schema.org","@graph":[{"@type":"WebPage","@id":"https:\/\/webs.uab.cat\/edicio-web\/manual-wordpress\/","url":"https:\/\/webs.uab.cat\/edicio-web\/manual-wordpress\/","name":"WP: Manual Wordpress &#8212; Blog de l&#039;edici\u00f3 web a la UAB","isPartOf":{"@id":"https:\/\/webs.uab.cat\/edicio-web\/#website"},"datePublished":"2023-03-28T12:36:51+00:00","dateModified":"2025-03-28T12:06:34+00:00","breadcrumb":{"@id":"https:\/\/webs.uab.cat\/edicio-web\/manual-wordpress\/#breadcrumb"},"inLanguage":"ca","potentialAction":[{"@type":"ReadAction","target":["https:\/\/webs.uab.cat\/edicio-web\/manual-wordpress\/"]}]},{"@type":"BreadcrumbList","@id":"https:\/\/webs.uab.cat\/edicio-web\/manual-wordpress\/#breadcrumb","itemListElement":[{"@type":"ListItem","position":1,"name":"Inici","item":"https:\/\/webs.uab.cat\/edicio-web\/"},{"@type":"ListItem","position":2,"name":"WP: Manual WordPress"}]},{"@type":"WebSite","@id":"https:\/\/webs.uab.cat\/edicio-web\/#website","url":"https:\/\/webs.uab.cat\/edicio-web\/","name":"Blog de l'edici\u00f3 web a la UAB","description":"Un espai amb recursos \u00fatils per a les persones que editen el web de la UAB","publisher":{"@id":"https:\/\/webs.uab.cat\/edicio-web\/#organization"},"potentialAction":[{"@type":"SearchAction","target":{"@type":"EntryPoint","urlTemplate":"https:\/\/webs.uab.cat\/edicio-web\/?s={search_term_string}"},"query-input":{"@type":"PropertyValueSpecification","valueRequired":true,"valueName":"search_term_string"}}],"inLanguage":"ca"},{"@type":"Organization","@id":"https:\/\/webs.uab.cat\/edicio-web\/#organization","name":"Unitat de Web, Universitat Aut\u00f2noma de Barcelona","url":"https:\/\/webs.uab.cat\/edicio-web\/","logo":{"@type":"ImageObject","inLanguage":"ca","@id":"https:\/\/webs.uab.cat\/edicio-web\/#\/schema\/logo\/image\/","url":"https:\/\/webs.uab.cat\/edicio-web\/wp-content\/uploads\/sites\/31\/2024\/11\/logotip-uab-esquerra-2-linies-verd.png","contentUrl":"https:\/\/webs.uab.cat\/edicio-web\/wp-content\/uploads\/sites\/31\/2024\/11\/logotip-uab-esquerra-2-linies-verd.png","width":1892,"height":727,"caption":"Unitat de Web, Universitat Aut\u00f2noma de Barcelona"},"image":{"@id":"https:\/\/webs.uab.cat\/edicio-web\/#\/schema\/logo\/image\/"}}]}},"_links":{"self":[{"href":"https:\/\/webs.uab.cat\/edicio-web\/wp-json\/wp\/v2\/pages\/2273","targetHints":{"allow":["GET"]}}],"collection":[{"href":"https:\/\/webs.uab.cat\/edicio-web\/wp-json\/wp\/v2\/pages"}],"about":[{"href":"https:\/\/webs.uab.cat\/edicio-web\/wp-json\/wp\/v2\/types\/page"}],"author":[{"embeddable":true,"href":"https:\/\/webs.uab.cat\/edicio-web\/wp-json\/wp\/v2\/users\/20"}],"replies":[{"embeddable":true,"href":"https:\/\/webs.uab.cat\/edicio-web\/wp-json\/wp\/v2\/comments?post=2273"}],"version-history":[{"count":54,"href":"https:\/\/webs.uab.cat\/edicio-web\/wp-json\/wp\/v2\/pages\/2273\/revisions"}],"predecessor-version":[{"id":4483,"href":"https:\/\/webs.uab.cat\/edicio-web\/wp-json\/wp\/v2\/pages\/2273\/revisions\/4483"}],"wp:attachment":[{"href":"https:\/\/webs.uab.cat\/edicio-web\/wp-json\/wp\/v2\/media?parent=2273"}],"curies":[{"name":"wp","href":"https:\/\/api.w.org\/{rel}","templated":true}]}}