{"id":2275,"date":"2023-03-28T15:19:06","date_gmt":"2023-03-28T13:19:06","guid":{"rendered":"https:\/\/webs.uab.cat\/edicio-web\/?page_id=2275"},"modified":"2023-04-13T10:46:19","modified_gmt":"2023-04-13T08:46:19","slug":"wordpress-i-webs-uab","status":"publish","type":"page","link":"https:\/\/webs.uab.cat\/edicio-web\/manual-wordpress\/wordpress-i-webs-uab\/","title":{"rendered":"WP: WordPress i Webs UAB"},"content":{"rendered":"\n<p>WordPress \u00e9s un sistema de gesti\u00f3 de continguts web (CMS), un sistema per publicar contingut al web de forma senzilla, a trav\u00e9s de formularis que permeten la introducci\u00f3 de continguts.<\/p>\n\n\n\n<p>Es divideix en quatre parts:<\/p>\n\n\n\n<ul class=\"wp-block-list\"><li><strong>Core<\/strong>: el sistema d&#8217;arxius necessaris per al funcionament de WordPress. Permet, entre altres:<ul><li>Accedir al panell d&#8217;administraci\u00f3<\/li><li>Afegir i editar p\u00e0gines i entrades<\/li><li>Administrar usuaris<\/li><li>Pujar arxius multim\u00e8dia<\/li><li>Eliminar contingut<\/li><li>Afegir categories i etiquetes<\/li><\/ul><\/li><li><strong>Base de dades<\/strong>: magatzem i consulta de la informaci\u00f3 del web <\/li><li><strong>Temes<\/strong><span style=\", Helvetica, sans-serif;letter-spacing: 0.05rem\">: modifiquen l&#8217;aparen\u00e7a del web. Hi ha un repositori gratu\u00eft de temes de WordPress i empreses que en venen.<\/span><\/li><li><strong>Extensions<\/strong> (plugins): utilitats per introduir altres tipus de continguts i funcionalitats al web. Hi ha un repositori gratu\u00eft d&#8217;extensions de WordPress i empreses que venen aquestes funcionalitats.<\/li><\/ul>\n\n\n\n<h2 class=\"wp-block-heading\">Webs UAB<\/h2>\n\n\n\n<p>Atenent a mesures d&#8217;accessibilitat web, seguretat inform\u00e0tica, llibre d&#8217;estil i compatibilitat entre temes i extensions, els usuaris no poden instal\u00b7lar temes o extensions.<\/p>\n\n\n\n<p>El servei de Webs UAB nom\u00e9s permet l&#8217;\u00fas del tema <em>Webs UAB<\/em>.  S&#8217;ha desenvolupat a la Unitat de Web, seguint el llibre d&#8217;estil de la UAB i pensant en l&#8217;accessibilitat dels continguts. Per aquest motiu, per exemple, la mida de lletra m\u00ednima que permet aquest tema, \u00e9s de 18px, el color principal dels diferents elements \u00e9s el verd i l&#8217;amplada predeterminada del bloc de contingut principal \u00e9s de 700 px.<\/p>\n\n\n\n<p class=\"has-small-font-size\"><\/p>\n\n\n\n<figure class=\"wp-block-image size-large\"><img loading=\"lazy\" decoding=\"async\" width=\"1024\" height=\"511\" src=\"https:\/\/webs.uab.cat\/edicio-web\/wp-content\/uploads\/sites\/31\/2023\/03\/wordpress-tema-uab-1024x511.png\" alt=\"\" class=\"wp-image-2276\" srcset=\"https:\/\/webs.uab.cat\/edicio-web\/wp-content\/uploads\/sites\/31\/2023\/03\/wordpress-tema-uab-1024x511.png 1024w, https:\/\/webs.uab.cat\/edicio-web\/wp-content\/uploads\/sites\/31\/2023\/03\/wordpress-tema-uab-300x150.png 300w, https:\/\/webs.uab.cat\/edicio-web\/wp-content\/uploads\/sites\/31\/2023\/03\/wordpress-tema-uab-768x383.png 768w, https:\/\/webs.uab.cat\/edicio-web\/wp-content\/uploads\/sites\/31\/2023\/03\/wordpress-tema-uab-1536x767.png 1536w, https:\/\/webs.uab.cat\/edicio-web\/wp-content\/uploads\/sites\/31\/2023\/03\/wordpress-tema-uab-2048x1022.png 2048w, https:\/\/webs.uab.cat\/edicio-web\/wp-content\/uploads\/sites\/31\/2023\/03\/wordpress-tema-uab-1200x599.png 1200w, https:\/\/webs.uab.cat\/edicio-web\/wp-content\/uploads\/sites\/31\/2023\/03\/wordpress-tema-uab-1980x988.png 1980w\" sizes=\"auto, (max-width: 1024px) 100vw, 1024px\" \/><figcaption>Car\u00e0tula del tema predeterminat a les p\u00e0gines allotjades al servei Webs UAB.<\/figcaption><\/figure>\n\n\n\n<p>Quant a les extensions, s&#8217;han instal\u00b7lat aquelles que tenen un \u00fas majoritari en les diferents tipologies de web que es poden allotjar al servei i n&#8217;hem comprovat la compatibilitat amb les altres extensions instal\u00b7lades i el tema predeterminat.<\/p>\n\n\n\n<p>Davant d&#8217;una necessitat concreta, podeu contactar amb la Unitat Web, qui ho valorar\u00e0 i decidir\u00e0 la conveni\u00e8ncia de la instal\u00b7laci\u00f3 d&#8217;ua extensi\u00f3 compatible.<\/p>\n\n\n\n<div class=\"wp-block-buttons alignwide is-layout-flex wp-block-buttons-is-layout-flex\">\n<div class=\"wp-block-button has-custom-width wp-block-button__width-50 is-style-outline is-style-outline--1\"><a class=\"wp-block-button__link\" href=\"https:\/\/webs.uab.cat\/edicio-web\/manual-wordpress\/\">taula de continguts<\/a><\/div>\n\n\n\n<div class=\"wp-block-button has-custom-width wp-block-button__width-50 endavant\"><a class=\"wp-block-button__link\" href=\"https:\/\/webs.uab.cat\/edicio-web\/com-entrar-a-ladministracio-de-wordpress\/\">Com entrar a l&#8217;administraci\u00f3 de wordpress <\/a><\/div>\n<\/div>\n","protected":false},"excerpt":{"rendered":"<p>WordPress \u00e9s un sistema de gesti\u00f3 de continguts web (CMS), un sistema per publicar contingut al web de forma senzilla, a trav\u00e9s de formularis que permeten la introducci\u00f3 de continguts. Es divideix en quatre parts: Core: el sistema d&#8217;arxius necessaris per al funcionament de WordPress. Permet, entre altres: Accedir al panell d&#8217;administraci\u00f3 Afegir i editar [&hellip;]<\/p>\n","protected":false},"author":20,"featured_media":0,"parent":2273,"menu_order":0,"comment_status":"closed","ping_status":"closed","template":"","meta":{"footnotes":""},"class_list":["post-2275","page","type-page","status-publish","hentry"],"yoast_head":"<!-- This site is optimized with the Yoast SEO plugin v26.8 - https:\/\/yoast.com\/product\/yoast-seo-wordpress\/ -->\n<title>WP: Wordpress i Webs UAB &#8212; Blog de l&#039;edici\u00f3 web a la UAB<\/title>\n<meta name=\"robots\" content=\"index, follow, max-snippet:-1, max-image-preview:large, max-video-preview:-1\" \/>\n<link rel=\"canonical\" href=\"https:\/\/webs.uab.cat\/edicio-web\/manual-wordpress\/wordpress-i-webs-uab\/\" \/>\n<meta property=\"og:locale\" content=\"ca_ES\" \/>\n<meta property=\"og:type\" content=\"article\" \/>\n<meta property=\"og:title\" content=\"WP: Wordpress i Webs UAB &#8212; Blog de l&#039;edici\u00f3 web a la UAB\" \/>\n<meta property=\"og:description\" content=\"WordPress \u00e9s un sistema de gesti\u00f3 de continguts web (CMS), un sistema per publicar contingut al web de forma senzilla, a trav\u00e9s de formularis que permeten la introducci\u00f3 de continguts. Es divideix en quatre parts: Core: el sistema d&#8217;arxius necessaris per al funcionament de WordPress. Permet, entre altres: Accedir al panell d&#8217;administraci\u00f3 Afegir i editar [&hellip;]\" \/>\n<meta property=\"og:url\" content=\"https:\/\/webs.uab.cat\/edicio-web\/manual-wordpress\/wordpress-i-webs-uab\/\" \/>\n<meta property=\"og:site_name\" content=\"Blog de l&#039;edici\u00f3 web a la UAB\" \/>\n<meta property=\"article:modified_time\" content=\"2023-04-13T08:46:19+00:00\" \/>\n<meta property=\"og:image\" content=\"https:\/\/webs.uab.cat\/edicio-web\/wp-content\/uploads\/sites\/31\/2023\/03\/wordpress-tema-uab-1024x511.png\" \/>\n<meta name=\"twitter:card\" content=\"summary_large_image\" \/>\n<meta name=\"twitter:label1\" content=\"Temps estimat de lectura\" \/>\n\t<meta name=\"twitter:data1\" content=\"2 minuts\" \/>\n<script type=\"application\/ld+json\" class=\"yoast-schema-graph\">{\"@context\":\"https:\/\/schema.org\",\"@graph\":[{\"@type\":\"WebPage\",\"@id\":\"https:\/\/webs.uab.cat\/edicio-web\/manual-wordpress\/wordpress-i-webs-uab\/\",\"url\":\"https:\/\/webs.uab.cat\/edicio-web\/manual-wordpress\/wordpress-i-webs-uab\/\",\"name\":\"WP: Wordpress i Webs UAB &#8212; Blog de l&#039;edici\u00f3 web a la UAB\",\"isPartOf\":{\"@id\":\"https:\/\/webs.uab.cat\/edicio-web\/#website\"},\"primaryImageOfPage\":{\"@id\":\"https:\/\/webs.uab.cat\/edicio-web\/manual-wordpress\/wordpress-i-webs-uab\/#primaryimage\"},\"image\":{\"@id\":\"https:\/\/webs.uab.cat\/edicio-web\/manual-wordpress\/wordpress-i-webs-uab\/#primaryimage\"},\"thumbnailUrl\":\"https:\/\/webs.uab.cat\/edicio-web\/wp-content\/uploads\/sites\/31\/2023\/03\/wordpress-tema-uab-1024x511.png\",\"datePublished\":\"2023-03-28T13:19:06+00:00\",\"dateModified\":\"2023-04-13T08:46:19+00:00\",\"breadcrumb\":{\"@id\":\"https:\/\/webs.uab.cat\/edicio-web\/manual-wordpress\/wordpress-i-webs-uab\/#breadcrumb\"},\"inLanguage\":\"ca\",\"potentialAction\":[{\"@type\":\"ReadAction\",\"target\":[\"https:\/\/webs.uab.cat\/edicio-web\/manual-wordpress\/wordpress-i-webs-uab\/\"]}]},{\"@type\":\"ImageObject\",\"inLanguage\":\"ca\",\"@id\":\"https:\/\/webs.uab.cat\/edicio-web\/manual-wordpress\/wordpress-i-webs-uab\/#primaryimage\",\"url\":\"https:\/\/webs.uab.cat\/edicio-web\/wp-content\/uploads\/sites\/31\/2023\/03\/wordpress-tema-uab.png\",\"contentUrl\":\"https:\/\/webs.uab.cat\/edicio-web\/wp-content\/uploads\/sites\/31\/2023\/03\/wordpress-tema-uab.png\",\"width\":2340,\"height\":1168},{\"@type\":\"BreadcrumbList\",\"@id\":\"https:\/\/webs.uab.cat\/edicio-web\/manual-wordpress\/wordpress-i-webs-uab\/#breadcrumb\",\"itemListElement\":[{\"@type\":\"ListItem\",\"position\":1,\"name\":\"Inici\",\"item\":\"https:\/\/webs.uab.cat\/edicio-web\/\"},{\"@type\":\"ListItem\",\"position\":2,\"name\":\"WP: Manual WordPress\",\"item\":\"https:\/\/webs.uab.cat\/edicio-web\/manual-wordpress\/\"},{\"@type\":\"ListItem\",\"position\":3,\"name\":\"WP: WordPress i Webs UAB\"}]},{\"@type\":\"WebSite\",\"@id\":\"https:\/\/webs.uab.cat\/edicio-web\/#website\",\"url\":\"https:\/\/webs.uab.cat\/edicio-web\/\",\"name\":\"Blog de l'edici\u00f3 web a la UAB\",\"description\":\"Un espai amb recursos \u00fatils per a les persones que editen el web de la UAB\",\"publisher\":{\"@id\":\"https:\/\/webs.uab.cat\/edicio-web\/#organization\"},\"potentialAction\":[{\"@type\":\"SearchAction\",\"target\":{\"@type\":\"EntryPoint\",\"urlTemplate\":\"https:\/\/webs.uab.cat\/edicio-web\/?s={search_term_string}\"},\"query-input\":{\"@type\":\"PropertyValueSpecification\",\"valueRequired\":true,\"valueName\":\"search_term_string\"}}],\"inLanguage\":\"ca\"},{\"@type\":\"Organization\",\"@id\":\"https:\/\/webs.uab.cat\/edicio-web\/#organization\",\"name\":\"Unitat de Web, Universitat Aut\u00f2noma de Barcelona\",\"url\":\"https:\/\/webs.uab.cat\/edicio-web\/\",\"logo\":{\"@type\":\"ImageObject\",\"inLanguage\":\"ca\",\"@id\":\"https:\/\/webs.uab.cat\/edicio-web\/#\/schema\/logo\/image\/\",\"url\":\"https:\/\/webs.uab.cat\/edicio-web\/wp-content\/uploads\/sites\/31\/2024\/11\/logotip-uab-esquerra-2-linies-verd.png\",\"contentUrl\":\"https:\/\/webs.uab.cat\/edicio-web\/wp-content\/uploads\/sites\/31\/2024\/11\/logotip-uab-esquerra-2-linies-verd.png\",\"width\":1892,\"height\":727,\"caption\":\"Unitat de Web, Universitat Aut\u00f2noma de Barcelona\"},\"image\":{\"@id\":\"https:\/\/webs.uab.cat\/edicio-web\/#\/schema\/logo\/image\/\"}}]}<\/script>\n<!-- \/ Yoast SEO plugin. -->","yoast_head_json":{"title":"WP: Wordpress i Webs UAB &#8212; Blog de l&#039;edici\u00f3 web a la UAB","robots":{"index":"index","follow":"follow","max-snippet":"max-snippet:-1","max-image-preview":"max-image-preview:large","max-video-preview":"max-video-preview:-1"},"canonical":"https:\/\/webs.uab.cat\/edicio-web\/manual-wordpress\/wordpress-i-webs-uab\/","og_locale":"ca_ES","og_type":"article","og_title":"WP: Wordpress i Webs UAB &#8212; Blog de l&#039;edici\u00f3 web a la UAB","og_description":"WordPress \u00e9s un sistema de gesti\u00f3 de continguts web (CMS), un sistema per publicar contingut al web de forma senzilla, a trav\u00e9s de formularis que permeten la introducci\u00f3 de continguts. Es divideix en quatre parts: Core: el sistema d&#8217;arxius necessaris per al funcionament de WordPress. Permet, entre altres: Accedir al panell d&#8217;administraci\u00f3 Afegir i editar [&hellip;]","og_url":"https:\/\/webs.uab.cat\/edicio-web\/manual-wordpress\/wordpress-i-webs-uab\/","og_site_name":"Blog de l&#039;edici\u00f3 web a la UAB","article_modified_time":"2023-04-13T08:46:19+00:00","og_image":[{"url":"https:\/\/webs.uab.cat\/edicio-web\/wp-content\/uploads\/sites\/31\/2023\/03\/wordpress-tema-uab-1024x511.png","type":"","width":"","height":""}],"twitter_card":"summary_large_image","twitter_misc":{"Temps estimat de lectura":"2 minuts"},"schema":{"@context":"https:\/\/schema.org","@graph":[{"@type":"WebPage","@id":"https:\/\/webs.uab.cat\/edicio-web\/manual-wordpress\/wordpress-i-webs-uab\/","url":"https:\/\/webs.uab.cat\/edicio-web\/manual-wordpress\/wordpress-i-webs-uab\/","name":"WP: Wordpress i Webs UAB &#8212; Blog de l&#039;edici\u00f3 web a la UAB","isPartOf":{"@id":"https:\/\/webs.uab.cat\/edicio-web\/#website"},"primaryImageOfPage":{"@id":"https:\/\/webs.uab.cat\/edicio-web\/manual-wordpress\/wordpress-i-webs-uab\/#primaryimage"},"image":{"@id":"https:\/\/webs.uab.cat\/edicio-web\/manual-wordpress\/wordpress-i-webs-uab\/#primaryimage"},"thumbnailUrl":"https:\/\/webs.uab.cat\/edicio-web\/wp-content\/uploads\/sites\/31\/2023\/03\/wordpress-tema-uab-1024x511.png","datePublished":"2023-03-28T13:19:06+00:00","dateModified":"2023-04-13T08:46:19+00:00","breadcrumb":{"@id":"https:\/\/webs.uab.cat\/edicio-web\/manual-wordpress\/wordpress-i-webs-uab\/#breadcrumb"},"inLanguage":"ca","potentialAction":[{"@type":"ReadAction","target":["https:\/\/webs.uab.cat\/edicio-web\/manual-wordpress\/wordpress-i-webs-uab\/"]}]},{"@type":"ImageObject","inLanguage":"ca","@id":"https:\/\/webs.uab.cat\/edicio-web\/manual-wordpress\/wordpress-i-webs-uab\/#primaryimage","url":"https:\/\/webs.uab.cat\/edicio-web\/wp-content\/uploads\/sites\/31\/2023\/03\/wordpress-tema-uab.png","contentUrl":"https:\/\/webs.uab.cat\/edicio-web\/wp-content\/uploads\/sites\/31\/2023\/03\/wordpress-tema-uab.png","width":2340,"height":1168},{"@type":"BreadcrumbList","@id":"https:\/\/webs.uab.cat\/edicio-web\/manual-wordpress\/wordpress-i-webs-uab\/#breadcrumb","itemListElement":[{"@type":"ListItem","position":1,"name":"Inici","item":"https:\/\/webs.uab.cat\/edicio-web\/"},{"@type":"ListItem","position":2,"name":"WP: Manual WordPress","item":"https:\/\/webs.uab.cat\/edicio-web\/manual-wordpress\/"},{"@type":"ListItem","position":3,"name":"WP: WordPress i Webs UAB"}]},{"@type":"WebSite","@id":"https:\/\/webs.uab.cat\/edicio-web\/#website","url":"https:\/\/webs.uab.cat\/edicio-web\/","name":"Blog de l'edici\u00f3 web a la UAB","description":"Un espai amb recursos \u00fatils per a les persones que editen el web de la UAB","publisher":{"@id":"https:\/\/webs.uab.cat\/edicio-web\/#organization"},"potentialAction":[{"@type":"SearchAction","target":{"@type":"EntryPoint","urlTemplate":"https:\/\/webs.uab.cat\/edicio-web\/?s={search_term_string}"},"query-input":{"@type":"PropertyValueSpecification","valueRequired":true,"valueName":"search_term_string"}}],"inLanguage":"ca"},{"@type":"Organization","@id":"https:\/\/webs.uab.cat\/edicio-web\/#organization","name":"Unitat de Web, Universitat Aut\u00f2noma de Barcelona","url":"https:\/\/webs.uab.cat\/edicio-web\/","logo":{"@type":"ImageObject","inLanguage":"ca","@id":"https:\/\/webs.uab.cat\/edicio-web\/#\/schema\/logo\/image\/","url":"https:\/\/webs.uab.cat\/edicio-web\/wp-content\/uploads\/sites\/31\/2024\/11\/logotip-uab-esquerra-2-linies-verd.png","contentUrl":"https:\/\/webs.uab.cat\/edicio-web\/wp-content\/uploads\/sites\/31\/2024\/11\/logotip-uab-esquerra-2-linies-verd.png","width":1892,"height":727,"caption":"Unitat de Web, Universitat Aut\u00f2noma de Barcelona"},"image":{"@id":"https:\/\/webs.uab.cat\/edicio-web\/#\/schema\/logo\/image\/"}}]}},"_links":{"self":[{"href":"https:\/\/webs.uab.cat\/edicio-web\/wp-json\/wp\/v2\/pages\/2275","targetHints":{"allow":["GET"]}}],"collection":[{"href":"https:\/\/webs.uab.cat\/edicio-web\/wp-json\/wp\/v2\/pages"}],"about":[{"href":"https:\/\/webs.uab.cat\/edicio-web\/wp-json\/wp\/v2\/types\/page"}],"author":[{"embeddable":true,"href":"https:\/\/webs.uab.cat\/edicio-web\/wp-json\/wp\/v2\/users\/20"}],"replies":[{"embeddable":true,"href":"https:\/\/webs.uab.cat\/edicio-web\/wp-json\/wp\/v2\/comments?post=2275"}],"version-history":[{"count":10,"href":"https:\/\/webs.uab.cat\/edicio-web\/wp-json\/wp\/v2\/pages\/2275\/revisions"}],"predecessor-version":[{"id":3111,"href":"https:\/\/webs.uab.cat\/edicio-web\/wp-json\/wp\/v2\/pages\/2275\/revisions\/3111"}],"up":[{"embeddable":true,"href":"https:\/\/webs.uab.cat\/edicio-web\/wp-json\/wp\/v2\/pages\/2273"}],"wp:attachment":[{"href":"https:\/\/webs.uab.cat\/edicio-web\/wp-json\/wp\/v2\/media?parent=2275"}],"curies":[{"name":"wp","href":"https:\/\/api.w.org\/{rel}","templated":true}]}}