{"id":2291,"date":"2023-03-28T15:30:23","date_gmt":"2023-03-28T13:30:23","guid":{"rendered":"https:\/\/webs.uab.cat\/edicio-web\/?page_id=2291"},"modified":"2023-04-20T08:51:55","modified_gmt":"2023-04-20T06:51:55","slug":"com-entrar-a-ladministracio-de-wordpress","status":"publish","type":"page","link":"https:\/\/webs.uab.cat\/edicio-web\/manual-wordpress\/com-entrar-a-ladministracio-de-wordpress\/","title":{"rendered":"WP: Com entrar a l&#8217;administraci\u00f3 de WordPress"},"content":{"rendered":"\n<p>Per accedir al panell d&#8217;administraci\u00f3 d&#8217;un web, cal que escriviu <strong>\/web-admin<\/strong> darrera de la URL de la vostra p\u00e0gina:<\/p>\n\n\n\n<p class=\"has-text-align-center has-normal-font-size\"><strong>https:\/\/webs.uab.cat\/el-vostre-site\/web-admin<\/strong><\/p>\n\n\n\n<p>i us identifiqueu amb les vostres credencials UAB:<\/p>\n\n\n\n<figure class=\"wp-block-image size-large\"><img loading=\"lazy\" decoding=\"async\" width=\"1020\" height=\"1024\" src=\"https:\/\/webs.uab.cat\/edicio-web\/wp-content\/uploads\/sites\/31\/2023\/03\/inici-sessio-1020x1024.png\" alt=\"\" class=\"wp-image-2294\" srcset=\"https:\/\/webs.uab.cat\/edicio-web\/wp-content\/uploads\/sites\/31\/2023\/03\/inici-sessio-1020x1024.png 1020w, https:\/\/webs.uab.cat\/edicio-web\/wp-content\/uploads\/sites\/31\/2023\/03\/inici-sessio-300x300.png 300w, https:\/\/webs.uab.cat\/edicio-web\/wp-content\/uploads\/sites\/31\/2023\/03\/inici-sessio-150x150.png 150w, https:\/\/webs.uab.cat\/edicio-web\/wp-content\/uploads\/sites\/31\/2023\/03\/inici-sessio-768x771.png 768w, https:\/\/webs.uab.cat\/edicio-web\/wp-content\/uploads\/sites\/31\/2023\/03\/inici-sessio-1529x1536.png 1529w, https:\/\/webs.uab.cat\/edicio-web\/wp-content\/uploads\/sites\/31\/2023\/03\/inici-sessio-1200x1205.png 1200w, https:\/\/webs.uab.cat\/edicio-web\/wp-content\/uploads\/sites\/31\/2023\/03\/inici-sessio.png 1846w\" sizes=\"auto, (max-width: 1020px) 100vw, 1020px\" \/><figcaption>Inici de sessi\u00f3 al servei de Webs UAB.<\/figcaption><\/figure>\n\n\n\n<p>Segons el rol del vostre usuari, podreu veure m\u00e9s o menys opcions d&#8217;administraci\u00f3.<\/p>\n\n\n\n<p>Si teniu el rol de responsable, el panell d&#8217;administraci\u00f3 t\u00e9 aquest aspecte:<\/p>\n\n\n\n<figure class=\"wp-block-image size-large\"><img loading=\"lazy\" decoding=\"async\" width=\"1024\" height=\"627\" src=\"https:\/\/webs.uab.cat\/edicio-web\/wp-content\/uploads\/sites\/31\/2023\/04\/Captura-de-pantalla-2023-04-20-a-les-8.51.09-1024x627.png\" alt=\"\" class=\"wp-image-3378\" srcset=\"https:\/\/webs.uab.cat\/edicio-web\/wp-content\/uploads\/sites\/31\/2023\/04\/Captura-de-pantalla-2023-04-20-a-les-8.51.09-1024x627.png 1024w, https:\/\/webs.uab.cat\/edicio-web\/wp-content\/uploads\/sites\/31\/2023\/04\/Captura-de-pantalla-2023-04-20-a-les-8.51.09-300x184.png 300w, https:\/\/webs.uab.cat\/edicio-web\/wp-content\/uploads\/sites\/31\/2023\/04\/Captura-de-pantalla-2023-04-20-a-les-8.51.09-768x470.png 768w, https:\/\/webs.uab.cat\/edicio-web\/wp-content\/uploads\/sites\/31\/2023\/04\/Captura-de-pantalla-2023-04-20-a-les-8.51.09-1536x940.png 1536w, https:\/\/webs.uab.cat\/edicio-web\/wp-content\/uploads\/sites\/31\/2023\/04\/Captura-de-pantalla-2023-04-20-a-les-8.51.09-1200x734.png 1200w, https:\/\/webs.uab.cat\/edicio-web\/wp-content\/uploads\/sites\/31\/2023\/04\/Captura-de-pantalla-2023-04-20-a-les-8.51.09.png 1938w\" sizes=\"auto, (max-width: 1024px) 100vw, 1024px\" \/><\/figure>\n\n\n\n<hr class=\"wp-block-separator has-alpha-channel-opacity is-style-wide\" \/>\n\n\n\n<div class=\"wp-block-buttons alignfull is-content-justification-center is-layout-flex wp-container-core-buttons-is-layout-16018d1d wp-block-buttons-is-layout-flex\">\n<div class=\"wp-block-button has-custom-width wp-block-button__width-25 enrera\"><a class=\"wp-block-button__link\" href=\"https:\/\/webs.uab.cat\/edicio-web\/manual-wordpress\/\">WORDPRESS I WEBS UAB<\/a><\/div>\n\n\n\n<div class=\"wp-block-button has-custom-width wp-block-button__width-25 is-style-outline is-style-outline--1\"><a class=\"wp-block-button__link\" href=\"https:\/\/webs.uab.cat\/edicio-web\/manual-wordpress\/\">TAULA DE CONTINGUTS<\/a><\/div>\n\n\n\n<div class=\"wp-block-button has-custom-width wp-block-button__width-25 endavant\"><a class=\"wp-block-button__link\" href=\"https:\/\/webs.uab.cat\/edicio-web\/manual-wordpress\/perfil-dusuari\/\">PERFIL D&#8217;USUARI<\/a><\/div>\n<\/div>\n\n\n\n<p><\/p>\n","protected":false},"excerpt":{"rendered":"<p>Per accedir al panell d&#8217;administraci\u00f3 d&#8217;un web, cal que escriviu \/web-admin darrera de la URL de la vostra p\u00e0gina: https:\/\/webs.uab.cat\/el-vostre-site\/web-admin i us identifiqueu amb les vostres credencials UAB: Segons el rol del vostre usuari, podreu veure m\u00e9s o menys opcions d&#8217;administraci\u00f3. Si teniu el rol de responsable, el panell d&#8217;administraci\u00f3 t\u00e9 aquest aspecte:<\/p>\n","protected":false},"author":20,"featured_media":0,"parent":2273,"menu_order":0,"comment_status":"closed","ping_status":"closed","template":"","meta":{"footnotes":""},"class_list":["post-2291","page","type-page","status-publish","hentry"],"yoast_head":"<!-- This site is optimized with the Yoast SEO plugin v26.8 - https:\/\/yoast.com\/product\/yoast-seo-wordpress\/ -->\n<title>WP: Com entrar a l&#039;administraci\u00f3 de Wordpress &#8212; Blog de l&#039;edici\u00f3 web a la UAB<\/title>\n<meta name=\"robots\" content=\"index, follow, max-snippet:-1, max-image-preview:large, max-video-preview:-1\" \/>\n<link rel=\"canonical\" href=\"https:\/\/webs.uab.cat\/edicio-web\/manual-wordpress\/com-entrar-a-ladministracio-de-wordpress\/\" \/>\n<meta property=\"og:locale\" content=\"ca_ES\" \/>\n<meta property=\"og:type\" content=\"article\" \/>\n<meta property=\"og:title\" content=\"WP: Com entrar a l&#039;administraci\u00f3 de Wordpress &#8212; Blog de l&#039;edici\u00f3 web a la UAB\" \/>\n<meta property=\"og:description\" content=\"Per accedir al panell d&#8217;administraci\u00f3 d&#8217;un web, cal que escriviu \/web-admin darrera de la URL de la vostra p\u00e0gina: https:\/\/webs.uab.cat\/el-vostre-site\/web-admin i us identifiqueu amb les vostres credencials UAB: Segons el rol del vostre usuari, podreu veure m\u00e9s o menys opcions d&#8217;administraci\u00f3. Si teniu el rol de responsable, el panell d&#8217;administraci\u00f3 t\u00e9 aquest aspecte:\" \/>\n<meta property=\"og:url\" content=\"https:\/\/webs.uab.cat\/edicio-web\/manual-wordpress\/com-entrar-a-ladministracio-de-wordpress\/\" \/>\n<meta property=\"og:site_name\" content=\"Blog de l&#039;edici\u00f3 web a la UAB\" \/>\n<meta property=\"article:modified_time\" content=\"2023-04-20T06:51:55+00:00\" \/>\n<meta property=\"og:image\" content=\"https:\/\/webs.uab.cat\/edicio-web\/wp-content\/uploads\/sites\/31\/2023\/03\/inici-sessio-1020x1024.png\" \/>\n<meta name=\"twitter:card\" content=\"summary_large_image\" \/>\n<script type=\"application\/ld+json\" class=\"yoast-schema-graph\">{\"@context\":\"https:\/\/schema.org\",\"@graph\":[{\"@type\":\"WebPage\",\"@id\":\"https:\/\/webs.uab.cat\/edicio-web\/manual-wordpress\/com-entrar-a-ladministracio-de-wordpress\/\",\"url\":\"https:\/\/webs.uab.cat\/edicio-web\/manual-wordpress\/com-entrar-a-ladministracio-de-wordpress\/\",\"name\":\"WP: Com entrar a l'administraci\u00f3 de Wordpress &#8212; Blog de l&#039;edici\u00f3 web a la UAB\",\"isPartOf\":{\"@id\":\"https:\/\/webs.uab.cat\/edicio-web\/#website\"},\"primaryImageOfPage\":{\"@id\":\"https:\/\/webs.uab.cat\/edicio-web\/manual-wordpress\/com-entrar-a-ladministracio-de-wordpress\/#primaryimage\"},\"image\":{\"@id\":\"https:\/\/webs.uab.cat\/edicio-web\/manual-wordpress\/com-entrar-a-ladministracio-de-wordpress\/#primaryimage\"},\"thumbnailUrl\":\"https:\/\/webs.uab.cat\/edicio-web\/wp-content\/uploads\/sites\/31\/2023\/03\/inici-sessio-1020x1024.png\",\"datePublished\":\"2023-03-28T13:30:23+00:00\",\"dateModified\":\"2023-04-20T06:51:55+00:00\",\"breadcrumb\":{\"@id\":\"https:\/\/webs.uab.cat\/edicio-web\/manual-wordpress\/com-entrar-a-ladministracio-de-wordpress\/#breadcrumb\"},\"inLanguage\":\"ca\",\"potentialAction\":[{\"@type\":\"ReadAction\",\"target\":[\"https:\/\/webs.uab.cat\/edicio-web\/manual-wordpress\/com-entrar-a-ladministracio-de-wordpress\/\"]}]},{\"@type\":\"ImageObject\",\"inLanguage\":\"ca\",\"@id\":\"https:\/\/webs.uab.cat\/edicio-web\/manual-wordpress\/com-entrar-a-ladministracio-de-wordpress\/#primaryimage\",\"url\":\"https:\/\/webs.uab.cat\/edicio-web\/wp-content\/uploads\/sites\/31\/2023\/03\/inici-sessio.png\",\"contentUrl\":\"https:\/\/webs.uab.cat\/edicio-web\/wp-content\/uploads\/sites\/31\/2023\/03\/inici-sessio.png\",\"width\":1846,\"height\":1854},{\"@type\":\"BreadcrumbList\",\"@id\":\"https:\/\/webs.uab.cat\/edicio-web\/manual-wordpress\/com-entrar-a-ladministracio-de-wordpress\/#breadcrumb\",\"itemListElement\":[{\"@type\":\"ListItem\",\"position\":1,\"name\":\"Inici\",\"item\":\"https:\/\/webs.uab.cat\/edicio-web\/\"},{\"@type\":\"ListItem\",\"position\":2,\"name\":\"WP: Manual WordPress\",\"item\":\"https:\/\/webs.uab.cat\/edicio-web\/manual-wordpress\/\"},{\"@type\":\"ListItem\",\"position\":3,\"name\":\"WP: Com entrar a l&#8217;administraci\u00f3 de WordPress\"}]},{\"@type\":\"WebSite\",\"@id\":\"https:\/\/webs.uab.cat\/edicio-web\/#website\",\"url\":\"https:\/\/webs.uab.cat\/edicio-web\/\",\"name\":\"Blog de l'edici\u00f3 web a la UAB\",\"description\":\"Un espai amb recursos \u00fatils per a les persones que editen el web de la UAB\",\"publisher\":{\"@id\":\"https:\/\/webs.uab.cat\/edicio-web\/#organization\"},\"potentialAction\":[{\"@type\":\"SearchAction\",\"target\":{\"@type\":\"EntryPoint\",\"urlTemplate\":\"https:\/\/webs.uab.cat\/edicio-web\/?s={search_term_string}\"},\"query-input\":{\"@type\":\"PropertyValueSpecification\",\"valueRequired\":true,\"valueName\":\"search_term_string\"}}],\"inLanguage\":\"ca\"},{\"@type\":\"Organization\",\"@id\":\"https:\/\/webs.uab.cat\/edicio-web\/#organization\",\"name\":\"Unitat de Web, Universitat Aut\u00f2noma de Barcelona\",\"url\":\"https:\/\/webs.uab.cat\/edicio-web\/\",\"logo\":{\"@type\":\"ImageObject\",\"inLanguage\":\"ca\",\"@id\":\"https:\/\/webs.uab.cat\/edicio-web\/#\/schema\/logo\/image\/\",\"url\":\"https:\/\/webs.uab.cat\/edicio-web\/wp-content\/uploads\/sites\/31\/2024\/11\/logotip-uab-esquerra-2-linies-verd.png\",\"contentUrl\":\"https:\/\/webs.uab.cat\/edicio-web\/wp-content\/uploads\/sites\/31\/2024\/11\/logotip-uab-esquerra-2-linies-verd.png\",\"width\":1892,\"height\":727,\"caption\":\"Unitat de Web, Universitat Aut\u00f2noma de Barcelona\"},\"image\":{\"@id\":\"https:\/\/webs.uab.cat\/edicio-web\/#\/schema\/logo\/image\/\"}}]}<\/script>\n<!-- \/ Yoast SEO plugin. -->","yoast_head_json":{"title":"WP: Com entrar a l'administraci\u00f3 de Wordpress &#8212; Blog de l&#039;edici\u00f3 web a la UAB","robots":{"index":"index","follow":"follow","max-snippet":"max-snippet:-1","max-image-preview":"max-image-preview:large","max-video-preview":"max-video-preview:-1"},"canonical":"https:\/\/webs.uab.cat\/edicio-web\/manual-wordpress\/com-entrar-a-ladministracio-de-wordpress\/","og_locale":"ca_ES","og_type":"article","og_title":"WP: Com entrar a l'administraci\u00f3 de Wordpress &#8212; Blog de l&#039;edici\u00f3 web a la UAB","og_description":"Per accedir al panell d&#8217;administraci\u00f3 d&#8217;un web, cal que escriviu \/web-admin darrera de la URL de la vostra p\u00e0gina: https:\/\/webs.uab.cat\/el-vostre-site\/web-admin i us identifiqueu amb les vostres credencials UAB: Segons el rol del vostre usuari, podreu veure m\u00e9s o menys opcions d&#8217;administraci\u00f3. Si teniu el rol de responsable, el panell d&#8217;administraci\u00f3 t\u00e9 aquest aspecte:","og_url":"https:\/\/webs.uab.cat\/edicio-web\/manual-wordpress\/com-entrar-a-ladministracio-de-wordpress\/","og_site_name":"Blog de l&#039;edici\u00f3 web a la UAB","article_modified_time":"2023-04-20T06:51:55+00:00","og_image":[{"url":"https:\/\/webs.uab.cat\/edicio-web\/wp-content\/uploads\/sites\/31\/2023\/03\/inici-sessio-1020x1024.png","type":"","width":"","height":""}],"twitter_card":"summary_large_image","schema":{"@context":"https:\/\/schema.org","@graph":[{"@type":"WebPage","@id":"https:\/\/webs.uab.cat\/edicio-web\/manual-wordpress\/com-entrar-a-ladministracio-de-wordpress\/","url":"https:\/\/webs.uab.cat\/edicio-web\/manual-wordpress\/com-entrar-a-ladministracio-de-wordpress\/","name":"WP: Com entrar a l'administraci\u00f3 de Wordpress &#8212; Blog de l&#039;edici\u00f3 web a la UAB","isPartOf":{"@id":"https:\/\/webs.uab.cat\/edicio-web\/#website"},"primaryImageOfPage":{"@id":"https:\/\/webs.uab.cat\/edicio-web\/manual-wordpress\/com-entrar-a-ladministracio-de-wordpress\/#primaryimage"},"image":{"@id":"https:\/\/webs.uab.cat\/edicio-web\/manual-wordpress\/com-entrar-a-ladministracio-de-wordpress\/#primaryimage"},"thumbnailUrl":"https:\/\/webs.uab.cat\/edicio-web\/wp-content\/uploads\/sites\/31\/2023\/03\/inici-sessio-1020x1024.png","datePublished":"2023-03-28T13:30:23+00:00","dateModified":"2023-04-20T06:51:55+00:00","breadcrumb":{"@id":"https:\/\/webs.uab.cat\/edicio-web\/manual-wordpress\/com-entrar-a-ladministracio-de-wordpress\/#breadcrumb"},"inLanguage":"ca","potentialAction":[{"@type":"ReadAction","target":["https:\/\/webs.uab.cat\/edicio-web\/manual-wordpress\/com-entrar-a-ladministracio-de-wordpress\/"]}]},{"@type":"ImageObject","inLanguage":"ca","@id":"https:\/\/webs.uab.cat\/edicio-web\/manual-wordpress\/com-entrar-a-ladministracio-de-wordpress\/#primaryimage","url":"https:\/\/webs.uab.cat\/edicio-web\/wp-content\/uploads\/sites\/31\/2023\/03\/inici-sessio.png","contentUrl":"https:\/\/webs.uab.cat\/edicio-web\/wp-content\/uploads\/sites\/31\/2023\/03\/inici-sessio.png","width":1846,"height":1854},{"@type":"BreadcrumbList","@id":"https:\/\/webs.uab.cat\/edicio-web\/manual-wordpress\/com-entrar-a-ladministracio-de-wordpress\/#breadcrumb","itemListElement":[{"@type":"ListItem","position":1,"name":"Inici","item":"https:\/\/webs.uab.cat\/edicio-web\/"},{"@type":"ListItem","position":2,"name":"WP: Manual WordPress","item":"https:\/\/webs.uab.cat\/edicio-web\/manual-wordpress\/"},{"@type":"ListItem","position":3,"name":"WP: Com entrar a l&#8217;administraci\u00f3 de WordPress"}]},{"@type":"WebSite","@id":"https:\/\/webs.uab.cat\/edicio-web\/#website","url":"https:\/\/webs.uab.cat\/edicio-web\/","name":"Blog de l'edici\u00f3 web a la UAB","description":"Un espai amb recursos \u00fatils per a les persones que editen el web de la UAB","publisher":{"@id":"https:\/\/webs.uab.cat\/edicio-web\/#organization"},"potentialAction":[{"@type":"SearchAction","target":{"@type":"EntryPoint","urlTemplate":"https:\/\/webs.uab.cat\/edicio-web\/?s={search_term_string}"},"query-input":{"@type":"PropertyValueSpecification","valueRequired":true,"valueName":"search_term_string"}}],"inLanguage":"ca"},{"@type":"Organization","@id":"https:\/\/webs.uab.cat\/edicio-web\/#organization","name":"Unitat de Web, Universitat Aut\u00f2noma de Barcelona","url":"https:\/\/webs.uab.cat\/edicio-web\/","logo":{"@type":"ImageObject","inLanguage":"ca","@id":"https:\/\/webs.uab.cat\/edicio-web\/#\/schema\/logo\/image\/","url":"https:\/\/webs.uab.cat\/edicio-web\/wp-content\/uploads\/sites\/31\/2024\/11\/logotip-uab-esquerra-2-linies-verd.png","contentUrl":"https:\/\/webs.uab.cat\/edicio-web\/wp-content\/uploads\/sites\/31\/2024\/11\/logotip-uab-esquerra-2-linies-verd.png","width":1892,"height":727,"caption":"Unitat de Web, Universitat Aut\u00f2noma de Barcelona"},"image":{"@id":"https:\/\/webs.uab.cat\/edicio-web\/#\/schema\/logo\/image\/"}}]}},"_links":{"self":[{"href":"https:\/\/webs.uab.cat\/edicio-web\/wp-json\/wp\/v2\/pages\/2291","targetHints":{"allow":["GET"]}}],"collection":[{"href":"https:\/\/webs.uab.cat\/edicio-web\/wp-json\/wp\/v2\/pages"}],"about":[{"href":"https:\/\/webs.uab.cat\/edicio-web\/wp-json\/wp\/v2\/types\/page"}],"author":[{"embeddable":true,"href":"https:\/\/webs.uab.cat\/edicio-web\/wp-json\/wp\/v2\/users\/20"}],"replies":[{"embeddable":true,"href":"https:\/\/webs.uab.cat\/edicio-web\/wp-json\/wp\/v2\/comments?post=2291"}],"version-history":[{"count":14,"href":"https:\/\/webs.uab.cat\/edicio-web\/wp-json\/wp\/v2\/pages\/2291\/revisions"}],"predecessor-version":[{"id":3380,"href":"https:\/\/webs.uab.cat\/edicio-web\/wp-json\/wp\/v2\/pages\/2291\/revisions\/3380"}],"up":[{"embeddable":true,"href":"https:\/\/webs.uab.cat\/edicio-web\/wp-json\/wp\/v2\/pages\/2273"}],"wp:attachment":[{"href":"https:\/\/webs.uab.cat\/edicio-web\/wp-json\/wp\/v2\/media?parent=2291"}],"curies":[{"name":"wp","href":"https:\/\/api.w.org\/{rel}","templated":true}]}}