{"id":2375,"date":"2023-03-29T09:19:44","date_gmt":"2023-03-29T07:19:44","guid":{"rendered":"https:\/\/webs.uab.cat\/edicio-web\/?page_id=2375"},"modified":"2023-04-26T15:23:21","modified_gmt":"2023-04-26T13:23:21","slug":"pagines","status":"publish","type":"page","link":"https:\/\/webs.uab.cat\/edicio-web\/manual-wordpress\/pagines-i-entrades\/pagines\/","title":{"rendered":"WP: P\u00e0gines"},"content":{"rendered":"\n<h2 class=\"wp-block-heading\">Opcions de configuraci\u00f3 addicionals per a p\u00e0gines<\/h2>\n\n\n\n<h3 class=\"wp-block-heading\">Plantilla<\/h3>\n\n\n\n<div class=\"wp-block-media-text has-media-on-the-right is-stacked-on-mobile\" style=\"grid-template-columns:auto 36%\"><figure class=\"wp-block-media-text__media\"><img loading=\"lazy\" decoding=\"async\" width=\"314\" height=\"1024\" src=\"https:\/\/webs.uab.cat\/edicio-web\/wp-content\/uploads\/sites\/31\/2023\/04\/Captura-de-pantalla-2023-04-26-a-les-15.22.41-314x1024.png\" alt=\"\" class=\"wp-image-3577 size-full\" srcset=\"https:\/\/webs.uab.cat\/edicio-web\/wp-content\/uploads\/sites\/31\/2023\/04\/Captura-de-pantalla-2023-04-26-a-les-15.22.41-314x1024.png 314w, https:\/\/webs.uab.cat\/edicio-web\/wp-content\/uploads\/sites\/31\/2023\/04\/Captura-de-pantalla-2023-04-26-a-les-15.22.41-92x300.png 92w\" sizes=\"auto, (max-width: 314px) 100vw, 314px\" \/><\/figure><div class=\"wp-block-media-text__content\">\n<p>Aquesta opci\u00f3 controla quina plantilla s&#8217;utilitza per a la visualitzaci\u00f3 de la p\u00e0gina, permet seleccionar com es mostra el contingut. El tema Webs UAB t\u00e9 dues plantilles:<\/p>\n\n\n\n<ul class=\"wp-block-list\"><li><strong>Ginys laterals<\/strong>: els ginys es mostren a la barra lateral dreta de la p\u00e0gina.<\/li><li><strong>Ginys al peu de p\u00e0gina<\/strong>: els ginys es mostren a la part inferior de la p\u00e0gina. <\/li><li><strong>Predeterminada<\/strong>: els ginys es mostren segons la plantilla que s&#8217;ha seleccionat per a tot el web, a les opcions generals.<\/li><\/ul>\n<\/div><\/div>\n\n\n\n<div class=\"wp-block-columns alignwide is-layout-flex wp-container-core-columns-is-layout-9d6595d7 wp-block-columns-is-layout-flex\">\n<div class=\"wp-block-column is-layout-flow wp-block-column-is-layout-flow\">\n<figure class=\"wp-block-image size-large\"><img loading=\"lazy\" decoding=\"async\" width=\"1024\" height=\"645\" src=\"https:\/\/webs.uab.cat\/edicio-web\/wp-content\/uploads\/sites\/31\/2023\/03\/image-8-1024x645.png\" alt=\"\" class=\"wp-image-2366\" srcset=\"https:\/\/webs.uab.cat\/edicio-web\/wp-content\/uploads\/sites\/31\/2023\/03\/image-8-1024x645.png 1024w, https:\/\/webs.uab.cat\/edicio-web\/wp-content\/uploads\/sites\/31\/2023\/03\/image-8-300x189.png 300w, https:\/\/webs.uab.cat\/edicio-web\/wp-content\/uploads\/sites\/31\/2023\/03\/image-8-768x484.png 768w, https:\/\/webs.uab.cat\/edicio-web\/wp-content\/uploads\/sites\/31\/2023\/03\/image-8-1200x756.png 1200w, https:\/\/webs.uab.cat\/edicio-web\/wp-content\/uploads\/sites\/31\/2023\/03\/image-8.png 1341w\" sizes=\"auto, (max-width: 1024px) 100vw, 1024px\" \/><figcaption>Vista de la plantilla de contingut amb els ginys al peu de p\u00e0gina<\/figcaption><\/figure>\n<\/div>\n\n\n\n<div class=\"wp-block-column is-layout-flow wp-block-column-is-layout-flow\">\n<figure class=\"wp-block-image size-large\"><img loading=\"lazy\" decoding=\"async\" width=\"1024\" height=\"640\" src=\"https:\/\/webs.uab.cat\/edicio-web\/wp-content\/uploads\/sites\/31\/2023\/03\/image-9-1024x640.png\" alt=\"\" class=\"wp-image-2367\" srcset=\"https:\/\/webs.uab.cat\/edicio-web\/wp-content\/uploads\/sites\/31\/2023\/03\/image-9-1024x640.png 1024w, https:\/\/webs.uab.cat\/edicio-web\/wp-content\/uploads\/sites\/31\/2023\/03\/image-9-300x188.png 300w, https:\/\/webs.uab.cat\/edicio-web\/wp-content\/uploads\/sites\/31\/2023\/03\/image-9-768x480.png 768w, https:\/\/webs.uab.cat\/edicio-web\/wp-content\/uploads\/sites\/31\/2023\/03\/image-9-1200x751.png 1200w, https:\/\/webs.uab.cat\/edicio-web\/wp-content\/uploads\/sites\/31\/2023\/03\/image-9.png 1327w\" sizes=\"auto, (max-width: 1024px) 100vw, 1024px\" \/><figcaption>Vista de la plantilla de contingut amb els ginys laterals.<\/figcaption><\/figure>\n<\/div>\n<\/div>\n\n\n\n<h3 class=\"wp-block-heading\">Atributs de la p\u00e0gina (parentius)<\/h3>\n\n\n\n<div class=\"wp-block-media-text has-media-on-the-right is-stacked-on-mobile\" style=\"grid-template-columns:auto 35%\"><figure class=\"wp-block-media-text__media\"><img loading=\"lazy\" decoding=\"async\" width=\"369\" height=\"382\" src=\"https:\/\/webs.uab.cat\/edicio-web\/wp-content\/uploads\/sites\/31\/2023\/03\/image-11.png\" alt=\"Secci\u00f3 de la barra lateral de configuraci\u00f3 on es mostren les opcions de parentiu de la p\u00e0gina\" class=\"wp-image-2371 size-full\" srcset=\"https:\/\/webs.uab.cat\/edicio-web\/wp-content\/uploads\/sites\/31\/2023\/03\/image-11.png 369w, https:\/\/webs.uab.cat\/edicio-web\/wp-content\/uploads\/sites\/31\/2023\/03\/image-11-290x300.png 290w\" sizes=\"auto, (max-width: 369px) 100vw, 369px\" \/><\/figure><div class=\"wp-block-media-text__content\">\n<p class=\"has-small-font-size\">Aquesta secci\u00f3 permet organitzar jer\u00e0rquicament les p\u00e0gines del vostre web. Una p\u00e0gina mare \u00e9s una p\u00e0gina de nivell principal que pot contenir p\u00e0gines filles. Prement la caixa de text sota del t\u00edtol <em><strong>P\u00e0gina mare<\/strong><\/em>, podeu seleccionar qualsevol p\u00e0gina del desplegable per fer que la p\u00e0gina que esteu editant en sigui filla.<\/p>\n<\/div><\/div>\n\n\n\n<p>El camp <strong>Ordre <\/strong>permet modificar l&#8217;ordre en qu\u00e8 es mostraran les p\u00e0gines per defecte en un men\u00fa. Tot i aix\u00ed, \u00e9s m\u00e9s senzill d&#8217;organitzar els elements d&#8217;un men\u00fa des de l&#8217;apartat <em>aparen\u00e7a<\/em> &gt; <em>men\u00fas<\/em>.<\/p>\n\n\n\n<hr class=\"wp-block-separator has-alpha-channel-opacity is-style-wide\"\/>\n\n\n\n<div class=\"wp-block-buttons alignfull is-content-justification-center is-layout-flex wp-container-core-buttons-is-layout-16018d1d wp-block-buttons-is-layout-flex\">\n<div class=\"wp-block-button has-custom-width wp-block-button__width-25 enrera\"><a class=\"wp-block-button__link\" href=\"https:\/\/webs.uab.cat\/edicio-web\/manual-wordpress\/pagines-i-entrades\/\">P\u00e0gines i entrades<\/a><\/div>\n\n\n\n<div class=\"wp-block-button has-custom-width wp-block-button__width-25 is-style-outline is-style-outline--1\"><a class=\"wp-block-button__link\" href=\"https:\/\/webs.uab.cat\/edicio-web\/manual-wordpress\/\">TAULA DE CONTINGUTS<\/a><\/div>\n\n\n\n<div class=\"wp-block-button has-custom-width wp-block-button__width-25 endavant\"><a class=\"wp-block-button__link\" href=\"https:\/\/webs.uab.cat\/edicio-web\/manual-wordpress\/entrades\/\">Entrades<\/a><\/div>\n<\/div>\n","protected":false},"excerpt":{"rendered":"<p>Opcions de configuraci\u00f3 addicionals per a p\u00e0gines Plantilla Aquesta opci\u00f3 controla quina plantilla s&#8217;utilitza per a la visualitzaci\u00f3 de la p\u00e0gina, permet seleccionar com es mostra el contingut. El tema Webs UAB t\u00e9 dues plantilles: Ginys laterals: els ginys es mostren a la barra lateral dreta de la p\u00e0gina. Ginys al peu de p\u00e0gina: els [&hellip;]<\/p>\n","protected":false},"author":20,"featured_media":0,"parent":2339,"menu_order":0,"comment_status":"closed","ping_status":"closed","template":"","meta":{"footnotes":""},"class_list":["post-2375","page","type-page","status-publish","hentry"],"yoast_head":"<!-- This site is optimized with the Yoast SEO plugin v26.8 - https:\/\/yoast.com\/product\/yoast-seo-wordpress\/ -->\n<title>WP: P\u00e0gines &#8212; Blog de l&#039;edici\u00f3 web a la UAB<\/title>\n<meta name=\"robots\" content=\"index, follow, max-snippet:-1, max-image-preview:large, max-video-preview:-1\" \/>\n<link rel=\"canonical\" href=\"https:\/\/webs.uab.cat\/edicio-web\/manual-wordpress\/pagines-i-entrades\/pagines\/\" \/>\n<meta property=\"og:locale\" content=\"ca_ES\" \/>\n<meta property=\"og:type\" content=\"article\" \/>\n<meta property=\"og:title\" content=\"WP: P\u00e0gines &#8212; Blog de l&#039;edici\u00f3 web a la UAB\" \/>\n<meta property=\"og:description\" content=\"Opcions de configuraci\u00f3 addicionals per a p\u00e0gines Plantilla Aquesta opci\u00f3 controla quina plantilla s&#8217;utilitza per a la visualitzaci\u00f3 de la p\u00e0gina, permet seleccionar com es mostra el contingut. El tema Webs UAB t\u00e9 dues plantilles: Ginys laterals: els ginys es mostren a la barra lateral dreta de la p\u00e0gina. Ginys al peu de p\u00e0gina: els [&hellip;]\" \/>\n<meta property=\"og:url\" content=\"https:\/\/webs.uab.cat\/edicio-web\/manual-wordpress\/pagines-i-entrades\/pagines\/\" \/>\n<meta property=\"og:site_name\" content=\"Blog de l&#039;edici\u00f3 web a la UAB\" \/>\n<meta property=\"article:modified_time\" content=\"2023-04-26T13:23:21+00:00\" \/>\n<meta property=\"og:image\" content=\"https:\/\/webs.uab.cat\/edicio-web\/wp-content\/uploads\/sites\/31\/2023\/04\/Captura-de-pantalla-2023-04-26-a-les-15.22.41-314x1024.png\" \/>\n<meta name=\"twitter:card\" content=\"summary_large_image\" \/>\n<meta name=\"twitter:label1\" content=\"Temps estimat de lectura\" \/>\n\t<meta name=\"twitter:data1\" content=\"1 minut\" \/>\n<script type=\"application\/ld+json\" class=\"yoast-schema-graph\">{\"@context\":\"https:\/\/schema.org\",\"@graph\":[{\"@type\":\"WebPage\",\"@id\":\"https:\/\/webs.uab.cat\/edicio-web\/manual-wordpress\/pagines-i-entrades\/pagines\/\",\"url\":\"https:\/\/webs.uab.cat\/edicio-web\/manual-wordpress\/pagines-i-entrades\/pagines\/\",\"name\":\"WP: P\u00e0gines &#8212; Blog de l&#039;edici\u00f3 web a la UAB\",\"isPartOf\":{\"@id\":\"https:\/\/webs.uab.cat\/edicio-web\/#website\"},\"primaryImageOfPage\":{\"@id\":\"https:\/\/webs.uab.cat\/edicio-web\/manual-wordpress\/pagines-i-entrades\/pagines\/#primaryimage\"},\"image\":{\"@id\":\"https:\/\/webs.uab.cat\/edicio-web\/manual-wordpress\/pagines-i-entrades\/pagines\/#primaryimage\"},\"thumbnailUrl\":\"https:\/\/webs.uab.cat\/edicio-web\/wp-content\/uploads\/sites\/31\/2023\/04\/Captura-de-pantalla-2023-04-26-a-les-15.22.41-314x1024.png\",\"datePublished\":\"2023-03-29T07:19:44+00:00\",\"dateModified\":\"2023-04-26T13:23:21+00:00\",\"breadcrumb\":{\"@id\":\"https:\/\/webs.uab.cat\/edicio-web\/manual-wordpress\/pagines-i-entrades\/pagines\/#breadcrumb\"},\"inLanguage\":\"ca\",\"potentialAction\":[{\"@type\":\"ReadAction\",\"target\":[\"https:\/\/webs.uab.cat\/edicio-web\/manual-wordpress\/pagines-i-entrades\/pagines\/\"]}]},{\"@type\":\"ImageObject\",\"inLanguage\":\"ca\",\"@id\":\"https:\/\/webs.uab.cat\/edicio-web\/manual-wordpress\/pagines-i-entrades\/pagines\/#primaryimage\",\"url\":\"https:\/\/webs.uab.cat\/edicio-web\/wp-content\/uploads\/sites\/31\/2023\/04\/Captura-de-pantalla-2023-04-26-a-les-15.22.41.png\",\"contentUrl\":\"https:\/\/webs.uab.cat\/edicio-web\/wp-content\/uploads\/sites\/31\/2023\/04\/Captura-de-pantalla-2023-04-26-a-les-15.22.41.png\",\"width\":554,\"height\":1804},{\"@type\":\"BreadcrumbList\",\"@id\":\"https:\/\/webs.uab.cat\/edicio-web\/manual-wordpress\/pagines-i-entrades\/pagines\/#breadcrumb\",\"itemListElement\":[{\"@type\":\"ListItem\",\"position\":1,\"name\":\"Inici\",\"item\":\"https:\/\/webs.uab.cat\/edicio-web\/\"},{\"@type\":\"ListItem\",\"position\":2,\"name\":\"WP: Manual WordPress\",\"item\":\"https:\/\/webs.uab.cat\/edicio-web\/manual-wordpress\/\"},{\"@type\":\"ListItem\",\"position\":3,\"name\":\"WP: P\u00e0gines i entrades\",\"item\":\"https:\/\/webs.uab.cat\/edicio-web\/manual-wordpress\/pagines-i-entrades\/\"},{\"@type\":\"ListItem\",\"position\":4,\"name\":\"WP: P\u00e0gines\"}]},{\"@type\":\"WebSite\",\"@id\":\"https:\/\/webs.uab.cat\/edicio-web\/#website\",\"url\":\"https:\/\/webs.uab.cat\/edicio-web\/\",\"name\":\"Blog de l'edici\u00f3 web a la UAB\",\"description\":\"Un espai amb recursos \u00fatils per a les persones que editen el web de la UAB\",\"publisher\":{\"@id\":\"https:\/\/webs.uab.cat\/edicio-web\/#organization\"},\"potentialAction\":[{\"@type\":\"SearchAction\",\"target\":{\"@type\":\"EntryPoint\",\"urlTemplate\":\"https:\/\/webs.uab.cat\/edicio-web\/?s={search_term_string}\"},\"query-input\":{\"@type\":\"PropertyValueSpecification\",\"valueRequired\":true,\"valueName\":\"search_term_string\"}}],\"inLanguage\":\"ca\"},{\"@type\":\"Organization\",\"@id\":\"https:\/\/webs.uab.cat\/edicio-web\/#organization\",\"name\":\"Unitat de Web, Universitat Aut\u00f2noma de Barcelona\",\"url\":\"https:\/\/webs.uab.cat\/edicio-web\/\",\"logo\":{\"@type\":\"ImageObject\",\"inLanguage\":\"ca\",\"@id\":\"https:\/\/webs.uab.cat\/edicio-web\/#\/schema\/logo\/image\/\",\"url\":\"https:\/\/webs.uab.cat\/edicio-web\/wp-content\/uploads\/sites\/31\/2024\/11\/logotip-uab-esquerra-2-linies-verd.png\",\"contentUrl\":\"https:\/\/webs.uab.cat\/edicio-web\/wp-content\/uploads\/sites\/31\/2024\/11\/logotip-uab-esquerra-2-linies-verd.png\",\"width\":1892,\"height\":727,\"caption\":\"Unitat de Web, Universitat Aut\u00f2noma de Barcelona\"},\"image\":{\"@id\":\"https:\/\/webs.uab.cat\/edicio-web\/#\/schema\/logo\/image\/\"}}]}<\/script>\n<!-- \/ Yoast SEO plugin. -->","yoast_head_json":{"title":"WP: P\u00e0gines &#8212; Blog de l&#039;edici\u00f3 web a la UAB","robots":{"index":"index","follow":"follow","max-snippet":"max-snippet:-1","max-image-preview":"max-image-preview:large","max-video-preview":"max-video-preview:-1"},"canonical":"https:\/\/webs.uab.cat\/edicio-web\/manual-wordpress\/pagines-i-entrades\/pagines\/","og_locale":"ca_ES","og_type":"article","og_title":"WP: P\u00e0gines &#8212; Blog de l&#039;edici\u00f3 web a la UAB","og_description":"Opcions de configuraci\u00f3 addicionals per a p\u00e0gines Plantilla Aquesta opci\u00f3 controla quina plantilla s&#8217;utilitza per a la visualitzaci\u00f3 de la p\u00e0gina, permet seleccionar com es mostra el contingut. El tema Webs UAB t\u00e9 dues plantilles: Ginys laterals: els ginys es mostren a la barra lateral dreta de la p\u00e0gina. Ginys al peu de p\u00e0gina: els [&hellip;]","og_url":"https:\/\/webs.uab.cat\/edicio-web\/manual-wordpress\/pagines-i-entrades\/pagines\/","og_site_name":"Blog de l&#039;edici\u00f3 web a la UAB","article_modified_time":"2023-04-26T13:23:21+00:00","og_image":[{"url":"https:\/\/webs.uab.cat\/edicio-web\/wp-content\/uploads\/sites\/31\/2023\/04\/Captura-de-pantalla-2023-04-26-a-les-15.22.41-314x1024.png","type":"","width":"","height":""}],"twitter_card":"summary_large_image","twitter_misc":{"Temps estimat de lectura":"1 minut"},"schema":{"@context":"https:\/\/schema.org","@graph":[{"@type":"WebPage","@id":"https:\/\/webs.uab.cat\/edicio-web\/manual-wordpress\/pagines-i-entrades\/pagines\/","url":"https:\/\/webs.uab.cat\/edicio-web\/manual-wordpress\/pagines-i-entrades\/pagines\/","name":"WP: P\u00e0gines &#8212; Blog de l&#039;edici\u00f3 web a la UAB","isPartOf":{"@id":"https:\/\/webs.uab.cat\/edicio-web\/#website"},"primaryImageOfPage":{"@id":"https:\/\/webs.uab.cat\/edicio-web\/manual-wordpress\/pagines-i-entrades\/pagines\/#primaryimage"},"image":{"@id":"https:\/\/webs.uab.cat\/edicio-web\/manual-wordpress\/pagines-i-entrades\/pagines\/#primaryimage"},"thumbnailUrl":"https:\/\/webs.uab.cat\/edicio-web\/wp-content\/uploads\/sites\/31\/2023\/04\/Captura-de-pantalla-2023-04-26-a-les-15.22.41-314x1024.png","datePublished":"2023-03-29T07:19:44+00:00","dateModified":"2023-04-26T13:23:21+00:00","breadcrumb":{"@id":"https:\/\/webs.uab.cat\/edicio-web\/manual-wordpress\/pagines-i-entrades\/pagines\/#breadcrumb"},"inLanguage":"ca","potentialAction":[{"@type":"ReadAction","target":["https:\/\/webs.uab.cat\/edicio-web\/manual-wordpress\/pagines-i-entrades\/pagines\/"]}]},{"@type":"ImageObject","inLanguage":"ca","@id":"https:\/\/webs.uab.cat\/edicio-web\/manual-wordpress\/pagines-i-entrades\/pagines\/#primaryimage","url":"https:\/\/webs.uab.cat\/edicio-web\/wp-content\/uploads\/sites\/31\/2023\/04\/Captura-de-pantalla-2023-04-26-a-les-15.22.41.png","contentUrl":"https:\/\/webs.uab.cat\/edicio-web\/wp-content\/uploads\/sites\/31\/2023\/04\/Captura-de-pantalla-2023-04-26-a-les-15.22.41.png","width":554,"height":1804},{"@type":"BreadcrumbList","@id":"https:\/\/webs.uab.cat\/edicio-web\/manual-wordpress\/pagines-i-entrades\/pagines\/#breadcrumb","itemListElement":[{"@type":"ListItem","position":1,"name":"Inici","item":"https:\/\/webs.uab.cat\/edicio-web\/"},{"@type":"ListItem","position":2,"name":"WP: Manual WordPress","item":"https:\/\/webs.uab.cat\/edicio-web\/manual-wordpress\/"},{"@type":"ListItem","position":3,"name":"WP: P\u00e0gines i entrades","item":"https:\/\/webs.uab.cat\/edicio-web\/manual-wordpress\/pagines-i-entrades\/"},{"@type":"ListItem","position":4,"name":"WP: P\u00e0gines"}]},{"@type":"WebSite","@id":"https:\/\/webs.uab.cat\/edicio-web\/#website","url":"https:\/\/webs.uab.cat\/edicio-web\/","name":"Blog de l'edici\u00f3 web a la UAB","description":"Un espai amb recursos \u00fatils per a les persones que editen el web de la UAB","publisher":{"@id":"https:\/\/webs.uab.cat\/edicio-web\/#organization"},"potentialAction":[{"@type":"SearchAction","target":{"@type":"EntryPoint","urlTemplate":"https:\/\/webs.uab.cat\/edicio-web\/?s={search_term_string}"},"query-input":{"@type":"PropertyValueSpecification","valueRequired":true,"valueName":"search_term_string"}}],"inLanguage":"ca"},{"@type":"Organization","@id":"https:\/\/webs.uab.cat\/edicio-web\/#organization","name":"Unitat de Web, Universitat Aut\u00f2noma de Barcelona","url":"https:\/\/webs.uab.cat\/edicio-web\/","logo":{"@type":"ImageObject","inLanguage":"ca","@id":"https:\/\/webs.uab.cat\/edicio-web\/#\/schema\/logo\/image\/","url":"https:\/\/webs.uab.cat\/edicio-web\/wp-content\/uploads\/sites\/31\/2024\/11\/logotip-uab-esquerra-2-linies-verd.png","contentUrl":"https:\/\/webs.uab.cat\/edicio-web\/wp-content\/uploads\/sites\/31\/2024\/11\/logotip-uab-esquerra-2-linies-verd.png","width":1892,"height":727,"caption":"Unitat de Web, Universitat Aut\u00f2noma de Barcelona"},"image":{"@id":"https:\/\/webs.uab.cat\/edicio-web\/#\/schema\/logo\/image\/"}}]}},"_links":{"self":[{"href":"https:\/\/webs.uab.cat\/edicio-web\/wp-json\/wp\/v2\/pages\/2375","targetHints":{"allow":["GET"]}}],"collection":[{"href":"https:\/\/webs.uab.cat\/edicio-web\/wp-json\/wp\/v2\/pages"}],"about":[{"href":"https:\/\/webs.uab.cat\/edicio-web\/wp-json\/wp\/v2\/types\/page"}],"author":[{"embeddable":true,"href":"https:\/\/webs.uab.cat\/edicio-web\/wp-json\/wp\/v2\/users\/20"}],"replies":[{"embeddable":true,"href":"https:\/\/webs.uab.cat\/edicio-web\/wp-json\/wp\/v2\/comments?post=2375"}],"version-history":[{"count":9,"href":"https:\/\/webs.uab.cat\/edicio-web\/wp-json\/wp\/v2\/pages\/2375\/revisions"}],"predecessor-version":[{"id":3578,"href":"https:\/\/webs.uab.cat\/edicio-web\/wp-json\/wp\/v2\/pages\/2375\/revisions\/3578"}],"up":[{"embeddable":true,"href":"https:\/\/webs.uab.cat\/edicio-web\/wp-json\/wp\/v2\/pages\/2339"}],"wp:attachment":[{"href":"https:\/\/webs.uab.cat\/edicio-web\/wp-json\/wp\/v2\/media?parent=2375"}],"curies":[{"name":"wp","href":"https:\/\/api.w.org\/{rel}","templated":true}]}}