{"id":2377,"date":"2023-03-29T09:20:24","date_gmt":"2023-03-29T07:20:24","guid":{"rendered":"https:\/\/webs.uab.cat\/edicio-web\/?page_id=2377"},"modified":"2023-04-19T14:38:26","modified_gmt":"2023-04-19T12:38:26","slug":"entrades","status":"publish","type":"page","link":"https:\/\/webs.uab.cat\/edicio-web\/manual-wordpress\/pagines-i-entrades\/entrades\/","title":{"rendered":"WP: Entrades"},"content":{"rendered":"\n<h2 class=\"wp-block-heading\">Opcions de configuraci\u00f3 addicionals per a entrades<\/h2>\n\n\n\n<h3 class=\"wp-block-heading\">Categories<\/h3>\n\n\n\n<p>Totes les entrades que es creen amb WordPress pertanyen a una o m\u00e9s categories que permeten agrupar entrades relacionades. Permeten tenir les entrades organitzades i es poden utilitzar per mostrar entrades a diferents llocs del web, facilitant als usuaris que trobin el que cerquen.<\/p>\n\n\n\n<div class=\"wp-block-media-text has-media-on-the-right is-stacked-on-mobile\" style=\"grid-template-columns:auto 30%\"><figure class=\"wp-block-media-text__media\"><img loading=\"lazy\" decoding=\"async\" width=\"370\" height=\"454\" src=\"https:\/\/webs.uab.cat\/edicio-web\/wp-content\/uploads\/sites\/31\/2023\/03\/image-12.png\" alt=\"Secci\u00f3 de la barra lateral de configuraci\u00f3 on es mostren les categories disponibles per a les entrades\" class=\"wp-image-2372 size-full\" srcset=\"https:\/\/webs.uab.cat\/edicio-web\/wp-content\/uploads\/sites\/31\/2023\/03\/image-12.png 370w, https:\/\/webs.uab.cat\/edicio-web\/wp-content\/uploads\/sites\/31\/2023\/03\/image-12-244x300.png 244w\" sizes=\"auto, (max-width: 370px) 100vw, 370px\" \/><\/figure><div class=\"wp-block-media-text__content\">\n<p class=\"has-small-font-size\">A la barra lateral de configuraci\u00f3 de l&#8217;entrada es mostren les categories existents al vostre web amb caixes de selecci\u00f3. Seleccioneu all\u00ed les categories a les que voleu que pertanyi l&#8217;entrada que esteu editant.<\/p>\n<\/div><\/div>\n\n\n\n<div class=\"wp-block-media-text has-media-on-the-right is-stacked-on-mobile\" style=\"grid-template-columns:auto 30%\"><figure class=\"wp-block-media-text__media\"><img loading=\"lazy\" decoding=\"async\" width=\"365\" height=\"295\" src=\"https:\/\/webs.uab.cat\/edicio-web\/wp-content\/uploads\/sites\/31\/2023\/03\/image-13.png\" alt=\"Secci\u00f3 de la barra lateral de configuraci\u00f3 on es pot crear una nova categoria\" class=\"wp-image-2373 size-full\" srcset=\"https:\/\/webs.uab.cat\/edicio-web\/wp-content\/uploads\/sites\/31\/2023\/03\/image-13.png 365w, https:\/\/webs.uab.cat\/edicio-web\/wp-content\/uploads\/sites\/31\/2023\/03\/image-13-300x242.png 300w\" sizes=\"auto, (max-width: 365px) 100vw, 365px\" \/><\/figure><div class=\"wp-block-media-text__content\">\n<p class=\"has-small-font-size\">Podeu afegir noves categories prement Afegeix i omplint el camp del desplegable que apareix.<\/p>\n<\/div><\/div>\n\n\n\n<p>Cada categoria es pot assignar a una categoria mare. Aix\u00f2 permet crear una jerarquia en l&#8217;estructura de categories.<\/p>\n\n\n\n<h4 class=\"wp-block-heading\">Administraci\u00f3 de les categories<\/h4>\n\n\n\n<div class=\"wp-block-media-text has-media-on-the-right is-stacked-on-mobile\"><figure class=\"wp-block-media-text__media\"><img loading=\"lazy\" decoding=\"async\" width=\"799\" height=\"365\" src=\"https:\/\/webs.uab.cat\/edicio-web\/wp-content\/uploads\/sites\/31\/2023\/03\/image-16.png\" alt=\"\" class=\"wp-image-2390 size-full\" srcset=\"https:\/\/webs.uab.cat\/edicio-web\/wp-content\/uploads\/sites\/31\/2023\/03\/image-16.png 799w, https:\/\/webs.uab.cat\/edicio-web\/wp-content\/uploads\/sites\/31\/2023\/03\/image-16-300x137.png 300w, https:\/\/webs.uab.cat\/edicio-web\/wp-content\/uploads\/sites\/31\/2023\/03\/image-16-768x351.png 768w\" sizes=\"auto, (max-width: 799px) 100vw, 799px\" \/><\/figure><div class=\"wp-block-media-text__content\">\n<p class=\"has-small-font-size\">A l&#8217;administraci\u00f3 del web, dins de la secci\u00f3 <em>Entrades<\/em>, seleccioneu <em>Categories<\/em><\/p>\n<\/div><\/div>\n\n\n\n<p>Aqu\u00ed podeu afegir, editar i eliminar les categories del vostre web.<\/p>\n\n\n\n<p>No \u00e9s possible eliminar la categoria <em>Sense categoria<\/em>, per\u00f2 li podeu canviar el nom, editant-la.<\/p>\n\n\n\n<h4 class=\"wp-block-heading\" id=\"customize-category-pages\">P\u00e0gines de categoria<\/h4>\n\n\n\n<p>Una p\u00e0gina de categoria \u00e9s una p\u00e0gina que mostra totes les estrades que s&#8217;han assignat a una categoria concreta. Per defecte, es crea una p\u00e0gina <em>Arxiu <\/em>per a cadascuna de les categories. La URL d&#8217;aquestes p\u00e0gines \u00e9s:<\/p>\n\n\n\n<p class=\"has-text-align-center has-normal-font-size\"><strong>https:\/\/webs.uab.cat\/nom-del-site\/category\/nom-categoria<\/strong><\/p>\n\n\n\n<p><a href=\"https:\/\/wordpress.com\/support\/posts\/categories\/#link-to-category-pages\"><\/a><\/p>\n\n\n\n<h3 class=\"wp-block-heading\">Etiquetes<\/h3>\n\n\n\n<p>Permeten relacionar entrades i avan\u00e7ar al lector les tem\u00e0tiques de l&#8217;entrada. Tamb\u00e9 permeten trobar contingut m\u00e9s f\u00e0cilment. Cada entrada de WordPress pot tenir una o m\u00e9s etiquetes. A difer\u00e8ncia de les categories, les etiquetes no s\u00f3n obligat\u00f2ries.<\/p>\n\n\n\n<div class=\"wp-block-media-text has-media-on-the-right is-stacked-on-mobile\" style=\"grid-template-columns:auto 30%\"><figure class=\"wp-block-media-text__media\"><img loading=\"lazy\" decoding=\"async\" width=\"374\" height=\"218\" src=\"https:\/\/webs.uab.cat\/edicio-web\/wp-content\/uploads\/sites\/31\/2023\/03\/image-14.png\" alt=\"Secci\u00f3 de la barra lateral de configuraci\u00f3 per crear una nova etiqueta per a les entrades\" class=\"wp-image-2385 size-full\" srcset=\"https:\/\/webs.uab.cat\/edicio-web\/wp-content\/uploads\/sites\/31\/2023\/03\/image-14.png 374w, https:\/\/webs.uab.cat\/edicio-web\/wp-content\/uploads\/sites\/31\/2023\/03\/image-14-300x175.png 300w\" sizes=\"auto, (max-width: 374px) 100vw, 374px\" \/><\/figure><div class=\"wp-block-media-text__content\">\n<p class=\"has-small-font-size\">Per afegir una nova etiqueta a l&#8217;entrada, escriviu-la a la caixa de text de la secci\u00f3 i premeu <em>enter<\/em>.<\/p>\n<\/div><\/div>\n\n\n\n<p>Si l&#8217;etiqueta ja s&#8217;havia creat per a una entrada pr\u00e8via, la caixa de text autocompletar\u00e0 el text que esteu afegint amb etiquetes existents.<\/p>\n\n\n\n<p>Si teniu m\u00e9s de tres categories que utilitzeu freq\u00fcentment, es mostraran sota &#8220;<em>m\u00e9s utilitzades<\/em>&#8220;. Podeu pr\u00e9me-les per afegir-les com a etiquetes de l&#8217;entrada.<\/p>\n\n\n\n<p>Tant les categories com les etiquetes permeten organitzar les entrades del vostre web. Les categories acostumen a ser m\u00e9s gen\u00e8riques i les etiquetes, m\u00e9s espec\u00edfiques, per\u00f2 la principal difer\u00e8ncia rau en qu\u00e8 les categories es poden jerarquitzar i establir relacions de parentiu entre elles, mentre que les etiquetes s\u00f3n sempre independents.<\/p>\n\n\n\n<h3 class=\"wp-block-heading\">Extracte<\/h3>\n\n\n\n<p>Aquesta secci\u00f3 permet escriure una o dues frases de descripci\u00f3 de l&#8217;entrada. El tema Webs UAB mostra aquest extracte en comptes de tot el contingut en els llistats d&#8217;entrades, al llistat de resultats d&#8217;una cerca i a la p\u00e0gina d&#8217;arxiu d&#8217;entrades.<\/p>\n\n\n\n<div class=\"wp-block-media-text has-media-on-the-right is-stacked-on-mobile\" style=\"grid-template-columns:auto 30%\"><figure class=\"wp-block-media-text__media\"><img loading=\"lazy\" decoding=\"async\" width=\"370\" height=\"306\" src=\"https:\/\/webs.uab.cat\/edicio-web\/wp-content\/uploads\/sites\/31\/2023\/03\/image-15.png\" alt=\"Secci\u00f3 de la barra lateral de configuraci\u00f3 on es pot proporcionar un extracte de l'entrada.\" class=\"wp-image-2388 size-full\" srcset=\"https:\/\/webs.uab.cat\/edicio-web\/wp-content\/uploads\/sites\/31\/2023\/03\/image-15.png 370w, https:\/\/webs.uab.cat\/edicio-web\/wp-content\/uploads\/sites\/31\/2023\/03\/image-15-300x248.png 300w\" sizes=\"auto, (max-width: 370px) 100vw, 370px\" \/><\/figure><div class=\"wp-block-media-text__content\">\n<p class=\"has-small-font-size\">Si l&#8217;extracte es deixa buit, WordPress crea un extracte de forma autom\u00e0tica utilitzant les primeres 55 paraules de l&#8217;entrada.<\/p>\n<\/div><\/div>\n\n\n\n<h3 class=\"wp-block-heading\">Discusi\u00f3<\/h3>\n\n\n\n<p>Aquesta secci\u00f3 permet configurar els comentaris a les entrades. La versi\u00f3 UAB de WordPress t\u00e9 capada aquesta secci\u00f3 com a mesura de seguretat, per aquest motiu, no apareix a la barra lateral de configuraci\u00f3 de les entrades.<\/p>\n\n\n\n<hr class=\"wp-block-separator has-alpha-channel-opacity is-style-wide\"\/>\n\n\n\n<div class=\"wp-block-buttons alignfull is-content-justification-center is-layout-flex wp-container-core-buttons-is-layout-16018d1d wp-block-buttons-is-layout-flex\">\n<div class=\"wp-block-button has-custom-width wp-block-button__width-25 enrera\"><a class=\"wp-block-button__link\" href=\"https:\/\/webs.uab.cat\/edicio-web\/manual-wordpress\/pagines-i-entrades\/pagines\/\">P\u00e0gines<\/a><\/div>\n\n\n\n<div class=\"wp-block-button has-custom-width wp-block-button__width-25 is-style-outline is-style-outline--1\"><a class=\"wp-block-button__link\" href=\"https:\/\/webs.uab.cat\/edicio-web\/manual-wordpress\/\">TAULA DE CONTINGUTS<\/a><\/div>\n\n\n\n<div class=\"wp-block-button has-custom-width wp-block-button__width-25 endavant\"><a class=\"wp-block-button__link\" href=\"https:\/\/webs.uab.cat\/edicio-web\/manual-wordpress\/edicio-amb-blocs-de-contingut\/\">Edici\u00f3 amb blocs de contingut<\/a><\/div>\n<\/div>\n","protected":false},"excerpt":{"rendered":"<p>Opcions de configuraci\u00f3 addicionals per a entrades Categories Totes les entrades que es creen amb WordPress pertanyen a una o m\u00e9s categories que permeten agrupar entrades relacionades. Permeten tenir les entrades organitzades i es poden utilitzar per mostrar entrades a diferents llocs del web, facilitant als usuaris que trobin el que cerquen. A la barra [&hellip;]<\/p>\n","protected":false},"author":20,"featured_media":0,"parent":2339,"menu_order":0,"comment_status":"closed","ping_status":"closed","template":"","meta":{"footnotes":""},"class_list":["post-2377","page","type-page","status-publish","hentry"],"yoast_head":"<!-- This site is optimized with the Yoast SEO plugin v26.8 - https:\/\/yoast.com\/product\/yoast-seo-wordpress\/ -->\n<title>WP: Entrades &#8212; Blog de l&#039;edici\u00f3 web a la UAB<\/title>\n<meta name=\"robots\" content=\"index, follow, max-snippet:-1, max-image-preview:large, max-video-preview:-1\" \/>\n<link rel=\"canonical\" href=\"https:\/\/webs.uab.cat\/edicio-web\/manual-wordpress\/pagines-i-entrades\/entrades\/\" \/>\n<meta property=\"og:locale\" content=\"ca_ES\" \/>\n<meta property=\"og:type\" content=\"article\" \/>\n<meta property=\"og:title\" content=\"WP: Entrades &#8212; Blog de l&#039;edici\u00f3 web a la UAB\" \/>\n<meta property=\"og:description\" content=\"Opcions de configuraci\u00f3 addicionals per a entrades Categories Totes les entrades que es creen amb WordPress pertanyen a una o m\u00e9s categories que permeten agrupar entrades relacionades. Permeten tenir les entrades organitzades i es poden utilitzar per mostrar entrades a diferents llocs del web, facilitant als usuaris que trobin el que cerquen. A la barra [&hellip;]\" \/>\n<meta property=\"og:url\" content=\"https:\/\/webs.uab.cat\/edicio-web\/manual-wordpress\/pagines-i-entrades\/entrades\/\" \/>\n<meta property=\"og:site_name\" content=\"Blog de l&#039;edici\u00f3 web a la UAB\" \/>\n<meta property=\"article:modified_time\" content=\"2023-04-19T12:38:26+00:00\" \/>\n<meta property=\"og:image\" content=\"https:\/\/webs.uab.cat\/edicio-web\/wp-content\/uploads\/sites\/31\/2023\/03\/image-12.png\" \/>\n<meta name=\"twitter:card\" content=\"summary_large_image\" \/>\n<meta name=\"twitter:label1\" content=\"Temps estimat de lectura\" \/>\n\t<meta name=\"twitter:data1\" content=\"2 minuts\" \/>\n<script type=\"application\/ld+json\" class=\"yoast-schema-graph\">{\"@context\":\"https:\/\/schema.org\",\"@graph\":[{\"@type\":\"WebPage\",\"@id\":\"https:\/\/webs.uab.cat\/edicio-web\/manual-wordpress\/pagines-i-entrades\/entrades\/\",\"url\":\"https:\/\/webs.uab.cat\/edicio-web\/manual-wordpress\/pagines-i-entrades\/entrades\/\",\"name\":\"WP: Entrades &#8212; Blog de l&#039;edici\u00f3 web a la UAB\",\"isPartOf\":{\"@id\":\"https:\/\/webs.uab.cat\/edicio-web\/#website\"},\"primaryImageOfPage\":{\"@id\":\"https:\/\/webs.uab.cat\/edicio-web\/manual-wordpress\/pagines-i-entrades\/entrades\/#primaryimage\"},\"image\":{\"@id\":\"https:\/\/webs.uab.cat\/edicio-web\/manual-wordpress\/pagines-i-entrades\/entrades\/#primaryimage\"},\"thumbnailUrl\":\"https:\/\/webs.uab.cat\/edicio-web\/wp-content\/uploads\/sites\/31\/2023\/03\/image-12.png\",\"datePublished\":\"2023-03-29T07:20:24+00:00\",\"dateModified\":\"2023-04-19T12:38:26+00:00\",\"breadcrumb\":{\"@id\":\"https:\/\/webs.uab.cat\/edicio-web\/manual-wordpress\/pagines-i-entrades\/entrades\/#breadcrumb\"},\"inLanguage\":\"ca\",\"potentialAction\":[{\"@type\":\"ReadAction\",\"target\":[\"https:\/\/webs.uab.cat\/edicio-web\/manual-wordpress\/pagines-i-entrades\/entrades\/\"]}]},{\"@type\":\"ImageObject\",\"inLanguage\":\"ca\",\"@id\":\"https:\/\/webs.uab.cat\/edicio-web\/manual-wordpress\/pagines-i-entrades\/entrades\/#primaryimage\",\"url\":\"https:\/\/webs.uab.cat\/edicio-web\/wp-content\/uploads\/sites\/31\/2023\/03\/image-12.png\",\"contentUrl\":\"https:\/\/webs.uab.cat\/edicio-web\/wp-content\/uploads\/sites\/31\/2023\/03\/image-12.png\",\"width\":370,\"height\":454},{\"@type\":\"BreadcrumbList\",\"@id\":\"https:\/\/webs.uab.cat\/edicio-web\/manual-wordpress\/pagines-i-entrades\/entrades\/#breadcrumb\",\"itemListElement\":[{\"@type\":\"ListItem\",\"position\":1,\"name\":\"Inici\",\"item\":\"https:\/\/webs.uab.cat\/edicio-web\/\"},{\"@type\":\"ListItem\",\"position\":2,\"name\":\"WP: Manual WordPress\",\"item\":\"https:\/\/webs.uab.cat\/edicio-web\/manual-wordpress\/\"},{\"@type\":\"ListItem\",\"position\":3,\"name\":\"WP: P\u00e0gines i entrades\",\"item\":\"https:\/\/webs.uab.cat\/edicio-web\/manual-wordpress\/pagines-i-entrades\/\"},{\"@type\":\"ListItem\",\"position\":4,\"name\":\"WP: Entrades\"}]},{\"@type\":\"WebSite\",\"@id\":\"https:\/\/webs.uab.cat\/edicio-web\/#website\",\"url\":\"https:\/\/webs.uab.cat\/edicio-web\/\",\"name\":\"Blog de l'edici\u00f3 web a la UAB\",\"description\":\"Un espai amb recursos \u00fatils per a les persones que editen el web de la UAB\",\"publisher\":{\"@id\":\"https:\/\/webs.uab.cat\/edicio-web\/#organization\"},\"potentialAction\":[{\"@type\":\"SearchAction\",\"target\":{\"@type\":\"EntryPoint\",\"urlTemplate\":\"https:\/\/webs.uab.cat\/edicio-web\/?s={search_term_string}\"},\"query-input\":{\"@type\":\"PropertyValueSpecification\",\"valueRequired\":true,\"valueName\":\"search_term_string\"}}],\"inLanguage\":\"ca\"},{\"@type\":\"Organization\",\"@id\":\"https:\/\/webs.uab.cat\/edicio-web\/#organization\",\"name\":\"Unitat de Web, Universitat Aut\u00f2noma de Barcelona\",\"url\":\"https:\/\/webs.uab.cat\/edicio-web\/\",\"logo\":{\"@type\":\"ImageObject\",\"inLanguage\":\"ca\",\"@id\":\"https:\/\/webs.uab.cat\/edicio-web\/#\/schema\/logo\/image\/\",\"url\":\"https:\/\/webs.uab.cat\/edicio-web\/wp-content\/uploads\/sites\/31\/2024\/11\/logotip-uab-esquerra-2-linies-verd.png\",\"contentUrl\":\"https:\/\/webs.uab.cat\/edicio-web\/wp-content\/uploads\/sites\/31\/2024\/11\/logotip-uab-esquerra-2-linies-verd.png\",\"width\":1892,\"height\":727,\"caption\":\"Unitat de Web, Universitat Aut\u00f2noma de Barcelona\"},\"image\":{\"@id\":\"https:\/\/webs.uab.cat\/edicio-web\/#\/schema\/logo\/image\/\"}}]}<\/script>\n<!-- \/ Yoast SEO plugin. -->","yoast_head_json":{"title":"WP: Entrades &#8212; Blog de l&#039;edici\u00f3 web a la UAB","robots":{"index":"index","follow":"follow","max-snippet":"max-snippet:-1","max-image-preview":"max-image-preview:large","max-video-preview":"max-video-preview:-1"},"canonical":"https:\/\/webs.uab.cat\/edicio-web\/manual-wordpress\/pagines-i-entrades\/entrades\/","og_locale":"ca_ES","og_type":"article","og_title":"WP: Entrades &#8212; Blog de l&#039;edici\u00f3 web a la UAB","og_description":"Opcions de configuraci\u00f3 addicionals per a entrades Categories Totes les entrades que es creen amb WordPress pertanyen a una o m\u00e9s categories que permeten agrupar entrades relacionades. Permeten tenir les entrades organitzades i es poden utilitzar per mostrar entrades a diferents llocs del web, facilitant als usuaris que trobin el que cerquen. A la barra [&hellip;]","og_url":"https:\/\/webs.uab.cat\/edicio-web\/manual-wordpress\/pagines-i-entrades\/entrades\/","og_site_name":"Blog de l&#039;edici\u00f3 web a la UAB","article_modified_time":"2023-04-19T12:38:26+00:00","og_image":[{"url":"https:\/\/webs.uab.cat\/edicio-web\/wp-content\/uploads\/sites\/31\/2023\/03\/image-12.png","type":"","width":"","height":""}],"twitter_card":"summary_large_image","twitter_misc":{"Temps estimat de lectura":"2 minuts"},"schema":{"@context":"https:\/\/schema.org","@graph":[{"@type":"WebPage","@id":"https:\/\/webs.uab.cat\/edicio-web\/manual-wordpress\/pagines-i-entrades\/entrades\/","url":"https:\/\/webs.uab.cat\/edicio-web\/manual-wordpress\/pagines-i-entrades\/entrades\/","name":"WP: Entrades &#8212; Blog de l&#039;edici\u00f3 web a la UAB","isPartOf":{"@id":"https:\/\/webs.uab.cat\/edicio-web\/#website"},"primaryImageOfPage":{"@id":"https:\/\/webs.uab.cat\/edicio-web\/manual-wordpress\/pagines-i-entrades\/entrades\/#primaryimage"},"image":{"@id":"https:\/\/webs.uab.cat\/edicio-web\/manual-wordpress\/pagines-i-entrades\/entrades\/#primaryimage"},"thumbnailUrl":"https:\/\/webs.uab.cat\/edicio-web\/wp-content\/uploads\/sites\/31\/2023\/03\/image-12.png","datePublished":"2023-03-29T07:20:24+00:00","dateModified":"2023-04-19T12:38:26+00:00","breadcrumb":{"@id":"https:\/\/webs.uab.cat\/edicio-web\/manual-wordpress\/pagines-i-entrades\/entrades\/#breadcrumb"},"inLanguage":"ca","potentialAction":[{"@type":"ReadAction","target":["https:\/\/webs.uab.cat\/edicio-web\/manual-wordpress\/pagines-i-entrades\/entrades\/"]}]},{"@type":"ImageObject","inLanguage":"ca","@id":"https:\/\/webs.uab.cat\/edicio-web\/manual-wordpress\/pagines-i-entrades\/entrades\/#primaryimage","url":"https:\/\/webs.uab.cat\/edicio-web\/wp-content\/uploads\/sites\/31\/2023\/03\/image-12.png","contentUrl":"https:\/\/webs.uab.cat\/edicio-web\/wp-content\/uploads\/sites\/31\/2023\/03\/image-12.png","width":370,"height":454},{"@type":"BreadcrumbList","@id":"https:\/\/webs.uab.cat\/edicio-web\/manual-wordpress\/pagines-i-entrades\/entrades\/#breadcrumb","itemListElement":[{"@type":"ListItem","position":1,"name":"Inici","item":"https:\/\/webs.uab.cat\/edicio-web\/"},{"@type":"ListItem","position":2,"name":"WP: Manual WordPress","item":"https:\/\/webs.uab.cat\/edicio-web\/manual-wordpress\/"},{"@type":"ListItem","position":3,"name":"WP: P\u00e0gines i entrades","item":"https:\/\/webs.uab.cat\/edicio-web\/manual-wordpress\/pagines-i-entrades\/"},{"@type":"ListItem","position":4,"name":"WP: Entrades"}]},{"@type":"WebSite","@id":"https:\/\/webs.uab.cat\/edicio-web\/#website","url":"https:\/\/webs.uab.cat\/edicio-web\/","name":"Blog de l'edici\u00f3 web a la UAB","description":"Un espai amb recursos \u00fatils per a les persones que editen el web de la UAB","publisher":{"@id":"https:\/\/webs.uab.cat\/edicio-web\/#organization"},"potentialAction":[{"@type":"SearchAction","target":{"@type":"EntryPoint","urlTemplate":"https:\/\/webs.uab.cat\/edicio-web\/?s={search_term_string}"},"query-input":{"@type":"PropertyValueSpecification","valueRequired":true,"valueName":"search_term_string"}}],"inLanguage":"ca"},{"@type":"Organization","@id":"https:\/\/webs.uab.cat\/edicio-web\/#organization","name":"Unitat de Web, Universitat Aut\u00f2noma de Barcelona","url":"https:\/\/webs.uab.cat\/edicio-web\/","logo":{"@type":"ImageObject","inLanguage":"ca","@id":"https:\/\/webs.uab.cat\/edicio-web\/#\/schema\/logo\/image\/","url":"https:\/\/webs.uab.cat\/edicio-web\/wp-content\/uploads\/sites\/31\/2024\/11\/logotip-uab-esquerra-2-linies-verd.png","contentUrl":"https:\/\/webs.uab.cat\/edicio-web\/wp-content\/uploads\/sites\/31\/2024\/11\/logotip-uab-esquerra-2-linies-verd.png","width":1892,"height":727,"caption":"Unitat de Web, Universitat Aut\u00f2noma de Barcelona"},"image":{"@id":"https:\/\/webs.uab.cat\/edicio-web\/#\/schema\/logo\/image\/"}}]}},"_links":{"self":[{"href":"https:\/\/webs.uab.cat\/edicio-web\/wp-json\/wp\/v2\/pages\/2377","targetHints":{"allow":["GET"]}}],"collection":[{"href":"https:\/\/webs.uab.cat\/edicio-web\/wp-json\/wp\/v2\/pages"}],"about":[{"href":"https:\/\/webs.uab.cat\/edicio-web\/wp-json\/wp\/v2\/types\/page"}],"author":[{"embeddable":true,"href":"https:\/\/webs.uab.cat\/edicio-web\/wp-json\/wp\/v2\/users\/20"}],"replies":[{"embeddable":true,"href":"https:\/\/webs.uab.cat\/edicio-web\/wp-json\/wp\/v2\/comments?post=2377"}],"version-history":[{"count":10,"href":"https:\/\/webs.uab.cat\/edicio-web\/wp-json\/wp\/v2\/pages\/2377\/revisions"}],"predecessor-version":[{"id":3116,"href":"https:\/\/webs.uab.cat\/edicio-web\/wp-json\/wp\/v2\/pages\/2377\/revisions\/3116"}],"up":[{"embeddable":true,"href":"https:\/\/webs.uab.cat\/edicio-web\/wp-json\/wp\/v2\/pages\/2339"}],"wp:attachment":[{"href":"https:\/\/webs.uab.cat\/edicio-web\/wp-json\/wp\/v2\/media?parent=2377"}],"curies":[{"name":"wp","href":"https:\/\/api.w.org\/{rel}","templated":true}]}}