{"id":2753,"date":"2023-03-30T13:07:51","date_gmt":"2023-03-30T11:07:51","guid":{"rendered":"https:\/\/webs.uab.cat\/edicio-web\/?page_id=2753"},"modified":"2023-04-19T14:06:10","modified_gmt":"2023-04-19T12:06:10","slug":"wp-blocs-de-tema","status":"publish","type":"page","link":"https:\/\/webs.uab.cat\/edicio-web\/manual-wordpress\/edicio-amb-blocs-de-contingut\/wp-blocs-de-tema\/","title":{"rendered":"WP: blocs de tema"},"content":{"rendered":"<div class=\"wp-block-image\">\n<figure class=\"alignleft size-full is-resized\"><img loading=\"lazy\" decoding=\"async\" src=\"https:\/\/webs.uab.cat\/edicio-web\/wp-content\/uploads\/sites\/31\/2023\/03\/Captura-de-pantalla-2023-03-30-a-les-13.04.47.png\" alt=\"\" class=\"wp-image-2754\" width=\"84\" height=\"76\"\/><\/figure>\n<\/div>\n\n\n<h2 class=\"wp-block-heading\">Consulta bucle<\/h2>\n\n\n\n<p>Permet inserir un llistat d&#8217;entrades filtrades per diferents par\u00e0metres.<\/p>\n\n\n\n<figure class=\"wp-block-image size-large\"><img loading=\"lazy\" decoding=\"async\" width=\"1024\" height=\"309\" src=\"https:\/\/webs.uab.cat\/edicio-web\/wp-content\/uploads\/sites\/31\/2023\/04\/Captura-de-pantalla-2023-04-18-a-les-12.18.17-1024x309.png\" alt=\"\" class=\"wp-image-3259\" srcset=\"https:\/\/webs.uab.cat\/edicio-web\/wp-content\/uploads\/sites\/31\/2023\/04\/Captura-de-pantalla-2023-04-18-a-les-12.18.17-1024x309.png 1024w, https:\/\/webs.uab.cat\/edicio-web\/wp-content\/uploads\/sites\/31\/2023\/04\/Captura-de-pantalla-2023-04-18-a-les-12.18.17-300x91.png 300w, https:\/\/webs.uab.cat\/edicio-web\/wp-content\/uploads\/sites\/31\/2023\/04\/Captura-de-pantalla-2023-04-18-a-les-12.18.17-768x232.png 768w, https:\/\/webs.uab.cat\/edicio-web\/wp-content\/uploads\/sites\/31\/2023\/04\/Captura-de-pantalla-2023-04-18-a-les-12.18.17-1200x363.png 1200w, https:\/\/webs.uab.cat\/edicio-web\/wp-content\/uploads\/sites\/31\/2023\/04\/Captura-de-pantalla-2023-04-18-a-les-12.18.17.png 1430w\" sizes=\"auto, (max-width: 1024px) 100vw, 1024px\" \/><figcaption>Inserci\u00f3 d&#8217;un bloc de consulta en bucle<\/figcaption><\/figure>\n\n\n\n<p>Per a la visualitzaci\u00f3 del resultat de la consulta, podeu triar un dels patrons predeterminats anant a l&#8217;opci\u00f3 <em>Tria<\/em> en inserir el bloc. Aquests patrons permeten visualitzar les entrades resultants de la consulta mostrant una combinaci\u00f3 de t\u00edol de l&#8217;entrada, entradeta, imatge destacada i data. Seleccioneu la que preferiu utilitzar per inserir el bloc.<\/p>\n\n\n\n<figure class=\"wp-block-image size-large\"><img loading=\"lazy\" decoding=\"async\" width=\"1024\" height=\"842\" src=\"https:\/\/webs.uab.cat\/edicio-web\/wp-content\/uploads\/sites\/31\/2023\/04\/Captura-de-pantalla-2023-04-18-a-les-12.21.26-1024x842.png\" alt=\"\" class=\"wp-image-3260\" srcset=\"https:\/\/webs.uab.cat\/edicio-web\/wp-content\/uploads\/sites\/31\/2023\/04\/Captura-de-pantalla-2023-04-18-a-les-12.21.26-1024x842.png 1024w, https:\/\/webs.uab.cat\/edicio-web\/wp-content\/uploads\/sites\/31\/2023\/04\/Captura-de-pantalla-2023-04-18-a-les-12.21.26-300x247.png 300w, https:\/\/webs.uab.cat\/edicio-web\/wp-content\/uploads\/sites\/31\/2023\/04\/Captura-de-pantalla-2023-04-18-a-les-12.21.26-768x631.png 768w, https:\/\/webs.uab.cat\/edicio-web\/wp-content\/uploads\/sites\/31\/2023\/04\/Captura-de-pantalla-2023-04-18-a-les-12.21.26-1536x1263.png 1536w, https:\/\/webs.uab.cat\/edicio-web\/wp-content\/uploads\/sites\/31\/2023\/04\/Captura-de-pantalla-2023-04-18-a-les-12.21.26-2048x1684.png 2048w, https:\/\/webs.uab.cat\/edicio-web\/wp-content\/uploads\/sites\/31\/2023\/04\/Captura-de-pantalla-2023-04-18-a-les-12.21.26-1200x987.png 1200w, https:\/\/webs.uab.cat\/edicio-web\/wp-content\/uploads\/sites\/31\/2023\/04\/Captura-de-pantalla-2023-04-18-a-les-12.21.26-1980x1628.png 1980w\" sizes=\"auto, (max-width: 1024px) 100vw, 1024px\" \/><figcaption>Tria de patrons per a la visualitzaci\u00f3 de les consultes bucle.<\/figcaption><\/figure>\n\n\n\n<div class=\"wp-block-media-text has-media-on-the-right is-stacked-on-mobile\" style=\"grid-template-columns:auto 31%\"><figure class=\"wp-block-media-text__media\"><img loading=\"lazy\" decoding=\"async\" width=\"249\" height=\"1024\" src=\"https:\/\/webs.uab.cat\/edicio-web\/wp-content\/uploads\/sites\/31\/2023\/03\/Captura-de-pantalla-2023-03-30-a-les-13.07.03-249x1024.png\" alt=\"\" class=\"wp-image-2755 size-full\" srcset=\"https:\/\/webs.uab.cat\/edicio-web\/wp-content\/uploads\/sites\/31\/2023\/03\/Captura-de-pantalla-2023-03-30-a-les-13.07.03-249x1024.png 249w, https:\/\/webs.uab.cat\/edicio-web\/wp-content\/uploads\/sites\/31\/2023\/03\/Captura-de-pantalla-2023-03-30-a-les-13.07.03-73x300.png 73w, https:\/\/webs.uab.cat\/edicio-web\/wp-content\/uploads\/sites\/31\/2023\/03\/Captura-de-pantalla-2023-03-30-a-les-13.07.03-374x1536.png 374w\" sizes=\"auto, (max-width: 249px) 100vw, 249px\" \/><\/figure><div class=\"wp-block-media-text__content\">\n<p class=\"has-small-font-size\">Posteriorment, podeu configurar aquest bloc amb les opcions de configuraci\u00f3 de la barra lateral dreta. Tria del tipus de contingut que es mostra (p\u00e0gina, entrada o tipus de contingut personalitzat si en teniu), ordenaci\u00f3 per data ascendent o descendent i filtrat per categoria, etqueta, autors o paraules clau.<\/p>\n<\/div><\/div>\n\n\n\n<hr class=\"wp-block-separator has-alpha-channel-opacity is-style-wide\"\/>\n\n\n\n<div class=\"wp-block-buttons alignfull is-content-justification-center is-layout-flex wp-container-core-buttons-is-layout-16018d1d wp-block-buttons-is-layout-flex\">\n<div class=\"wp-block-button has-custom-width wp-block-button__width-25 enrera\"><a class=\"wp-block-button__link\" href=\"https:\/\/webs.uab.cat\/edicio-web\/manual-wordpress\/edicio-amb-blocs-de-contingut\/wp-blocs-de-maquetacio\/\">Blocs de maquetaci\u00f3<\/a><\/div>\n\n\n\n<div class=\"wp-block-button has-custom-width wp-block-button__width-25 is-style-outline is-style-outline--1\"><a class=\"wp-block-button__link\" href=\"https:\/\/webs.uab.cat\/edicio-web\/manual-wordpress\/\">TAULA DE CONTINGUTS<\/a><\/div>\n\n\n\n<div class=\"wp-block-button has-custom-width wp-block-button__width-25 endavant\"><a class=\"wp-block-button__link\" href=\"https:\/\/webs.uab.cat\/edicio-web\/wp-menus\">Men\u00fas<\/a><\/div>\n<\/div>\n\n\n\n<p><\/p>\n","protected":false},"excerpt":{"rendered":"<p>Consulta bucle Permet inserir un llistat d&#8217;entrades filtrades per diferents par\u00e0metres. Per a la visualitzaci\u00f3 del resultat de la consulta, podeu triar un dels patrons predeterminats anant a l&#8217;opci\u00f3 Tria en inserir el bloc. Aquests patrons permeten visualitzar les entrades resultants de la consulta mostrant una combinaci\u00f3 de t\u00edol de l&#8217;entrada, entradeta, imatge destacada i [&hellip;]<\/p>\n","protected":false},"author":20,"featured_media":0,"parent":2392,"menu_order":0,"comment_status":"closed","ping_status":"closed","template":"","meta":{"footnotes":""},"class_list":["post-2753","page","type-page","status-publish","hentry"],"yoast_head":"<!-- This site is optimized with the Yoast SEO plugin v26.8 - https:\/\/yoast.com\/product\/yoast-seo-wordpress\/ -->\n<title>WP: blocs de tema &#8212; Blog de l&#039;edici\u00f3 web a la UAB<\/title>\n<meta name=\"robots\" content=\"index, follow, max-snippet:-1, max-image-preview:large, max-video-preview:-1\" \/>\n<link rel=\"canonical\" href=\"https:\/\/webs.uab.cat\/edicio-web\/manual-wordpress\/edicio-amb-blocs-de-contingut\/wp-blocs-de-tema\/\" \/>\n<meta property=\"og:locale\" content=\"ca_ES\" \/>\n<meta property=\"og:type\" content=\"article\" \/>\n<meta property=\"og:title\" content=\"WP: blocs de tema &#8212; Blog de l&#039;edici\u00f3 web a la UAB\" \/>\n<meta property=\"og:description\" content=\"Consulta bucle Permet inserir un llistat d&#8217;entrades filtrades per diferents par\u00e0metres. Per a la visualitzaci\u00f3 del resultat de la consulta, podeu triar un dels patrons predeterminats anant a l&#8217;opci\u00f3 Tria en inserir el bloc. Aquests patrons permeten visualitzar les entrades resultants de la consulta mostrant una combinaci\u00f3 de t\u00edol de l&#8217;entrada, entradeta, imatge destacada i [&hellip;]\" \/>\n<meta property=\"og:url\" content=\"https:\/\/webs.uab.cat\/edicio-web\/manual-wordpress\/edicio-amb-blocs-de-contingut\/wp-blocs-de-tema\/\" \/>\n<meta property=\"og:site_name\" content=\"Blog de l&#039;edici\u00f3 web a la UAB\" \/>\n<meta property=\"article:modified_time\" content=\"2023-04-19T12:06:10+00:00\" \/>\n<meta property=\"og:image\" content=\"https:\/\/webs.uab.cat\/edicio-web\/wp-content\/uploads\/sites\/31\/2023\/03\/Captura-de-pantalla-2023-03-30-a-les-13.04.47.png\" \/>\n<meta name=\"twitter:card\" content=\"summary_large_image\" \/>\n<meta name=\"twitter:label1\" content=\"Temps estimat de lectura\" \/>\n\t<meta name=\"twitter:data1\" content=\"1 minut\" \/>\n<script type=\"application\/ld+json\" class=\"yoast-schema-graph\">{\"@context\":\"https:\/\/schema.org\",\"@graph\":[{\"@type\":\"WebPage\",\"@id\":\"https:\/\/webs.uab.cat\/edicio-web\/manual-wordpress\/edicio-amb-blocs-de-contingut\/wp-blocs-de-tema\/\",\"url\":\"https:\/\/webs.uab.cat\/edicio-web\/manual-wordpress\/edicio-amb-blocs-de-contingut\/wp-blocs-de-tema\/\",\"name\":\"WP: blocs de tema &#8212; Blog de l&#039;edici\u00f3 web a la UAB\",\"isPartOf\":{\"@id\":\"https:\/\/webs.uab.cat\/edicio-web\/#website\"},\"primaryImageOfPage\":{\"@id\":\"https:\/\/webs.uab.cat\/edicio-web\/manual-wordpress\/edicio-amb-blocs-de-contingut\/wp-blocs-de-tema\/#primaryimage\"},\"image\":{\"@id\":\"https:\/\/webs.uab.cat\/edicio-web\/manual-wordpress\/edicio-amb-blocs-de-contingut\/wp-blocs-de-tema\/#primaryimage\"},\"thumbnailUrl\":\"https:\/\/webs.uab.cat\/edicio-web\/wp-content\/uploads\/sites\/31\/2023\/03\/Captura-de-pantalla-2023-03-30-a-les-13.04.47.png\",\"datePublished\":\"2023-03-30T11:07:51+00:00\",\"dateModified\":\"2023-04-19T12:06:10+00:00\",\"breadcrumb\":{\"@id\":\"https:\/\/webs.uab.cat\/edicio-web\/manual-wordpress\/edicio-amb-blocs-de-contingut\/wp-blocs-de-tema\/#breadcrumb\"},\"inLanguage\":\"ca\",\"potentialAction\":[{\"@type\":\"ReadAction\",\"target\":[\"https:\/\/webs.uab.cat\/edicio-web\/manual-wordpress\/edicio-amb-blocs-de-contingut\/wp-blocs-de-tema\/\"]}]},{\"@type\":\"ImageObject\",\"inLanguage\":\"ca\",\"@id\":\"https:\/\/webs.uab.cat\/edicio-web\/manual-wordpress\/edicio-amb-blocs-de-contingut\/wp-blocs-de-tema\/#primaryimage\",\"url\":\"https:\/\/webs.uab.cat\/edicio-web\/wp-content\/uploads\/sites\/31\/2023\/03\/Captura-de-pantalla-2023-03-30-a-les-13.04.47.png\",\"contentUrl\":\"https:\/\/webs.uab.cat\/edicio-web\/wp-content\/uploads\/sites\/31\/2023\/03\/Captura-de-pantalla-2023-03-30-a-les-13.04.47.png\",\"width\":202,\"height\":182},{\"@type\":\"BreadcrumbList\",\"@id\":\"https:\/\/webs.uab.cat\/edicio-web\/manual-wordpress\/edicio-amb-blocs-de-contingut\/wp-blocs-de-tema\/#breadcrumb\",\"itemListElement\":[{\"@type\":\"ListItem\",\"position\":1,\"name\":\"Inici\",\"item\":\"https:\/\/webs.uab.cat\/edicio-web\/\"},{\"@type\":\"ListItem\",\"position\":2,\"name\":\"WP: Manual WordPress\",\"item\":\"https:\/\/webs.uab.cat\/edicio-web\/manual-wordpress\/\"},{\"@type\":\"ListItem\",\"position\":3,\"name\":\"WP: Edici\u00f3 amb blocs de contingut\",\"item\":\"https:\/\/webs.uab.cat\/edicio-web\/manual-wordpress\/edicio-amb-blocs-de-contingut\/\"},{\"@type\":\"ListItem\",\"position\":4,\"name\":\"WP: blocs de tema\"}]},{\"@type\":\"WebSite\",\"@id\":\"https:\/\/webs.uab.cat\/edicio-web\/#website\",\"url\":\"https:\/\/webs.uab.cat\/edicio-web\/\",\"name\":\"Blog de l'edici\u00f3 web a la UAB\",\"description\":\"Un espai amb recursos \u00fatils per a les persones que editen el web de la UAB\",\"publisher\":{\"@id\":\"https:\/\/webs.uab.cat\/edicio-web\/#organization\"},\"potentialAction\":[{\"@type\":\"SearchAction\",\"target\":{\"@type\":\"EntryPoint\",\"urlTemplate\":\"https:\/\/webs.uab.cat\/edicio-web\/?s={search_term_string}\"},\"query-input\":{\"@type\":\"PropertyValueSpecification\",\"valueRequired\":true,\"valueName\":\"search_term_string\"}}],\"inLanguage\":\"ca\"},{\"@type\":\"Organization\",\"@id\":\"https:\/\/webs.uab.cat\/edicio-web\/#organization\",\"name\":\"Unitat de Web, Universitat Aut\u00f2noma de Barcelona\",\"url\":\"https:\/\/webs.uab.cat\/edicio-web\/\",\"logo\":{\"@type\":\"ImageObject\",\"inLanguage\":\"ca\",\"@id\":\"https:\/\/webs.uab.cat\/edicio-web\/#\/schema\/logo\/image\/\",\"url\":\"https:\/\/webs.uab.cat\/edicio-web\/wp-content\/uploads\/sites\/31\/2024\/11\/logotip-uab-esquerra-2-linies-verd.png\",\"contentUrl\":\"https:\/\/webs.uab.cat\/edicio-web\/wp-content\/uploads\/sites\/31\/2024\/11\/logotip-uab-esquerra-2-linies-verd.png\",\"width\":1892,\"height\":727,\"caption\":\"Unitat de Web, Universitat Aut\u00f2noma de Barcelona\"},\"image\":{\"@id\":\"https:\/\/webs.uab.cat\/edicio-web\/#\/schema\/logo\/image\/\"}}]}<\/script>\n<!-- \/ Yoast SEO plugin. -->","yoast_head_json":{"title":"WP: blocs de tema &#8212; Blog de l&#039;edici\u00f3 web a la UAB","robots":{"index":"index","follow":"follow","max-snippet":"max-snippet:-1","max-image-preview":"max-image-preview:large","max-video-preview":"max-video-preview:-1"},"canonical":"https:\/\/webs.uab.cat\/edicio-web\/manual-wordpress\/edicio-amb-blocs-de-contingut\/wp-blocs-de-tema\/","og_locale":"ca_ES","og_type":"article","og_title":"WP: blocs de tema &#8212; Blog de l&#039;edici\u00f3 web a la UAB","og_description":"Consulta bucle Permet inserir un llistat d&#8217;entrades filtrades per diferents par\u00e0metres. Per a la visualitzaci\u00f3 del resultat de la consulta, podeu triar un dels patrons predeterminats anant a l&#8217;opci\u00f3 Tria en inserir el bloc. Aquests patrons permeten visualitzar les entrades resultants de la consulta mostrant una combinaci\u00f3 de t\u00edol de l&#8217;entrada, entradeta, imatge destacada i [&hellip;]","og_url":"https:\/\/webs.uab.cat\/edicio-web\/manual-wordpress\/edicio-amb-blocs-de-contingut\/wp-blocs-de-tema\/","og_site_name":"Blog de l&#039;edici\u00f3 web a la UAB","article_modified_time":"2023-04-19T12:06:10+00:00","og_image":[{"url":"https:\/\/webs.uab.cat\/edicio-web\/wp-content\/uploads\/sites\/31\/2023\/03\/Captura-de-pantalla-2023-03-30-a-les-13.04.47.png","type":"","width":"","height":""}],"twitter_card":"summary_large_image","twitter_misc":{"Temps estimat de lectura":"1 minut"},"schema":{"@context":"https:\/\/schema.org","@graph":[{"@type":"WebPage","@id":"https:\/\/webs.uab.cat\/edicio-web\/manual-wordpress\/edicio-amb-blocs-de-contingut\/wp-blocs-de-tema\/","url":"https:\/\/webs.uab.cat\/edicio-web\/manual-wordpress\/edicio-amb-blocs-de-contingut\/wp-blocs-de-tema\/","name":"WP: blocs de tema &#8212; Blog de l&#039;edici\u00f3 web a la UAB","isPartOf":{"@id":"https:\/\/webs.uab.cat\/edicio-web\/#website"},"primaryImageOfPage":{"@id":"https:\/\/webs.uab.cat\/edicio-web\/manual-wordpress\/edicio-amb-blocs-de-contingut\/wp-blocs-de-tema\/#primaryimage"},"image":{"@id":"https:\/\/webs.uab.cat\/edicio-web\/manual-wordpress\/edicio-amb-blocs-de-contingut\/wp-blocs-de-tema\/#primaryimage"},"thumbnailUrl":"https:\/\/webs.uab.cat\/edicio-web\/wp-content\/uploads\/sites\/31\/2023\/03\/Captura-de-pantalla-2023-03-30-a-les-13.04.47.png","datePublished":"2023-03-30T11:07:51+00:00","dateModified":"2023-04-19T12:06:10+00:00","breadcrumb":{"@id":"https:\/\/webs.uab.cat\/edicio-web\/manual-wordpress\/edicio-amb-blocs-de-contingut\/wp-blocs-de-tema\/#breadcrumb"},"inLanguage":"ca","potentialAction":[{"@type":"ReadAction","target":["https:\/\/webs.uab.cat\/edicio-web\/manual-wordpress\/edicio-amb-blocs-de-contingut\/wp-blocs-de-tema\/"]}]},{"@type":"ImageObject","inLanguage":"ca","@id":"https:\/\/webs.uab.cat\/edicio-web\/manual-wordpress\/edicio-amb-blocs-de-contingut\/wp-blocs-de-tema\/#primaryimage","url":"https:\/\/webs.uab.cat\/edicio-web\/wp-content\/uploads\/sites\/31\/2023\/03\/Captura-de-pantalla-2023-03-30-a-les-13.04.47.png","contentUrl":"https:\/\/webs.uab.cat\/edicio-web\/wp-content\/uploads\/sites\/31\/2023\/03\/Captura-de-pantalla-2023-03-30-a-les-13.04.47.png","width":202,"height":182},{"@type":"BreadcrumbList","@id":"https:\/\/webs.uab.cat\/edicio-web\/manual-wordpress\/edicio-amb-blocs-de-contingut\/wp-blocs-de-tema\/#breadcrumb","itemListElement":[{"@type":"ListItem","position":1,"name":"Inici","item":"https:\/\/webs.uab.cat\/edicio-web\/"},{"@type":"ListItem","position":2,"name":"WP: Manual WordPress","item":"https:\/\/webs.uab.cat\/edicio-web\/manual-wordpress\/"},{"@type":"ListItem","position":3,"name":"WP: Edici\u00f3 amb blocs de contingut","item":"https:\/\/webs.uab.cat\/edicio-web\/manual-wordpress\/edicio-amb-blocs-de-contingut\/"},{"@type":"ListItem","position":4,"name":"WP: blocs de tema"}]},{"@type":"WebSite","@id":"https:\/\/webs.uab.cat\/edicio-web\/#website","url":"https:\/\/webs.uab.cat\/edicio-web\/","name":"Blog de l'edici\u00f3 web a la UAB","description":"Un espai amb recursos \u00fatils per a les persones que editen el web de la UAB","publisher":{"@id":"https:\/\/webs.uab.cat\/edicio-web\/#organization"},"potentialAction":[{"@type":"SearchAction","target":{"@type":"EntryPoint","urlTemplate":"https:\/\/webs.uab.cat\/edicio-web\/?s={search_term_string}"},"query-input":{"@type":"PropertyValueSpecification","valueRequired":true,"valueName":"search_term_string"}}],"inLanguage":"ca"},{"@type":"Organization","@id":"https:\/\/webs.uab.cat\/edicio-web\/#organization","name":"Unitat de Web, Universitat Aut\u00f2noma de Barcelona","url":"https:\/\/webs.uab.cat\/edicio-web\/","logo":{"@type":"ImageObject","inLanguage":"ca","@id":"https:\/\/webs.uab.cat\/edicio-web\/#\/schema\/logo\/image\/","url":"https:\/\/webs.uab.cat\/edicio-web\/wp-content\/uploads\/sites\/31\/2024\/11\/logotip-uab-esquerra-2-linies-verd.png","contentUrl":"https:\/\/webs.uab.cat\/edicio-web\/wp-content\/uploads\/sites\/31\/2024\/11\/logotip-uab-esquerra-2-linies-verd.png","width":1892,"height":727,"caption":"Unitat de Web, Universitat Aut\u00f2noma de Barcelona"},"image":{"@id":"https:\/\/webs.uab.cat\/edicio-web\/#\/schema\/logo\/image\/"}}]}},"_links":{"self":[{"href":"https:\/\/webs.uab.cat\/edicio-web\/wp-json\/wp\/v2\/pages\/2753","targetHints":{"allow":["GET"]}}],"collection":[{"href":"https:\/\/webs.uab.cat\/edicio-web\/wp-json\/wp\/v2\/pages"}],"about":[{"href":"https:\/\/webs.uab.cat\/edicio-web\/wp-json\/wp\/v2\/types\/page"}],"author":[{"embeddable":true,"href":"https:\/\/webs.uab.cat\/edicio-web\/wp-json\/wp\/v2\/users\/20"}],"replies":[{"embeddable":true,"href":"https:\/\/webs.uab.cat\/edicio-web\/wp-json\/wp\/v2\/comments?post=2753"}],"version-history":[{"count":16,"href":"https:\/\/webs.uab.cat\/edicio-web\/wp-json\/wp\/v2\/pages\/2753\/revisions"}],"predecessor-version":[{"id":3340,"href":"https:\/\/webs.uab.cat\/edicio-web\/wp-json\/wp\/v2\/pages\/2753\/revisions\/3340"}],"up":[{"embeddable":true,"href":"https:\/\/webs.uab.cat\/edicio-web\/wp-json\/wp\/v2\/pages\/2392"}],"wp:attachment":[{"href":"https:\/\/webs.uab.cat\/edicio-web\/wp-json\/wp\/v2\/media?parent=2753"}],"curies":[{"name":"wp","href":"https:\/\/api.w.org\/{rel}","templated":true}]}}