{"id":2773,"date":"2023-03-30T14:09:51","date_gmt":"2023-03-30T12:09:51","guid":{"rendered":"https:\/\/webs.uab.cat\/edicio-web\/?page_id=2773"},"modified":"2023-04-18T13:03:55","modified_gmt":"2023-04-18T11:03:55","slug":"wp-media","status":"publish","type":"page","link":"https:\/\/webs.uab.cat\/edicio-web\/wp-media\/","title":{"rendered":"WP: M\u00e8dia"},"content":{"rendered":"\n<p>La biblioteca de medis \u00e9s un cat\u00e0leg de tots els arxius de medis que has carregat al teu web. Permet pujar arxius del tipus:<\/p>\n\n\n\n<ul class=\"wp-block-list\"><li>Imatge (.jpg, .jpeg, .png, .gif i .ico)<\/li><li>\u00e0udio (.mp3, .m4a, . ogg, i . wav).<\/li><li>v\u00eddeo (.mp4, .m4v, . mov, . wmv, . avi, . mpg, . ogv, .3gp, i .3g2).<\/li><li>PDF<\/li><li>documents Word<\/li><li>fulls de c\u00e0lcul Excel<\/li><li>presentacions PowerPoint<\/li><li>documents d&#8217;Adobe Photoshop<\/li><\/ul>\n\n\n\n<div class=\"wp-block-media-text has-media-on-the-right is-stacked-on-mobile\"><figure class=\"wp-block-media-text__media\"><img loading=\"lazy\" decoding=\"async\" width=\"842\" height=\"530\" src=\"https:\/\/webs.uab.cat\/edicio-web\/wp-content\/uploads\/sites\/31\/2023\/03\/Captura-de-pantalla-2023-03-30-a-les-13.46.19.png\" alt=\"Localitzaci\u00f3 de l'acc\u00e9s a la mediateca de WordPress\" class=\"wp-image-2777 size-full\" srcset=\"https:\/\/webs.uab.cat\/edicio-web\/wp-content\/uploads\/sites\/31\/2023\/03\/Captura-de-pantalla-2023-03-30-a-les-13.46.19.png 842w, https:\/\/webs.uab.cat\/edicio-web\/wp-content\/uploads\/sites\/31\/2023\/03\/Captura-de-pantalla-2023-03-30-a-les-13.46.19-300x189.png 300w, https:\/\/webs.uab.cat\/edicio-web\/wp-content\/uploads\/sites\/31\/2023\/03\/Captura-de-pantalla-2023-03-30-a-les-13.46.19-768x483.png 768w\" sizes=\"auto, (max-width: 842px) 100vw, 842px\" \/><\/figure><div class=\"wp-block-media-text__content\">\n<p>Pots veure el contingut de la biblioteca de medis del teu web anant a <em>M\u00e8dia<\/em> &gt; <em>Mediateca<\/em>.<\/p>\n\n\n\n<p><\/p>\n<\/div><\/div>\n\n\n\n<p>Pots configurar la visualitzaci\u00f3 de la biblioteca de medis: mostrar un llistat dels elements o b\u00e9 una graella i aplicar filtres del tipus de m\u00e8dia i data de c\u00e0rrega a la biblioteca.<\/p>\n\n\n\n<figure class=\"wp-block-image size-large\"><img loading=\"lazy\" decoding=\"async\" width=\"1024\" height=\"601\" src=\"https:\/\/webs.uab.cat\/edicio-web\/wp-content\/uploads\/sites\/31\/2023\/03\/image-92-1024x601.png\" alt=\"Aspecte de la bilioteca de medis de WordPress per a la visualitzaci\u00f3 dels fitxers en llistat\" class=\"wp-image-2779\" srcset=\"https:\/\/webs.uab.cat\/edicio-web\/wp-content\/uploads\/sites\/31\/2023\/03\/image-92-1024x601.png 1024w, https:\/\/webs.uab.cat\/edicio-web\/wp-content\/uploads\/sites\/31\/2023\/03\/image-92-300x176.png 300w, https:\/\/webs.uab.cat\/edicio-web\/wp-content\/uploads\/sites\/31\/2023\/03\/image-92-768x451.png 768w, https:\/\/webs.uab.cat\/edicio-web\/wp-content\/uploads\/sites\/31\/2023\/03\/image-92-1536x902.png 1536w, https:\/\/webs.uab.cat\/edicio-web\/wp-content\/uploads\/sites\/31\/2023\/03\/image-92-2048x1202.png 2048w, https:\/\/webs.uab.cat\/edicio-web\/wp-content\/uploads\/sites\/31\/2023\/03\/image-92-1200x705.png 1200w, https:\/\/webs.uab.cat\/edicio-web\/wp-content\/uploads\/sites\/31\/2023\/03\/image-92-1980x1163.png 1980w\" sizes=\"auto, (max-width: 1024px) 100vw, 1024px\" \/><\/figure>\n\n\n\n<p>En la visualitzaci\u00f3 dels elements en forma de graella, tens tamb\u00e9 l&#8217;opci\u00f3 de seleccionar diversos elements per eliminar-los en bloc.<\/p>\n\n\n\n<h2 class=\"wp-block-heading\">Com afegir arxius a la biblioteca de medis?<\/h2>\n\n\n\n<p>Qualsevol element que es carregui al web, s&#8217;emmagatzema a la biblioteca de medis.<\/p>\n\n\n\n<p>Si des de l&#8217;edici\u00f3 d&#8217;una p\u00e0gina o entrada, inclous un bloc d&#8217;imatge, \u00e0udio, v\u00eddeo, fitxers&#8230; aquests apareixeran tamb\u00e9 a la biblioteca.<\/p>\n\n\n\n<p>A m\u00e9s, tamb\u00e9 en pots afegir des de la vista de la biblioteca de medis amb el bot\u00f3 <em>Afegeix<\/em>.<\/p>\n\n\n\n<figure class=\"wp-block-image size-large\"><img loading=\"lazy\" decoding=\"async\" width=\"1024\" height=\"586\" src=\"https:\/\/webs.uab.cat\/edicio-web\/wp-content\/uploads\/sites\/31\/2023\/03\/Captura-de-pantalla-2023-03-30-a-les-13.59.40-1024x586.png\" alt=\"Aspecte de la biblioteca de medis de WordPress.\" class=\"wp-image-2789\" srcset=\"https:\/\/webs.uab.cat\/edicio-web\/wp-content\/uploads\/sites\/31\/2023\/03\/Captura-de-pantalla-2023-03-30-a-les-13.59.40-1024x586.png 1024w, https:\/\/webs.uab.cat\/edicio-web\/wp-content\/uploads\/sites\/31\/2023\/03\/Captura-de-pantalla-2023-03-30-a-les-13.59.40-300x172.png 300w, https:\/\/webs.uab.cat\/edicio-web\/wp-content\/uploads\/sites\/31\/2023\/03\/Captura-de-pantalla-2023-03-30-a-les-13.59.40-768x439.png 768w, https:\/\/webs.uab.cat\/edicio-web\/wp-content\/uploads\/sites\/31\/2023\/03\/Captura-de-pantalla-2023-03-30-a-les-13.59.40-1536x879.png 1536w, https:\/\/webs.uab.cat\/edicio-web\/wp-content\/uploads\/sites\/31\/2023\/03\/Captura-de-pantalla-2023-03-30-a-les-13.59.40-1200x687.png 1200w, https:\/\/webs.uab.cat\/edicio-web\/wp-content\/uploads\/sites\/31\/2023\/03\/Captura-de-pantalla-2023-03-30-a-les-13.59.40.png 1856w\" sizes=\"auto, (max-width: 1024px) 100vw, 1024px\" \/><\/figure>\n\n\n\n<p>En tots els casos pots arrossegar un fitxer o seleccionar-lo a l&#8217;ordinador.<\/p>\n\n\n\n<p>Pots trobar tota la informaci\u00f3 d&#8217;un fitxer de la biblioteca de medis seleccionant-la:<\/p>\n\n\n\n<figure class=\"wp-block-image size-large\"><img loading=\"lazy\" decoding=\"async\" width=\"1024\" height=\"775\" src=\"https:\/\/webs.uab.cat\/edicio-web\/wp-content\/uploads\/sites\/31\/2023\/03\/Captura-de-pantalla-2023-03-30-a-les-14.08.46-1024x775.png\" alt=\"\" class=\"wp-image-2796\" srcset=\"https:\/\/webs.uab.cat\/edicio-web\/wp-content\/uploads\/sites\/31\/2023\/03\/Captura-de-pantalla-2023-03-30-a-les-14.08.46-1024x775.png 1024w, https:\/\/webs.uab.cat\/edicio-web\/wp-content\/uploads\/sites\/31\/2023\/03\/Captura-de-pantalla-2023-03-30-a-les-14.08.46-300x227.png 300w, https:\/\/webs.uab.cat\/edicio-web\/wp-content\/uploads\/sites\/31\/2023\/03\/Captura-de-pantalla-2023-03-30-a-les-14.08.46-768x582.png 768w, https:\/\/webs.uab.cat\/edicio-web\/wp-content\/uploads\/sites\/31\/2023\/03\/Captura-de-pantalla-2023-03-30-a-les-14.08.46-1536x1163.png 1536w, https:\/\/webs.uab.cat\/edicio-web\/wp-content\/uploads\/sites\/31\/2023\/03\/Captura-de-pantalla-2023-03-30-a-les-14.08.46-2048x1551.png 2048w, https:\/\/webs.uab.cat\/edicio-web\/wp-content\/uploads\/sites\/31\/2023\/03\/Captura-de-pantalla-2023-03-30-a-les-14.08.46-1200x909.png 1200w, https:\/\/webs.uab.cat\/edicio-web\/wp-content\/uploads\/sites\/31\/2023\/03\/Captura-de-pantalla-2023-03-30-a-les-14.08.46-1980x1499.png 1980w\" sizes=\"auto, (max-width: 1024px) 100vw, 1024px\" \/><figcaption>Finesta d&#8217;informaci\u00f3 d&#8217;una imatge de la bilioteca de medis  a WordPress.<\/figcaption><\/figure>\n\n\n\n<p>Pots proporcionar aqu\u00ed un text alternatiu que es mostrar\u00e0 als lectors de pantalla sempre que insertis aquesta imatge. Tamb\u00e9 trobar\u00e0s aqu\u00ed la URL de l&#8217;allotjament de la imatge i un bot\u00f3 que la copia la porta-retalls. <\/p>\n\n\n\n<h2 class=\"wp-block-heading\">Com descarregar arxius del web?<\/h2>\n\n\n\n<div class=\"wp-block-media-text has-media-on-the-right is-stacked-on-mobile\"><figure class=\"wp-block-media-text__media\"><img loading=\"lazy\" decoding=\"async\" width=\"662\" height=\"620\" src=\"https:\/\/webs.uab.cat\/edicio-web\/wp-content\/uploads\/sites\/31\/2023\/03\/Captura-de-pantalla-2023-03-30-a-les-14.03.33.png\" alt=\"Localizaci\u00f3 de les opcions d'exportaci\u00f3 de fitxers a WordPress.\" class=\"wp-image-2794 size-full\" srcset=\"https:\/\/webs.uab.cat\/edicio-web\/wp-content\/uploads\/sites\/31\/2023\/03\/Captura-de-pantalla-2023-03-30-a-les-14.03.33.png 662w, https:\/\/webs.uab.cat\/edicio-web\/wp-content\/uploads\/sites\/31\/2023\/03\/Captura-de-pantalla-2023-03-30-a-les-14.03.33-300x281.png 300w\" sizes=\"auto, (max-width: 662px) 100vw, 662px\" \/><\/figure><div class=\"wp-block-media-text__content\">\n<p class=\"has-small-font-size\">Si necessites descarregar fitxers del teu web, pots fer-ho des de l&#8217;opci\u00f3 <em>exportar<\/em> de l&#8217;apartat <em>eines<\/em> de l&#8217;administraci\u00f3 del web.<\/p>\n<\/div><\/div>\n\n\n\n<div class=\"wp-block-media-text has-media-on-the-right is-stacked-on-mobile\"><figure class=\"wp-block-media-text__media\"><img loading=\"lazy\" decoding=\"async\" width=\"1020\" height=\"970\" src=\"https:\/\/webs.uab.cat\/edicio-web\/wp-content\/uploads\/sites\/31\/2023\/03\/image-93.png\" alt=\"Opcions d'exportaci\u00f3 de medis\" class=\"wp-image-2795 size-full\" srcset=\"https:\/\/webs.uab.cat\/edicio-web\/wp-content\/uploads\/sites\/31\/2023\/03\/image-93.png 1020w, https:\/\/webs.uab.cat\/edicio-web\/wp-content\/uploads\/sites\/31\/2023\/03\/image-93-300x285.png 300w, https:\/\/webs.uab.cat\/edicio-web\/wp-content\/uploads\/sites\/31\/2023\/03\/image-93-768x730.png 768w\" sizes=\"auto, (max-width: 1020px) 100vw, 1020px\" \/><\/figure><div class=\"wp-block-media-text__content\">\n<p class=\"has-small-font-size\">Selecciona el tipus m\u00e8dia i el rang de dates de c\u00e0rrega i descarrega&#8217;t el fitxer d&#8217;exportaci\u00f3.<\/p>\n<\/div><\/div>\n\n\n\n<h2 class=\"wp-block-heading\">Com editar imatges de la biblioteca de medis?<\/h2>\n\n\n\n<p>Worpdress t\u00e9 algunes funcions d&#8217;edici\u00f3 d&#8217;imatges natives. Selecciona la imatge que vols editar i prem el bot\u00f3 <em>Edita la imatge<\/em>.<\/p>\n\n\n\n<figure class=\"wp-block-image size-large\"><img loading=\"lazy\" decoding=\"async\" width=\"1024\" height=\"775\" src=\"https:\/\/webs.uab.cat\/edicio-web\/wp-content\/uploads\/sites\/31\/2023\/03\/Captura-de-pantalla-2023-03-30-a-les-14.08.46-1024x775.png\" alt=\"\" class=\"wp-image-2796\" srcset=\"https:\/\/webs.uab.cat\/edicio-web\/wp-content\/uploads\/sites\/31\/2023\/03\/Captura-de-pantalla-2023-03-30-a-les-14.08.46-1024x775.png 1024w, https:\/\/webs.uab.cat\/edicio-web\/wp-content\/uploads\/sites\/31\/2023\/03\/Captura-de-pantalla-2023-03-30-a-les-14.08.46-300x227.png 300w, https:\/\/webs.uab.cat\/edicio-web\/wp-content\/uploads\/sites\/31\/2023\/03\/Captura-de-pantalla-2023-03-30-a-les-14.08.46-768x582.png 768w, https:\/\/webs.uab.cat\/edicio-web\/wp-content\/uploads\/sites\/31\/2023\/03\/Captura-de-pantalla-2023-03-30-a-les-14.08.46-1536x1163.png 1536w, https:\/\/webs.uab.cat\/edicio-web\/wp-content\/uploads\/sites\/31\/2023\/03\/Captura-de-pantalla-2023-03-30-a-les-14.08.46-2048x1551.png 2048w, https:\/\/webs.uab.cat\/edicio-web\/wp-content\/uploads\/sites\/31\/2023\/03\/Captura-de-pantalla-2023-03-30-a-les-14.08.46-1200x909.png 1200w, https:\/\/webs.uab.cat\/edicio-web\/wp-content\/uploads\/sites\/31\/2023\/03\/Captura-de-pantalla-2023-03-30-a-les-14.08.46-1980x1499.png 1980w\" sizes=\"auto, (max-width: 1024px) 100vw, 1024px\" \/><figcaption>Finesta d&#8217;informaci\u00f3 d&#8217;una imatge de la bilioteca de medis  a WordPress.<\/figcaption><\/figure>\n\n\n\n<p>WordPress permet fer 5 tipus d&#8217;edici\u00f3 a la imatge:<\/p>\n\n\n\n<ul class=\"wp-block-list\"><li><strong>Escap\u00e7ar<\/strong><\/li><li><strong>Girar<\/strong> a l&#8217;esquerra o a la dreta (90\u00ba en sentit contrahorari o horari)<\/li><li><strong>Capgirar<\/strong> verticalment o horitzontalment<\/li><li><strong>Escalar<\/strong> a una dimensi\u00f3 menor<\/li><li>Modificar les <strong>proporcions<\/strong> de la imatge escap\u00e7ant i triant porci\u00f3 equivalent de la imatge original.<\/li><\/ul>\n\n\n\n<figure class=\"wp-block-image size-large\"><img loading=\"lazy\" decoding=\"async\" width=\"868\" height=\"1024\" src=\"https:\/\/webs.uab.cat\/edicio-web\/wp-content\/uploads\/sites\/31\/2023\/03\/Captura-de-pantalla-2023-03-30-a-les-14.16.17-868x1024.png\" alt=\"\" class=\"wp-image-2800\" srcset=\"https:\/\/webs.uab.cat\/edicio-web\/wp-content\/uploads\/sites\/31\/2023\/03\/Captura-de-pantalla-2023-03-30-a-les-14.16.17-868x1024.png 868w, https:\/\/webs.uab.cat\/edicio-web\/wp-content\/uploads\/sites\/31\/2023\/03\/Captura-de-pantalla-2023-03-30-a-les-14.16.17-254x300.png 254w, https:\/\/webs.uab.cat\/edicio-web\/wp-content\/uploads\/sites\/31\/2023\/03\/Captura-de-pantalla-2023-03-30-a-les-14.16.17-768x906.png 768w, https:\/\/webs.uab.cat\/edicio-web\/wp-content\/uploads\/sites\/31\/2023\/03\/Captura-de-pantalla-2023-03-30-a-les-14.16.17-1302x1536.png 1302w, https:\/\/webs.uab.cat\/edicio-web\/wp-content\/uploads\/sites\/31\/2023\/03\/Captura-de-pantalla-2023-03-30-a-les-14.16.17-1200x1415.png 1200w, https:\/\/webs.uab.cat\/edicio-web\/wp-content\/uploads\/sites\/31\/2023\/03\/Captura-de-pantalla-2023-03-30-a-les-14.16.17.png 1582w\" sizes=\"auto, (max-width: 868px) 100vw, 868px\" \/><figcaption>Edici\u00f3 d&#8217;una imatge amb WordPress, utilitzant les opcions de relaci\u00f3 d&#8217;aspecte i selecci\u00f3 del fragment de la imatge.<\/figcaption><\/figure>\n\n\n\n<h2 class=\"wp-block-heading\">Com incloure un fitxer a una p\u00e0gina o entrada<\/h2>\n\n\n\n<p>Edita la p\u00e0gina o entrada on vulguis incorporar un fitxer i selecciona el tipus de bloc corresponent (imatge, v\u00eddeo, \u00e0udio o fitxer gen\u00e8ric).<\/p>\n\n\n\n<p>Al panell emergent, selecciona l&#8217;origen del fitxer: biblioteca de medis, carregar-lo des de l&#8217;ordinador o b\u00e9 a trav\u00e9s de la URL on estpa allotjat.<\/p>\n\n\n\n<figure class=\"wp-block-image size-large\"><img loading=\"lazy\" decoding=\"async\" width=\"1024\" height=\"308\" src=\"https:\/\/webs.uab.cat\/edicio-web\/wp-content\/uploads\/sites\/31\/2023\/03\/image-94-1024x308.png\" alt=\"\" class=\"wp-image-2849\" srcset=\"https:\/\/webs.uab.cat\/edicio-web\/wp-content\/uploads\/sites\/31\/2023\/03\/image-94-1024x308.png 1024w, https:\/\/webs.uab.cat\/edicio-web\/wp-content\/uploads\/sites\/31\/2023\/03\/image-94-300x90.png 300w, https:\/\/webs.uab.cat\/edicio-web\/wp-content\/uploads\/sites\/31\/2023\/03\/image-94-768x231.png 768w, https:\/\/webs.uab.cat\/edicio-web\/wp-content\/uploads\/sites\/31\/2023\/03\/image-94-1200x361.png 1200w, https:\/\/webs.uab.cat\/edicio-web\/wp-content\/uploads\/sites\/31\/2023\/03\/image-94.png 1422w\" sizes=\"auto, (max-width: 1024px) 100vw, 1024px\" \/><figcaption>Aspecte del panell d&#8217;inserci\u00f3 d&#8217;imatge.<\/figcaption><\/figure>\n\n\n\n<p><\/p>\n\n\n\n<hr class=\"wp-block-separator has-alpha-channel-opacity is-style-wide\"\/>\n\n\n\n<div class=\"wp-block-buttons alignfull is-content-justification-center is-layout-flex wp-container-core-buttons-is-layout-16018d1d wp-block-buttons-is-layout-flex\">\n<div class=\"wp-block-button has-custom-width wp-block-button__width-25 enrera\"><a class=\"wp-block-button__link\" href=\"https:\/\/webs.uab.cat\/edicio-web\/wp-blocs-de-tema\/\">Blocs de tema<\/a><\/div>\n\n\n\n<div class=\"wp-block-button has-custom-width wp-block-button__width-25 is-style-outline is-style-outline--1\"><a class=\"wp-block-button__link\" href=\"https:\/\/webs.uab.cat\/edicio-web\/manual-wordpress\/\">TAULA DE CONTINGUTS<\/a><\/div>\n\n\n\n<div class=\"wp-block-button has-custom-width wp-block-button__width-25 endavant\"><a class=\"wp-block-button__link\" href=\"https:\/\/webs.uab.cat\/edicio-web\/aparenca-del-web\/\">Aparen\u00e7a del web<\/a><\/div>\n<\/div>\n\n\n\n<p><\/p>\n\n\n\n<p> <\/p>\n","protected":false},"excerpt":{"rendered":"<p>La biblioteca de medis \u00e9s un cat\u00e0leg de tots els arxius de medis que has carregat al teu web. Permet pujar arxius del tipus: Imatge (.jpg, .jpeg, .png, .gif i .ico) \u00e0udio (.mp3, .m4a, . ogg, i . wav). v\u00eddeo (.mp4, .m4v, . mov, . wmv, . avi, . mpg, . ogv, .3gp, i .3g2). [&hellip;]<\/p>\n","protected":false},"author":20,"featured_media":0,"parent":0,"menu_order":0,"comment_status":"closed","ping_status":"closed","template":"","meta":{"footnotes":""},"class_list":["post-2773","page","type-page","status-publish","hentry"],"yoast_head":"<!-- This site is optimized with the Yoast SEO plugin v26.8 - https:\/\/yoast.com\/product\/yoast-seo-wordpress\/ -->\n<title>WP: M\u00e8dia &#8212; Blog de l&#039;edici\u00f3 web a la UAB<\/title>\n<meta name=\"robots\" content=\"index, follow, max-snippet:-1, max-image-preview:large, max-video-preview:-1\" \/>\n<link rel=\"canonical\" href=\"https:\/\/webs.uab.cat\/edicio-web\/wp-media\/\" \/>\n<meta property=\"og:locale\" content=\"ca_ES\" \/>\n<meta property=\"og:type\" content=\"article\" \/>\n<meta property=\"og:title\" content=\"WP: M\u00e8dia &#8212; Blog de l&#039;edici\u00f3 web a la UAB\" \/>\n<meta property=\"og:description\" content=\"La biblioteca de medis \u00e9s un cat\u00e0leg de tots els arxius de medis que has carregat al teu web. Permet pujar arxius del tipus: Imatge (.jpg, .jpeg, .png, .gif i .ico) \u00e0udio (.mp3, .m4a, . ogg, i . wav). v\u00eddeo (.mp4, .m4v, . mov, . wmv, . avi, . mpg, . ogv, .3gp, i .3g2). [&hellip;]\" \/>\n<meta property=\"og:url\" content=\"https:\/\/webs.uab.cat\/edicio-web\/wp-media\/\" \/>\n<meta property=\"og:site_name\" content=\"Blog de l&#039;edici\u00f3 web a la UAB\" \/>\n<meta property=\"article:modified_time\" content=\"2023-04-18T11:03:55+00:00\" \/>\n<meta property=\"og:image\" content=\"https:\/\/webs.uab.cat\/edicio-web\/wp-content\/uploads\/sites\/31\/2023\/03\/Captura-de-pantalla-2023-03-30-a-les-13.46.19.png\" \/>\n<meta name=\"twitter:card\" content=\"summary_large_image\" \/>\n<meta name=\"twitter:label1\" content=\"Temps estimat de lectura\" \/>\n\t<meta name=\"twitter:data1\" content=\"2 minuts\" \/>\n<script type=\"application\/ld+json\" class=\"yoast-schema-graph\">{\"@context\":\"https:\/\/schema.org\",\"@graph\":[{\"@type\":\"WebPage\",\"@id\":\"https:\/\/webs.uab.cat\/edicio-web\/wp-media\/\",\"url\":\"https:\/\/webs.uab.cat\/edicio-web\/wp-media\/\",\"name\":\"WP: M\u00e8dia &#8212; Blog de l&#039;edici\u00f3 web a la UAB\",\"isPartOf\":{\"@id\":\"https:\/\/webs.uab.cat\/edicio-web\/#website\"},\"primaryImageOfPage\":{\"@id\":\"https:\/\/webs.uab.cat\/edicio-web\/wp-media\/#primaryimage\"},\"image\":{\"@id\":\"https:\/\/webs.uab.cat\/edicio-web\/wp-media\/#primaryimage\"},\"thumbnailUrl\":\"https:\/\/webs.uab.cat\/edicio-web\/wp-content\/uploads\/sites\/31\/2023\/03\/Captura-de-pantalla-2023-03-30-a-les-13.46.19.png\",\"datePublished\":\"2023-03-30T12:09:51+00:00\",\"dateModified\":\"2023-04-18T11:03:55+00:00\",\"breadcrumb\":{\"@id\":\"https:\/\/webs.uab.cat\/edicio-web\/wp-media\/#breadcrumb\"},\"inLanguage\":\"ca\",\"potentialAction\":[{\"@type\":\"ReadAction\",\"target\":[\"https:\/\/webs.uab.cat\/edicio-web\/wp-media\/\"]}]},{\"@type\":\"ImageObject\",\"inLanguage\":\"ca\",\"@id\":\"https:\/\/webs.uab.cat\/edicio-web\/wp-media\/#primaryimage\",\"url\":\"https:\/\/webs.uab.cat\/edicio-web\/wp-content\/uploads\/sites\/31\/2023\/03\/Captura-de-pantalla-2023-03-30-a-les-13.46.19.png\",\"contentUrl\":\"https:\/\/webs.uab.cat\/edicio-web\/wp-content\/uploads\/sites\/31\/2023\/03\/Captura-de-pantalla-2023-03-30-a-les-13.46.19.png\",\"width\":842,\"height\":530},{\"@type\":\"BreadcrumbList\",\"@id\":\"https:\/\/webs.uab.cat\/edicio-web\/wp-media\/#breadcrumb\",\"itemListElement\":[{\"@type\":\"ListItem\",\"position\":1,\"name\":\"Inici\",\"item\":\"https:\/\/webs.uab.cat\/edicio-web\/\"},{\"@type\":\"ListItem\",\"position\":2,\"name\":\"WP: M\u00e8dia\"}]},{\"@type\":\"WebSite\",\"@id\":\"https:\/\/webs.uab.cat\/edicio-web\/#website\",\"url\":\"https:\/\/webs.uab.cat\/edicio-web\/\",\"name\":\"Blog de l'edici\u00f3 web a la UAB\",\"description\":\"Un espai amb recursos \u00fatils per a les persones que editen el web de la UAB\",\"publisher\":{\"@id\":\"https:\/\/webs.uab.cat\/edicio-web\/#organization\"},\"potentialAction\":[{\"@type\":\"SearchAction\",\"target\":{\"@type\":\"EntryPoint\",\"urlTemplate\":\"https:\/\/webs.uab.cat\/edicio-web\/?s={search_term_string}\"},\"query-input\":{\"@type\":\"PropertyValueSpecification\",\"valueRequired\":true,\"valueName\":\"search_term_string\"}}],\"inLanguage\":\"ca\"},{\"@type\":\"Organization\",\"@id\":\"https:\/\/webs.uab.cat\/edicio-web\/#organization\",\"name\":\"Unitat de Web, Universitat Aut\u00f2noma de Barcelona\",\"url\":\"https:\/\/webs.uab.cat\/edicio-web\/\",\"logo\":{\"@type\":\"ImageObject\",\"inLanguage\":\"ca\",\"@id\":\"https:\/\/webs.uab.cat\/edicio-web\/#\/schema\/logo\/image\/\",\"url\":\"https:\/\/webs.uab.cat\/edicio-web\/wp-content\/uploads\/sites\/31\/2024\/11\/logotip-uab-esquerra-2-linies-verd.png\",\"contentUrl\":\"https:\/\/webs.uab.cat\/edicio-web\/wp-content\/uploads\/sites\/31\/2024\/11\/logotip-uab-esquerra-2-linies-verd.png\",\"width\":1892,\"height\":727,\"caption\":\"Unitat de Web, Universitat Aut\u00f2noma de Barcelona\"},\"image\":{\"@id\":\"https:\/\/webs.uab.cat\/edicio-web\/#\/schema\/logo\/image\/\"}}]}<\/script>\n<!-- \/ Yoast SEO plugin. -->","yoast_head_json":{"title":"WP: M\u00e8dia &#8212; Blog de l&#039;edici\u00f3 web a la UAB","robots":{"index":"index","follow":"follow","max-snippet":"max-snippet:-1","max-image-preview":"max-image-preview:large","max-video-preview":"max-video-preview:-1"},"canonical":"https:\/\/webs.uab.cat\/edicio-web\/wp-media\/","og_locale":"ca_ES","og_type":"article","og_title":"WP: M\u00e8dia &#8212; Blog de l&#039;edici\u00f3 web a la UAB","og_description":"La biblioteca de medis \u00e9s un cat\u00e0leg de tots els arxius de medis que has carregat al teu web. Permet pujar arxius del tipus: Imatge (.jpg, .jpeg, .png, .gif i .ico) \u00e0udio (.mp3, .m4a, . ogg, i . wav). v\u00eddeo (.mp4, .m4v, . mov, . wmv, . avi, . mpg, . ogv, .3gp, i .3g2). [&hellip;]","og_url":"https:\/\/webs.uab.cat\/edicio-web\/wp-media\/","og_site_name":"Blog de l&#039;edici\u00f3 web a la UAB","article_modified_time":"2023-04-18T11:03:55+00:00","og_image":[{"url":"https:\/\/webs.uab.cat\/edicio-web\/wp-content\/uploads\/sites\/31\/2023\/03\/Captura-de-pantalla-2023-03-30-a-les-13.46.19.png","type":"","width":"","height":""}],"twitter_card":"summary_large_image","twitter_misc":{"Temps estimat de lectura":"2 minuts"},"schema":{"@context":"https:\/\/schema.org","@graph":[{"@type":"WebPage","@id":"https:\/\/webs.uab.cat\/edicio-web\/wp-media\/","url":"https:\/\/webs.uab.cat\/edicio-web\/wp-media\/","name":"WP: M\u00e8dia &#8212; Blog de l&#039;edici\u00f3 web a la UAB","isPartOf":{"@id":"https:\/\/webs.uab.cat\/edicio-web\/#website"},"primaryImageOfPage":{"@id":"https:\/\/webs.uab.cat\/edicio-web\/wp-media\/#primaryimage"},"image":{"@id":"https:\/\/webs.uab.cat\/edicio-web\/wp-media\/#primaryimage"},"thumbnailUrl":"https:\/\/webs.uab.cat\/edicio-web\/wp-content\/uploads\/sites\/31\/2023\/03\/Captura-de-pantalla-2023-03-30-a-les-13.46.19.png","datePublished":"2023-03-30T12:09:51+00:00","dateModified":"2023-04-18T11:03:55+00:00","breadcrumb":{"@id":"https:\/\/webs.uab.cat\/edicio-web\/wp-media\/#breadcrumb"},"inLanguage":"ca","potentialAction":[{"@type":"ReadAction","target":["https:\/\/webs.uab.cat\/edicio-web\/wp-media\/"]}]},{"@type":"ImageObject","inLanguage":"ca","@id":"https:\/\/webs.uab.cat\/edicio-web\/wp-media\/#primaryimage","url":"https:\/\/webs.uab.cat\/edicio-web\/wp-content\/uploads\/sites\/31\/2023\/03\/Captura-de-pantalla-2023-03-30-a-les-13.46.19.png","contentUrl":"https:\/\/webs.uab.cat\/edicio-web\/wp-content\/uploads\/sites\/31\/2023\/03\/Captura-de-pantalla-2023-03-30-a-les-13.46.19.png","width":842,"height":530},{"@type":"BreadcrumbList","@id":"https:\/\/webs.uab.cat\/edicio-web\/wp-media\/#breadcrumb","itemListElement":[{"@type":"ListItem","position":1,"name":"Inici","item":"https:\/\/webs.uab.cat\/edicio-web\/"},{"@type":"ListItem","position":2,"name":"WP: M\u00e8dia"}]},{"@type":"WebSite","@id":"https:\/\/webs.uab.cat\/edicio-web\/#website","url":"https:\/\/webs.uab.cat\/edicio-web\/","name":"Blog de l'edici\u00f3 web a la UAB","description":"Un espai amb recursos \u00fatils per a les persones que editen el web de la UAB","publisher":{"@id":"https:\/\/webs.uab.cat\/edicio-web\/#organization"},"potentialAction":[{"@type":"SearchAction","target":{"@type":"EntryPoint","urlTemplate":"https:\/\/webs.uab.cat\/edicio-web\/?s={search_term_string}"},"query-input":{"@type":"PropertyValueSpecification","valueRequired":true,"valueName":"search_term_string"}}],"inLanguage":"ca"},{"@type":"Organization","@id":"https:\/\/webs.uab.cat\/edicio-web\/#organization","name":"Unitat de Web, Universitat Aut\u00f2noma de Barcelona","url":"https:\/\/webs.uab.cat\/edicio-web\/","logo":{"@type":"ImageObject","inLanguage":"ca","@id":"https:\/\/webs.uab.cat\/edicio-web\/#\/schema\/logo\/image\/","url":"https:\/\/webs.uab.cat\/edicio-web\/wp-content\/uploads\/sites\/31\/2024\/11\/logotip-uab-esquerra-2-linies-verd.png","contentUrl":"https:\/\/webs.uab.cat\/edicio-web\/wp-content\/uploads\/sites\/31\/2024\/11\/logotip-uab-esquerra-2-linies-verd.png","width":1892,"height":727,"caption":"Unitat de Web, Universitat Aut\u00f2noma de Barcelona"},"image":{"@id":"https:\/\/webs.uab.cat\/edicio-web\/#\/schema\/logo\/image\/"}}]}},"_links":{"self":[{"href":"https:\/\/webs.uab.cat\/edicio-web\/wp-json\/wp\/v2\/pages\/2773","targetHints":{"allow":["GET"]}}],"collection":[{"href":"https:\/\/webs.uab.cat\/edicio-web\/wp-json\/wp\/v2\/pages"}],"about":[{"href":"https:\/\/webs.uab.cat\/edicio-web\/wp-json\/wp\/v2\/types\/page"}],"author":[{"embeddable":true,"href":"https:\/\/webs.uab.cat\/edicio-web\/wp-json\/wp\/v2\/users\/20"}],"replies":[{"embeddable":true,"href":"https:\/\/webs.uab.cat\/edicio-web\/wp-json\/wp\/v2\/comments?post=2773"}],"version-history":[{"count":6,"href":"https:\/\/webs.uab.cat\/edicio-web\/wp-json\/wp\/v2\/pages\/2773\/revisions"}],"predecessor-version":[{"id":3279,"href":"https:\/\/webs.uab.cat\/edicio-web\/wp-json\/wp\/v2\/pages\/2773\/revisions\/3279"}],"wp:attachment":[{"href":"https:\/\/webs.uab.cat\/edicio-web\/wp-json\/wp\/v2\/media?parent=2773"}],"curies":[{"name":"wp","href":"https:\/\/api.w.org\/{rel}","templated":true}]}}