{"id":3050,"date":"2023-04-11T11:49:02","date_gmt":"2023-04-11T09:49:02","guid":{"rendered":"https:\/\/webs.uab.cat\/edicio-web\/?page_id=3050"},"modified":"2025-04-24T19:16:14","modified_gmt":"2025-04-24T17:16:14","slug":"wp-gestio-dusuaris","status":"publish","type":"page","link":"https:\/\/webs.uab.cat\/edicio-web\/manual-wordpress\/wp-gestio-dusuaris\/","title":{"rendered":"WP: gesti\u00f3 d&#8217;usuaris"},"content":{"rendered":"\n<p class=\"wp-block-uab-entradeta entradeta\">Si sou <strong>Responsable <\/strong>d&#8217;un web podeu gestionar els usuaris del vostre web des del men\u00fa <em>Usuaris<\/em>:<\/p>\n\n\n\n<figure class=\"wp-block-image size-full\"><img loading=\"lazy\" decoding=\"async\" width=\"187\" height=\"163\" src=\"https:\/\/webs.uab.cat\/edicio-web\/wp-content\/uploads\/sites\/31\/2025\/04\/usuarismenu.png\" alt=\"Captura de pantalla que mostra el men\u00fa Usuaris\" class=\"wp-image-4521\"\/><\/figure>\n\n\n\n<h2 class=\"wp-block-heading\">Tots els usuaris<\/h2>\n\n\n\n<p>Des d&#8217;aquesta p\u00e0gina podeu veure un<strong> llistat dels usuaris<\/strong> registrats al vostre lloc web.<\/p>\n\n\n\n<p>Passant per sobre del seu NIU podeu <strong>eliminar-los<\/strong>:<\/p>\n\n\n\n<figure class=\"wp-block-image size-full\"><img loading=\"lazy\" decoding=\"async\" width=\"337\" height=\"68\" src=\"https:\/\/webs.uab.cat\/edicio-web\/wp-content\/uploads\/sites\/31\/2025\/04\/suprimir.png\" alt=\"Captura de pantalla que mostra com eliminar un usuari\" class=\"wp-image-4516\" srcset=\"https:\/\/webs.uab.cat\/edicio-web\/wp-content\/uploads\/sites\/31\/2025\/04\/suprimir.png 337w, https:\/\/webs.uab.cat\/edicio-web\/wp-content\/uploads\/sites\/31\/2025\/04\/suprimir-300x61.png 300w\" sizes=\"auto, (max-width: 337px) 100vw, 337px\" \/><\/figure>\n\n\n\n<p>Amb el desplegable &#8220;<em>Canvia el rol a&#8230;<\/em>&#8221; podeu <strong>canviar el seu rol<\/strong>. M\u00e9s endavant expliquem les caracter\u00edstiques de cada rol.<\/p>\n\n\n\n<figure class=\"wp-block-image size-full\"><img loading=\"lazy\" decoding=\"async\" width=\"594\" height=\"173\" src=\"https:\/\/webs.uab.cat\/edicio-web\/wp-content\/uploads\/sites\/31\/2025\/04\/canvi-rol.png\" alt=\"Captura de pantalla que mostra com canviar el rol d'un usuari\" class=\"wp-image-4515\" srcset=\"https:\/\/webs.uab.cat\/edicio-web\/wp-content\/uploads\/sites\/31\/2025\/04\/canvi-rol.png 594w, https:\/\/webs.uab.cat\/edicio-web\/wp-content\/uploads\/sites\/31\/2025\/04\/canvi-rol-300x87.png 300w\" sizes=\"auto, (max-width: 594px) 100vw, 594px\" \/><\/figure>\n\n\n\n<h2 class=\"wp-block-heading\">Afegir nou usuari<\/h2>\n\n\n\n<p>Tant per sol\u00b7licitar la creaci\u00f3 d\u2019un nou web com per accedir a l\u2019administraci\u00f3 d&#8217;un web existent cal formar part del PDI, PTGAS o estudiantat actiu de la UAB i tenir un NIU i correu electr\u00f2nic.<\/p>\n\n\n\n<p>D\u2019acord amb la pol\u00edtica de seguretat TIC de la Universitat,&nbsp;us recordem que <strong>els comptes no personals nom\u00e9s es poden utilitzar per accedir al correu electr\u00f2nic<\/strong>. Per tant per accedir a la resta d&#8217;aplicacions corporatives, com Webs UAB, \u00e9s imprescindible l\u2019\u00fas del vostre compte personal. Si teniu algun dubte relacionat amb aquesta pol\u00edtica, podeu posar-vos en contacte amb el CAS (tel\u00e8fon 93 581 2100).<\/p>\n\n\n\n<p>Com a <strong>Responsable <\/strong>d&#8217;un web, des de la p\u00e0gina &#8220;<em>Afegir nou usuari<\/em>&#8221;  podeu afegir altres persones de la UAB al vostre web per tal que puguin administrar-lo o editar-lo:<\/p>\n\n\n\n<figure class=\"wp-block-image size-full\"><img loading=\"lazy\" decoding=\"async\" width=\"852\" height=\"521\" src=\"https:\/\/webs.uab.cat\/edicio-web\/wp-content\/uploads\/sites\/31\/2025\/04\/nou-usuari.png\" alt=\"Captura de pantalla del formulari &quot;Afegir un nou usuari&quot;\" class=\"wp-image-4517\" srcset=\"https:\/\/webs.uab.cat\/edicio-web\/wp-content\/uploads\/sites\/31\/2025\/04\/nou-usuari.png 852w, https:\/\/webs.uab.cat\/edicio-web\/wp-content\/uploads\/sites\/31\/2025\/04\/nou-usuari-300x183.png 300w, https:\/\/webs.uab.cat\/edicio-web\/wp-content\/uploads\/sites\/31\/2025\/04\/nou-usuari-768x470.png 768w\" sizes=\"auto, (max-width: 852px) 100vw, 852px\" \/><\/figure>\n\n\n\n<p>Tal com s&#8217;indica, nom\u00e9s podreu afegir usuaris amb NIU i adre\u00e7a <strong>@uab<\/strong> o <strong>@autonoma.cat<\/strong>.<\/p>\n\n\n\n<p class=\"wp-block-uab-alerta alerta\">\u00c9s important que reviseu i us assegureu d&#8217;<strong>introduir correctament tant el NIU com l&#8217;adre\u00e7a electr\u00f2nica<\/strong> de l&#8217;usuari. Si les dades no s\u00f3n correctes l&#8217;usuari no podr\u00e0 accedir a l&#8217;administraci\u00f3 del web.<\/p>\n\n\n\n<p>L&#8217;usuari afegit rebr\u00e0 un correu electr\u00f2nic de confirmaci\u00f3 amb instruccions per entrar a l&#8217;administraci\u00f3 de Webs UAB.<\/p>\n\n\n\n<h2 class=\"wp-block-heading\">Perfil<\/h2>\n\n\n\n<p>Per m\u00e9s informaci\u00f3 sobre aquesta p\u00e0gina, consulteu l&#8217;aparat del manual <a href=\"https:\/\/webs.uab.cat\/edicio-web\/manual-wordpress\/perfil-dusuari\/\">Perfil d&#8217;usuari<\/a>.<\/p>\n\n\n\n<h2 class=\"wp-block-heading\">Rols a Webs UAB<\/h2>\n\n\n\n<p>Aquests s\u00f3n els rols que podeu assignar als usuaris del vostre lloc web:<\/p>\n\n\n\n<h3 class=\"wp-block-heading\">Responsable<\/h3>\n\n\n\n<p>Els usuaris amb el rol <strong>Responsable <\/strong>tenen tots els permisos i acc\u00e9s a totes les funcionalitats de Webs UAB i tamb\u00e9 poden determinar el rol d&#8217;altres usuaris. Poden afegir, editar i eliminar altres usuaris, activar i configurar extensions i configurar les opcions del tema del web.<\/p>\n\n\n\n<p>Malgrat que es pot assignar aquest rol a m\u00e9s d&#8217;un usuari, la persona sol\u00b7licitant del lloc web constar\u00e0 internament com a <strong>Propietari<\/strong> . Aquesta ser\u00e0 la persona de contacte a qui s&#8217;adre\u00e7aran els correus electr\u00f2nics cr\u00edtics sobre actuacions i canvis en el Servei o sobre altres circumst\u00e0ncies que afectin el lloc web. <\/p>\n\n\n\n<p>Si voleu canviar el Propietari d&#8217;un lloc web, ho podeu fer a l&#8217;administraci\u00f3 del vostre web, al men\u00fa a <em>Opcions<\/em> &gt; <em>Generals<\/em>  i al camp <em>Adre\u00e7a electr\u00f2nica d&#8217;administraci\u00f3<\/em>:<\/p>\n\n\n\n<figure class=\"wp-block-image size-full\"><img loading=\"lazy\" decoding=\"async\" width=\"993\" height=\"145\" src=\"https:\/\/webs.uab.cat\/edicio-web\/wp-content\/uploads\/sites\/31\/2025\/04\/canvi-propietari.png\" alt=\"Captura de pantalla del formulari per canviar el propietari d'un web\" class=\"wp-image-4518\" srcset=\"https:\/\/webs.uab.cat\/edicio-web\/wp-content\/uploads\/sites\/31\/2025\/04\/canvi-propietari.png 993w, https:\/\/webs.uab.cat\/edicio-web\/wp-content\/uploads\/sites\/31\/2025\/04\/canvi-propietari-300x44.png 300w, https:\/\/webs.uab.cat\/edicio-web\/wp-content\/uploads\/sites\/31\/2025\/04\/canvi-propietari-768x112.png 768w\" sizes=\"auto, (max-width: 993px) 100vw, 993px\" \/><\/figure>\n\n\n\n<p>El Responsable tamb\u00e9 pot <strong>gestionar els men\u00fas i ginys<\/strong>.<\/p>\n\n\n\n<h3 class=\"wp-block-heading\">Editor<\/h3>\n\n\n\n<p>Els editors s\u00f3n els responsables de les publicacions del web. Un <strong>Editor <\/strong>pot&nbsp;<strong>crear, modificar, publicar i eliminar entrades i p\u00e0gines<\/strong>. Tamb\u00e9 pot realitzar aquestes acci\u00f3ns amb les entrades i p\u00e0gines creades per altres usuaris. La seva tasca principal \u00e9s mantenir els continguts del web.<\/p>\n\n\n\n<p>L&#8217;Editor tamb\u00e9 pot <strong>gestionar les categories i etiquetes<\/strong>.<\/p>\n\n\n\n<h3 class=\"wp-block-heading\">Autor<\/h3>\n\n\n\n<p>A difer\u00e8ncia dels rols anteriors, l&#8217;autor nom\u00e9s \u00e9s responsable del <strong>seu contingut<\/strong>. No pot modificar, publicar ni eliminar les contribucions d&#8217;altres usuaris. S\u00ed que pot modificar, publicar i eliminar les seves entrades i carregar continguts a la mediateca. Pot <strong>assignar categories i etiquetes<\/strong> existents a les seves entrades, per\u00f2 no crear-ne de noves.<\/p>\n\n\n\n<h3 class=\"wp-block-heading\">Col\u00b7laborador<\/h3>\n\n\n\n<p>El Col\u00b7laborador pot <strong>crear entrades<\/strong> per\u00f2 aquestes estan subjectes a la publicaci\u00f3 per part d&#8217;un Editor o Responsable. A m\u00e9s, no pot modificar ni eliminar les seves entrades ni pot editar les entrades d&#8217;altres usuaris.<\/p>\n\n\n\n<h3 class=\"wp-block-heading\">Seguidor<\/h3>\n\n\n\n<p>El Seguidor no t\u00e9 cap dret de publicaci\u00f3 ni col\u00b7laboraci\u00f3, i nom\u00e9s s&#8217;utilitza quan es vol donar acc\u00e9s a continguts que no s\u00f3n p\u00fablics.<\/p>\n\n\n\n<hr class=\"wp-block-separator has-alpha-channel-opacity is-style-wide\"\/>\n\n\n\n<div class=\"wp-block-buttons alignfull is-content-justification-center is-layout-flex wp-container-core-buttons-is-layout-16018d1d wp-block-buttons-is-layout-flex\">\n<div class=\"wp-block-button has-custom-width wp-block-button__width-25 enrera\"><a class=\"wp-block-button__link wp-element-button\" href=\"https:\/\/webs.uab.cat\/edicio-web\/wp-yoast-seo\/\">Yoast CEO<\/a><\/div>\n\n\n\n<div class=\"wp-block-button has-custom-width wp-block-button__width-25 is-style-outline is-style-outline--1\"><a class=\"wp-block-button__link wp-element-button\" href=\"https:\/\/webs.uab.cat\/edicio-web\/manual-wordpress\/\">TAULA DE CONTINGUTS<\/a><\/div>\n\n\n\n<div class=\"wp-block-button has-custom-width wp-block-button__width-25 endavant\"><a class=\"wp-block-button__link wp-element-button\" href=\"https:\/\/webs.uab.cat\/edicio-web\/wp-tipus-de-contingut-especials\/\">Tipus de continguts especials<\/a><\/div>\n<\/div>\n\n\n\n<p><\/p>\n\n\n\n<p><\/p>\n","protected":false},"excerpt":{"rendered":"<p>Tots els usuaris Des d&#8217;aquesta p\u00e0gina podeu veure un llistat dels usuaris registrats al vostre lloc web. Passant per sobre del seu NIU podeu eliminar-los: Amb el desplegable &#8220;Canvia el rol a&#8230;&#8221; podeu canviar el seu rol. M\u00e9s endavant expliquem les caracter\u00edstiques de cada rol. Afegir nou usuari Tant per sol\u00b7licitar la creaci\u00f3 d\u2019un nou [&hellip;]<\/p>\n","protected":false},"author":20,"featured_media":0,"parent":2273,"menu_order":0,"comment_status":"closed","ping_status":"closed","template":"","meta":{"footnotes":""},"class_list":["post-3050","page","type-page","status-publish","hentry"],"yoast_head":"<!-- This site is optimized with the Yoast SEO plugin v26.8 - https:\/\/yoast.com\/product\/yoast-seo-wordpress\/ -->\n<title>WP: gesti\u00f3 d&#039;usuaris &#8212; Blog de l&#039;edici\u00f3 web a la UAB<\/title>\n<meta name=\"robots\" content=\"index, follow, max-snippet:-1, max-image-preview:large, max-video-preview:-1\" \/>\n<link rel=\"canonical\" href=\"https:\/\/webs.uab.cat\/edicio-web\/manual-wordpress\/wp-gestio-dusuaris\/\" \/>\n<meta property=\"og:locale\" content=\"ca_ES\" \/>\n<meta property=\"og:type\" content=\"article\" \/>\n<meta property=\"og:title\" content=\"WP: gesti\u00f3 d&#039;usuaris &#8212; Blog de l&#039;edici\u00f3 web a la UAB\" \/>\n<meta property=\"og:description\" content=\"Tots els usuaris Des d&#8217;aquesta p\u00e0gina podeu veure un llistat dels usuaris registrats al vostre lloc web. Passant per sobre del seu NIU podeu eliminar-los: Amb el desplegable &#8220;Canvia el rol a&#8230;&#8221; podeu canviar el seu rol. M\u00e9s endavant expliquem les caracter\u00edstiques de cada rol. Afegir nou usuari Tant per sol\u00b7licitar la creaci\u00f3 d\u2019un nou [&hellip;]\" \/>\n<meta property=\"og:url\" content=\"https:\/\/webs.uab.cat\/edicio-web\/manual-wordpress\/wp-gestio-dusuaris\/\" \/>\n<meta property=\"og:site_name\" content=\"Blog de l&#039;edici\u00f3 web a la UAB\" \/>\n<meta property=\"article:modified_time\" content=\"2025-04-24T17:16:14+00:00\" \/>\n<meta property=\"og:image\" content=\"https:\/\/webs.uab.cat\/edicio-web\/wp-content\/uploads\/sites\/31\/2025\/04\/usuarismenu.png\" \/>\n\t<meta property=\"og:image:width\" content=\"187\" \/>\n\t<meta property=\"og:image:height\" content=\"163\" \/>\n\t<meta property=\"og:image:type\" content=\"image\/png\" \/>\n<meta name=\"twitter:card\" content=\"summary_large_image\" \/>\n<meta name=\"twitter:label1\" content=\"Temps estimat de lectura\" \/>\n\t<meta name=\"twitter:data1\" content=\"5 minuts\" \/>\n<script type=\"application\/ld+json\" class=\"yoast-schema-graph\">{\"@context\":\"https:\/\/schema.org\",\"@graph\":[{\"@type\":\"WebPage\",\"@id\":\"https:\/\/webs.uab.cat\/edicio-web\/manual-wordpress\/wp-gestio-dusuaris\/\",\"url\":\"https:\/\/webs.uab.cat\/edicio-web\/manual-wordpress\/wp-gestio-dusuaris\/\",\"name\":\"WP: gesti\u00f3 d'usuaris &#8212; Blog de l&#039;edici\u00f3 web a la UAB\",\"isPartOf\":{\"@id\":\"https:\/\/webs.uab.cat\/edicio-web\/#website\"},\"primaryImageOfPage\":{\"@id\":\"https:\/\/webs.uab.cat\/edicio-web\/manual-wordpress\/wp-gestio-dusuaris\/#primaryimage\"},\"image\":{\"@id\":\"https:\/\/webs.uab.cat\/edicio-web\/manual-wordpress\/wp-gestio-dusuaris\/#primaryimage\"},\"thumbnailUrl\":\"https:\/\/webs.uab.cat\/edicio-web\/wp-content\/uploads\/sites\/31\/2025\/04\/usuarismenu.png\",\"datePublished\":\"2023-04-11T09:49:02+00:00\",\"dateModified\":\"2025-04-24T17:16:14+00:00\",\"breadcrumb\":{\"@id\":\"https:\/\/webs.uab.cat\/edicio-web\/manual-wordpress\/wp-gestio-dusuaris\/#breadcrumb\"},\"inLanguage\":\"ca\",\"potentialAction\":[{\"@type\":\"ReadAction\",\"target\":[\"https:\/\/webs.uab.cat\/edicio-web\/manual-wordpress\/wp-gestio-dusuaris\/\"]}]},{\"@type\":\"ImageObject\",\"inLanguage\":\"ca\",\"@id\":\"https:\/\/webs.uab.cat\/edicio-web\/manual-wordpress\/wp-gestio-dusuaris\/#primaryimage\",\"url\":\"https:\/\/webs.uab.cat\/edicio-web\/wp-content\/uploads\/sites\/31\/2025\/04\/usuarismenu.png\",\"contentUrl\":\"https:\/\/webs.uab.cat\/edicio-web\/wp-content\/uploads\/sites\/31\/2025\/04\/usuarismenu.png\",\"width\":187,\"height\":163},{\"@type\":\"BreadcrumbList\",\"@id\":\"https:\/\/webs.uab.cat\/edicio-web\/manual-wordpress\/wp-gestio-dusuaris\/#breadcrumb\",\"itemListElement\":[{\"@type\":\"ListItem\",\"position\":1,\"name\":\"Inici\",\"item\":\"https:\/\/webs.uab.cat\/edicio-web\/\"},{\"@type\":\"ListItem\",\"position\":2,\"name\":\"WP: Manual WordPress\",\"item\":\"https:\/\/webs.uab.cat\/edicio-web\/manual-wordpress\/\"},{\"@type\":\"ListItem\",\"position\":3,\"name\":\"WP: gesti\u00f3 d&#8217;usuaris\"}]},{\"@type\":\"WebSite\",\"@id\":\"https:\/\/webs.uab.cat\/edicio-web\/#website\",\"url\":\"https:\/\/webs.uab.cat\/edicio-web\/\",\"name\":\"Blog de l'edici\u00f3 web a la UAB\",\"description\":\"Un espai amb recursos \u00fatils per a les persones que editen el web de la UAB\",\"publisher\":{\"@id\":\"https:\/\/webs.uab.cat\/edicio-web\/#organization\"},\"potentialAction\":[{\"@type\":\"SearchAction\",\"target\":{\"@type\":\"EntryPoint\",\"urlTemplate\":\"https:\/\/webs.uab.cat\/edicio-web\/?s={search_term_string}\"},\"query-input\":{\"@type\":\"PropertyValueSpecification\",\"valueRequired\":true,\"valueName\":\"search_term_string\"}}],\"inLanguage\":\"ca\"},{\"@type\":\"Organization\",\"@id\":\"https:\/\/webs.uab.cat\/edicio-web\/#organization\",\"name\":\"Unitat de Web, Universitat Aut\u00f2noma de Barcelona\",\"url\":\"https:\/\/webs.uab.cat\/edicio-web\/\",\"logo\":{\"@type\":\"ImageObject\",\"inLanguage\":\"ca\",\"@id\":\"https:\/\/webs.uab.cat\/edicio-web\/#\/schema\/logo\/image\/\",\"url\":\"https:\/\/webs.uab.cat\/edicio-web\/wp-content\/uploads\/sites\/31\/2024\/11\/logotip-uab-esquerra-2-linies-verd.png\",\"contentUrl\":\"https:\/\/webs.uab.cat\/edicio-web\/wp-content\/uploads\/sites\/31\/2024\/11\/logotip-uab-esquerra-2-linies-verd.png\",\"width\":1892,\"height\":727,\"caption\":\"Unitat de Web, Universitat Aut\u00f2noma de Barcelona\"},\"image\":{\"@id\":\"https:\/\/webs.uab.cat\/edicio-web\/#\/schema\/logo\/image\/\"}}]}<\/script>\n<!-- \/ Yoast SEO plugin. -->","yoast_head_json":{"title":"WP: gesti\u00f3 d'usuaris &#8212; Blog de l&#039;edici\u00f3 web a la UAB","robots":{"index":"index","follow":"follow","max-snippet":"max-snippet:-1","max-image-preview":"max-image-preview:large","max-video-preview":"max-video-preview:-1"},"canonical":"https:\/\/webs.uab.cat\/edicio-web\/manual-wordpress\/wp-gestio-dusuaris\/","og_locale":"ca_ES","og_type":"article","og_title":"WP: gesti\u00f3 d'usuaris &#8212; Blog de l&#039;edici\u00f3 web a la UAB","og_description":"Tots els usuaris Des d&#8217;aquesta p\u00e0gina podeu veure un llistat dels usuaris registrats al vostre lloc web. Passant per sobre del seu NIU podeu eliminar-los: Amb el desplegable &#8220;Canvia el rol a&#8230;&#8221; podeu canviar el seu rol. M\u00e9s endavant expliquem les caracter\u00edstiques de cada rol. Afegir nou usuari Tant per sol\u00b7licitar la creaci\u00f3 d\u2019un nou [&hellip;]","og_url":"https:\/\/webs.uab.cat\/edicio-web\/manual-wordpress\/wp-gestio-dusuaris\/","og_site_name":"Blog de l&#039;edici\u00f3 web a la UAB","article_modified_time":"2025-04-24T17:16:14+00:00","og_image":[{"width":187,"height":163,"url":"https:\/\/webs.uab.cat\/edicio-web\/wp-content\/uploads\/sites\/31\/2025\/04\/usuarismenu.png","type":"image\/png"}],"twitter_card":"summary_large_image","twitter_misc":{"Temps estimat de lectura":"5 minuts"},"schema":{"@context":"https:\/\/schema.org","@graph":[{"@type":"WebPage","@id":"https:\/\/webs.uab.cat\/edicio-web\/manual-wordpress\/wp-gestio-dusuaris\/","url":"https:\/\/webs.uab.cat\/edicio-web\/manual-wordpress\/wp-gestio-dusuaris\/","name":"WP: gesti\u00f3 d'usuaris &#8212; Blog de l&#039;edici\u00f3 web a la UAB","isPartOf":{"@id":"https:\/\/webs.uab.cat\/edicio-web\/#website"},"primaryImageOfPage":{"@id":"https:\/\/webs.uab.cat\/edicio-web\/manual-wordpress\/wp-gestio-dusuaris\/#primaryimage"},"image":{"@id":"https:\/\/webs.uab.cat\/edicio-web\/manual-wordpress\/wp-gestio-dusuaris\/#primaryimage"},"thumbnailUrl":"https:\/\/webs.uab.cat\/edicio-web\/wp-content\/uploads\/sites\/31\/2025\/04\/usuarismenu.png","datePublished":"2023-04-11T09:49:02+00:00","dateModified":"2025-04-24T17:16:14+00:00","breadcrumb":{"@id":"https:\/\/webs.uab.cat\/edicio-web\/manual-wordpress\/wp-gestio-dusuaris\/#breadcrumb"},"inLanguage":"ca","potentialAction":[{"@type":"ReadAction","target":["https:\/\/webs.uab.cat\/edicio-web\/manual-wordpress\/wp-gestio-dusuaris\/"]}]},{"@type":"ImageObject","inLanguage":"ca","@id":"https:\/\/webs.uab.cat\/edicio-web\/manual-wordpress\/wp-gestio-dusuaris\/#primaryimage","url":"https:\/\/webs.uab.cat\/edicio-web\/wp-content\/uploads\/sites\/31\/2025\/04\/usuarismenu.png","contentUrl":"https:\/\/webs.uab.cat\/edicio-web\/wp-content\/uploads\/sites\/31\/2025\/04\/usuarismenu.png","width":187,"height":163},{"@type":"BreadcrumbList","@id":"https:\/\/webs.uab.cat\/edicio-web\/manual-wordpress\/wp-gestio-dusuaris\/#breadcrumb","itemListElement":[{"@type":"ListItem","position":1,"name":"Inici","item":"https:\/\/webs.uab.cat\/edicio-web\/"},{"@type":"ListItem","position":2,"name":"WP: Manual WordPress","item":"https:\/\/webs.uab.cat\/edicio-web\/manual-wordpress\/"},{"@type":"ListItem","position":3,"name":"WP: gesti\u00f3 d&#8217;usuaris"}]},{"@type":"WebSite","@id":"https:\/\/webs.uab.cat\/edicio-web\/#website","url":"https:\/\/webs.uab.cat\/edicio-web\/","name":"Blog de l'edici\u00f3 web a la UAB","description":"Un espai amb recursos \u00fatils per a les persones que editen el web de la UAB","publisher":{"@id":"https:\/\/webs.uab.cat\/edicio-web\/#organization"},"potentialAction":[{"@type":"SearchAction","target":{"@type":"EntryPoint","urlTemplate":"https:\/\/webs.uab.cat\/edicio-web\/?s={search_term_string}"},"query-input":{"@type":"PropertyValueSpecification","valueRequired":true,"valueName":"search_term_string"}}],"inLanguage":"ca"},{"@type":"Organization","@id":"https:\/\/webs.uab.cat\/edicio-web\/#organization","name":"Unitat de Web, Universitat Aut\u00f2noma de Barcelona","url":"https:\/\/webs.uab.cat\/edicio-web\/","logo":{"@type":"ImageObject","inLanguage":"ca","@id":"https:\/\/webs.uab.cat\/edicio-web\/#\/schema\/logo\/image\/","url":"https:\/\/webs.uab.cat\/edicio-web\/wp-content\/uploads\/sites\/31\/2024\/11\/logotip-uab-esquerra-2-linies-verd.png","contentUrl":"https:\/\/webs.uab.cat\/edicio-web\/wp-content\/uploads\/sites\/31\/2024\/11\/logotip-uab-esquerra-2-linies-verd.png","width":1892,"height":727,"caption":"Unitat de Web, Universitat Aut\u00f2noma de Barcelona"},"image":{"@id":"https:\/\/webs.uab.cat\/edicio-web\/#\/schema\/logo\/image\/"}}]}},"_links":{"self":[{"href":"https:\/\/webs.uab.cat\/edicio-web\/wp-json\/wp\/v2\/pages\/3050","targetHints":{"allow":["GET"]}}],"collection":[{"href":"https:\/\/webs.uab.cat\/edicio-web\/wp-json\/wp\/v2\/pages"}],"about":[{"href":"https:\/\/webs.uab.cat\/edicio-web\/wp-json\/wp\/v2\/types\/page"}],"author":[{"embeddable":true,"href":"https:\/\/webs.uab.cat\/edicio-web\/wp-json\/wp\/v2\/users\/20"}],"replies":[{"embeddable":true,"href":"https:\/\/webs.uab.cat\/edicio-web\/wp-json\/wp\/v2\/comments?post=3050"}],"version-history":[{"count":15,"href":"https:\/\/webs.uab.cat\/edicio-web\/wp-json\/wp\/v2\/pages\/3050\/revisions"}],"predecessor-version":[{"id":4523,"href":"https:\/\/webs.uab.cat\/edicio-web\/wp-json\/wp\/v2\/pages\/3050\/revisions\/4523"}],"up":[{"embeddable":true,"href":"https:\/\/webs.uab.cat\/edicio-web\/wp-json\/wp\/v2\/pages\/2273"}],"wp:attachment":[{"href":"https:\/\/webs.uab.cat\/edicio-web\/wp-json\/wp\/v2\/media?parent=3050"}],"curies":[{"name":"wp","href":"https:\/\/api.w.org\/{rel}","templated":true}]}}