{"id":3343,"date":"2023-04-19T14:31:48","date_gmt":"2023-04-19T12:31:48","guid":{"rendered":"https:\/\/webs.uab.cat\/edicio-web\/?page_id=3343"},"modified":"2023-04-20T12:23:45","modified_gmt":"2023-04-20T10:23:45","slug":"wp-configuracio-general-del-web","status":"publish","type":"page","link":"https:\/\/webs.uab.cat\/edicio-web\/manual-wordpress\/wp-configuracio-general-del-web\/","title":{"rendered":"WP: Configuraci\u00f3 general del web"},"content":{"rendered":"\n<p>Entrant a <em>Opcions<\/em> de l&#8217;administraci\u00f3 del vostre site, accediu a les opcions de configuraci\u00f3 disponibles:<\/p>\n\n\n<div class=\"wp-block-image\">\n<figure class=\"aligncenter size-large is-resized\"><img loading=\"lazy\" decoding=\"async\" src=\"https:\/\/webs.uab.cat\/edicio-web\/wp-content\/uploads\/sites\/31\/2023\/04\/Captura-de-pantalla-2023-04-19-a-les-14.20.35-579x1024.png\" alt=\"\" class=\"wp-image-3344\" width=\"375\" height=\"664\" srcset=\"https:\/\/webs.uab.cat\/edicio-web\/wp-content\/uploads\/sites\/31\/2023\/04\/Captura-de-pantalla-2023-04-19-a-les-14.20.35-579x1024.png 579w, https:\/\/webs.uab.cat\/edicio-web\/wp-content\/uploads\/sites\/31\/2023\/04\/Captura-de-pantalla-2023-04-19-a-les-14.20.35-170x300.png 170w, https:\/\/webs.uab.cat\/edicio-web\/wp-content\/uploads\/sites\/31\/2023\/04\/Captura-de-pantalla-2023-04-19-a-les-14.20.35.png 754w\" sizes=\"auto, (max-width: 375px) 100vw, 375px\" \/><figcaption>Acc\u00e9s a les opcions de configuraci\u00f3 del vostre web<\/figcaption><\/figure>\n<\/div>\n\n\n<h2 class=\"wp-block-heading\">Generals<\/h2>\n\n\n\n<p>Permet establir el t\u00edtol i lema del web, el responsable principal, l&#8217;idioma, el fus horari i el format de data i hora de les entrades i p\u00e0gines del vostre site.<\/p>\n\n\n\n<h2 class=\"wp-block-heading\">Escriptura<\/h2>\n\n\n\n<p>Aqu\u00ed podeu canviar la plantilla predeterminada per a les p\u00e0gines que creeu. Podeu triar entre <em>Ginys laterals<\/em> que habilita un espai al lateral dret on s&#8217;ubicaran els ginys o b\u00e9 <em>Ginys al peu de p\u00e0gina<\/em>, que habilita un espai entre el contingut i el peu de p\u00e0gina per a mostrar el ginys.<\/p>\n\n\n\n<p>Aquesta configuraci\u00f3 \u00e9s la que s&#8217;assignar\u00e0 com a predeterminada per als nous continguts, per\u00f2 en l&#8217;edici\u00f3 de cadascuna de les p\u00e0gines i entrades podeu modificar aquesta plantilla a les opcions de configuraci\u00f3 de la barra lateral dreta.<\/p>\n\n\n\n<h2 class=\"wp-block-heading\">Lectura<\/h2>\n\n\n\n<p>En aquesta secci\u00f3 podeu determinar quina \u00e9s la p\u00e0gina principal o portada del vostre web, aquella a la que es dirigir\u00e0 l&#8217;usuari en pr\u00e9mer l&#8217;enlla\u00e7 del t\u00edtol del site. Podeu triar entre mostrar una p\u00e0gina est\u00e0tica de les que teniu creades o b\u00e9 una p\u00e0gina que mostra les \u00faltimes entrades que heu creat.<\/p>\n\n\n\n<p>Podeu configurar tamb\u00e9 aqu\u00ed cuantes entrades voleu que es mostrin a les p\u00e0gines que es creen autom\u00e0ticament de cadascuna de les categories, si als llistats d&#8217;entrada es mostra el text complet o b\u00e9 nom\u00e9s l&#8217;extracte i si preferiu que es mostri la data de l&#8217;\u00faltima actualitzaci\u00f3 dels vostres continguts.<\/p>\n\n\n\n<p><\/p>\n\n\n\n<p> <\/p>\n\n\n\n<hr class=\"wp-block-separator has-alpha-channel-opacity is-style-wide\"\/>\n\n\n\n<div class=\"wp-block-buttons alignfull is-content-justification-center is-layout-flex wp-container-core-buttons-is-layout-16018d1d wp-block-buttons-is-layout-flex\">\n<div class=\"wp-block-button has-custom-width wp-block-button__width-25 enrera\"><a class=\"wp-block-button__link\" href=\"https:\/\/webs.uab.cat\/edicio-web\/manual-wordpress\/perfil-dusuari\/\">Perfil d&#8217;usuari<\/a><\/div>\n\n\n\n<div class=\"wp-block-button has-custom-width wp-block-button__width-25 is-style-outline is-style-outline--1\"><a class=\"wp-block-button__link\" href=\"https:\/\/webs.uab.cat\/edicio-web\/manual-wordpress\/\">TAULA DE CONTINGUTS<\/a><\/div>\n\n\n\n<div class=\"wp-block-button has-custom-width wp-block-button__width-25 endavant\"><a class=\"wp-block-button__link\" href=\"https:\/\/webs.uab.cat\/edicio-web\/manual-wordpress\/pagines-i-entrades\/\">P\u00e0gines i entrades<\/a><\/div>\n<\/div>\n\n\n\n<p><\/p>\n\n\n\n<p> <\/p>\n","protected":false},"excerpt":{"rendered":"<p>Entrant a Opcions de l&#8217;administraci\u00f3 del vostre site, accediu a les opcions de configuraci\u00f3 disponibles: Generals Permet establir el t\u00edtol i lema del web, el responsable principal, l&#8217;idioma, el fus horari i el format de data i hora de les entrades i p\u00e0gines del vostre site. Escriptura Aqu\u00ed podeu canviar la plantilla predeterminada per a [&hellip;]<\/p>\n","protected":false},"author":20,"featured_media":0,"parent":2273,"menu_order":0,"comment_status":"closed","ping_status":"closed","template":"","meta":{"footnotes":""},"class_list":["post-3343","page","type-page","status-publish","hentry"],"yoast_head":"<!-- This site is optimized with the Yoast SEO plugin v26.8 - https:\/\/yoast.com\/product\/yoast-seo-wordpress\/ -->\n<title>WP: Configuraci\u00f3 general del web &#8212; Blog de l&#039;edici\u00f3 web a la UAB<\/title>\n<meta name=\"robots\" content=\"index, follow, max-snippet:-1, max-image-preview:large, max-video-preview:-1\" \/>\n<link rel=\"canonical\" href=\"https:\/\/webs.uab.cat\/edicio-web\/manual-wordpress\/wp-configuracio-general-del-web\/\" \/>\n<meta property=\"og:locale\" content=\"ca_ES\" \/>\n<meta property=\"og:type\" content=\"article\" \/>\n<meta property=\"og:title\" content=\"WP: Configuraci\u00f3 general del web &#8212; Blog de l&#039;edici\u00f3 web a la UAB\" \/>\n<meta property=\"og:description\" content=\"Entrant a Opcions de l&#8217;administraci\u00f3 del vostre site, accediu a les opcions de configuraci\u00f3 disponibles: Generals Permet establir el t\u00edtol i lema del web, el responsable principal, l&#8217;idioma, el fus horari i el format de data i hora de les entrades i p\u00e0gines del vostre site. Escriptura Aqu\u00ed podeu canviar la plantilla predeterminada per a [&hellip;]\" \/>\n<meta property=\"og:url\" content=\"https:\/\/webs.uab.cat\/edicio-web\/manual-wordpress\/wp-configuracio-general-del-web\/\" \/>\n<meta property=\"og:site_name\" content=\"Blog de l&#039;edici\u00f3 web a la UAB\" \/>\n<meta property=\"article:modified_time\" content=\"2023-04-20T10:23:45+00:00\" \/>\n<meta property=\"og:image\" content=\"https:\/\/webs.uab.cat\/edicio-web\/wp-content\/uploads\/sites\/31\/2023\/04\/Captura-de-pantalla-2023-04-19-a-les-14.20.35-579x1024.png\" \/>\n<meta name=\"twitter:card\" content=\"summary_large_image\" \/>\n<meta name=\"twitter:label1\" content=\"Temps estimat de lectura\" \/>\n\t<meta name=\"twitter:data1\" content=\"1 minut\" \/>\n<script type=\"application\/ld+json\" class=\"yoast-schema-graph\">{\"@context\":\"https:\/\/schema.org\",\"@graph\":[{\"@type\":\"WebPage\",\"@id\":\"https:\/\/webs.uab.cat\/edicio-web\/manual-wordpress\/wp-configuracio-general-del-web\/\",\"url\":\"https:\/\/webs.uab.cat\/edicio-web\/manual-wordpress\/wp-configuracio-general-del-web\/\",\"name\":\"WP: Configuraci\u00f3 general del web &#8212; Blog de l&#039;edici\u00f3 web a la UAB\",\"isPartOf\":{\"@id\":\"https:\/\/webs.uab.cat\/edicio-web\/#website\"},\"primaryImageOfPage\":{\"@id\":\"https:\/\/webs.uab.cat\/edicio-web\/manual-wordpress\/wp-configuracio-general-del-web\/#primaryimage\"},\"image\":{\"@id\":\"https:\/\/webs.uab.cat\/edicio-web\/manual-wordpress\/wp-configuracio-general-del-web\/#primaryimage\"},\"thumbnailUrl\":\"https:\/\/webs.uab.cat\/edicio-web\/wp-content\/uploads\/sites\/31\/2023\/04\/Captura-de-pantalla-2023-04-19-a-les-14.20.35-579x1024.png\",\"datePublished\":\"2023-04-19T12:31:48+00:00\",\"dateModified\":\"2023-04-20T10:23:45+00:00\",\"breadcrumb\":{\"@id\":\"https:\/\/webs.uab.cat\/edicio-web\/manual-wordpress\/wp-configuracio-general-del-web\/#breadcrumb\"},\"inLanguage\":\"ca\",\"potentialAction\":[{\"@type\":\"ReadAction\",\"target\":[\"https:\/\/webs.uab.cat\/edicio-web\/manual-wordpress\/wp-configuracio-general-del-web\/\"]}]},{\"@type\":\"ImageObject\",\"inLanguage\":\"ca\",\"@id\":\"https:\/\/webs.uab.cat\/edicio-web\/manual-wordpress\/wp-configuracio-general-del-web\/#primaryimage\",\"url\":\"https:\/\/webs.uab.cat\/edicio-web\/wp-content\/uploads\/sites\/31\/2023\/04\/Captura-de-pantalla-2023-04-19-a-les-14.20.35.png\",\"contentUrl\":\"https:\/\/webs.uab.cat\/edicio-web\/wp-content\/uploads\/sites\/31\/2023\/04\/Captura-de-pantalla-2023-04-19-a-les-14.20.35.png\",\"width\":754,\"height\":1334},{\"@type\":\"BreadcrumbList\",\"@id\":\"https:\/\/webs.uab.cat\/edicio-web\/manual-wordpress\/wp-configuracio-general-del-web\/#breadcrumb\",\"itemListElement\":[{\"@type\":\"ListItem\",\"position\":1,\"name\":\"Inici\",\"item\":\"https:\/\/webs.uab.cat\/edicio-web\/\"},{\"@type\":\"ListItem\",\"position\":2,\"name\":\"WP: Manual WordPress\",\"item\":\"https:\/\/webs.uab.cat\/edicio-web\/manual-wordpress\/\"},{\"@type\":\"ListItem\",\"position\":3,\"name\":\"WP: Configuraci\u00f3 general del web\"}]},{\"@type\":\"WebSite\",\"@id\":\"https:\/\/webs.uab.cat\/edicio-web\/#website\",\"url\":\"https:\/\/webs.uab.cat\/edicio-web\/\",\"name\":\"Blog de l'edici\u00f3 web a la UAB\",\"description\":\"Un espai amb recursos \u00fatils per a les persones que editen el web de la UAB\",\"publisher\":{\"@id\":\"https:\/\/webs.uab.cat\/edicio-web\/#organization\"},\"potentialAction\":[{\"@type\":\"SearchAction\",\"target\":{\"@type\":\"EntryPoint\",\"urlTemplate\":\"https:\/\/webs.uab.cat\/edicio-web\/?s={search_term_string}\"},\"query-input\":{\"@type\":\"PropertyValueSpecification\",\"valueRequired\":true,\"valueName\":\"search_term_string\"}}],\"inLanguage\":\"ca\"},{\"@type\":\"Organization\",\"@id\":\"https:\/\/webs.uab.cat\/edicio-web\/#organization\",\"name\":\"Unitat de Web, Universitat Aut\u00f2noma de Barcelona\",\"url\":\"https:\/\/webs.uab.cat\/edicio-web\/\",\"logo\":{\"@type\":\"ImageObject\",\"inLanguage\":\"ca\",\"@id\":\"https:\/\/webs.uab.cat\/edicio-web\/#\/schema\/logo\/image\/\",\"url\":\"https:\/\/webs.uab.cat\/edicio-web\/wp-content\/uploads\/sites\/31\/2024\/11\/logotip-uab-esquerra-2-linies-verd.png\",\"contentUrl\":\"https:\/\/webs.uab.cat\/edicio-web\/wp-content\/uploads\/sites\/31\/2024\/11\/logotip-uab-esquerra-2-linies-verd.png\",\"width\":1892,\"height\":727,\"caption\":\"Unitat de Web, Universitat Aut\u00f2noma de Barcelona\"},\"image\":{\"@id\":\"https:\/\/webs.uab.cat\/edicio-web\/#\/schema\/logo\/image\/\"}}]}<\/script>\n<!-- \/ Yoast SEO plugin. -->","yoast_head_json":{"title":"WP: Configuraci\u00f3 general del web &#8212; Blog de l&#039;edici\u00f3 web a la UAB","robots":{"index":"index","follow":"follow","max-snippet":"max-snippet:-1","max-image-preview":"max-image-preview:large","max-video-preview":"max-video-preview:-1"},"canonical":"https:\/\/webs.uab.cat\/edicio-web\/manual-wordpress\/wp-configuracio-general-del-web\/","og_locale":"ca_ES","og_type":"article","og_title":"WP: Configuraci\u00f3 general del web &#8212; Blog de l&#039;edici\u00f3 web a la UAB","og_description":"Entrant a Opcions de l&#8217;administraci\u00f3 del vostre site, accediu a les opcions de configuraci\u00f3 disponibles: Generals Permet establir el t\u00edtol i lema del web, el responsable principal, l&#8217;idioma, el fus horari i el format de data i hora de les entrades i p\u00e0gines del vostre site. Escriptura Aqu\u00ed podeu canviar la plantilla predeterminada per a [&hellip;]","og_url":"https:\/\/webs.uab.cat\/edicio-web\/manual-wordpress\/wp-configuracio-general-del-web\/","og_site_name":"Blog de l&#039;edici\u00f3 web a la UAB","article_modified_time":"2023-04-20T10:23:45+00:00","og_image":[{"url":"https:\/\/webs.uab.cat\/edicio-web\/wp-content\/uploads\/sites\/31\/2023\/04\/Captura-de-pantalla-2023-04-19-a-les-14.20.35-579x1024.png","type":"","width":"","height":""}],"twitter_card":"summary_large_image","twitter_misc":{"Temps estimat de lectura":"1 minut"},"schema":{"@context":"https:\/\/schema.org","@graph":[{"@type":"WebPage","@id":"https:\/\/webs.uab.cat\/edicio-web\/manual-wordpress\/wp-configuracio-general-del-web\/","url":"https:\/\/webs.uab.cat\/edicio-web\/manual-wordpress\/wp-configuracio-general-del-web\/","name":"WP: Configuraci\u00f3 general del web &#8212; Blog de l&#039;edici\u00f3 web a la UAB","isPartOf":{"@id":"https:\/\/webs.uab.cat\/edicio-web\/#website"},"primaryImageOfPage":{"@id":"https:\/\/webs.uab.cat\/edicio-web\/manual-wordpress\/wp-configuracio-general-del-web\/#primaryimage"},"image":{"@id":"https:\/\/webs.uab.cat\/edicio-web\/manual-wordpress\/wp-configuracio-general-del-web\/#primaryimage"},"thumbnailUrl":"https:\/\/webs.uab.cat\/edicio-web\/wp-content\/uploads\/sites\/31\/2023\/04\/Captura-de-pantalla-2023-04-19-a-les-14.20.35-579x1024.png","datePublished":"2023-04-19T12:31:48+00:00","dateModified":"2023-04-20T10:23:45+00:00","breadcrumb":{"@id":"https:\/\/webs.uab.cat\/edicio-web\/manual-wordpress\/wp-configuracio-general-del-web\/#breadcrumb"},"inLanguage":"ca","potentialAction":[{"@type":"ReadAction","target":["https:\/\/webs.uab.cat\/edicio-web\/manual-wordpress\/wp-configuracio-general-del-web\/"]}]},{"@type":"ImageObject","inLanguage":"ca","@id":"https:\/\/webs.uab.cat\/edicio-web\/manual-wordpress\/wp-configuracio-general-del-web\/#primaryimage","url":"https:\/\/webs.uab.cat\/edicio-web\/wp-content\/uploads\/sites\/31\/2023\/04\/Captura-de-pantalla-2023-04-19-a-les-14.20.35.png","contentUrl":"https:\/\/webs.uab.cat\/edicio-web\/wp-content\/uploads\/sites\/31\/2023\/04\/Captura-de-pantalla-2023-04-19-a-les-14.20.35.png","width":754,"height":1334},{"@type":"BreadcrumbList","@id":"https:\/\/webs.uab.cat\/edicio-web\/manual-wordpress\/wp-configuracio-general-del-web\/#breadcrumb","itemListElement":[{"@type":"ListItem","position":1,"name":"Inici","item":"https:\/\/webs.uab.cat\/edicio-web\/"},{"@type":"ListItem","position":2,"name":"WP: Manual WordPress","item":"https:\/\/webs.uab.cat\/edicio-web\/manual-wordpress\/"},{"@type":"ListItem","position":3,"name":"WP: Configuraci\u00f3 general del web"}]},{"@type":"WebSite","@id":"https:\/\/webs.uab.cat\/edicio-web\/#website","url":"https:\/\/webs.uab.cat\/edicio-web\/","name":"Blog de l'edici\u00f3 web a la UAB","description":"Un espai amb recursos \u00fatils per a les persones que editen el web de la UAB","publisher":{"@id":"https:\/\/webs.uab.cat\/edicio-web\/#organization"},"potentialAction":[{"@type":"SearchAction","target":{"@type":"EntryPoint","urlTemplate":"https:\/\/webs.uab.cat\/edicio-web\/?s={search_term_string}"},"query-input":{"@type":"PropertyValueSpecification","valueRequired":true,"valueName":"search_term_string"}}],"inLanguage":"ca"},{"@type":"Organization","@id":"https:\/\/webs.uab.cat\/edicio-web\/#organization","name":"Unitat de Web, Universitat Aut\u00f2noma de Barcelona","url":"https:\/\/webs.uab.cat\/edicio-web\/","logo":{"@type":"ImageObject","inLanguage":"ca","@id":"https:\/\/webs.uab.cat\/edicio-web\/#\/schema\/logo\/image\/","url":"https:\/\/webs.uab.cat\/edicio-web\/wp-content\/uploads\/sites\/31\/2024\/11\/logotip-uab-esquerra-2-linies-verd.png","contentUrl":"https:\/\/webs.uab.cat\/edicio-web\/wp-content\/uploads\/sites\/31\/2024\/11\/logotip-uab-esquerra-2-linies-verd.png","width":1892,"height":727,"caption":"Unitat de Web, Universitat Aut\u00f2noma de Barcelona"},"image":{"@id":"https:\/\/webs.uab.cat\/edicio-web\/#\/schema\/logo\/image\/"}}]}},"_links":{"self":[{"href":"https:\/\/webs.uab.cat\/edicio-web\/wp-json\/wp\/v2\/pages\/3343","targetHints":{"allow":["GET"]}}],"collection":[{"href":"https:\/\/webs.uab.cat\/edicio-web\/wp-json\/wp\/v2\/pages"}],"about":[{"href":"https:\/\/webs.uab.cat\/edicio-web\/wp-json\/wp\/v2\/types\/page"}],"author":[{"embeddable":true,"href":"https:\/\/webs.uab.cat\/edicio-web\/wp-json\/wp\/v2\/users\/20"}],"replies":[{"embeddable":true,"href":"https:\/\/webs.uab.cat\/edicio-web\/wp-json\/wp\/v2\/comments?post=3343"}],"version-history":[{"count":3,"href":"https:\/\/webs.uab.cat\/edicio-web\/wp-json\/wp\/v2\/pages\/3343\/revisions"}],"predecessor-version":[{"id":3407,"href":"https:\/\/webs.uab.cat\/edicio-web\/wp-json\/wp\/v2\/pages\/3343\/revisions\/3407"}],"up":[{"embeddable":true,"href":"https:\/\/webs.uab.cat\/edicio-web\/wp-json\/wp\/v2\/pages\/2273"}],"wp:attachment":[{"href":"https:\/\/webs.uab.cat\/edicio-web\/wp-json\/wp\/v2\/media?parent=3343"}],"curies":[{"name":"wp","href":"https:\/\/api.w.org\/{rel}","templated":true}]}}