{"id":3454,"date":"2023-04-20T18:38:34","date_gmt":"2023-04-20T16:38:34","guid":{"rendered":"https:\/\/webs.uab.cat\/edicio-web\/?page_id=3454"},"modified":"2023-04-20T19:36:46","modified_gmt":"2023-04-20T17:36:46","slug":"wp-ginys","status":"publish","type":"page","link":"https:\/\/webs.uab.cat\/edicio-web\/wp-ginys\/","title":{"rendered":"WP: Ginys"},"content":{"rendered":"\n<p>A WordPress, els ginys s\u00f3n fragments de contingut que es mostren fora del flux de la p\u00e0gina o entrada. Contenen informaci\u00f3, navegaci\u00f3, enlla\u00e7os&#8230; separats d&#8217;una entrada o p\u00e0gina individual. Normalment, es mostren a totes les p\u00e0gines de la web, per\u00f2 tamb\u00e9 es poden configurar per tal que nom\u00e9s apareguin a p\u00e0gines espec\u00edfiques, com la p\u00e0gina d&#8217;inici.<\/p>\n\n\n\n<h2 class=\"wp-block-heading\">Zones de ginys<\/h2>\n\n\n\n<p>Els ginys es poden afegir a les <strong>zones de ginys<\/strong>. Les zones de ginys s\u00f3n parts globals del disseny del lloc web que poden acceptar blocs. Aix\u00f2 dep\u00e8n del tema, per\u00f2 s\u00f3n parts comuns com ara la barra lateral o el peu de p\u00e0gina. En el tema Webs UAB, hi ha dues zones que permeten la inclusi\u00f3 de ginys: la barra lateral dreta i el peu de p\u00e0gina.<\/p>\n\n\n\n<p>A les <a href=\"https:\/\/webs.uab.cat\/edicio-web\/manual-wordpress\/wp-configuracio-general-del-web\/\">opcions generals de configuraci\u00f3 del vostre web<\/a> podeu seleccionar on voleu que es mostrin els ginys, al lateral o al peu, a l&#8217;apartat <em>Escriptura<\/em>.<\/p>\n\n\n\n<p>Per administrar els ginys del vostre web, aneu a <em>aparen\u00e7a <\/em>&gt; <em>ginys<\/em>.<\/p>\n\n\n\n<figure class=\"wp-block-image size-large\"><img loading=\"lazy\" decoding=\"async\" width=\"1024\" height=\"614\" src=\"https:\/\/webs.uab.cat\/edicio-web\/wp-content\/uploads\/sites\/31\/2023\/04\/image-8-1024x614.png\" alt=\"\" class=\"wp-image-3459\" srcset=\"https:\/\/webs.uab.cat\/edicio-web\/wp-content\/uploads\/sites\/31\/2023\/04\/image-8-1024x614.png 1024w, https:\/\/webs.uab.cat\/edicio-web\/wp-content\/uploads\/sites\/31\/2023\/04\/image-8-300x180.png 300w, https:\/\/webs.uab.cat\/edicio-web\/wp-content\/uploads\/sites\/31\/2023\/04\/image-8-768x460.png 768w, https:\/\/webs.uab.cat\/edicio-web\/wp-content\/uploads\/sites\/31\/2023\/04\/image-8-1200x719.png 1200w, https:\/\/webs.uab.cat\/edicio-web\/wp-content\/uploads\/sites\/31\/2023\/04\/image-8.png 1293w\" sizes=\"auto, (max-width: 1024px) 100vw, 1024px\" \/><\/figure>\n\n\n\n<p>El tema Webs UAB t\u00e9 predefinida una zona addicional de ginys que es mostra al peu final de la p\u00e0gina, a la franja negra i que est\u00e0 pensada per mostrar les dades de contacte. Es tracta del primer giny que trobareu a la secci\u00f3 de ginys i podeu editar-lo fent clic al text que es mostra.<\/p>\n\n\n\n<figure class=\"wp-block-image size-large\"><img loading=\"lazy\" decoding=\"async\" width=\"1024\" height=\"621\" src=\"https:\/\/webs.uab.cat\/edicio-web\/wp-content\/uploads\/sites\/31\/2023\/04\/image-9-1024x621.png\" alt=\"\" class=\"wp-image-3460\" srcset=\"https:\/\/webs.uab.cat\/edicio-web\/wp-content\/uploads\/sites\/31\/2023\/04\/image-9-1024x621.png 1024w, https:\/\/webs.uab.cat\/edicio-web\/wp-content\/uploads\/sites\/31\/2023\/04\/image-9-300x182.png 300w, https:\/\/webs.uab.cat\/edicio-web\/wp-content\/uploads\/sites\/31\/2023\/04\/image-9-768x466.png 768w, https:\/\/webs.uab.cat\/edicio-web\/wp-content\/uploads\/sites\/31\/2023\/04\/image-9-1200x728.png 1200w, https:\/\/webs.uab.cat\/edicio-web\/wp-content\/uploads\/sites\/31\/2023\/04\/image-9.png 1327w\" sizes=\"auto, (max-width: 1024px) 100vw, 1024px\" \/><figcaption>Visualitzaci\u00f3 del giny de contacte.<\/figcaption><\/figure>\n\n\n\n<p>Les dues zones de ginys us permetran organitzar els ginys que mostreu. En el disseny on es mostren els ginys al lateral dret, els ginys de les dues zones es mostren en columna, primer els que incorporeu a la zona de ginys 1 i despr\u00e9s els de la zona de ginys 2. En el disseny on es mostren els ginys al peu de p\u00e0gina, els ginys de la zona de ginys 1 es mostren a l&#8217;esquerra i els ginys de la zona de ginys 2, a la dreta.<\/p>\n\n\n\n<div class=\"wp-block-columns alignwide is-layout-flex wp-container-core-columns-is-layout-9d6595d7 wp-block-columns-is-layout-flex\">\n<div class=\"wp-block-column is-layout-flow wp-block-column-is-layout-flow\">\n<figure class=\"wp-block-image\"><img loading=\"lazy\" decoding=\"async\" width=\"1024\" height=\"1013\" src=\"https:\/\/webs.uab.cat\/edicio-web\/wp-content\/uploads\/sites\/31\/2023\/04\/Captura-de-pantalla-2023-04-11-a-les-11.54.51-1024x1013.png\" alt=\"\" class=\"wp-image-3018\" srcset=\"https:\/\/webs.uab.cat\/edicio-web\/wp-content\/uploads\/sites\/31\/2023\/04\/Captura-de-pantalla-2023-04-11-a-les-11.54.51-1024x1013.png 1024w, https:\/\/webs.uab.cat\/edicio-web\/wp-content\/uploads\/sites\/31\/2023\/04\/Captura-de-pantalla-2023-04-11-a-les-11.54.51-300x297.png 300w, https:\/\/webs.uab.cat\/edicio-web\/wp-content\/uploads\/sites\/31\/2023\/04\/Captura-de-pantalla-2023-04-11-a-les-11.54.51-768x760.png 768w, https:\/\/webs.uab.cat\/edicio-web\/wp-content\/uploads\/sites\/31\/2023\/04\/Captura-de-pantalla-2023-04-11-a-les-11.54.51-1536x1520.png 1536w, https:\/\/webs.uab.cat\/edicio-web\/wp-content\/uploads\/sites\/31\/2023\/04\/Captura-de-pantalla-2023-04-11-a-les-11.54.51-2048x2026.png 2048w, https:\/\/webs.uab.cat\/edicio-web\/wp-content\/uploads\/sites\/31\/2023\/04\/Captura-de-pantalla-2023-04-11-a-les-11.54.51-1200x1187.png 1200w, https:\/\/webs.uab.cat\/edicio-web\/wp-content\/uploads\/sites\/31\/2023\/04\/Captura-de-pantalla-2023-04-11-a-les-11.54.51-1980x1959.png 1980w\" sizes=\"auto, (max-width: 1024px) 100vw, 1024px\" \/><\/figure>\n<\/div>\n\n\n\n<div class=\"wp-block-column is-layout-flow wp-block-column-is-layout-flow\">\n<figure class=\"wp-block-image\"><img loading=\"lazy\" decoding=\"async\" width=\"1004\" height=\"1024\" src=\"https:\/\/webs.uab.cat\/edicio-web\/wp-content\/uploads\/sites\/31\/2023\/04\/Captura-de-pantalla-2023-04-11-a-les-11.55.46-1004x1024.png\" alt=\"\" class=\"wp-image-3019\" srcset=\"https:\/\/webs.uab.cat\/edicio-web\/wp-content\/uploads\/sites\/31\/2023\/04\/Captura-de-pantalla-2023-04-11-a-les-11.55.46-1004x1024.png 1004w, https:\/\/webs.uab.cat\/edicio-web\/wp-content\/uploads\/sites\/31\/2023\/04\/Captura-de-pantalla-2023-04-11-a-les-11.55.46-294x300.png 294w, https:\/\/webs.uab.cat\/edicio-web\/wp-content\/uploads\/sites\/31\/2023\/04\/Captura-de-pantalla-2023-04-11-a-les-11.55.46-768x783.png 768w, https:\/\/webs.uab.cat\/edicio-web\/wp-content\/uploads\/sites\/31\/2023\/04\/Captura-de-pantalla-2023-04-11-a-les-11.55.46-1506x1536.png 1506w, https:\/\/webs.uab.cat\/edicio-web\/wp-content\/uploads\/sites\/31\/2023\/04\/Captura-de-pantalla-2023-04-11-a-les-11.55.46-2009x2048.png 2009w, https:\/\/webs.uab.cat\/edicio-web\/wp-content\/uploads\/sites\/31\/2023\/04\/Captura-de-pantalla-2023-04-11-a-les-11.55.46-1200x1224.png 1200w, https:\/\/webs.uab.cat\/edicio-web\/wp-content\/uploads\/sites\/31\/2023\/04\/Captura-de-pantalla-2023-04-11-a-les-11.55.46-1980x2019.png 1980w\" sizes=\"auto, (max-width: 1004px) 100vw, 1004px\" \/><\/figure>\n<\/div>\n<\/div>\n\n\n\n<h2 class=\"wp-block-heading\">Creaci\u00f3 de ginys<\/h2>\n\n\n\n<p>Podeu crear els ginys amb qualsevol dels <a href=\"https:\/\/webs.uab.cat\/edicio-web\/manual-wordpress\/edicio-amb-blocs-de-contingut\/\">blocs de contingut<\/a> a les zones de ginys prement el bot\u00f3 <em>+<\/em>.<\/p>\n\n\n\n<figure class=\"wp-block-image size-full\"><img loading=\"lazy\" decoding=\"async\" width=\"1001\" height=\"460\" src=\"https:\/\/webs.uab.cat\/edicio-web\/wp-content\/uploads\/sites\/31\/2023\/04\/image-10.png\" alt=\"\" class=\"wp-image-3461\" srcset=\"https:\/\/webs.uab.cat\/edicio-web\/wp-content\/uploads\/sites\/31\/2023\/04\/image-10.png 1001w, https:\/\/webs.uab.cat\/edicio-web\/wp-content\/uploads\/sites\/31\/2023\/04\/image-10-300x138.png 300w, https:\/\/webs.uab.cat\/edicio-web\/wp-content\/uploads\/sites\/31\/2023\/04\/image-10-768x353.png 768w\" sizes=\"auto, (max-width: 1001px) 100vw, 1001px\" \/><figcaption>Com afegir un bloc a la zona de ginys<\/figcaption><\/figure>\n\n\n\n<figure class=\"wp-block-image size-full\"><img loading=\"lazy\" decoding=\"async\" width=\"974\" height=\"640\" src=\"https:\/\/webs.uab.cat\/edicio-web\/wp-content\/uploads\/sites\/31\/2023\/04\/image-11.png\" alt=\"\" class=\"wp-image-3462\" srcset=\"https:\/\/webs.uab.cat\/edicio-web\/wp-content\/uploads\/sites\/31\/2023\/04\/image-11.png 974w, https:\/\/webs.uab.cat\/edicio-web\/wp-content\/uploads\/sites\/31\/2023\/04\/image-11-300x197.png 300w, https:\/\/webs.uab.cat\/edicio-web\/wp-content\/uploads\/sites\/31\/2023\/04\/image-11-768x505.png 768w\" sizes=\"auto, (max-width: 974px) 100vw, 974px\" \/><figcaption>Exemples de blocs a la zona de ginys<\/figcaption><\/figure>\n\n\n\n<div class=\"wp-block-media-text has-media-on-the-right is-stacked-on-mobile\"><figure class=\"wp-block-media-text__media\"><img loading=\"lazy\" decoding=\"async\" width=\"694\" height=\"511\" src=\"https:\/\/webs.uab.cat\/edicio-web\/wp-content\/uploads\/sites\/31\/2023\/04\/image-14.png\" alt=\"\" class=\"wp-image-3465 size-full\" srcset=\"https:\/\/webs.uab.cat\/edicio-web\/wp-content\/uploads\/sites\/31\/2023\/04\/image-14.png 694w, https:\/\/webs.uab.cat\/edicio-web\/wp-content\/uploads\/sites\/31\/2023\/04\/image-14-300x221.png 300w\" sizes=\"auto, (max-width: 694px) 100vw, 694px\" \/><\/figure><div class=\"wp-block-media-text__content\">\n<p class=\"has-small-font-size\">Quan editem un bloc d&#8217;una zona de ginys, a m\u00e9s de les opcions de configuraci\u00f3 habituals, es mostra una icona que permet modificar la ubicaci\u00f3 del giny. En pr\u00e9mer aquesta opci\u00f3 es mostren les possibles destinacions del giny.<\/p>\n<\/div><\/div>\n\n\n\n<p>Les icones de fletxa amunt i avall que es mostren a les opcions de configuraci\u00f3 permeten moure el bloc amunt i avall del llistat de blocs d&#8217;una zona.<\/p>\n\n\n\n<h2 class=\"wp-block-heading\">Idioma del giny <\/h2>\n\n\n\n<p>A les web en m\u00e9s d&#8217;un idioma, es pot seleccionar en quin dels idiomes es mostra cadascun dels blocs de les zones de ginys. En seleccionar un giny, a la barra lateral dreta, a m\u00e9s de les opcions de configuraci\u00f3 del bloc, es pot triar en quin idioma es mostrar\u00e0 el giny. <\/p>\n\n\n\n<figure class=\"wp-block-image size-large\"><img loading=\"lazy\" decoding=\"async\" width=\"1024\" height=\"566\" src=\"https:\/\/webs.uab.cat\/edicio-web\/wp-content\/uploads\/sites\/31\/2023\/04\/image-15-1024x566.png\" alt=\"\" class=\"wp-image-3470\" srcset=\"https:\/\/webs.uab.cat\/edicio-web\/wp-content\/uploads\/sites\/31\/2023\/04\/image-15-1024x566.png 1024w, https:\/\/webs.uab.cat\/edicio-web\/wp-content\/uploads\/sites\/31\/2023\/04\/image-15-300x166.png 300w, https:\/\/webs.uab.cat\/edicio-web\/wp-content\/uploads\/sites\/31\/2023\/04\/image-15-768x425.png 768w, https:\/\/webs.uab.cat\/edicio-web\/wp-content\/uploads\/sites\/31\/2023\/04\/image-15.png 1136w\" sizes=\"auto, (max-width: 1024px) 100vw, 1024px\" \/><\/figure>\n\n\n\n<h2 class=\"wp-block-heading\">Mostrar un giny nom\u00e9s a la portada del web<\/h2>\n\n\n\n<p>Per mostrar un giny nom\u00e9s a la portada del web cal que activeu l&#8217;extensi\u00f3 <em>Block Logic <\/em>a l&#8217;apartat extensions.<\/p>\n\n\n\n<p>A partir d&#8217;aquest moment, quan editeu un giny, a les opcions de configuraci\u00f3 de la barra lateral dreta, es mostrar\u00e0, a la secci\u00f3 Avan\u00e7at, un camp que permet incloure una l\u00f2gica condicional per mostrar el giny. En el cas que vulgueu que el giny es mostri nom\u00e9s a la p\u00e0gina de portada, la l\u00f2gica que heu d&#8217;escriure \u00e9s<\/p>\n\n\n\n<pre class=\"wp-block-code\"><code>is_front_page() <\/code><\/pre>\n\n\n\n<figure class=\"wp-block-image size-large\"><img loading=\"lazy\" decoding=\"async\" width=\"1024\" height=\"628\" src=\"https:\/\/webs.uab.cat\/edicio-web\/wp-content\/uploads\/sites\/31\/2023\/04\/image-17-1024x628.png\" alt=\"\" class=\"wp-image-3473\" srcset=\"https:\/\/webs.uab.cat\/edicio-web\/wp-content\/uploads\/sites\/31\/2023\/04\/image-17-1024x628.png 1024w, https:\/\/webs.uab.cat\/edicio-web\/wp-content\/uploads\/sites\/31\/2023\/04\/image-17-300x184.png 300w, https:\/\/webs.uab.cat\/edicio-web\/wp-content\/uploads\/sites\/31\/2023\/04\/image-17-768x471.png 768w, https:\/\/webs.uab.cat\/edicio-web\/wp-content\/uploads\/sites\/31\/2023\/04\/image-17.png 1154w\" sizes=\"auto, (max-width: 1024px) 100vw, 1024px\" \/><\/figure>\n\n\n\n<p>A la p\u00e0gina oficial de WordPress teniu el <a href=\"https:\/\/codex.wordpress.org\/Conditional_Tags\">llistat de condicionals admesos<\/a>. <\/p>\n\n\n\n<h2 class=\"wp-block-heading\">Ginys inactius<\/h2>\n\n\n\n<p>Aqu\u00ed trobareu els ginys que heu creat per\u00f2 no heu col\u00b7locat a cap de les zones de ginys. Podeu despla\u00e7ar a aquesta zona aquells ginys que no voleu mostrar temporament seleccionant la zona de ginys inactius al desplegable <em>Mou a l&#8217;\u00e0rea de ginys<\/em>:<\/p>\n\n\n<div class=\"wp-block-image\">\n<figure class=\"aligncenter size-full is-resized\"><img loading=\"lazy\" decoding=\"async\" src=\"https:\/\/webs.uab.cat\/edicio-web\/wp-content\/uploads\/sites\/31\/2023\/04\/image-18.png\" alt=\"\" class=\"wp-image-3475\" width=\"307\" height=\"326\" srcset=\"https:\/\/webs.uab.cat\/edicio-web\/wp-content\/uploads\/sites\/31\/2023\/04\/image-18.png 478w, https:\/\/webs.uab.cat\/edicio-web\/wp-content\/uploads\/sites\/31\/2023\/04\/image-18-282x300.png 282w\" sizes=\"auto, (max-width: 307px) 100vw, 307px\" \/><figcaption>Possibles zones de ginys del tema Webs UAB<\/figcaption><\/figure>\n<\/div>\n\n\n<hr class=\"wp-block-separator has-alpha-channel-opacity is-style-wide\"\/>\n\n\n\n<div class=\"wp-block-buttons alignfull is-content-justification-center is-layout-flex wp-container-core-buttons-is-layout-16018d1d wp-block-buttons-is-layout-flex\">\n<div class=\"wp-block-button has-custom-width wp-block-button__width-25 enrera\"><a class=\"wp-block-button__link\" href=\"https:\/\/webs.uab.cat\/edicio-web\/manual-wordpress\/aparenca-del-web\/wp-colors-institucionals-a-ledicio\/\">Colors institucionals<\/a><\/div>\n\n\n\n<div class=\"wp-block-button has-custom-width wp-block-button__width-25 is-style-outline is-style-outline--1\"><a class=\"wp-block-button__link\" href=\"https:\/\/webs.uab.cat\/edicio-web\/manual-wordpress\/\">TAULA DE CONTINGUTS<\/a><\/div>\n\n\n\n<div class=\"wp-block-button has-custom-width wp-block-button__width-25 endavant\"><a class=\"wp-block-button__link\" href=\"https:\/\/webs.uab.cat\/edicio-web\/manual-wordpress\/wp-extensions\/\">Extensions<\/a><\/div>\n<\/div>\n\n\n\n<p><\/p>\n","protected":false},"excerpt":{"rendered":"<p>A WordPress, els ginys s\u00f3n fragments de contingut que es mostren fora del flux de la p\u00e0gina o entrada. Contenen informaci\u00f3, navegaci\u00f3, enlla\u00e7os&#8230; separats d&#8217;una entrada o p\u00e0gina individual. Normalment, es mostren a totes les p\u00e0gines de la web, per\u00f2 tamb\u00e9 es poden configurar per tal que nom\u00e9s apareguin a p\u00e0gines espec\u00edfiques, com la p\u00e0gina [&hellip;]<\/p>\n","protected":false},"author":20,"featured_media":0,"parent":0,"menu_order":0,"comment_status":"closed","ping_status":"closed","template":"","meta":{"footnotes":""},"class_list":["post-3454","page","type-page","status-publish","hentry"],"yoast_head":"<!-- This site is optimized with the Yoast SEO plugin v26.8 - https:\/\/yoast.com\/product\/yoast-seo-wordpress\/ -->\n<title>WP: Ginys &#8212; Blog de l&#039;edici\u00f3 web a la UAB<\/title>\n<meta name=\"robots\" content=\"index, follow, max-snippet:-1, max-image-preview:large, max-video-preview:-1\" \/>\n<link rel=\"canonical\" href=\"https:\/\/webs.uab.cat\/edicio-web\/wp-ginys\/\" \/>\n<meta property=\"og:locale\" content=\"ca_ES\" \/>\n<meta property=\"og:type\" content=\"article\" \/>\n<meta property=\"og:title\" content=\"WP: Ginys &#8212; Blog de l&#039;edici\u00f3 web a la UAB\" \/>\n<meta property=\"og:description\" content=\"A WordPress, els ginys s\u00f3n fragments de contingut que es mostren fora del flux de la p\u00e0gina o entrada. Contenen informaci\u00f3, navegaci\u00f3, enlla\u00e7os&#8230; separats d&#8217;una entrada o p\u00e0gina individual. Normalment, es mostren a totes les p\u00e0gines de la web, per\u00f2 tamb\u00e9 es poden configurar per tal que nom\u00e9s apareguin a p\u00e0gines espec\u00edfiques, com la p\u00e0gina [&hellip;]\" \/>\n<meta property=\"og:url\" content=\"https:\/\/webs.uab.cat\/edicio-web\/wp-ginys\/\" \/>\n<meta property=\"og:site_name\" content=\"Blog de l&#039;edici\u00f3 web a la UAB\" \/>\n<meta property=\"article:modified_time\" content=\"2023-04-20T17:36:46+00:00\" \/>\n<meta property=\"og:image\" content=\"https:\/\/webs.uab.cat\/edicio-web\/wp-content\/uploads\/sites\/31\/2023\/04\/image-8-1024x614.png\" \/>\n<meta name=\"twitter:card\" content=\"summary_large_image\" \/>\n<meta name=\"twitter:label1\" content=\"Temps estimat de lectura\" \/>\n\t<meta name=\"twitter:data1\" content=\"3 minuts\" \/>\n<script type=\"application\/ld+json\" class=\"yoast-schema-graph\">{\"@context\":\"https:\/\/schema.org\",\"@graph\":[{\"@type\":\"WebPage\",\"@id\":\"https:\/\/webs.uab.cat\/edicio-web\/wp-ginys\/\",\"url\":\"https:\/\/webs.uab.cat\/edicio-web\/wp-ginys\/\",\"name\":\"WP: Ginys &#8212; Blog de l&#039;edici\u00f3 web a la UAB\",\"isPartOf\":{\"@id\":\"https:\/\/webs.uab.cat\/edicio-web\/#website\"},\"primaryImageOfPage\":{\"@id\":\"https:\/\/webs.uab.cat\/edicio-web\/wp-ginys\/#primaryimage\"},\"image\":{\"@id\":\"https:\/\/webs.uab.cat\/edicio-web\/wp-ginys\/#primaryimage\"},\"thumbnailUrl\":\"https:\/\/webs.uab.cat\/edicio-web\/wp-content\/uploads\/sites\/31\/2023\/04\/image-8-1024x614.png\",\"datePublished\":\"2023-04-20T16:38:34+00:00\",\"dateModified\":\"2023-04-20T17:36:46+00:00\",\"breadcrumb\":{\"@id\":\"https:\/\/webs.uab.cat\/edicio-web\/wp-ginys\/#breadcrumb\"},\"inLanguage\":\"ca\",\"potentialAction\":[{\"@type\":\"ReadAction\",\"target\":[\"https:\/\/webs.uab.cat\/edicio-web\/wp-ginys\/\"]}]},{\"@type\":\"ImageObject\",\"inLanguage\":\"ca\",\"@id\":\"https:\/\/webs.uab.cat\/edicio-web\/wp-ginys\/#primaryimage\",\"url\":\"https:\/\/webs.uab.cat\/edicio-web\/wp-content\/uploads\/sites\/31\/2023\/04\/image-8.png\",\"contentUrl\":\"https:\/\/webs.uab.cat\/edicio-web\/wp-content\/uploads\/sites\/31\/2023\/04\/image-8.png\",\"width\":1293,\"height\":775},{\"@type\":\"BreadcrumbList\",\"@id\":\"https:\/\/webs.uab.cat\/edicio-web\/wp-ginys\/#breadcrumb\",\"itemListElement\":[{\"@type\":\"ListItem\",\"position\":1,\"name\":\"Inici\",\"item\":\"https:\/\/webs.uab.cat\/edicio-web\/\"},{\"@type\":\"ListItem\",\"position\":2,\"name\":\"WP: Ginys\"}]},{\"@type\":\"WebSite\",\"@id\":\"https:\/\/webs.uab.cat\/edicio-web\/#website\",\"url\":\"https:\/\/webs.uab.cat\/edicio-web\/\",\"name\":\"Blog de l'edici\u00f3 web a la UAB\",\"description\":\"Un espai amb recursos \u00fatils per a les persones que editen el web de la UAB\",\"publisher\":{\"@id\":\"https:\/\/webs.uab.cat\/edicio-web\/#organization\"},\"potentialAction\":[{\"@type\":\"SearchAction\",\"target\":{\"@type\":\"EntryPoint\",\"urlTemplate\":\"https:\/\/webs.uab.cat\/edicio-web\/?s={search_term_string}\"},\"query-input\":{\"@type\":\"PropertyValueSpecification\",\"valueRequired\":true,\"valueName\":\"search_term_string\"}}],\"inLanguage\":\"ca\"},{\"@type\":\"Organization\",\"@id\":\"https:\/\/webs.uab.cat\/edicio-web\/#organization\",\"name\":\"Unitat de Web, Universitat Aut\u00f2noma de Barcelona\",\"url\":\"https:\/\/webs.uab.cat\/edicio-web\/\",\"logo\":{\"@type\":\"ImageObject\",\"inLanguage\":\"ca\",\"@id\":\"https:\/\/webs.uab.cat\/edicio-web\/#\/schema\/logo\/image\/\",\"url\":\"https:\/\/webs.uab.cat\/edicio-web\/wp-content\/uploads\/sites\/31\/2024\/11\/logotip-uab-esquerra-2-linies-verd.png\",\"contentUrl\":\"https:\/\/webs.uab.cat\/edicio-web\/wp-content\/uploads\/sites\/31\/2024\/11\/logotip-uab-esquerra-2-linies-verd.png\",\"width\":1892,\"height\":727,\"caption\":\"Unitat de Web, Universitat Aut\u00f2noma de Barcelona\"},\"image\":{\"@id\":\"https:\/\/webs.uab.cat\/edicio-web\/#\/schema\/logo\/image\/\"}}]}<\/script>\n<!-- \/ Yoast SEO plugin. -->","yoast_head_json":{"title":"WP: Ginys &#8212; Blog de l&#039;edici\u00f3 web a la UAB","robots":{"index":"index","follow":"follow","max-snippet":"max-snippet:-1","max-image-preview":"max-image-preview:large","max-video-preview":"max-video-preview:-1"},"canonical":"https:\/\/webs.uab.cat\/edicio-web\/wp-ginys\/","og_locale":"ca_ES","og_type":"article","og_title":"WP: Ginys &#8212; Blog de l&#039;edici\u00f3 web a la UAB","og_description":"A WordPress, els ginys s\u00f3n fragments de contingut que es mostren fora del flux de la p\u00e0gina o entrada. Contenen informaci\u00f3, navegaci\u00f3, enlla\u00e7os&#8230; separats d&#8217;una entrada o p\u00e0gina individual. Normalment, es mostren a totes les p\u00e0gines de la web, per\u00f2 tamb\u00e9 es poden configurar per tal que nom\u00e9s apareguin a p\u00e0gines espec\u00edfiques, com la p\u00e0gina [&hellip;]","og_url":"https:\/\/webs.uab.cat\/edicio-web\/wp-ginys\/","og_site_name":"Blog de l&#039;edici\u00f3 web a la UAB","article_modified_time":"2023-04-20T17:36:46+00:00","og_image":[{"url":"https:\/\/webs.uab.cat\/edicio-web\/wp-content\/uploads\/sites\/31\/2023\/04\/image-8-1024x614.png","type":"","width":"","height":""}],"twitter_card":"summary_large_image","twitter_misc":{"Temps estimat de lectura":"3 minuts"},"schema":{"@context":"https:\/\/schema.org","@graph":[{"@type":"WebPage","@id":"https:\/\/webs.uab.cat\/edicio-web\/wp-ginys\/","url":"https:\/\/webs.uab.cat\/edicio-web\/wp-ginys\/","name":"WP: Ginys &#8212; Blog de l&#039;edici\u00f3 web a la UAB","isPartOf":{"@id":"https:\/\/webs.uab.cat\/edicio-web\/#website"},"primaryImageOfPage":{"@id":"https:\/\/webs.uab.cat\/edicio-web\/wp-ginys\/#primaryimage"},"image":{"@id":"https:\/\/webs.uab.cat\/edicio-web\/wp-ginys\/#primaryimage"},"thumbnailUrl":"https:\/\/webs.uab.cat\/edicio-web\/wp-content\/uploads\/sites\/31\/2023\/04\/image-8-1024x614.png","datePublished":"2023-04-20T16:38:34+00:00","dateModified":"2023-04-20T17:36:46+00:00","breadcrumb":{"@id":"https:\/\/webs.uab.cat\/edicio-web\/wp-ginys\/#breadcrumb"},"inLanguage":"ca","potentialAction":[{"@type":"ReadAction","target":["https:\/\/webs.uab.cat\/edicio-web\/wp-ginys\/"]}]},{"@type":"ImageObject","inLanguage":"ca","@id":"https:\/\/webs.uab.cat\/edicio-web\/wp-ginys\/#primaryimage","url":"https:\/\/webs.uab.cat\/edicio-web\/wp-content\/uploads\/sites\/31\/2023\/04\/image-8.png","contentUrl":"https:\/\/webs.uab.cat\/edicio-web\/wp-content\/uploads\/sites\/31\/2023\/04\/image-8.png","width":1293,"height":775},{"@type":"BreadcrumbList","@id":"https:\/\/webs.uab.cat\/edicio-web\/wp-ginys\/#breadcrumb","itemListElement":[{"@type":"ListItem","position":1,"name":"Inici","item":"https:\/\/webs.uab.cat\/edicio-web\/"},{"@type":"ListItem","position":2,"name":"WP: Ginys"}]},{"@type":"WebSite","@id":"https:\/\/webs.uab.cat\/edicio-web\/#website","url":"https:\/\/webs.uab.cat\/edicio-web\/","name":"Blog de l'edici\u00f3 web a la UAB","description":"Un espai amb recursos \u00fatils per a les persones que editen el web de la UAB","publisher":{"@id":"https:\/\/webs.uab.cat\/edicio-web\/#organization"},"potentialAction":[{"@type":"SearchAction","target":{"@type":"EntryPoint","urlTemplate":"https:\/\/webs.uab.cat\/edicio-web\/?s={search_term_string}"},"query-input":{"@type":"PropertyValueSpecification","valueRequired":true,"valueName":"search_term_string"}}],"inLanguage":"ca"},{"@type":"Organization","@id":"https:\/\/webs.uab.cat\/edicio-web\/#organization","name":"Unitat de Web, Universitat Aut\u00f2noma de Barcelona","url":"https:\/\/webs.uab.cat\/edicio-web\/","logo":{"@type":"ImageObject","inLanguage":"ca","@id":"https:\/\/webs.uab.cat\/edicio-web\/#\/schema\/logo\/image\/","url":"https:\/\/webs.uab.cat\/edicio-web\/wp-content\/uploads\/sites\/31\/2024\/11\/logotip-uab-esquerra-2-linies-verd.png","contentUrl":"https:\/\/webs.uab.cat\/edicio-web\/wp-content\/uploads\/sites\/31\/2024\/11\/logotip-uab-esquerra-2-linies-verd.png","width":1892,"height":727,"caption":"Unitat de Web, Universitat Aut\u00f2noma de Barcelona"},"image":{"@id":"https:\/\/webs.uab.cat\/edicio-web\/#\/schema\/logo\/image\/"}}]}},"_links":{"self":[{"href":"https:\/\/webs.uab.cat\/edicio-web\/wp-json\/wp\/v2\/pages\/3454","targetHints":{"allow":["GET"]}}],"collection":[{"href":"https:\/\/webs.uab.cat\/edicio-web\/wp-json\/wp\/v2\/pages"}],"about":[{"href":"https:\/\/webs.uab.cat\/edicio-web\/wp-json\/wp\/v2\/types\/page"}],"author":[{"embeddable":true,"href":"https:\/\/webs.uab.cat\/edicio-web\/wp-json\/wp\/v2\/users\/20"}],"replies":[{"embeddable":true,"href":"https:\/\/webs.uab.cat\/edicio-web\/wp-json\/wp\/v2\/comments?post=3454"}],"version-history":[{"count":8,"href":"https:\/\/webs.uab.cat\/edicio-web\/wp-json\/wp\/v2\/pages\/3454\/revisions"}],"predecessor-version":[{"id":3478,"href":"https:\/\/webs.uab.cat\/edicio-web\/wp-json\/wp\/v2\/pages\/3454\/revisions\/3478"}],"wp:attachment":[{"href":"https:\/\/webs.uab.cat\/edicio-web\/wp-json\/wp\/v2\/media?parent=3454"}],"curies":[{"name":"wp","href":"https:\/\/api.w.org\/{rel}","templated":true}]}}