{"id":3687,"date":"2023-05-05T12:42:15","date_gmt":"2023-05-05T10:42:15","guid":{"rendered":"https:\/\/webs.uab.cat\/edicio-web\/?page_id=3687"},"modified":"2025-06-03T11:36:28","modified_gmt":"2025-06-03T09:36:28","slug":"manuals-doracle","status":"publish","type":"page","link":"https:\/\/webs.uab.cat\/edicio-web\/manuals-doracle\/","title":{"rendered":"Manuals d&#8217;Oracle"},"content":{"rendered":"\n<p>En aquesta secci\u00f3 trobareu la documentaci\u00f3 de suport a l&#8217;usuari editor de p\u00e0gines Oracle. Les p\u00e0gines que hi trobareu pretenen ser un manual per a les persones que actualitzen els continguts d\u2019algun apartat web del Portal UAB. D\u2019una banda, per con\u00e8ixer el funcionament del gestor de continguts Oracle Webcenter Sites i de l\u2019altra tamb\u00e9 donar consells per redactar i preparar correctament els textos i imatges seguint el llibre d\u2019estil de la universitat, anal\u00edtica web, accessibilitat i protecci\u00f3 de dades personals.<\/p>\n\n\n\n<p>Actualment el gestor de continguts Oracle WebCenter Sites es troba en proc\u00e9s de canvi a la UAB. Estem fent la transici\u00f3 d&#8217;un model responsiu (d&#8217;ara en endavant RWD) a m\u00faltiples dispositius de navegaci\u00f3 cap a un nou model millorat on, a banda de continuar oferint aquesta prestaci\u00f3, s&#8217;introdueixen millores en la traducci\u00f3 de continguts, en la contribuci\u00f3 dels continguts i en les noves maquetes (d&#8217;ara en endavant VA). <\/p>\n\n\n\n<p class=\"wp-block-uab-entradeta entradeta\">Ser\u00e0 molt important determinar quin \u00e9s el model de contribuci\u00f3 del nostre site abans de revisar els continguts de la documentaci\u00f3.<\/p>\n\n\n\n<details class=\"wp-block-mamaduka-toggles wp-block-toggles\"><summary>Com saber quin \u00e9s el model del nostre site?<\/summary><div class=\"wp-block-toggles__content\">\n<p>El proc\u00e9s \u00e9s ben senzill. Nom\u00e9s caldr\u00e0 seguir aquestes passes:<\/p>\n\n\n\n<ol class=\"wp-block-list\">\n<li>Connectar a la XPV mitjan\u00e7ant el client FortiClient instal\u00b7lat al nostre equip.<\/li>\n\n\n\n<li>Accedir amb les nostres credencials personals a Oracle WebCenter Sites: <a href=\"https:\/\/webedit.uab.cat\/login\" target=\"_blank\" rel=\"noreferrer noopener\">https:\/\/webedit.uab.cat\/login<\/a><\/li>\n\n\n\n<li>Un cop hem accedit, podem fer dues comprovacions:\n<ul class=\"wp-block-list\">\n<li>Si cliquem a la pestanya &#8220;<strong>\u00c1rbol de contenido<\/strong>&#8220;, ubicada a la part inferior esquerra de la pantalla veurem un llistat al panell esquerre. Si els valors que es llisten contenen les <strong>sigles VA<\/strong>, el nostre site correspondr\u00e0 a aquest model de contribuci\u00f3 VA. Sino, el nostre site est\u00e0 fent servir el model de contribuci\u00f3 RWD.<\/li>\n\n\n\n<li>Si anem al Men\u00fa &#8220;<strong>Contenido<\/strong>&#8221; i ens posem a sobre de la opci\u00f3 &#8220;<strong>Nuevo<\/strong>&#8220;, se&#8217;ns desplegar\u00e0 un di\u00e0leg amb el llistat d&#8217;assets disponibles al nostre site. Si en aquest llistat veiem valors com, per exemple, <strong>Fitxa<\/strong>, <strong>M\u00f2dul <\/strong>o <strong>Multim\u00e8dia<\/strong>, el nostre site fa servir el model de contribuci\u00f3 VA. En cas que no apareguin, el nostre site fa servir el model de contribuci\u00f3 RWD.<\/li>\n<\/ul>\n<\/li>\n<\/ol>\n\n\n\n<p>A continuaci\u00f3, us presentem dues captures de pantalla per a identificar aquestes comprovacions m\u00e9s f\u00e0cilment.<\/p>\n\n\n<div class=\"wp-block-image\">\n<figure class=\"aligncenter size-large\"><img loading=\"lazy\" decoding=\"async\" width=\"1024\" height=\"627\" src=\"https:\/\/webs.uab.cat\/edicio-web\/wp-content\/uploads\/sites\/31\/2023\/05\/Screen-Shot-05-10-23-at-09.00-AM-1024x627.png\" alt=\"Men\u00fa de nou asset i &quot;\u00c1rbol de contenido&quot; per aun site VA\" class=\"wp-image-3727\" srcset=\"https:\/\/webs.uab.cat\/edicio-web\/wp-content\/uploads\/sites\/31\/2023\/05\/Screen-Shot-05-10-23-at-09.00-AM-1024x627.png 1024w, https:\/\/webs.uab.cat\/edicio-web\/wp-content\/uploads\/sites\/31\/2023\/05\/Screen-Shot-05-10-23-at-09.00-AM-300x184.png 300w, https:\/\/webs.uab.cat\/edicio-web\/wp-content\/uploads\/sites\/31\/2023\/05\/Screen-Shot-05-10-23-at-09.00-AM-768x470.png 768w, https:\/\/webs.uab.cat\/edicio-web\/wp-content\/uploads\/sites\/31\/2023\/05\/Screen-Shot-05-10-23-at-09.00-AM-1200x735.png 1200w, https:\/\/webs.uab.cat\/edicio-web\/wp-content\/uploads\/sites\/31\/2023\/05\/Screen-Shot-05-10-23-at-09.00-AM.png 1277w\" sizes=\"auto, (max-width: 1024px) 100vw, 1024px\" \/><figcaption class=\"wp-element-caption\">Captura de pantalla d&#8217;un site amb el model de contribuci\u00f3 VA<\/figcaption><\/figure>\n<\/div>\n\n<div class=\"wp-block-image\">\n<figure class=\"aligncenter size-large\"><img loading=\"lazy\" decoding=\"async\" width=\"1024\" height=\"627\" src=\"https:\/\/webs.uab.cat\/edicio-web\/wp-content\/uploads\/sites\/31\/2023\/05\/Screen-Shot-05-10-23-at-09.00-AM-001-1024x627.png\" alt=\"Men\u00fa de nou asset i &quot;\u00c1rbol de contenido&quot; per aun site RWD\" class=\"wp-image-3728\" srcset=\"https:\/\/webs.uab.cat\/edicio-web\/wp-content\/uploads\/sites\/31\/2023\/05\/Screen-Shot-05-10-23-at-09.00-AM-001-1024x627.png 1024w, https:\/\/webs.uab.cat\/edicio-web\/wp-content\/uploads\/sites\/31\/2023\/05\/Screen-Shot-05-10-23-at-09.00-AM-001-300x184.png 300w, https:\/\/webs.uab.cat\/edicio-web\/wp-content\/uploads\/sites\/31\/2023\/05\/Screen-Shot-05-10-23-at-09.00-AM-001-768x470.png 768w, https:\/\/webs.uab.cat\/edicio-web\/wp-content\/uploads\/sites\/31\/2023\/05\/Screen-Shot-05-10-23-at-09.00-AM-001-1200x735.png 1200w, https:\/\/webs.uab.cat\/edicio-web\/wp-content\/uploads\/sites\/31\/2023\/05\/Screen-Shot-05-10-23-at-09.00-AM-001.png 1277w\" sizes=\"auto, (max-width: 1024px) 100vw, 1024px\" \/><figcaption class=\"wp-element-caption\">Captura de pantalla d&#8217;un site amb el model de contribuci\u00f3 RWD<\/figcaption><\/figure>\n<\/div><\/div><\/details>\n\n\n\n<details class=\"wp-block-mamaduka-toggles wp-block-toggles\"><summary>Com donar-se d&#8217;alta al gestor de continguts?<\/summary><div class=\"wp-block-toggles__content\">\n<p>Caldr\u00e0 que empleneu el&nbsp;<strong><a href=\"https:\/\/tiquets.uab.cat\/servicedesk\/customer\/portal\/7\/create\/115\" target=\"_blank\" rel=\"noreferrer noopener\">Formulari per sol\u00b7licitar l\u2019alta d\u2019una persona al gestor de continguts Oracle<\/a><\/strong>.<\/p>\n\n\n\n<p>A tenir en compte:<\/p>\n\n\n\n<ul class=\"wp-block-list\">\n<li>El formulari l\u2019ha d\u2019emplenar una persona que ja tingui permisos al site on treballar\u00e0 l\u2019editor.<\/li>\n\n\n\n<li>En el camp \u201cSite \/ Secci\u00f3\u201d podeu escriure paraules de cerca.<\/li>\n\n\n\n<li>Si la persona a donar d\u2019alta \u00e9s un\/a estudiant en pr\u00e0ctiques, cal que primer la persona responsable de tutoritzar-lo demani l\u2019alta al CAS al col\u00b7lectiu d\u2019estudiants per accedir a Oracle a trav\u00e9s de la XPV.<\/li>\n\n\n\n<li>Aquest formulari tamb\u00e9 serveix per sol\u00b7licitar la baixa del gestor de continguts.<\/li>\n<\/ul>\n\n\n\n<p>Aquest procediment tamb\u00e9 caldr\u00e0 seguir-lo en el cas de persones que tenien acc\u00e9s al gestor de continguts i no s\u2019han connectat des d\u2019abans de l\u2019atac inform\u00e0tic. En aquest cas la mateixa persona interessada pot omplir el formulari.<\/p>\n<\/div><\/details>\n\n\n\n<div class=\"wp-block-columns is-layout-flex wp-container-core-columns-is-layout-9d6595d7 wp-block-columns-is-layout-flex\">\n<div class=\"wp-block-column is-layout-flow wp-block-column-is-layout-flow\">\n<div class=\"wp-block-cover is-light has-custom-content-position is-position-top-center\"><span aria-hidden=\"true\" class=\"wp-block-cover__background has-background-dim\"><\/span><img loading=\"lazy\" decoding=\"async\" width=\"666\" height=\"1018\" class=\"wp-block-cover__image-background wp-image-3698\" alt=\"\" src=\"https:\/\/webs.uab.cat\/edicio-web\/wp-content\/uploads\/sites\/31\/2023\/05\/Screen-Shot-05-05-23-at-01.22-PM-001.png\" data-object-fit=\"cover\" srcset=\"https:\/\/webs.uab.cat\/edicio-web\/wp-content\/uploads\/sites\/31\/2023\/05\/Screen-Shot-05-05-23-at-01.22-PM-001.png 666w, https:\/\/webs.uab.cat\/edicio-web\/wp-content\/uploads\/sites\/31\/2023\/05\/Screen-Shot-05-05-23-at-01.22-PM-001-196x300.png 196w\" sizes=\"auto, (max-width: 666px) 100vw, 666px\" \/><div class=\"wp-block-cover__inner-container is-layout-flow wp-block-cover-is-layout-flow\">\n<p class=\"has-text-align-center has-blanc-coco-color has-text-color has-large-font-size\"><a href=\"https:\/\/webs.uab.cat\/edicio-web\/manual-dusuari-oracle-rwd\/\">Consulta el manual d&#8217;usuari del model de contribuci\u00f3<\/a><\/p>\n\n\n\n<h2 class=\"wp-block-heading has-text-align-center has-blanc-coco-color has-text-color\"><a href=\"https:\/\/webs.uab.cat\/edicio-web\/manual-dusuari-oracle-rwd\/\">RWD<\/a><\/h2>\n<\/div><\/div>\n<\/div>\n\n\n\n<div class=\"wp-block-column is-layout-flow wp-block-column-is-layout-flow\">\n<div class=\"wp-block-cover is-light has-custom-content-position is-position-top-center\"><span aria-hidden=\"true\" class=\"wp-block-cover__background has-background-dim\"><\/span><img loading=\"lazy\" decoding=\"async\" width=\"666\" height=\"1018\" class=\"wp-block-cover__image-background wp-image-3698\" alt=\"\" src=\"https:\/\/webs.uab.cat\/edicio-web\/wp-content\/uploads\/sites\/31\/2023\/05\/Screen-Shot-05-05-23-at-01.22-PM-001.png\" data-object-fit=\"cover\" srcset=\"https:\/\/webs.uab.cat\/edicio-web\/wp-content\/uploads\/sites\/31\/2023\/05\/Screen-Shot-05-05-23-at-01.22-PM-001.png 666w, https:\/\/webs.uab.cat\/edicio-web\/wp-content\/uploads\/sites\/31\/2023\/05\/Screen-Shot-05-05-23-at-01.22-PM-001-196x300.png 196w\" sizes=\"auto, (max-width: 666px) 100vw, 666px\" \/><div class=\"wp-block-cover__inner-container is-layout-flow wp-block-cover-is-layout-flow\">\n<p class=\"has-text-align-center has-blanc-coco-color has-text-color has-large-font-size\"><a href=\"https:\/\/webs.uab.cat\/edicio-web\/manual-dusuari-oracle\/\">Consulta el manual d&#8217;usuari del model de contribuci\u00f3<\/a><\/p>\n\n\n\n<h2 class=\"wp-block-heading has-text-align-center has-blanc-coco-color has-text-color\"><a href=\"https:\/\/webs.uab.cat\/edicio-web\/manual-dusuari-oracle\/\">VA<\/a><\/h2>\n<\/div><\/div>\n<\/div>\n<\/div>\n\n\n\n<p><\/p>\n","protected":false},"excerpt":{"rendered":"<p>En aquesta secci\u00f3 trobareu la documentaci\u00f3 de suport a l&#8217;usuari editor de p\u00e0gines Oracle. Les p\u00e0gines que hi trobareu pretenen ser un manual per a les persones que actualitzen els continguts d\u2019algun apartat web del Portal UAB. D\u2019una banda, per con\u00e8ixer el funcionament del gestor de continguts Oracle Webcenter Sites i de l\u2019altra tamb\u00e9 donar [&hellip;]<\/p>\n","protected":false},"author":39,"featured_media":0,"parent":0,"menu_order":0,"comment_status":"closed","ping_status":"closed","template":"","meta":{"footnotes":""},"class_list":["post-3687","page","type-page","status-publish","hentry"],"yoast_head":"<!-- This site is optimized with the Yoast SEO plugin v26.8 - https:\/\/yoast.com\/product\/yoast-seo-wordpress\/ -->\n<title>Manuals d&#039;Oracle &#8212; Blog de l&#039;edici\u00f3 web a la UAB<\/title>\n<meta name=\"robots\" content=\"index, follow, max-snippet:-1, max-image-preview:large, max-video-preview:-1\" \/>\n<link rel=\"canonical\" href=\"https:\/\/webs.uab.cat\/edicio-web\/manuals-doracle\/\" \/>\n<meta property=\"og:locale\" content=\"ca_ES\" \/>\n<meta property=\"og:type\" content=\"article\" \/>\n<meta property=\"og:title\" content=\"Manuals d&#039;Oracle &#8212; Blog de l&#039;edici\u00f3 web a la UAB\" \/>\n<meta property=\"og:description\" content=\"En aquesta secci\u00f3 trobareu la documentaci\u00f3 de suport a l&#8217;usuari editor de p\u00e0gines Oracle. Les p\u00e0gines que hi trobareu pretenen ser un manual per a les persones que actualitzen els continguts d\u2019algun apartat web del Portal UAB. D\u2019una banda, per con\u00e8ixer el funcionament del gestor de continguts Oracle Webcenter Sites i de l\u2019altra tamb\u00e9 donar [&hellip;]\" \/>\n<meta property=\"og:url\" content=\"https:\/\/webs.uab.cat\/edicio-web\/manuals-doracle\/\" \/>\n<meta property=\"og:site_name\" content=\"Blog de l&#039;edici\u00f3 web a la UAB\" \/>\n<meta property=\"article:modified_time\" content=\"2025-06-03T09:36:28+00:00\" \/>\n<meta property=\"og:image\" content=\"https:\/\/webs.uab.cat\/edicio-web\/wp-content\/uploads\/sites\/31\/2023\/05\/Screen-Shot-05-10-23-at-09.00-AM.png\" \/>\n\t<meta property=\"og:image:width\" content=\"1277\" \/>\n\t<meta property=\"og:image:height\" content=\"782\" \/>\n\t<meta property=\"og:image:type\" content=\"image\/png\" \/>\n<meta name=\"twitter:card\" content=\"summary_large_image\" \/>\n<meta name=\"twitter:label1\" content=\"Temps estimat de lectura\" \/>\n\t<meta name=\"twitter:data1\" content=\"4 minuts\" \/>\n<script type=\"application\/ld+json\" class=\"yoast-schema-graph\">{\"@context\":\"https:\/\/schema.org\",\"@graph\":[{\"@type\":\"WebPage\",\"@id\":\"https:\/\/webs.uab.cat\/edicio-web\/manuals-doracle\/\",\"url\":\"https:\/\/webs.uab.cat\/edicio-web\/manuals-doracle\/\",\"name\":\"Manuals d'Oracle &#8212; Blog de l&#039;edici\u00f3 web a la UAB\",\"isPartOf\":{\"@id\":\"https:\/\/webs.uab.cat\/edicio-web\/#website\"},\"primaryImageOfPage\":{\"@id\":\"https:\/\/webs.uab.cat\/edicio-web\/manuals-doracle\/#primaryimage\"},\"image\":{\"@id\":\"https:\/\/webs.uab.cat\/edicio-web\/manuals-doracle\/#primaryimage\"},\"thumbnailUrl\":\"https:\/\/webs.uab.cat\/edicio-web\/wp-content\/uploads\/sites\/31\/2023\/05\/Screen-Shot-05-10-23-at-09.00-AM-1024x627.png\",\"datePublished\":\"2023-05-05T10:42:15+00:00\",\"dateModified\":\"2025-06-03T09:36:28+00:00\",\"breadcrumb\":{\"@id\":\"https:\/\/webs.uab.cat\/edicio-web\/manuals-doracle\/#breadcrumb\"},\"inLanguage\":\"ca\",\"potentialAction\":[{\"@type\":\"ReadAction\",\"target\":[\"https:\/\/webs.uab.cat\/edicio-web\/manuals-doracle\/\"]}]},{\"@type\":\"ImageObject\",\"inLanguage\":\"ca\",\"@id\":\"https:\/\/webs.uab.cat\/edicio-web\/manuals-doracle\/#primaryimage\",\"url\":\"https:\/\/webs.uab.cat\/edicio-web\/wp-content\/uploads\/sites\/31\/2023\/05\/Screen-Shot-05-10-23-at-09.00-AM.png\",\"contentUrl\":\"https:\/\/webs.uab.cat\/edicio-web\/wp-content\/uploads\/sites\/31\/2023\/05\/Screen-Shot-05-10-23-at-09.00-AM.png\",\"width\":1277,\"height\":782,\"caption\":\"Men\u00fa de nou asset i \\\"\u00c1rbol de contenido\\\" per aun site VA\"},{\"@type\":\"BreadcrumbList\",\"@id\":\"https:\/\/webs.uab.cat\/edicio-web\/manuals-doracle\/#breadcrumb\",\"itemListElement\":[{\"@type\":\"ListItem\",\"position\":1,\"name\":\"Inici\",\"item\":\"https:\/\/webs.uab.cat\/edicio-web\/\"},{\"@type\":\"ListItem\",\"position\":2,\"name\":\"Manuals d&#8217;Oracle\"}]},{\"@type\":\"WebSite\",\"@id\":\"https:\/\/webs.uab.cat\/edicio-web\/#website\",\"url\":\"https:\/\/webs.uab.cat\/edicio-web\/\",\"name\":\"Blog de l'edici\u00f3 web a la UAB\",\"description\":\"Un espai amb recursos \u00fatils per a les persones que editen el web de la UAB\",\"publisher\":{\"@id\":\"https:\/\/webs.uab.cat\/edicio-web\/#organization\"},\"potentialAction\":[{\"@type\":\"SearchAction\",\"target\":{\"@type\":\"EntryPoint\",\"urlTemplate\":\"https:\/\/webs.uab.cat\/edicio-web\/?s={search_term_string}\"},\"query-input\":{\"@type\":\"PropertyValueSpecification\",\"valueRequired\":true,\"valueName\":\"search_term_string\"}}],\"inLanguage\":\"ca\"},{\"@type\":\"Organization\",\"@id\":\"https:\/\/webs.uab.cat\/edicio-web\/#organization\",\"name\":\"Unitat de Web, Universitat Aut\u00f2noma de Barcelona\",\"url\":\"https:\/\/webs.uab.cat\/edicio-web\/\",\"logo\":{\"@type\":\"ImageObject\",\"inLanguage\":\"ca\",\"@id\":\"https:\/\/webs.uab.cat\/edicio-web\/#\/schema\/logo\/image\/\",\"url\":\"https:\/\/webs.uab.cat\/edicio-web\/wp-content\/uploads\/sites\/31\/2024\/11\/logotip-uab-esquerra-2-linies-verd.png\",\"contentUrl\":\"https:\/\/webs.uab.cat\/edicio-web\/wp-content\/uploads\/sites\/31\/2024\/11\/logotip-uab-esquerra-2-linies-verd.png\",\"width\":1892,\"height\":727,\"caption\":\"Unitat de Web, Universitat Aut\u00f2noma de Barcelona\"},\"image\":{\"@id\":\"https:\/\/webs.uab.cat\/edicio-web\/#\/schema\/logo\/image\/\"}}]}<\/script>\n<!-- \/ Yoast SEO plugin. -->","yoast_head_json":{"title":"Manuals d'Oracle &#8212; Blog de l&#039;edici\u00f3 web a la UAB","robots":{"index":"index","follow":"follow","max-snippet":"max-snippet:-1","max-image-preview":"max-image-preview:large","max-video-preview":"max-video-preview:-1"},"canonical":"https:\/\/webs.uab.cat\/edicio-web\/manuals-doracle\/","og_locale":"ca_ES","og_type":"article","og_title":"Manuals d'Oracle &#8212; Blog de l&#039;edici\u00f3 web a la UAB","og_description":"En aquesta secci\u00f3 trobareu la documentaci\u00f3 de suport a l&#8217;usuari editor de p\u00e0gines Oracle. Les p\u00e0gines que hi trobareu pretenen ser un manual per a les persones que actualitzen els continguts d\u2019algun apartat web del Portal UAB. D\u2019una banda, per con\u00e8ixer el funcionament del gestor de continguts Oracle Webcenter Sites i de l\u2019altra tamb\u00e9 donar [&hellip;]","og_url":"https:\/\/webs.uab.cat\/edicio-web\/manuals-doracle\/","og_site_name":"Blog de l&#039;edici\u00f3 web a la UAB","article_modified_time":"2025-06-03T09:36:28+00:00","og_image":[{"width":1277,"height":782,"url":"https:\/\/webs.uab.cat\/edicio-web\/wp-content\/uploads\/sites\/31\/2023\/05\/Screen-Shot-05-10-23-at-09.00-AM.png","type":"image\/png"}],"twitter_card":"summary_large_image","twitter_misc":{"Temps estimat de lectura":"4 minuts"},"schema":{"@context":"https:\/\/schema.org","@graph":[{"@type":"WebPage","@id":"https:\/\/webs.uab.cat\/edicio-web\/manuals-doracle\/","url":"https:\/\/webs.uab.cat\/edicio-web\/manuals-doracle\/","name":"Manuals d'Oracle &#8212; Blog de l&#039;edici\u00f3 web a la UAB","isPartOf":{"@id":"https:\/\/webs.uab.cat\/edicio-web\/#website"},"primaryImageOfPage":{"@id":"https:\/\/webs.uab.cat\/edicio-web\/manuals-doracle\/#primaryimage"},"image":{"@id":"https:\/\/webs.uab.cat\/edicio-web\/manuals-doracle\/#primaryimage"},"thumbnailUrl":"https:\/\/webs.uab.cat\/edicio-web\/wp-content\/uploads\/sites\/31\/2023\/05\/Screen-Shot-05-10-23-at-09.00-AM-1024x627.png","datePublished":"2023-05-05T10:42:15+00:00","dateModified":"2025-06-03T09:36:28+00:00","breadcrumb":{"@id":"https:\/\/webs.uab.cat\/edicio-web\/manuals-doracle\/#breadcrumb"},"inLanguage":"ca","potentialAction":[{"@type":"ReadAction","target":["https:\/\/webs.uab.cat\/edicio-web\/manuals-doracle\/"]}]},{"@type":"ImageObject","inLanguage":"ca","@id":"https:\/\/webs.uab.cat\/edicio-web\/manuals-doracle\/#primaryimage","url":"https:\/\/webs.uab.cat\/edicio-web\/wp-content\/uploads\/sites\/31\/2023\/05\/Screen-Shot-05-10-23-at-09.00-AM.png","contentUrl":"https:\/\/webs.uab.cat\/edicio-web\/wp-content\/uploads\/sites\/31\/2023\/05\/Screen-Shot-05-10-23-at-09.00-AM.png","width":1277,"height":782,"caption":"Men\u00fa de nou asset i \"\u00c1rbol de contenido\" per aun site VA"},{"@type":"BreadcrumbList","@id":"https:\/\/webs.uab.cat\/edicio-web\/manuals-doracle\/#breadcrumb","itemListElement":[{"@type":"ListItem","position":1,"name":"Inici","item":"https:\/\/webs.uab.cat\/edicio-web\/"},{"@type":"ListItem","position":2,"name":"Manuals d&#8217;Oracle"}]},{"@type":"WebSite","@id":"https:\/\/webs.uab.cat\/edicio-web\/#website","url":"https:\/\/webs.uab.cat\/edicio-web\/","name":"Blog de l'edici\u00f3 web a la UAB","description":"Un espai amb recursos \u00fatils per a les persones que editen el web de la UAB","publisher":{"@id":"https:\/\/webs.uab.cat\/edicio-web\/#organization"},"potentialAction":[{"@type":"SearchAction","target":{"@type":"EntryPoint","urlTemplate":"https:\/\/webs.uab.cat\/edicio-web\/?s={search_term_string}"},"query-input":{"@type":"PropertyValueSpecification","valueRequired":true,"valueName":"search_term_string"}}],"inLanguage":"ca"},{"@type":"Organization","@id":"https:\/\/webs.uab.cat\/edicio-web\/#organization","name":"Unitat de Web, Universitat Aut\u00f2noma de Barcelona","url":"https:\/\/webs.uab.cat\/edicio-web\/","logo":{"@type":"ImageObject","inLanguage":"ca","@id":"https:\/\/webs.uab.cat\/edicio-web\/#\/schema\/logo\/image\/","url":"https:\/\/webs.uab.cat\/edicio-web\/wp-content\/uploads\/sites\/31\/2024\/11\/logotip-uab-esquerra-2-linies-verd.png","contentUrl":"https:\/\/webs.uab.cat\/edicio-web\/wp-content\/uploads\/sites\/31\/2024\/11\/logotip-uab-esquerra-2-linies-verd.png","width":1892,"height":727,"caption":"Unitat de Web, Universitat Aut\u00f2noma de Barcelona"},"image":{"@id":"https:\/\/webs.uab.cat\/edicio-web\/#\/schema\/logo\/image\/"}}]}},"_links":{"self":[{"href":"https:\/\/webs.uab.cat\/edicio-web\/wp-json\/wp\/v2\/pages\/3687","targetHints":{"allow":["GET"]}}],"collection":[{"href":"https:\/\/webs.uab.cat\/edicio-web\/wp-json\/wp\/v2\/pages"}],"about":[{"href":"https:\/\/webs.uab.cat\/edicio-web\/wp-json\/wp\/v2\/types\/page"}],"author":[{"embeddable":true,"href":"https:\/\/webs.uab.cat\/edicio-web\/wp-json\/wp\/v2\/users\/39"}],"replies":[{"embeddable":true,"href":"https:\/\/webs.uab.cat\/edicio-web\/wp-json\/wp\/v2\/comments?post=3687"}],"version-history":[{"count":16,"href":"https:\/\/webs.uab.cat\/edicio-web\/wp-json\/wp\/v2\/pages\/3687\/revisions"}],"predecessor-version":[{"id":4629,"href":"https:\/\/webs.uab.cat\/edicio-web\/wp-json\/wp\/v2\/pages\/3687\/revisions\/4629"}],"wp:attachment":[{"href":"https:\/\/webs.uab.cat\/edicio-web\/wp-json\/wp\/v2\/media?parent=3687"}],"curies":[{"name":"wp","href":"https:\/\/api.w.org\/{rel}","templated":true}]}}