{"id":379,"date":"2016-10-24T11:22:06","date_gmt":"2016-10-24T09:22:06","guid":{"rendered":"http:\/\/blogs.uab.cat\/editorsweb\/?page_id=379"},"modified":"2022-10-18T13:13:34","modified_gmt":"2022-10-18T11:13:34","slug":"aprendre-mes","status":"publish","type":"page","link":"https:\/\/webs.uab.cat\/edicio-web\/aprendre-mes\/","title":{"rendered":"Aprendre m\u00e9s"},"content":{"rendered":"\n<div class=\"entradeta\">\n<p>Perqu\u00e8 sempre hi ha gent que vol saber m\u00e9s i a nosaltres ens agrada compartir aquells coneixements que creiem que us poden fer la vida m\u00e9s f\u00e0cil. Per aix\u00f2 us hem creat els apartats seg\u00fcents:<\/p>\n<\/div>\n\n\n\n<ul class=\"wp-block-list\"><li><a href=\"https:\/\/webs.uab.cat\/edicio-web\/category\/consells-i-trucs\/\"><strong>Consells i trucs:<\/strong><\/a> de vegades el que sembla un gran problema amb el gestor es pot resoldre de maneres poc convencionals.<\/li><li><a href=\"https:\/\/webs.uab.cat\/edicio-web\/2016\/10\/24\/cursos\/\"><strong>Cursos:<\/strong><\/a> el m\u00f3n d&#8217;internet ofereix moltes possibilitats per fer coses noves i hi ha molta gent disposada a ensenyar, i, fins i tot, de manera gratu\u00efta!<\/li><li><a href=\"https:\/\/webs.uab.cat\/edicio-web\/2016\/10\/26\/programes-dedicio-dimatges\/\"><strong>Programes d&#8217;edici\u00f3 d&#8217;imatges:<\/strong><\/a> alternatives als qui no poden pagar llic\u00e8ncies o no necessiten fer gran filigranes amb les imatges.<\/li><li><a href=\"https:\/\/webs.uab.cat\/edicio-web\/2016\/10\/24\/extensions-dels-navegadors\/\"><strong>Extensions dels navegadors:<\/strong><\/a> sabeu que hi ha eines per mesurar els objectes en pantalla o que us diuen f\u00e0cilment quin \u00e9s el codi d&#8217;aquell color que tant ens agrada d&#8217;una web?<\/li><\/ul>\n","protected":false},"excerpt":{"rendered":"<p>Perqu\u00e8 sempre hi ha gent que vol saber m\u00e9s i a nosaltres ens agrada compartir aquells coneixements que creiem que us poden fer la vida m\u00e9s f\u00e0cil. Per aix\u00f2 us hem creat els apartats seg\u00fcents: Consells i trucs: de vegades el que sembla un gran problema amb el gestor es pot resoldre de maneres poc [&hellip;]<\/p>\n","protected":false},"author":24,"featured_media":1710,"parent":0,"menu_order":0,"comment_status":"closed","ping_status":"closed","template":"","meta":{"footnotes":""},"class_list":["post-379","page","type-page","status-publish","has-post-thumbnail","hentry"],"yoast_head":"<!-- This site is optimized with the Yoast SEO plugin v26.8 - https:\/\/yoast.com\/product\/yoast-seo-wordpress\/ -->\n<title>Aprendre m\u00e9s &#8212; Blog de l&#039;edici\u00f3 web a la UAB<\/title>\n<meta name=\"robots\" content=\"index, follow, max-snippet:-1, max-image-preview:large, max-video-preview:-1\" \/>\n<link rel=\"canonical\" href=\"https:\/\/webs.uab.cat\/edicio-web\/aprendre-mes\/\" \/>\n<meta property=\"og:locale\" content=\"ca_ES\" \/>\n<meta property=\"og:type\" content=\"article\" \/>\n<meta property=\"og:title\" content=\"Aprendre m\u00e9s &#8212; Blog de l&#039;edici\u00f3 web a la UAB\" \/>\n<meta property=\"og:description\" content=\"Perqu\u00e8 sempre hi ha gent que vol saber m\u00e9s i a nosaltres ens agrada compartir aquells coneixements que creiem que us poden fer la vida m\u00e9s f\u00e0cil. Per aix\u00f2 us hem creat els apartats seg\u00fcents: Consells i trucs: de vegades el que sembla un gran problema amb el gestor es pot resoldre de maneres poc [&hellip;]\" \/>\n<meta property=\"og:url\" content=\"https:\/\/webs.uab.cat\/edicio-web\/aprendre-mes\/\" \/>\n<meta property=\"og:site_name\" content=\"Blog de l&#039;edici\u00f3 web a la UAB\" \/>\n<meta property=\"article:modified_time\" content=\"2022-10-18T11:13:34+00:00\" \/>\n<meta property=\"og:image\" content=\"https:\/\/webs.uab.cat\/edicio-web\/wp-content\/uploads\/sites\/31\/2022\/10\/aprendre-mes.jpg\" \/>\n\t<meta property=\"og:image:width\" content=\"966\" \/>\n\t<meta property=\"og:image:height\" content=\"555\" \/>\n\t<meta property=\"og:image:type\" content=\"image\/jpeg\" \/>\n<meta name=\"twitter:card\" content=\"summary_large_image\" \/>\n<meta name=\"twitter:label1\" content=\"Temps estimat de lectura\" \/>\n\t<meta name=\"twitter:data1\" content=\"1 minut\" \/>\n<script type=\"application\/ld+json\" class=\"yoast-schema-graph\">{\"@context\":\"https:\/\/schema.org\",\"@graph\":[{\"@type\":\"WebPage\",\"@id\":\"https:\/\/webs.uab.cat\/edicio-web\/aprendre-mes\/\",\"url\":\"https:\/\/webs.uab.cat\/edicio-web\/aprendre-mes\/\",\"name\":\"Aprendre m\u00e9s &#8212; Blog de l&#039;edici\u00f3 web a la UAB\",\"isPartOf\":{\"@id\":\"https:\/\/webs.uab.cat\/edicio-web\/#website\"},\"primaryImageOfPage\":{\"@id\":\"https:\/\/webs.uab.cat\/edicio-web\/aprendre-mes\/#primaryimage\"},\"image\":{\"@id\":\"https:\/\/webs.uab.cat\/edicio-web\/aprendre-mes\/#primaryimage\"},\"thumbnailUrl\":\"https:\/\/webs.uab.cat\/edicio-web\/wp-content\/uploads\/sites\/31\/2022\/10\/aprendre-mes.jpg\",\"datePublished\":\"2016-10-24T09:22:06+00:00\",\"dateModified\":\"2022-10-18T11:13:34+00:00\",\"breadcrumb\":{\"@id\":\"https:\/\/webs.uab.cat\/edicio-web\/aprendre-mes\/#breadcrumb\"},\"inLanguage\":\"ca\",\"potentialAction\":[{\"@type\":\"ReadAction\",\"target\":[\"https:\/\/webs.uab.cat\/edicio-web\/aprendre-mes\/\"]}]},{\"@type\":\"ImageObject\",\"inLanguage\":\"ca\",\"@id\":\"https:\/\/webs.uab.cat\/edicio-web\/aprendre-mes\/#primaryimage\",\"url\":\"https:\/\/webs.uab.cat\/edicio-web\/wp-content\/uploads\/sites\/31\/2022\/10\/aprendre-mes.jpg\",\"contentUrl\":\"https:\/\/webs.uab.cat\/edicio-web\/wp-content\/uploads\/sites\/31\/2022\/10\/aprendre-mes.jpg\",\"width\":966,\"height\":555},{\"@type\":\"BreadcrumbList\",\"@id\":\"https:\/\/webs.uab.cat\/edicio-web\/aprendre-mes\/#breadcrumb\",\"itemListElement\":[{\"@type\":\"ListItem\",\"position\":1,\"name\":\"Inici\",\"item\":\"https:\/\/webs.uab.cat\/edicio-web\/\"},{\"@type\":\"ListItem\",\"position\":2,\"name\":\"Aprendre m\u00e9s\"}]},{\"@type\":\"WebSite\",\"@id\":\"https:\/\/webs.uab.cat\/edicio-web\/#website\",\"url\":\"https:\/\/webs.uab.cat\/edicio-web\/\",\"name\":\"Blog de l'edici\u00f3 web a la UAB\",\"description\":\"Un espai amb recursos \u00fatils per a les persones que editen el web de la UAB\",\"publisher\":{\"@id\":\"https:\/\/webs.uab.cat\/edicio-web\/#organization\"},\"potentialAction\":[{\"@type\":\"SearchAction\",\"target\":{\"@type\":\"EntryPoint\",\"urlTemplate\":\"https:\/\/webs.uab.cat\/edicio-web\/?s={search_term_string}\"},\"query-input\":{\"@type\":\"PropertyValueSpecification\",\"valueRequired\":true,\"valueName\":\"search_term_string\"}}],\"inLanguage\":\"ca\"},{\"@type\":\"Organization\",\"@id\":\"https:\/\/webs.uab.cat\/edicio-web\/#organization\",\"name\":\"Unitat de Web, Universitat Aut\u00f2noma de Barcelona\",\"url\":\"https:\/\/webs.uab.cat\/edicio-web\/\",\"logo\":{\"@type\":\"ImageObject\",\"inLanguage\":\"ca\",\"@id\":\"https:\/\/webs.uab.cat\/edicio-web\/#\/schema\/logo\/image\/\",\"url\":\"https:\/\/webs.uab.cat\/edicio-web\/wp-content\/uploads\/sites\/31\/2024\/11\/logotip-uab-esquerra-2-linies-verd.png\",\"contentUrl\":\"https:\/\/webs.uab.cat\/edicio-web\/wp-content\/uploads\/sites\/31\/2024\/11\/logotip-uab-esquerra-2-linies-verd.png\",\"width\":1892,\"height\":727,\"caption\":\"Unitat de Web, Universitat Aut\u00f2noma de Barcelona\"},\"image\":{\"@id\":\"https:\/\/webs.uab.cat\/edicio-web\/#\/schema\/logo\/image\/\"}}]}<\/script>\n<!-- \/ Yoast SEO plugin. -->","yoast_head_json":{"title":"Aprendre m\u00e9s &#8212; Blog de l&#039;edici\u00f3 web a la UAB","robots":{"index":"index","follow":"follow","max-snippet":"max-snippet:-1","max-image-preview":"max-image-preview:large","max-video-preview":"max-video-preview:-1"},"canonical":"https:\/\/webs.uab.cat\/edicio-web\/aprendre-mes\/","og_locale":"ca_ES","og_type":"article","og_title":"Aprendre m\u00e9s &#8212; Blog de l&#039;edici\u00f3 web a la UAB","og_description":"Perqu\u00e8 sempre hi ha gent que vol saber m\u00e9s i a nosaltres ens agrada compartir aquells coneixements que creiem que us poden fer la vida m\u00e9s f\u00e0cil. Per aix\u00f2 us hem creat els apartats seg\u00fcents: Consells i trucs: de vegades el que sembla un gran problema amb el gestor es pot resoldre de maneres poc [&hellip;]","og_url":"https:\/\/webs.uab.cat\/edicio-web\/aprendre-mes\/","og_site_name":"Blog de l&#039;edici\u00f3 web a la UAB","article_modified_time":"2022-10-18T11:13:34+00:00","og_image":[{"width":966,"height":555,"url":"https:\/\/webs.uab.cat\/edicio-web\/wp-content\/uploads\/sites\/31\/2022\/10\/aprendre-mes.jpg","type":"image\/jpeg"}],"twitter_card":"summary_large_image","twitter_misc":{"Temps estimat de lectura":"1 minut"},"schema":{"@context":"https:\/\/schema.org","@graph":[{"@type":"WebPage","@id":"https:\/\/webs.uab.cat\/edicio-web\/aprendre-mes\/","url":"https:\/\/webs.uab.cat\/edicio-web\/aprendre-mes\/","name":"Aprendre m\u00e9s &#8212; Blog de l&#039;edici\u00f3 web a la UAB","isPartOf":{"@id":"https:\/\/webs.uab.cat\/edicio-web\/#website"},"primaryImageOfPage":{"@id":"https:\/\/webs.uab.cat\/edicio-web\/aprendre-mes\/#primaryimage"},"image":{"@id":"https:\/\/webs.uab.cat\/edicio-web\/aprendre-mes\/#primaryimage"},"thumbnailUrl":"https:\/\/webs.uab.cat\/edicio-web\/wp-content\/uploads\/sites\/31\/2022\/10\/aprendre-mes.jpg","datePublished":"2016-10-24T09:22:06+00:00","dateModified":"2022-10-18T11:13:34+00:00","breadcrumb":{"@id":"https:\/\/webs.uab.cat\/edicio-web\/aprendre-mes\/#breadcrumb"},"inLanguage":"ca","potentialAction":[{"@type":"ReadAction","target":["https:\/\/webs.uab.cat\/edicio-web\/aprendre-mes\/"]}]},{"@type":"ImageObject","inLanguage":"ca","@id":"https:\/\/webs.uab.cat\/edicio-web\/aprendre-mes\/#primaryimage","url":"https:\/\/webs.uab.cat\/edicio-web\/wp-content\/uploads\/sites\/31\/2022\/10\/aprendre-mes.jpg","contentUrl":"https:\/\/webs.uab.cat\/edicio-web\/wp-content\/uploads\/sites\/31\/2022\/10\/aprendre-mes.jpg","width":966,"height":555},{"@type":"BreadcrumbList","@id":"https:\/\/webs.uab.cat\/edicio-web\/aprendre-mes\/#breadcrumb","itemListElement":[{"@type":"ListItem","position":1,"name":"Inici","item":"https:\/\/webs.uab.cat\/edicio-web\/"},{"@type":"ListItem","position":2,"name":"Aprendre m\u00e9s"}]},{"@type":"WebSite","@id":"https:\/\/webs.uab.cat\/edicio-web\/#website","url":"https:\/\/webs.uab.cat\/edicio-web\/","name":"Blog de l'edici\u00f3 web a la UAB","description":"Un espai amb recursos \u00fatils per a les persones que editen el web de la UAB","publisher":{"@id":"https:\/\/webs.uab.cat\/edicio-web\/#organization"},"potentialAction":[{"@type":"SearchAction","target":{"@type":"EntryPoint","urlTemplate":"https:\/\/webs.uab.cat\/edicio-web\/?s={search_term_string}"},"query-input":{"@type":"PropertyValueSpecification","valueRequired":true,"valueName":"search_term_string"}}],"inLanguage":"ca"},{"@type":"Organization","@id":"https:\/\/webs.uab.cat\/edicio-web\/#organization","name":"Unitat de Web, Universitat Aut\u00f2noma de Barcelona","url":"https:\/\/webs.uab.cat\/edicio-web\/","logo":{"@type":"ImageObject","inLanguage":"ca","@id":"https:\/\/webs.uab.cat\/edicio-web\/#\/schema\/logo\/image\/","url":"https:\/\/webs.uab.cat\/edicio-web\/wp-content\/uploads\/sites\/31\/2024\/11\/logotip-uab-esquerra-2-linies-verd.png","contentUrl":"https:\/\/webs.uab.cat\/edicio-web\/wp-content\/uploads\/sites\/31\/2024\/11\/logotip-uab-esquerra-2-linies-verd.png","width":1892,"height":727,"caption":"Unitat de Web, Universitat Aut\u00f2noma de Barcelona"},"image":{"@id":"https:\/\/webs.uab.cat\/edicio-web\/#\/schema\/logo\/image\/"}}]}},"_links":{"self":[{"href":"https:\/\/webs.uab.cat\/edicio-web\/wp-json\/wp\/v2\/pages\/379","targetHints":{"allow":["GET"]}}],"collection":[{"href":"https:\/\/webs.uab.cat\/edicio-web\/wp-json\/wp\/v2\/pages"}],"about":[{"href":"https:\/\/webs.uab.cat\/edicio-web\/wp-json\/wp\/v2\/types\/page"}],"author":[{"embeddable":true,"href":"https:\/\/webs.uab.cat\/edicio-web\/wp-json\/wp\/v2\/users\/24"}],"replies":[{"embeddable":true,"href":"https:\/\/webs.uab.cat\/edicio-web\/wp-json\/wp\/v2\/comments?post=379"}],"version-history":[{"count":4,"href":"https:\/\/webs.uab.cat\/edicio-web\/wp-json\/wp\/v2\/pages\/379\/revisions"}],"predecessor-version":[{"id":1921,"href":"https:\/\/webs.uab.cat\/edicio-web\/wp-json\/wp\/v2\/pages\/379\/revisions\/1921"}],"wp:featuredmedia":[{"embeddable":true,"href":"https:\/\/webs.uab.cat\/edicio-web\/wp-json\/wp\/v2\/media\/1710"}],"wp:attachment":[{"href":"https:\/\/webs.uab.cat\/edicio-web\/wp-json\/wp\/v2\/media?parent=379"}],"curies":[{"name":"wp","href":"https:\/\/api.w.org\/{rel}","templated":true}]}}