{"id":88,"date":"2016-01-19T13:43:45","date_gmt":"2016-01-19T13:43:45","guid":{"rendered":"https:\/\/webs.uab.cat\/edoserveis\/edo-servicios\/"},"modified":"2022-08-12T11:50:21","modified_gmt":"2022-08-12T11:50:21","slug":"edo-servicios","status":"publish","type":"page","link":"https:\/\/webs.uab.cat\/edoserveis\/es\/","title":{"rendered":"EDO-SERVICIOS"},"content":{"rendered":"\n<figure class=\"wp-block-image\"><img loading=\"lazy\" decoding=\"async\" width=\"297\" height=\"69\" src=\"https:\/\/webs.uab.cat\/edoserveis\/wp-content\/uploads\/sites\/161\/2016\/01\/lps_petit.jpg\" alt=\"\" class=\"wp-image-51\"\/><\/figure>\n\n\n\n<p><\/p>\n\n\n\n<p>EDO-SERVEIS, vinculado al Equipo de Desarrollo Organizacional (EDO) del Departamento de Pedagog\u00eda Aplicada de la Universitat Aut\u00f2noma de Barcelona, se cre\u00f3 el a\u00f1o 2012 con el claro objetivo de promover la transferencia a la sociedad de los conocimientos adquiridos durante m\u00e1s de 20 a\u00f1os de experiencia en el desarrollo de las organizaciones educativas y de formaci\u00f3n.<\/p>\n\n\n\n<p>Los temas de inter\u00e9s y trabajo del EDO se relacionan con la naturaleza de las organizaciones formativas, su tipolog\u00eda, los sistemas de ordenaci\u00f3n y gesti\u00f3n institucional, las din\u00e1micas institucionales, los sistemas de evaluaci\u00f3n interna y externa, las estrategias de cambio, el rol de los directivos, el efecto de las nuevas tecnolog\u00edas, la creaci\u00f3n y gesti\u00f3n del conocimiento, la evaluaci\u00f3n de la transferencia e impacto de la formaci\u00f3n, el aprendizaje informa y la seguridad integral en centros educativos, entre otros.<\/p>\n\n\n\n<p>Coherentemente con estas tem\u00e1ticas, EDO-SERVEIS ofrece a sus clientes productos de formaci\u00f3n, consultor\u00eda y estudios&nbsp;<em>ad hoc<\/em>&nbsp;en aspectos como la planificaci\u00f3n y gesti\u00f3n formativa, la formaci\u00f3n del profesorado, TIC y educaci\u00f3n, auditor\u00edas formativas, procesos de evaluaci\u00f3n, seguridad integral, innovaci\u00f3n y cambio, gesti\u00f3n del conocimiento, desarrollo organizacional, proyectos sociocomunitario y recursos humanos, entre otros.<\/p>\n\n\n\n<p>Los productos que ofrece EDO-SERVEIS, que concretan algunas de las realizaciones, pueden consultarse en el men\u00fa de la izquierda.<\/p>\n","protected":false},"excerpt":{"rendered":"<p>EDO-SERVEIS, vinculado al Equipo de Desarrollo Organizacional (EDO) del Departamento de Pedagog\u00eda Aplicada de la Universitat Aut\u00f2noma de Barcelona, se cre\u00f3 el a\u00f1o 2012 con el claro objetivo de promover la transferencia a la sociedad de los conocimientos adquiridos durante m\u00e1s de 20 a\u00f1os de experiencia en el desarrollo de las organizaciones educativas y de [&hellip;]<\/p>\n","protected":false},"author":20,"featured_media":0,"parent":0,"menu_order":0,"comment_status":"closed","ping_status":"closed","template":"sidebar.php","meta":{"footnotes":""},"class_list":["post-88","page","type-page","status-publish","hentry"],"_links":{"self":[{"href":"https:\/\/webs.uab.cat\/edoserveis\/es\/wp-json\/wp\/v2\/pages\/88","targetHints":{"allow":["GET"]}}],"collection":[{"href":"https:\/\/webs.uab.cat\/edoserveis\/es\/wp-json\/wp\/v2\/pages"}],"about":[{"href":"https:\/\/webs.uab.cat\/edoserveis\/es\/wp-json\/wp\/v2\/types\/page"}],"author":[{"embeddable":true,"href":"https:\/\/webs.uab.cat\/edoserveis\/es\/wp-json\/wp\/v2\/users\/20"}],"replies":[{"embeddable":true,"href":"https:\/\/webs.uab.cat\/edoserveis\/es\/wp-json\/wp\/v2\/comments?post=88"}],"version-history":[{"count":1,"href":"https:\/\/webs.uab.cat\/edoserveis\/es\/wp-json\/wp\/v2\/pages\/88\/revisions"}],"predecessor-version":[{"id":194,"href":"https:\/\/webs.uab.cat\/edoserveis\/es\/wp-json\/wp\/v2\/pages\/88\/revisions\/194"}],"wp:attachment":[{"href":"https:\/\/webs.uab.cat\/edoserveis\/es\/wp-json\/wp\/v2\/media?parent=88"}],"curies":[{"name":"wp","href":"https:\/\/api.w.org\/{rel}","templated":true}]}}