{"id":52,"date":"2016-01-19T13:43:45","date_gmt":"2016-01-19T13:43:45","guid":{"rendered":"https:\/\/webs.uab.cat\/edoserveis\/pagina\/"},"modified":"2023-06-16T13:10:42","modified_gmt":"2023-06-16T13:10:42","slug":"pagina","status":"publish","type":"page","link":"https:\/\/webs.uab.cat\/edoserveis\/","title":{"rendered":"EDO-SERVEIS"},"content":{"rendered":"\n<figure class=\"wp-block-image size-full\"><img loading=\"lazy\" decoding=\"async\" width=\"412\" height=\"100\" src=\"https:\/\/webs.uab.cat\/edoserveis\/wp-content\/uploads\/sites\/161\/2023\/06\/Logo_Edo-Sn.jpg\" alt=\"\" class=\"wp-image-237\" srcset=\"https:\/\/webs.uab.cat\/edoserveis\/wp-content\/uploads\/sites\/161\/2023\/06\/Logo_Edo-Sn.jpg 412w, https:\/\/webs.uab.cat\/edoserveis\/wp-content\/uploads\/sites\/161\/2023\/06\/Logo_Edo-Sn-300x73.jpg 300w\" sizes=\"auto, (max-width: 412px) 100vw, 412px\" \/><\/figure>\n\n\n\n<p><\/p>\n\n\n\n<p>EDO-SERVEIS, vinculat a l\u2019Equip de Desenvolupament Organitzacional (EDO) del Departament de Pedagogia Aplicada de la Universitat Aut\u00f2noma de Barcelona, es va crear l\u2019any 2012 amb el clar objectiu de promoure la transfer\u00e8ncia a la societat dels coneixements adquirits durant m\u00e9s de 20 anys d\u2019experi\u00e8ncia en el desenvolupament de les organitzacions educatives i de formaci\u00f3.<\/p>\n\n\n\n<p>Els temes d\u2019inter\u00e8s i treball de l\u2019EDO es relacionen amb la naturalesa de les organitzacions formatives, la seva tipologia, els sistemes d&#8217;ordenaci\u00f3 i gesti\u00f3 institucional, les din\u00e0miques institucionals, els sistemes d\u2019avaluaci\u00f3 interna i externa, les estrat\u00e8gies de canvi, el rol dels directius, l\u2019efecte de les noves tecnologies, la creaci\u00f3 i gesti\u00f3 del coneixement, l\u2019avaluaci\u00f3 de la transfer\u00e8ncia i l\u2019impacte de la formaci\u00f3, l\u2019aprenentatge informal i la seguretat integral en centres educatius, entre d\u2019altres.<\/p>\n\n\n\n<p>Coherentment amb aquestes tem\u00e0tiques, EDO-SERVEIS ofereix als seus clients productes de formaci\u00f3, consultoria i estudis&nbsp;<em>adhoc<\/em>&nbsp;en aspectes com la planificaci\u00f3 i gesti\u00f3 formativa, la formaci\u00f3 del professorat, TIC i educaci\u00f3, auditories formatives, processos d\u2019avaluaci\u00f3, seguretat integral, innovaci\u00f3 i canvi, gesti\u00f3 del coneixement, desenvolupament organitzacional, projectes sociocomunitaris i recursos humans, entre d\u2019altres.<\/p>\n","protected":false},"excerpt":{"rendered":"<p>EDO-SERVEIS, vinculat a l\u2019Equip de Desenvolupament Organitzacional (EDO) del Departament de Pedagogia Aplicada de la Universitat Aut\u00f2noma de Barcelona, es va crear l\u2019any 2012 amb el clar objectiu de promoure la transfer\u00e8ncia a la societat dels coneixements adquirits durant m\u00e9s de 20 anys d\u2019experi\u00e8ncia en el desenvolupament de les organitzacions educatives i de formaci\u00f3. Els [&hellip;]<\/p>\n","protected":false},"author":20,"featured_media":0,"parent":0,"menu_order":0,"comment_status":"closed","ping_status":"closed","template":"sidebar.php","meta":{"footnotes":""},"class_list":["post-52","page","type-page","status-publish","hentry"],"_links":{"self":[{"href":"https:\/\/webs.uab.cat\/edoserveis\/wp-json\/wp\/v2\/pages\/52","targetHints":{"allow":["GET"]}}],"collection":[{"href":"https:\/\/webs.uab.cat\/edoserveis\/wp-json\/wp\/v2\/pages"}],"about":[{"href":"https:\/\/webs.uab.cat\/edoserveis\/wp-json\/wp\/v2\/types\/page"}],"author":[{"embeddable":true,"href":"https:\/\/webs.uab.cat\/edoserveis\/wp-json\/wp\/v2\/users\/20"}],"replies":[{"embeddable":true,"href":"https:\/\/webs.uab.cat\/edoserveis\/wp-json\/wp\/v2\/comments?post=52"}],"version-history":[{"count":4,"href":"https:\/\/webs.uab.cat\/edoserveis\/wp-json\/wp\/v2\/pages\/52\/revisions"}],"predecessor-version":[{"id":243,"href":"https:\/\/webs.uab.cat\/edoserveis\/wp-json\/wp\/v2\/pages\/52\/revisions\/243"}],"wp:attachment":[{"href":"https:\/\/webs.uab.cat\/edoserveis\/wp-json\/wp\/v2\/media?parent=52"}],"curies":[{"name":"wp","href":"https:\/\/api.w.org\/{rel}","templated":true}]}}