{"id":92,"date":"2020-07-27T10:27:34","date_gmt":"2020-07-27T10:27:34","guid":{"rendered":"https:\/\/webs.uab.cat\/edoserveis\/consultoria-i-assessorament\/"},"modified":"2023-04-26T15:26:01","modified_gmt":"2023-04-26T15:26:01","slug":"consultoria-i-assessorament","status":"publish","type":"page","link":"https:\/\/webs.uab.cat\/edoserveis\/consultoria-i-assessorament\/","title":{"rendered":"Consultoria i Assessorament"},"content":{"rendered":"<div class=\"wp-block-image\">\n<figure class=\"aligncenter is-resized\"><img loading=\"lazy\" decoding=\"async\" src=\"https:\/\/webs.uab.cat\/edoserveis\/wp-content\/uploads\/sites\/161\/2020\/07\/edo-serveis.png\" alt=\"\" class=\"wp-image-89\" width=\"395\" height=\"305\" srcset=\"https:\/\/webs.uab.cat\/edoserveis\/wp-content\/uploads\/sites\/161\/2020\/07\/edo-serveis.png 776w, https:\/\/webs.uab.cat\/edoserveis\/wp-content\/uploads\/sites\/161\/2020\/07\/edo-serveis-300x232.png 300w, https:\/\/webs.uab.cat\/edoserveis\/wp-content\/uploads\/sites\/161\/2020\/07\/edo-serveis-768x594.png 768w\" sizes=\"auto, (max-width: 395px) 100vw, 395px\" \/><\/figure>\n<\/div>\n\n\n<p>EDO-SERVEIS, conformat per un equip de persones amb un ampli bagatge acad\u00e8mic i professional en l\u2019\u00e0mbit del desenvolupament organitzatiu, facilita suport i acompanyament en la implementaci\u00f3 de projectes vinculats al desenvolupament organitzacional, la gesti\u00f3 de la innovaci\u00f3, la seguretat integral en centres de formaci\u00f3, la gesti\u00f3 eficient de recursos, el tractament i atenci\u00f3 a la diversitat, la inclusi\u00f3 d\u2019entorns virtuals d\u2019aprenentatge, la creaci\u00f3 i desenvolupament de Comunitats de Pr\u00e0ctica Professional, entre d\u2019altres.<\/p>\n\n\n\n<p>Algunes de les l\u00ednies sobre les quals oferim serveis de consultoria i assessorament s\u00f3n:<\/p>\n\n\n\n<p><strong>Innovaci\u00f3 i canvi:&nbsp;<\/strong>Suport en la implementaci\u00f3 de millores organitzatives, ajudant a la direcci\u00f3 a generar un ambient de confian\u00e7a que faciliti el canvi i proporcionant eines que afavoreixin que tots els membres de l\u2019organitzaci\u00f3 s\u2019impliquin en el proc\u00e9s, col\u00b7laborant en la definici\u00f3 d\u2019estrat\u00e8gies i propostes que permetin el canvi enfocat al desenvolupament personal i institucional.<\/p>\n\n\n\n<p><strong>Seguretat integral:<\/strong>&nbsp;Aquesta l\u00ednia disposa d\u2019un instrument \u00fanic en el context iberoameric\u00e0 que permet valorar els diferents factors que influeixen en el nivell de seguretat dels centres de formaci\u00f3, posant \u00e8mfasi tamb\u00e9 en aspectes vinculats a les activitats formatives, les relacions personals, l\u2019assetjament escolar o l\u2019\u00fas de les noves tecnologies per part dels joves. S\u2019ofereix suport en la realitzaci\u00f3 de diagn\u00f2stics del nivell de seguretat en el centre i en la implementaci\u00f3 posterior d\u2019estrat\u00e8gies de millora i certificaci\u00f3 que permetin resoldre les mancances detectades.<\/p>\n\n\n\n<p><strong>Gesti\u00f3 del coneixement:<\/strong>&nbsp;L\u2019EDO ha estat durant m\u00e9s de 10 anys treballant aspectes vinculats amb la creaci\u00f3 i gesti\u00f3 del coneixement en diversos tipus d\u2019organitzacions. En aquest sentit, pot col\u00b7laborar en el disseny, implementaci\u00f3 i seguiment de projectes de gesti\u00f3 del coneixement que incloguin un \u00fas intensiu de tecnologies de la informaci\u00f3 i la comunicaci\u00f3.<\/p>\n\n\n\n<p><strong>Processos d\u2019avaluaci\u00f3:<\/strong>&nbsp;Permet con\u00e8ixer si les activitats i projectes que es desenvolupen en el marc de les institucions formatives s\u2019adapten a les necessitats reals per a les quals foren creats. En aquest sentit, donem suport en el disseny de plans d\u2019autoavaluaci\u00f3 i tamb\u00e9 en la implementaci\u00f3 de plans d\u2019avaluaci\u00f3 externs que permetin als gestors i directius obtenir informaci\u00f3 rellevant per a la presa de decisions.<\/p>\n\n\n\n<p><strong>Auditoria formativa:<\/strong>&nbsp;La formaci\u00f3 s\u2019ha convertit en un aspecte clau per garantir que les organitzacions es mantenen actualitzades i segueixen oferint serveis punters per als seus usuaris. Sota aquesta l\u00ednia, EDO-SERVEIS ofereix serveis d\u2019auditoria formativa en els quals es d\u00f3na suport en el diagn\u00f2stic de necessitats formatives i la definici\u00f3 de l\u00ednies d\u2019actuaci\u00f3 que permetin, per una banda, l\u2019actualitzaci\u00f3 dels professionals i, de l\u2019altre, la millora dels resultats de l\u2019organitzaci\u00f3.<\/p>\n\n\n\n<p><strong>Auditoria organitzativa:<\/strong>&nbsp;Enfocada a certificar la qualitat de l\u2019organitzaci\u00f3, gesti\u00f3 i direcci\u00f3 d\u2019institucions de formaci\u00f3 o d\u2019aspectes de la mateixa (projecte institucional, funcionament dels equips de formaci\u00f3, qualitat del curr\u00edculum, entre d\u2019altres).<\/p>\n","protected":false},"excerpt":{"rendered":"<p>EDO-SERVEIS, conformat per un equip de persones amb un ampli bagatge acad\u00e8mic i professional en l\u2019\u00e0mbit del desenvolupament organitzatiu, facilita suport i acompanyament en la implementaci\u00f3 de projectes vinculats al desenvolupament organitzacional, la gesti\u00f3 de la innovaci\u00f3, la seguretat integral en centres de formaci\u00f3, la gesti\u00f3 eficient de recursos, el tractament i atenci\u00f3 a la [&hellip;]<\/p>\n","protected":false},"author":20,"featured_media":0,"parent":0,"menu_order":0,"comment_status":"closed","ping_status":"closed","template":"sidebar.php","meta":{"footnotes":""},"class_list":["post-92","page","type-page","status-publish","hentry"],"_links":{"self":[{"href":"https:\/\/webs.uab.cat\/edoserveis\/wp-json\/wp\/v2\/pages\/92","targetHints":{"allow":["GET"]}}],"collection":[{"href":"https:\/\/webs.uab.cat\/edoserveis\/wp-json\/wp\/v2\/pages"}],"about":[{"href":"https:\/\/webs.uab.cat\/edoserveis\/wp-json\/wp\/v2\/types\/page"}],"author":[{"embeddable":true,"href":"https:\/\/webs.uab.cat\/edoserveis\/wp-json\/wp\/v2\/users\/20"}],"replies":[{"embeddable":true,"href":"https:\/\/webs.uab.cat\/edoserveis\/wp-json\/wp\/v2\/comments?post=92"}],"version-history":[{"count":3,"href":"https:\/\/webs.uab.cat\/edoserveis\/wp-json\/wp\/v2\/pages\/92\/revisions"}],"predecessor-version":[{"id":229,"href":"https:\/\/webs.uab.cat\/edoserveis\/wp-json\/wp\/v2\/pages\/92\/revisions\/229"}],"wp:attachment":[{"href":"https:\/\/webs.uab.cat\/edoserveis\/wp-json\/wp\/v2\/media?parent=92"}],"curies":[{"name":"wp","href":"https:\/\/api.w.org\/{rel}","templated":true}]}}