{"id":40,"date":"2019-12-28T11:37:24","date_gmt":"2019-12-28T11:37:24","guid":{"rendered":"https:\/\/webs.uab.cat\/educacioigenere\/que-fem\/"},"modified":"2022-08-09T12:27:50","modified_gmt":"2022-08-09T12:27:50","slug":"que-fem","status":"publish","type":"page","link":"https:\/\/webs.uab.cat\/educacioigenere\/que-fem\/","title":{"rendered":"Qu\u00e8 fem?"},"content":{"rendered":"\n<p>El Grup d&#8217;Educaci\u00f3 i G\u00e8nere s&#8217;organitza en comissions per realitzar les tasques de la forma m\u00e9s horitzontal i assemblearia possible, per\u00f2 alhora, permetent que cadasc\u00fa del grup pugui decidir en\u00a0quina comissi\u00f3 es sent m\u00e9s a gust.<\/p>\n\n\n\n<figure class=\"wp-block-image is-resized\"><img loading=\"lazy\" decoding=\"async\" src=\"https:\/\/webs.uab.cat\/educacioigenere\/wp-content\/uploads\/sites\/146\/2019\/12\/organigrama_comissions_1.png\" alt=\"organigrama_comissions_1.png\" width=\"700\" height=\"700\"\/><\/figure>\n","protected":false},"excerpt":{"rendered":"<p>El Grup d&#8217;Educaci\u00f3 i G\u00e8nere s&#8217;organitza en comissions per realitzar les tasques de la forma m\u00e9s horitzontal i assemblearia possible, per\u00f2 alhora, permetent que cadasc\u00fa del grup pugui decidir en\u00a0quina comissi\u00f3 es sent m\u00e9s a gust.<\/p>\n","protected":false},"author":20,"featured_media":0,"parent":0,"menu_order":0,"comment_status":"closed","ping_status":"closed","template":"","meta":{"footnotes":""},"class_list":["post-40","page","type-page","status-publish","hentry"],"_links":{"self":[{"href":"https:\/\/webs.uab.cat\/educacioigenere\/wp-json\/wp\/v2\/pages\/40","targetHints":{"allow":["GET"]}}],"collection":[{"href":"https:\/\/webs.uab.cat\/educacioigenere\/wp-json\/wp\/v2\/pages"}],"about":[{"href":"https:\/\/webs.uab.cat\/educacioigenere\/wp-json\/wp\/v2\/types\/page"}],"author":[{"embeddable":true,"href":"https:\/\/webs.uab.cat\/educacioigenere\/wp-json\/wp\/v2\/users\/20"}],"replies":[{"embeddable":true,"href":"https:\/\/webs.uab.cat\/educacioigenere\/wp-json\/wp\/v2\/comments?post=40"}],"version-history":[{"count":1,"href":"https:\/\/webs.uab.cat\/educacioigenere\/wp-json\/wp\/v2\/pages\/40\/revisions"}],"predecessor-version":[{"id":115,"href":"https:\/\/webs.uab.cat\/educacioigenere\/wp-json\/wp\/v2\/pages\/40\/revisions\/115"}],"wp:attachment":[{"href":"https:\/\/webs.uab.cat\/educacioigenere\/wp-json\/wp\/v2\/media?parent=40"}],"curies":[{"name":"wp","href":"https:\/\/api.w.org\/{rel}","templated":true}]}}