{"id":541,"date":"2026-03-27T09:32:08","date_gmt":"2026-03-27T09:32:08","guid":{"rendered":"https:\/\/webs.uab.cat\/educacioigenere\/?page_id=541"},"modified":"2026-04-15T13:06:28","modified_gmt":"2026-04-15T13:06:28","slug":"esdeveniments","status":"publish","type":"page","link":"https:\/\/webs.uab.cat\/educacioigenere\/esdeveniments\/","title":{"rendered":"Esdeveniments"},"content":{"rendered":"\n<div class=\"wp-block-cover alignfull is-light\" style=\"min-height:100vh;aspect-ratio:unset;\"><span aria-hidden=\"true\" class=\"wp-block-cover__background has-background-dim-100 has-background-dim\" style=\"background-color:#ffffff\"><\/span><div class=\"wp-block-cover__inner-container is-layout-flow wp-block-cover-is-layout-flow\">\n<div class=\"wp-block-media-text alignwide is-stacked-on-mobile is-vertically-aligned-center is-image-fill-element\" style=\"grid-template-columns:41% auto\"><figure class=\"wp-block-media-text__media\"><img loading=\"lazy\" decoding=\"async\" width=\"819\" height=\"1024\" src=\"https:\/\/webs.uab.cat\/educacioigenere\/wp-content\/uploads\/sites\/146\/2026\/03\/WhatsApp-Image-2026-03-25-at-17.51.10-819x1024.jpeg\" alt=\"\" class=\"wp-image-542 size-full\" style=\"object-position:50% 50%\" srcset=\"https:\/\/webs.uab.cat\/educacioigenere\/wp-content\/uploads\/sites\/146\/2026\/03\/WhatsApp-Image-2026-03-25-at-17.51.10-819x1024.jpeg 819w, https:\/\/webs.uab.cat\/educacioigenere\/wp-content\/uploads\/sites\/146\/2026\/03\/WhatsApp-Image-2026-03-25-at-17.51.10-240x300.jpeg 240w, https:\/\/webs.uab.cat\/educacioigenere\/wp-content\/uploads\/sites\/146\/2026\/03\/WhatsApp-Image-2026-03-25-at-17.51.10-768x960.jpeg 768w, https:\/\/webs.uab.cat\/educacioigenere\/wp-content\/uploads\/sites\/146\/2026\/03\/WhatsApp-Image-2026-03-25-at-17.51.10.jpeg 1080w\" sizes=\"auto, (max-width: 819px) 100vw, 819px\" \/><\/figure><div class=\"wp-block-media-text__content\">\n<h2 class=\"wp-block-heading has-text-color\" style=\"color:#000000;font-size:32px\"><strong><strong>Tornen els Seminaris del Grup d&#8217;Educaci\u00f3 i G\u00e8nere<\/strong><\/strong><\/h2>\n\n\n\n<p class=\"has-text-color has-normal-font-size\" style=\"color:#000000\">Despr\u00e9s d\u2019un per\u00edode de pausa, i mentre encarem els preparatius del proper congr\u00e9s, reprenem amb il\u00b7lusi\u00f3 el cicle de Seminaris del Grup d&#8217;Educaci\u00f3 i G\u00e8nere.<\/p>\n\n\n\n<p class=\"has-text-color has-normal-font-size\" style=\"color:#000000\">En aquesta nova sessi\u00f3 comptarem amb la participaci\u00f3 de <strong>Graciela Morgade<\/strong>, doctora en Educaci\u00f3, professora i vicedegana de la <em>Facultad de Filosof\u00eda y Letras<\/em> de la Universidad de Buenos Aires. Especialista reconeguda en educaci\u00f3, g\u00e8nere i sexualitats, la seva intervenci\u00f3 se centrar\u00e0 en els <strong>aven\u00e7os i les controv\u00e8rsies al voltant de l\u2019Educaci\u00f3 Sexual Integral a l\u2019Argentina<\/strong>.<br>Els seminaris s\u00f3n <strong>oberts a tothom<\/strong> i <strong>no requereixen inscripci\u00f3 pr\u00e8via<\/strong>.<\/p>\n\n\n\n<p class=\"has-text-color has-normal-font-size\" style=\"color:#000000\"><strong>Finan\u00e7ament:<\/strong> Menci\u00f3 M. Encarna Sanahuja Yll<\/p>\n<\/div><\/div>\n<\/div><\/div>\n\n\n\n<p><\/p>\n","protected":false},"excerpt":{"rendered":"","protected":false},"author":3175,"featured_media":0,"parent":0,"menu_order":0,"comment_status":"closed","ping_status":"closed","template":"","meta":{"footnotes":""},"class_list":["post-541","page","type-page","status-publish","hentry"],"_links":{"self":[{"href":"https:\/\/webs.uab.cat\/educacioigenere\/wp-json\/wp\/v2\/pages\/541","targetHints":{"allow":["GET"]}}],"collection":[{"href":"https:\/\/webs.uab.cat\/educacioigenere\/wp-json\/wp\/v2\/pages"}],"about":[{"href":"https:\/\/webs.uab.cat\/educacioigenere\/wp-json\/wp\/v2\/types\/page"}],"author":[{"embeddable":true,"href":"https:\/\/webs.uab.cat\/educacioigenere\/wp-json\/wp\/v2\/users\/3175"}],"replies":[{"embeddable":true,"href":"https:\/\/webs.uab.cat\/educacioigenere\/wp-json\/wp\/v2\/comments?post=541"}],"version-history":[{"count":9,"href":"https:\/\/webs.uab.cat\/educacioigenere\/wp-json\/wp\/v2\/pages\/541\/revisions"}],"predecessor-version":[{"id":598,"href":"https:\/\/webs.uab.cat\/educacioigenere\/wp-json\/wp\/v2\/pages\/541\/revisions\/598"}],"wp:attachment":[{"href":"https:\/\/webs.uab.cat\/educacioigenere\/wp-json\/wp\/v2\/media?parent=541"}],"curies":[{"name":"wp","href":"https:\/\/api.w.org\/{rel}","templated":true}]}}