{"id":1017,"date":"2022-12-16T09:32:15","date_gmt":"2022-12-16T07:32:15","guid":{"rendered":"https:\/\/webs.uab.cat\/efi\/equip\/"},"modified":"2022-12-16T09:56:47","modified_gmt":"2022-12-16T07:56:47","slug":"equip","status":"publish","type":"page","link":"https:\/\/webs.uab.cat\/efi\/en\/equip\/","title":{"rendered":"Team"},"content":{"rendered":"\r\n<ul class=\"staff-grid\">\r\n\r\n\t\r\n<li class=\"staff-list-item\">\r\n\t<figure>\r\n\t\t\r\n\t\t<img decoding=\"async\" src=\"https:\/\/webs.uab.cat\/efi\/wp-content\/uploads\/sites\/311\/2013\/11\/IMG_1761-Mejorado-NR-scaled.jpg\" alt=\"Pilar Pineda Herrero\">\r\n\t\t\r\n\t<\/figure>\r\n\t<div>\r\n\t\t<p><a href=\"https:\/\/webs.uab.cat\/efi\/en\/personal\/pilar-pineda-herrero-3\/\"><strong>Pilar Pineda Herrero<\/strong><\/a><\/p>\r\n\t\t<p>EFI principal researcher<\/p>\r\n\t<\/div>\r\n<\/li>\r\n\t\r\n\t\r\n<li class=\"staff-list-item\">\r\n\t<figure>\r\n\t\t\r\n\t\t<img decoding=\"async\" src=\"https:\/\/webs.uab.cat\/efi\/wp-content\/uploads\/sites\/311\/2021\/07\/IMG_5774-scaled.jpeg\" alt=\"Ingrid Noguera Fructuoso\">\r\n\t\t\r\n\t<\/figure>\r\n\t<div>\r\n\t\t<p><a href=\"https:\/\/webs.uab.cat\/efi\/en\/personal\/ingrid-noguera-fructuoso-3\/\"><strong>Ingrid Noguera Fructuoso<\/strong><\/a><\/p>\r\n\t\t<p>EFI Team<\/p>\r\n\t<\/div>\r\n<\/li>\r\n\t\r\n\t\r\n<li class=\"staff-list-item\">\r\n\t<figure>\r\n\t\t\r\n\t\t<img decoding=\"async\" src=\"https:\/\/webs.uab.cat\/efi\/wp-content\/uploads\/sites\/311\/2018\/10\/sara_1.jpg\" alt=\"Sara Rodr\u00edguez P\u00e9rez\">\r\n\t\t\r\n\t<\/figure>\r\n\t<div>\r\n\t\t<p><a href=\"https:\/\/webs.uab.cat\/efi\/en\/personal\/sara-rodriguez-perez-2\/\"><strong>Sara Rodr\u00edguez P\u00e9rez<\/strong><\/a><\/p>\r\n\t\t<p>EFI Team<\/p>\r\n\t<\/div>\r\n<\/li>\r\n\t\r\n\t\r\n<li class=\"staff-list-item\">\r\n\t<figure>\r\n\t\t\r\n\t\t<img decoding=\"async\" src=\"https:\/\/webs.uab.cat\/efi\/wp-content\/uploads\/sites\/311\/2024\/10\/perfil.jpg\" alt=\"Paloma Sep\u00falveda Parrini\">\r\n\t\t\r\n\t<\/figure>\r\n\t<div>\r\n\t\t<p><a href=\"https:\/\/webs.uab.cat\/efi\/en\/personal\/paloma-sepulveda-parrini\/\"><strong>Paloma Sep\u00falveda Parrini<\/strong><\/a><\/p>\r\n\t\t<p>EFI Team<\/p>\r\n\t<\/div>\r\n<\/li>\r\n\t\r\n\t\r\n<li class=\"staff-list-item\">\r\n\t<figure>\r\n\t\t\r\n\t\t<img decoding=\"async\" src=\"https:\/\/webs.uab.cat\/efi\/wp-content\/uploads\/sites\/311\/2024\/10\/IMG_20250215_155634.jpg\" alt=\"Daniel Barrientos S\u00e1nchez\">\r\n\t\t\r\n\t<\/figure>\r\n\t<div>\r\n\t\t<p><a href=\"https:\/\/webs.uab.cat\/efi\/en\/personal\/daniel-barrientos-sanchez\/\"><strong>Daniel Barrientos S\u00e1nchez<\/strong><\/a><\/p>\r\n\t\t<p>EFI Team<\/p>\r\n\t<\/div>\r\n<\/li>\r\n\t\r\n\t\r\n<li class=\"staff-list-item\">\r\n\t<figure>\r\n\t\t\r\n\t\t<img decoding=\"async\" src=\"https:\/\/webs.uab.cat\/efi\/wp-content\/uploads\/sites\/311\/2020\/08\/paloma_1.jpg\" alt=\"Paloma Valdivia Vizarreta\">\r\n\t\t\r\n\t<\/figure>\r\n\t<div>\r\n\t\t<p><a href=\"https:\/\/webs.uab.cat\/efi\/en\/personal\/paloma-valdivia-vizarreta-3\/\"><strong>Paloma Valdivia Vizarreta<\/strong><\/a><\/p>\r\n\t\t<p>External collaborator<\/p>\r\n\t<\/div>\r\n<\/li>\r\n\t\r\n\t\r\n<li class=\"staff-list-item\">\r\n\t<figure>\r\n\t\t\r\n\t\t<img decoding=\"async\" src=\"https:\/\/webs.uab.cat\/efi\/wp-content\/uploads\/sites\/311\/2024\/10\/Foto_Monica_Torres2.jpg\" alt=\"M\u00f3nica Torres S\u00e1nchez\">\r\n\t\t\r\n\t<\/figure>\r\n\t<div>\r\n\t\t<p><a href=\"https:\/\/webs.uab.cat\/efi\/en\/personal\/monica-torres-sanchez\/\"><strong>M\u00f3nica Torres S\u00e1nchez<\/strong><\/a><\/p>\r\n\t\t<p>External collaborator<\/p>\r\n\t<\/div>\r\n<\/li>\r\n\t\r\n\t\r\n<li class=\"staff-list-item\">\r\n\t<figure>\r\n\t\t\r\n\t\t<img decoding=\"async\" src=\"https:\/\/webs.uab.cat\/efi\/wp-content\/uploads\/sites\/311\/2013\/11\/Anna-sense-f-1-900x675-1.webp\" alt=\"Anna Ciraso Cal\u00ed\">\r\n\t\t\r\n\t<\/figure>\r\n\t<div>\r\n\t\t<p><a href=\"https:\/\/webs.uab.cat\/efi\/en\/personal\/anna-ciraso-cali-3\/\"><strong>Anna Ciraso Cal\u00ed<\/strong><\/a><\/p>\r\n\t\t<p>External collaborator<\/p>\r\n\t<\/div>\r\n<\/li>\r\n\t\r\n\t\r\n<li class=\"staff-list-item\">\r\n\t<figure>\r\n\t\t\r\n\t\t<img decoding=\"async\" src=\"https:\/\/webs.uab.cat\/efi\/wp-content\/uploads\/sites\/311\/2024\/10\/Marta-Virgos-2.jpg\" alt=\"Marta Virg\u00f3s S\u00e1nchez\">\r\n\t\t\r\n\t<\/figure>\r\n\t<div>\r\n\t\t<p><a href=\"https:\/\/webs.uab.cat\/efi\/en\/personal\/marta-virgos-sanchez\/\"><strong>Marta Virg\u00f3s S\u00e1nchez<\/strong><\/a><\/p>\r\n\t\t<p>External collaborator<\/p>\r\n\t<\/div>\r\n<\/li>\r\n\t\r\n\t\r\n<li class=\"staff-list-item\">\r\n\t<figure>\r\n\t\t\r\n\t\t<img decoding=\"async\" src=\"https:\/\/webs.uab.cat\/efi\/wp-content\/uploads\/sites\/311\/2013\/11\/lauraarnau.jpg\" alt=\"Laura Arnau Sabat\u00e9s\">\r\n\t\t\r\n\t<\/figure>\r\n\t<div>\r\n\t\t<p><a href=\"https:\/\/webs.uab.cat\/efi\/en\/personal\/laura-arnau-sabates-3\/\"><strong>Laura Arnau Sabat\u00e9s<\/strong><\/a><\/p>\r\n\t\t<p>External collaborator<\/p>\r\n\t<\/div>\r\n<\/li>\r\n\t\r\n\t\r\n<li class=\"staff-list-item\">\r\n\t<figure>\r\n\t\t\r\n\t\t<img decoding=\"async\" src=\"https:\/\/webs.uab.cat\/efi\/wp-content\/uploads\/sites\/311\/2020\/07\/whatsapp_image_2020-02-01_at_18.58.53_2.jpeg\" alt=\"Angelina S\u00e1nchez Mart\u00ed\">\r\n\t\t\r\n\t<\/figure>\r\n\t<div>\r\n\t\t<p><a href=\"https:\/\/webs.uab.cat\/efi\/en\/personal\/angelina-sanchez-marti-2\/\"><strong>Angelina S\u00e1nchez Mart\u00ed<\/strong><\/a><\/p>\r\n\t\t<p>External collaborator<\/p>\r\n\t<\/div>\r\n<\/li>\r\n\t\r\n\t\r\n<li class=\"staff-list-item\">\r\n\t<figure>\r\n\t\t\r\n\t\t<img decoding=\"async\" src=\"https:\/\/webs.uab.cat\/efi\/wp-content\/uploads\/sites\/311\/2013\/11\/m.mar_.jpg\" alt=\"Maria del Mar Duran Bellonch\">\r\n\t\t\r\n\t<\/figure>\r\n\t<div>\r\n\t\t<p><a href=\"https:\/\/webs.uab.cat\/efi\/en\/personal\/maria-del-mar-duran-bellonch-3\/\"><strong>Maria del Mar Duran Bellonch<\/strong><\/a><\/p>\r\n\t\t<p>External collaborator<\/p>\r\n\t<\/div>\r\n<\/li>\r\n\t\r\n\t\r\n<li class=\"staff-list-item\">\r\n\t<figure>\r\n\t\t\r\n\t\t<img decoding=\"async\" src=\"https:\/\/webs.uab.cat\/efi\/wp-content\/uploads\/sites\/311\/2018\/11\/hector.jpg\" alt=\"H\u00e9ctor Fern\u00e1ndez Sequ\u00ed\">\r\n\t\t\r\n\t<\/figure>\r\n\t<div>\r\n\t\t<p><a href=\"https:\/\/webs.uab.cat\/efi\/en\/personal\/hector-fernandez-sequi-3\/\"><strong>H\u00e9ctor Fern\u00e1ndez Sequ\u00ed<\/strong><\/a><\/p>\r\n\t\t<p>External collaborator<\/p>\r\n\t<\/div>\r\n<\/li>\r\n\t\r\n\t\r\n<li class=\"staff-list-item\">\r\n\t<figure>\r\n\t\t\r\n\t\t<img decoding=\"async\" src=\"https:\/\/webs.uab.cat\/efi\/wp-content\/uploads\/sites\/311\/2013\/11\/thumbnail_X_Ucar-1.jpg\" alt=\"Xavier \u00dacar Mart\u00ednez\">\r\n\t\t\r\n\t<\/figure>\r\n\t<div>\r\n\t\t<p><a href=\"https:\/\/webs.uab.cat\/efi\/en\/personal\/xavier-ucar-martinez-2\/\"><strong>Xavier \u00dacar Mart\u00ednez<\/strong><\/a><\/p>\r\n\t\t<p>External collaborator<\/p>\r\n\t<\/div>\r\n<\/li>\r\n\t\r\n<\/ul>\r\n","protected":false},"excerpt":{"rendered":"","protected":false},"author":20,"featured_media":0,"parent":0,"menu_order":0,"comment_status":"closed","ping_status":"closed","template":"","meta":{"footnotes":""},"class_list":["post-1017","page","type-page","status-publish","hentry"],"_links":{"self":[{"href":"https:\/\/webs.uab.cat\/efi\/en\/wp-json\/wp\/v2\/pages\/1017","targetHints":{"allow":["GET"]}}],"collection":[{"href":"https:\/\/webs.uab.cat\/efi\/en\/wp-json\/wp\/v2\/pages"}],"about":[{"href":"https:\/\/webs.uab.cat\/efi\/en\/wp-json\/wp\/v2\/types\/page"}],"author":[{"embeddable":true,"href":"https:\/\/webs.uab.cat\/efi\/en\/wp-json\/wp\/v2\/users\/20"}],"replies":[{"embeddable":true,"href":"https:\/\/webs.uab.cat\/efi\/en\/wp-json\/wp\/v2\/comments?post=1017"}],"version-history":[{"count":3,"href":"https:\/\/webs.uab.cat\/efi\/en\/wp-json\/wp\/v2\/pages\/1017\/revisions"}],"predecessor-version":[{"id":1048,"href":"https:\/\/webs.uab.cat\/efi\/en\/wp-json\/wp\/v2\/pages\/1017\/revisions\/1048"}],"wp:attachment":[{"href":"https:\/\/webs.uab.cat\/efi\/en\/wp-json\/wp\/v2\/media?parent=1017"}],"curies":[{"name":"wp","href":"https:\/\/api.w.org\/{rel}","templated":true}]}}