{"id":1315,"date":"2023-11-08T22:56:59","date_gmt":"2023-11-08T20:56:59","guid":{"rendered":"https:\/\/webs.uab.cat\/efi\/ser-fp\/publicaciones\/"},"modified":"2025-01-08T19:43:08","modified_gmt":"2025-01-08T17:43:08","slug":"publicaciones","status":"publish","type":"page","link":"https:\/\/webs.uab.cat\/efi\/en\/ser-fp\/publicaciones\/","title":{"rendered":"Publications"},"content":{"rendered":"\n<div class=\"wp-block-buttons alignfull is-content-justification-center is-layout-flex wp-container-core-buttons-is-layout-16018d1d wp-block-buttons-is-layout-flex\">\n<div class=\"wp-block-button is-style-fill\"><a class=\"wp-block-button__link has-background wp-element-button\" href=\"https:\/\/webs.uab.cat\/efi\/en\/ser-fp\/\" style=\"background:linear-gradient(90deg,rgb(202,248,128) 0%,rgb(114,99,173) 0%,rgb(114,99,173) 78%)\">The project<\/a><\/div>\n\n\n\n<div class=\"wp-block-button is-style-fill\"><a class=\"wp-block-button__link has-background wp-element-button\" href=\"https:\/\/webs.uab.cat\/efi\/en\/ser-fp\/team-of-the-project\/\" style=\"background:linear-gradient(97deg,rgb(94,110,255) 0%,rgb(94,110,255) 100%)\">TEam<\/a><\/div>\n\n\n\n<div class=\"wp-block-button is-style-fill\"><a class=\"wp-block-button__link has-background wp-element-button\" href=\"https:\/\/webs.uab.cat\/efi\/en\/ser-fp\/lineas-del-proyecto\/\" style=\"background:linear-gradient(127deg,rgb(254,195,93) 0%,rgb(254,195,93) 57%)\">Lines<\/a><\/div>\n\n\n\n<div class=\"wp-block-button\"><a class=\"wp-block-button__link has-background wp-element-button\" href=\"https:\/\/webs.uab.cat\/efi\/en\/ser-fp\/publicaciones\/\" style=\"background:linear-gradient(135deg,rgb(247,191,138) 0%,rgb(247,191,138) 100%)\">Publications<\/a><\/div>\n\n\n\n<div class=\"wp-block-button\"><a class=\"wp-block-button__link has-background wp-element-button\" href=\"https:\/\/webs.uab.cat\/efi\/en\/ser-fp\/collaboracions\/\" style=\"background:linear-gradient(135deg,rgb(231,144,55) 0%,rgb(231,144,55) 100%)\">Partners<\/a><\/div>\n\n\n\n<div class=\"wp-block-button\"><a class=\"wp-block-button__link has-background wp-element-button\" href=\"https:\/\/webs.uab.cat\/efi\/en\/productos-del-proyecto\/\" style=\"background:linear-gradient(135deg,rgb(99,172,30) 0%,rgb(99,172,30) 100%)\">Products<\/a><\/div>\n<\/div>\n\n\n\n<div class=\"wp-block-columns is-layout-flex wp-container-core-columns-is-layout-9d6595d7 wp-block-columns-is-layout-flex\">\n<div class=\"wp-block-column has-background is-layout-flow wp-block-column-is-layout-flow\" style=\"background:linear-gradient(135deg,rgb(254,211,93) 0%,rgb(254,211,93) 100%);flex-basis:15%\"><div class=\"wp-block-image is-resized\">\n<figure class=\"aligncenter size-full\"><img loading=\"lazy\" decoding=\"async\" width=\"512\" height=\"512\" src=\"https:\/\/webs.uab.cat\/efi\/wp-content\/uploads\/sites\/311\/2024\/01\/pila-de-libros-de-tres-1.png\" alt=\"\" class=\"wp-image-1373\" srcset=\"https:\/\/webs.uab.cat\/efi\/wp-content\/uploads\/sites\/311\/2024\/01\/pila-de-libros-de-tres-1.png 512w, https:\/\/webs.uab.cat\/efi\/wp-content\/uploads\/sites\/311\/2024\/01\/pila-de-libros-de-tres-1-300x300.png 300w, https:\/\/webs.uab.cat\/efi\/wp-content\/uploads\/sites\/311\/2024\/01\/pila-de-libros-de-tres-1-150x150.png 150w\" sizes=\"auto, (max-width: 512px) 100vw, 512px\" \/><\/figure>\n<\/div><\/div>\n\n\n\n<div class=\"wp-block-column is-vertically-aligned-center is-layout-flow wp-block-column-is-layout-flow\" style=\"flex-basis:66.66%\">\n<p><strong>Published<\/strong><\/p>\n<\/div>\n<\/div>\n\n\n\n<ul class=\"wp-block-list\">\n<li>Belando-Montoro, M.R., Fern\u00e1ndez-Salinero, C., Virg\u00f3s-S\u00e1nchez, M. &amp; Naranjo, M. (2024)<em>.<\/em>\u00a0The decision-making of students in post-compulsory education: influence of personal, academic, family, and socioeconomic dimensions on the choice of Vocational Education and Training.\u00a0<em>Quality\u00a0&amp;\u00a0Quantity<\/em>.\u00a0<a href=\"https:\/\/doi.org\/10.1007\/s11135-024-02026-1\" target=\"_blank\" rel=\"noreferrer noopener\">https:\/\/doi.org\/10.1007\/s11135-024-02026-1<\/a><\/li>\n\n\n\n<li>Fern\u00e1ndez-Salinero de Miguel, C., Rodr\u00edguez-P\u00e9rez, S.,<strong> <\/strong>Carrasco-Temi\u00f1o, M.A., Fern\u00e1ndez-Sequi, H<strong>. <\/strong>(2024). Comparison of Dual VET Models in Spain: Analysing Educational Quality from the Perspective of Educational Centres. <em>Education Sciences, 14<\/em>(7), 779. <a href=\"https:\/\/doi.org\/10.3390\/educsci14070779\" target=\"_blank\" rel=\"noreferrer noopener\">https:\/\/doi.org\/10.3390\/educsci14070779<\/a><\/li>\n\n\n\n<li>Noguera I, Barrientos D, Torres-S\u00e1nchez M, Pineda-Herrero P. (2024) Exploring Pedagogical and Digital Practices in Vocational Education and Training: Comparing Teacher and Student Perspectives.&nbsp;<em>Education Sciences<\/em>, <em>14<\/em>(7):734. <a href=\"https:\/\/doi.org\/10.3390\/educsci14070734\" target=\"_blank\" rel=\"noreferrer noopener\">https:\/\/doi.org\/10.3390\/educsci14070734<\/a><\/li>\n\n\n\n<li>Noguera Fructuoso, I., Belando-Montoro, M. R., Torres S\u00e1nchez, M., &amp; Pineda-Herrero, P. (2024). Transformaci\u00f3n digital y metodol\u00f3gica de la formaci\u00f3n profesional en la era pos-COVID .&nbsp;<em>Revista de Investigaci\u00f3n Educativa<\/em>,&nbsp;<em>42<\/em>(2). <a href=\"https:\/\/doi.org\/10.6018\/rie.563191\" target=\"_blank\" rel=\"noreferrer noopener\">https:\/\/doi.org\/10.6018\/rie.563191<\/a><\/li>\n\n\n\n<li>Rodr\u00edguez-P\u00e9rez, S.,&nbsp;Barrientos-S\u00e1nchez, D.,&nbsp;Torres-S\u00e1nchez, M.&nbsp;and&nbsp;Pineda-Herrero, P.&nbsp;(2024), The impact of company size on dual VET quality in Spanish companies,&nbsp;<em>Education + Training<\/em>.&nbsp;<a href=\"https:\/\/doi.org\/10.1108\/ET-12-2023-0539\" target=\"_blank\" rel=\"noreferrer noopener\">https:\/\/doi.org\/10.1108\/ET-12-2023-0539<\/a><\/li>\n<\/ul>\n\n\n\n<p>There are also a number of articles that are in the process of being written and revised and, in order not to affect the blind evaluation processes of the journals, only the indicative title of the articles is provided:<\/p>\n\n\n\n<div class=\"wp-block-columns is-layout-flex wp-container-core-columns-is-layout-9d6595d7 wp-block-columns-is-layout-flex\">\n<div class=\"wp-block-column has-background is-layout-flow wp-block-column-is-layout-flow\" style=\"background:linear-gradient(135deg,rgb(114,99,173) 0%,rgb(155,81,224) 100%);flex-basis:15%\"><div class=\"wp-block-image is-resized\">\n<figure class=\"aligncenter size-full\"><img loading=\"lazy\" decoding=\"async\" width=\"512\" height=\"512\" src=\"https:\/\/webs.uab.cat\/efi\/wp-content\/uploads\/sites\/311\/2024\/01\/creador-de-contenido-1.png\" alt=\"\" class=\"wp-image-1367\" srcset=\"https:\/\/webs.uab.cat\/efi\/wp-content\/uploads\/sites\/311\/2024\/01\/creador-de-contenido-1.png 512w, https:\/\/webs.uab.cat\/efi\/wp-content\/uploads\/sites\/311\/2024\/01\/creador-de-contenido-1-300x300.png 300w, https:\/\/webs.uab.cat\/efi\/wp-content\/uploads\/sites\/311\/2024\/01\/creador-de-contenido-1-150x150.png 150w\" sizes=\"auto, (max-width: 512px) 100vw, 512px\" \/><\/figure>\n<\/div><\/div>\n\n\n\n<div class=\"wp-block-column is-vertically-aligned-center is-layout-flow wp-block-column-is-layout-flow\" style=\"flex-basis:66.66%\">\n<p><strong>Writting<\/strong><\/p>\n<\/div>\n<\/div>\n\n\n\n<ul class=\"wp-block-list\">\n<li>Students\u2018 satisfaction with teaching strategies in VET<\/li>\n\n\n\n<li>Conceptions of VET by ESO teachers, families and students<\/li>\n\n\n\n<li>Personal narratives of success in VET<\/li>\n\n\n\n<li>Lifeline and photovoice methodology<\/li>\n<\/ul>\n\n\n\n<div class=\"wp-block-columns is-layout-flex wp-container-core-columns-is-layout-9d6595d7 wp-block-columns-is-layout-flex\">\n<div class=\"wp-block-column is-vertically-aligned-center is-layout-flow wp-block-column-is-layout-flow\" style=\"flex-basis:33.33%\">\n<p class=\"has-small-font-size\">Project<\/p>\n\n\n\n<figure class=\"wp-block-image size-full\"><a href=\"https:\/\/webs.uab.cat\/efi\/en\/ser-fp\/\"><img loading=\"lazy\" decoding=\"async\" width=\"30000\" height=\"8693\" src=\"https:\/\/webs.uab.cat\/efi\/wp-content\/uploads\/sites\/311\/2023\/12\/SER-FP-sin-fondo.png\" alt=\"\" class=\"wp-image-1269\" \/><\/a><\/figure>\n<\/div>\n\n\n\n<div class=\"wp-block-column is-vertically-aligned-center is-layout-flow wp-block-column-is-layout-flow\" style=\"flex-basis:66.66%\">\n<p class=\"has-small-font-size\">Funded by<\/p>\n\n\n\n<figure class=\"wp-block-image size-large\"><a href=\"https:\/\/www.aei.gob.es\/en\"><img loading=\"lazy\" decoding=\"async\" width=\"1024\" height=\"175\" src=\"https:\/\/webs.uab.cat\/efi\/wp-content\/uploads\/sites\/311\/2023\/12\/logo_ministerio_AEI-1024x175.jpg\" alt=\"\" class=\"wp-image-1251\" srcset=\"https:\/\/webs.uab.cat\/efi\/wp-content\/uploads\/sites\/311\/2023\/12\/logo_ministerio_AEI-1024x175.jpg 1024w, https:\/\/webs.uab.cat\/efi\/wp-content\/uploads\/sites\/311\/2023\/12\/logo_ministerio_AEI-300x51.jpg 300w, https:\/\/webs.uab.cat\/efi\/wp-content\/uploads\/sites\/311\/2023\/12\/logo_ministerio_AEI-768x131.jpg 768w, https:\/\/webs.uab.cat\/efi\/wp-content\/uploads\/sites\/311\/2023\/12\/logo_ministerio_AEI-1536x262.jpg 1536w, https:\/\/webs.uab.cat\/efi\/wp-content\/uploads\/sites\/311\/2023\/12\/logo_ministerio_AEI-2048x350.jpg 2048w, https:\/\/webs.uab.cat\/efi\/wp-content\/uploads\/sites\/311\/2023\/12\/logo_ministerio_AEI-1200x205.jpg 1200w, https:\/\/webs.uab.cat\/efi\/wp-content\/uploads\/sites\/311\/2023\/12\/logo_ministerio_AEI-1980x338.jpg 1980w\" sizes=\"auto, (max-width: 1024px) 100vw, 1024px\" \/><\/a><\/figure>\n<\/div>\n<\/div>\n","protected":false},"excerpt":{"rendered":"<p>Published There are also a number of articles that are in the process of being written and revised and, in order not to affect the blind evaluation processes of the journals, only the indicative title of the articles is provided: Writting<\/p>\n","protected":false},"author":1869,"featured_media":0,"parent":1300,"menu_order":0,"comment_status":"closed","ping_status":"closed","template":"","meta":{"footnotes":""},"class_list":["post-1315","page","type-page","status-publish","hentry"],"_links":{"self":[{"href":"https:\/\/webs.uab.cat\/efi\/en\/wp-json\/wp\/v2\/pages\/1315","targetHints":{"allow":["GET"]}}],"collection":[{"href":"https:\/\/webs.uab.cat\/efi\/en\/wp-json\/wp\/v2\/pages"}],"about":[{"href":"https:\/\/webs.uab.cat\/efi\/en\/wp-json\/wp\/v2\/types\/page"}],"author":[{"embeddable":true,"href":"https:\/\/webs.uab.cat\/efi\/en\/wp-json\/wp\/v2\/users\/1869"}],"replies":[{"embeddable":true,"href":"https:\/\/webs.uab.cat\/efi\/en\/wp-json\/wp\/v2\/comments?post=1315"}],"version-history":[{"count":14,"href":"https:\/\/webs.uab.cat\/efi\/en\/wp-json\/wp\/v2\/pages\/1315\/revisions"}],"predecessor-version":[{"id":2100,"href":"https:\/\/webs.uab.cat\/efi\/en\/wp-json\/wp\/v2\/pages\/1315\/revisions\/2100"}],"up":[{"embeddable":true,"href":"https:\/\/webs.uab.cat\/efi\/en\/wp-json\/wp\/v2\/pages\/1300"}],"wp:attachment":[{"href":"https:\/\/webs.uab.cat\/efi\/en\/wp-json\/wp\/v2\/media?parent=1315"}],"curies":[{"name":"wp","href":"https:\/\/api.w.org\/{rel}","templated":true}]}}