{"id":244,"date":"2013-11-27T17:45:16","date_gmt":"2013-11-27T15:45:16","guid":{"rendered":"https:\/\/webs.uab.cat\/efi\/phd-and-master-thesis\/"},"modified":"2024-10-07T11:52:39","modified_gmt":"2024-10-07T09:52:39","slug":"phd-and-master-thesis","status":"publish","type":"page","link":"https:\/\/webs.uab.cat\/efi\/en\/phd-and-master-thesis\/","title":{"rendered":"PhD and Master thesis"},"content":{"rendered":"<p><strong>Alba Cristina Arenas Mej\u00eda, <\/strong><em>Analysis of public policy on training and employment in Chile: a look at the effectiveness of access and efficiency of job training<\/em>.\u00a020\/09\/2024 (PhD)<\/p>\n<p>Promoter: Pilar Pineda Herrero<\/p>\n<p><strong>Paloma Fernanda Sep\u00falveda Parrini,\u00a0<\/strong><em>Quality of Online Higher Education: Contributions from Cyberfeminist Perspectives.<\/em><em>\u00a0<\/em>20\/06\/2024 (PhD).<\/p>\n<p>Promoters: Pilar Pineda Herrero &amp; Paloma Valdivia Vizarreta<\/p>\n<p><strong>Paula Contesse Carvacho, <\/strong><em>University and Intellectual Disability: assessment of the Diploma Program in Work Skills for the Improvement of Quality of Life. <\/em>08\/11\/2022. (PhD)<\/p>\n<p>Promoters: Pilar Pineda Herrero y Jos\u00e9 Mar\u00eda Sanahuja Gavald\u00e0<\/p>\n<p><strong>Merc\u00e8 Prat Mart\u00ednez<\/strong>, <em>Decision-making as a nursing competency to care for chronic patients with complex needs<\/em>. 01\/10\/2021 (PhD).<\/p>\n<p>Promoter: Pilar Pineda Herrero<\/p>\n<p><strong>Helena Roig Ester<\/strong>, <em>Evaluation of the transfer of training of novice nurses.<\/em><span class=\"NormalTextRun SCXW17558274 BCX0\"> 22\/06\/2021 (PhD)<\/span><\/p>\n<p>Promoters: Carla Quesada Pallar\u00e8s &amp; Pilar Pineda Herrero<\/p>\n<p><strong>Elke Elisabeth Eugenia Kleinert Altamirano<\/strong>, <em>In-service teacher training in preschool education: The support of principals in the transfer of learning.<\/em><span class=\"TextRun SCXW218185876 BCX0\" lang=\"ES-ES\" xml:lang=\"ES-ES\" data-contrast=\"auto\"><span class=\"NormalTextRun SCXW218185876 BCX0\">\u00a022\/01\/2021 (PhD).<\/span><\/span><\/p>\n<p>Promoter: Pilar Pineda Herrero<\/p>\n<p><strong>Paloma Sep\u00falveda Parrini<\/strong>,\u00a0<em>The<\/em> tick tock<em> of MOOCs: institutional purposes for their implementation at the University of Chile and the Autonomous University of Barcelona<\/em>, setembre 2019\u00a0(Master thesis).<\/p>\n<p>Promoters: Pilar Pineda Herrero and\u00a0Paloma Valdivia Vizarreta.<\/p>\n<p><strong>Sonia Fajardo Mart\u00ednez<\/strong>, <em>Training in organization of social sector.<\/em>\u00a0 26\/09\/2019 (PhD)<\/p>\n<p>Promoter: Pilar Pineda Herrero<\/p>\n<p><strong>Olga Ivanova<\/strong>, <em>Management education for innovation: developing a study course to improve innovation capacity of MBA students<\/em>. 21\/11\/2016 (PhD).<\/p>\n<p>Promoter: Pilar Pineda Herrero<\/p>\n<p><strong>Carla Quesada \u00a0Pallar\u00e8s<\/strong>, <em>Can transfer of training be predicted? : A validation of transfer prediction model, <\/em>05\/02\/2014. (PhD)<\/p>\n<p>Promoters: Pilar Pineda Herrero and Eduardo Cascallar<\/p>\n<p><strong>Judith Roca \u00a0Llobe<\/strong>t, <em>Development of Critical Thinking through different teaching strategies in nursing degree,<\/em> 29\/11\/2013 (PhD)<\/p>\n<p>Promoter: Pilar Pineda Herrero<\/p>\n<p><strong>Carme Mart\u00ednez i Roca<\/strong>,\u00a0<em><em>The role of career guidance in Catalan schools in developing skills to reduce structural risk factors for employability<\/em><\/em>, ongoing. (PhD)<\/p>\n<p>Promoters:\u00a0Pilar Pineda Herrero and Marius Mart\u00ednez<\/p>\n<p><strong>Helena Roig<\/strong>, <em>Evaluation of Transfer in Training,\u00a0<\/em>19\/09\/2012 (Master thesis)<\/p>\n<p>Promoters:\u00a0Pilar Pineda Herrero and Carles Dorado<\/p>\n<p><strong>Olga Ivanova<\/strong>,\u00a0<em>Management Education for Innovation: Evaluating MBA Programs Effectiveness at Spanish Business Schools<\/em>, 19\/09\/2012 (Master thesis)<\/p>\n<p>Promoter: Pilar Pineda Herrero<\/p>\n<p><strong>Judith Roca Llobet<\/strong>, <em>Critical thinking in nursing degree: analysis of role and components of a key competence<\/em>, 16\/09\/2010 (Master thesis)<\/p>\n<p>Promoter:\u00a0Pilar Pineda Herrero<\/p>\n<p><strong>Carla Quesada Pallar\u00e8s<\/strong>,\u00a0<em>Barreres i facilitadors de la transfer\u00e8ncia de la formaci\u00f3 a l\u2019administraci\u00f3 p\u00fablica<\/em>, 14\/09\/2009 (Master thesis)<\/p>\n<p>Promoter:\u00a0Pilar Pineda Herrero<\/p>\n<p><strong>Maria Victoria Moreno Andr\u00e9s<\/strong>,\u00a0<em>Avaluaci\u00f3 de la transfer\u00e8ncia de la formaci\u00f3 cont\u00ednua per a directius\/ves de l\u2019Administraci\u00f3 P\u00fablica de Catalunya: Creaci\u00f3, aplicaci\u00f3 i an\u00e0lisi d\u2019un model d\u2019avaluaci\u00f3 de la transferencia,\u00a0<\/em>21\/04\/2009 (PhD)<\/p>\n<p>Promoter: Pilar Pineda Herrero<\/p>\n<p><strong>Maria Victoria Moreno Andr\u00e9s<\/strong>,\u00a0<em>Avaluaci\u00f3 de la Trasfer\u00e8ncia de la Formaci\u00f3 Continua,\u00a0<\/em>15\/07\/2007 (DEA)<\/p>\n<p>Promoter: Pilar Pineda Herrero<\/p>\n","protected":false},"excerpt":{"rendered":"<p>Alba Cristina Arenas Mej\u00eda, Analysis of public policy on training and employment in Chile: a look at the effectiveness of access and efficiency of job training.\u00a020\/09\/2024 (PhD) Promoter: Pilar Pineda Herrero Paloma Fernanda Sep\u00falveda Parrini,\u00a0Quality of Online Higher Education: Contributions from Cyberfeminist Perspectives.\u00a020\/06\/2024 (PhD). Promoters: Pilar Pineda Herrero &amp; Paloma Valdivia Vizarreta Paula Contesse Carvacho, [&hellip;]<\/p>\n","protected":false},"author":20,"featured_media":0,"parent":0,"menu_order":0,"comment_status":"closed","ping_status":"closed","template":"","meta":{"footnotes":""},"class_list":["post-244","page","type-page","status-publish","hentry"],"_links":{"self":[{"href":"https:\/\/webs.uab.cat\/efi\/en\/wp-json\/wp\/v2\/pages\/244","targetHints":{"allow":["GET"]}}],"collection":[{"href":"https:\/\/webs.uab.cat\/efi\/en\/wp-json\/wp\/v2\/pages"}],"about":[{"href":"https:\/\/webs.uab.cat\/efi\/en\/wp-json\/wp\/v2\/types\/page"}],"author":[{"embeddable":true,"href":"https:\/\/webs.uab.cat\/efi\/en\/wp-json\/wp\/v2\/users\/20"}],"replies":[{"embeddable":true,"href":"https:\/\/webs.uab.cat\/efi\/en\/wp-json\/wp\/v2\/comments?post=244"}],"version-history":[{"count":8,"href":"https:\/\/webs.uab.cat\/efi\/en\/wp-json\/wp\/v2\/pages\/244\/revisions"}],"predecessor-version":[{"id":1918,"href":"https:\/\/webs.uab.cat\/efi\/en\/wp-json\/wp\/v2\/pages\/244\/revisions\/1918"}],"wp:attachment":[{"href":"https:\/\/webs.uab.cat\/efi\/en\/wp-json\/wp\/v2\/media?parent=244"}],"curies":[{"name":"wp","href":"https:\/\/api.w.org\/{rel}","templated":true}]}}