{"id":259,"date":"2017-09-25T18:41:53","date_gmt":"2017-09-25T16:41:53","guid":{"rendered":"https:\/\/webs.uab.cat\/efi\/institutions\/"},"modified":"2025-03-05T10:15:25","modified_gmt":"2025-03-05T08:15:25","slug":"institutions","status":"publish","type":"page","link":"https:\/\/webs.uab.cat\/efi\/en\/institutions\/","title":{"rendered":"Institutions"},"content":{"rendered":"<p>In different research projects, EFI group has been worked with, or has received support by the following institutions:<\/p>\n<p><a href=\"http:\/\/gipe-igep.org\/presentation_castellano.php\" target=\"_blank\" rel=\"noopener\">GIPE <\/a>&#8211; Grupo Interdisciplinar de Pol\u00edticas Educativas &#8211; Interdisciplinary Group on Educational Policies<\/p>\n<p><a href=\"https:\/\/www.fundae.es\/Pages\/default.aspx\" target=\"_blank\" rel=\"noopener\">FUNDAE <\/a>&#8211; Fundaci\u00f3n Estatal para la Formaci\u00f3n en el Empleo &#8211; Spanish Foundation for Employment Training<\/p>\n<p><a href=\"http:\/\/www.uab.cat\/fundaciouab\/\" target=\"_blank\" rel=\"noopener\">Fundaci\u00f3 UAB<\/a>\u00a0&#8211; UAB Foundation<\/p>\n<p><a href=\"http:\/\/www.fundaciobcnfp.cat\/index.php\/ca\/\" target=\"_blank\" rel=\"noopener\">Fundaci\u00f3 BCN Formaci\u00f3 Professional<\/a>\u00a0&#8211; Barcelona Foundation for VET<\/p>\n<p><a href=\"https:\/\/www.peretarres.org\/\" target=\"_blank\" rel=\"noopener\">Fundaci\u00f3 Pere Tarr\u00e9s<\/a>\u00a0&#8211;\u00a0leisure time education, volunteering and\u00a0social interventions<\/p>\n<p><a href=\"https:\/\/www.fundacionbertelsmann.org\">Fundaci\u00f3n Bertelsmann<\/a>\u00a0&#8211; Bertelsmann Foundation<\/p>\n<p><a href=\"http:\/\/www.inap.es\/\" target=\"_blank\" rel=\"noopener\">INAP <\/a>&#8211; Instituto Nacional de Administraci\u00f3n P\u00fablica &#8211; Spanish Institute of Public Administration<\/p>\n<p><a href=\"http:\/\/www.ivap.euskadi.eus\/r61-vhome\/es\/\" target=\"_blank\" rel=\"noopener\">IVAP <\/a>&#8211; Instituto Vasco de Administraci\u00f3n P\u00fablica &#8211; Vasque Institute of Public Administration<\/p>\n<p><a href=\"https:\/\/www.asturias.es\/iaap\" target=\"_blank\" rel=\"noopener\">Instituto Asturiano de Administraci\u00f3n P\u00fablica Antonio Posada<\/a>\u00a0&#8211; Asturian Institute of Public Administration<\/p>\n<p><a href=\"http:\/\/eapc.gencat.cat\/ca\/inici\/\" target=\"_blank\" rel=\"noopener\">EAPC <\/a>&#8211; Escola d&#8217;Aministraci\u00f3 P\u00fablica de Catalunya &#8211; Catalan School of Public Administration<\/p>\n<p><a href=\"http:\/\/www.aragon.es\/DepartamentosOrganismosPublicos\/Institutos\/InstitutoAragonesAdministracionPublica\" target=\"_blank\" rel=\"noopener\">Instituto Aragon\u00e9s de Administraci\u00f3n P\u00fablica<\/a>\u00a0&#8211; Aragonese\u00a0Institute of Public Administration<\/p>\n<p><a href=\"http:\/\/www.ivap.gva.es\/\" target=\"_blank\" rel=\"noopener\">IVAP <\/a>&#8211; Institut Valenci\u00e0 d&#8217;Administraci\u00f3 P\u00fablica &#8211; Valencian\u00a0Institute of Public Administration<\/p>\n<p><a href=\"http:\/\/ear.castillalamancha.es\/\" target=\"_blank\" rel=\"noopener\">EAR <\/a>&#8211; Escuela de Administraci\u00f3n Regional de Castilla-La Mancha &#8211;\u00a0School of Public Administration of Castilla-La Mancha<\/p>\n<p><a href=\"http:\/\/egap.xunta.gal\/\" target=\"_blank\" rel=\"noopener\">EGAP <\/a>&#8211; Escola Galega de Administraci\u00f3n P\u00fablica &#8211; Galician School of Public Adminitration<\/p>\n<p><a href=\"http:\/\/www.eclap.jcyl.es\/\" target=\"_blank\" rel=\"noopener\">ECLAP <\/a>&#8211; Escuela de Administraci\u00f3n P\u00fablica de Castilla y Le\u00f3n &#8211; School of\u00a0Public Administration of Castilla y Le\u00f3n<\/p>\n<p><a href=\"http:\/\/csda.gencat.cat\/es\" target=\"_blank\" rel=\"noopener\">Consell Superior d&#8217;Avaluaci\u00f3 del Sistema Educatiu<\/a>\u00a0&#8211; Catalan Higher Council for the Evaluation of the Educational System<\/p>\n<p><a href=\"https:\/\/www.bibb.de\/\" target=\"_blank\" rel=\"noopener\">BIBB <\/a>&#8211; Budesinstitut f\u00fcr Berufsbildung &#8211; German Institute for VET<\/p>\n<p><a href=\"https:\/\/valnalon.com\/\" target=\"_blank\" rel=\"noopener\">VALNAL\u00d3N<\/a> &#8211; Valnal\u00f3n, educaci\u00f3n y promoci\u00f3n emprendedora &#8211; Valnal\u00f3n, education and entrepreneur promotion<\/p>\n\n\n<p><\/p>\n","protected":false},"excerpt":{"rendered":"<p>In different research projects, EFI group has been worked with, or has received support by the following institutions: GIPE &#8211; Grupo Interdisciplinar de Pol\u00edticas Educativas &#8211; Interdisciplinary Group on Educational Policies FUNDAE &#8211; Fundaci\u00f3n Estatal para la Formaci\u00f3n en el Empleo &#8211; Spanish Foundation for Employment Training Fundaci\u00f3 UAB\u00a0&#8211; UAB Foundation Fundaci\u00f3 BCN Formaci\u00f3 Professional\u00a0&#8211; [&hellip;]<\/p>\n","protected":false},"author":20,"featured_media":0,"parent":0,"menu_order":0,"comment_status":"closed","ping_status":"closed","template":"","meta":{"footnotes":""},"class_list":["post-259","page","type-page","status-publish","hentry"],"_links":{"self":[{"href":"https:\/\/webs.uab.cat\/efi\/en\/wp-json\/wp\/v2\/pages\/259","targetHints":{"allow":["GET"]}}],"collection":[{"href":"https:\/\/webs.uab.cat\/efi\/en\/wp-json\/wp\/v2\/pages"}],"about":[{"href":"https:\/\/webs.uab.cat\/efi\/en\/wp-json\/wp\/v2\/types\/page"}],"author":[{"embeddable":true,"href":"https:\/\/webs.uab.cat\/efi\/en\/wp-json\/wp\/v2\/users\/20"}],"replies":[{"embeddable":true,"href":"https:\/\/webs.uab.cat\/efi\/en\/wp-json\/wp\/v2\/comments?post=259"}],"version-history":[{"count":4,"href":"https:\/\/webs.uab.cat\/efi\/en\/wp-json\/wp\/v2\/pages\/259\/revisions"}],"predecessor-version":[{"id":2108,"href":"https:\/\/webs.uab.cat\/efi\/en\/wp-json\/wp\/v2\/pages\/259\/revisions\/2108"}],"wp:attachment":[{"href":"https:\/\/webs.uab.cat\/efi\/en\/wp-json\/wp\/v2\/media?parent=259"}],"curies":[{"name":"wp","href":"https:\/\/api.w.org\/{rel}","templated":true}]}}