{"id":1277,"date":"2023-11-08T22:44:32","date_gmt":"2023-11-08T20:44:32","guid":{"rendered":"https:\/\/webs.uab.cat\/efi\/?page_id=1277"},"modified":"2024-01-18T13:08:22","modified_gmt":"2024-01-18T11:08:22","slug":"lineas-del-proyecto","status":"publish","type":"page","link":"https:\/\/webs.uab.cat\/efi\/es\/ser-fp\/lineas-del-proyecto\/","title":{"rendered":"L\u00edneas del proyecto"},"content":{"rendered":"\n<div class=\"wp-block-buttons alignfull is-content-justification-center is-layout-flex wp-container-core-buttons-is-layout-16018d1d wp-block-buttons-is-layout-flex\">\n<div class=\"wp-block-button is-style-fill\"><a class=\"wp-block-button__link has-background wp-element-button\" href=\"https:\/\/webs.uab.cat\/efi\/es\/ser-fp\/\" style=\"background:linear-gradient(90deg,rgb(202,248,128) 0%,rgb(114,99,173) 0%,rgb(114,99,173) 78%)\">El proyecto<\/a><\/div>\n\n\n\n<div class=\"wp-block-button is-style-fill\"><a class=\"wp-block-button__link has-background wp-element-button\" href=\"https:\/\/webs.uab.cat\/efi\/es\/ser-fp\/equip-del-projecte-ser-fp\/\" style=\"background:linear-gradient(97deg,rgb(94,110,255) 0%,rgb(94,110,255) 100%)\">Equipo<\/a><\/div>\n\n\n\n<div class=\"wp-block-button is-style-fill\"><a class=\"wp-block-button__link has-background wp-element-button\" href=\"https:\/\/webs.uab.cat\/efi\/es\/lineas-del-proyecto\/\" style=\"background:linear-gradient(127deg,rgb(254,195,93) 0%,rgb(254,195,93) 57%)\">L\u00edneas<\/a><\/div>\n\n\n\n<div class=\"wp-block-button\"><a class=\"wp-block-button__link has-background wp-element-button\" href=\"https:\/\/webs.uab.cat\/efi\/es\/ser-fp\/publicaciones\/\" style=\"background:linear-gradient(135deg,rgb(247,191,138) 0%,rgb(247,191,138) 100%)\">Publicaciones<\/a><\/div>\n\n\n\n<div class=\"wp-block-button\"><a class=\"wp-block-button__link has-background wp-element-button\" href=\"https:\/\/webs.uab.cat\/efi\/es\/ser-fp\/col%c2%b7laboracions\/\" style=\"background:linear-gradient(135deg,rgb(231,144,55) 0%,rgb(231,144,55) 100%)\">Colaboradores<\/a><\/div>\n\n\n\n<div class=\"wp-block-button\"><a class=\"wp-block-button__link has-background wp-element-button\" href=\"https:\/\/webs.uab.cat\/efi\/es\/productos-del-proyecto\/\" style=\"background:linear-gradient(135deg,rgb(99,172,30) 0%,rgb(99,172,30) 100%)\">Productos<\/a><\/div>\n<\/div>\n\n\n\n<p>El proyecto se organiza en 5 l\u00edneas que se interrelacionan y que organizan el trabajo para a cumplir con los objetivos de la investigaci\u00f3n. Las l\u00edneas del proyecto son:<\/p>\n\n\n\n<figure class=\"wp-block-embed is-type-wp-embed is-provider-genially wp-block-embed-genially\"><div class=\"wp-block-embed__wrapper\">\n<iframe class=\"wp-embedded-content\" sandbox=\"allow-scripts\" security=\"restricted\" title=\"SER-FP (cast)\" frameborder='0' width='1200' height='675' src='https:\/\/view.genially.com\/6596777063de1e0015a442d4#?secret=U7Wo8Ydkcp' data-secret='U7Wo8Ydkcp' scrolling='yes'><\/iframe>\n<\/div><\/figure>\n\n\n\n<div class=\"wp-block-columns is-layout-flex wp-container-core-columns-is-layout-9d6595d7 wp-block-columns-is-layout-flex\">\n<div class=\"wp-block-column is-vertically-aligned-center is-layout-flow wp-block-column-is-layout-flow\" style=\"flex-basis:33.33%\">\n<p class=\"has-small-font-size\">Proyecto<\/p>\n\n\n\n<figure class=\"wp-block-image size-full\"><a href=\"https:\/\/webs.uab.cat\/efi\/es\/ser-fp\/\" target=\"_blank\" rel=\"noreferrer noopener\"><img loading=\"lazy\" decoding=\"async\" width=\"30000\" height=\"8693\" src=\"https:\/\/webs.uab.cat\/efi\/wp-content\/uploads\/sites\/311\/2023\/12\/SER-FP-sin-fondo.png\" alt=\"\" class=\"wp-image-1269\" \/><\/a><\/figure>\n<\/div>\n\n\n\n<div class=\"wp-block-column is-vertically-aligned-center is-layout-flow wp-block-column-is-layout-flow\" style=\"flex-basis:66.66%\">\n<p class=\"has-small-font-size\">Con la financiaci\u00f3n de<\/p>\n\n\n\n<figure class=\"wp-block-image size-large\"><a href=\"https:\/\/www.aei.gob.es\/\" target=\"_blank\" rel=\"noreferrer noopener\"><img loading=\"lazy\" decoding=\"async\" width=\"1024\" height=\"175\" src=\"https:\/\/webs.uab.cat\/efi\/wp-content\/uploads\/sites\/311\/2023\/12\/logo_ministerio_AEI-1024x175.jpg\" alt=\"\" class=\"wp-image-1251\" srcset=\"https:\/\/webs.uab.cat\/efi\/wp-content\/uploads\/sites\/311\/2023\/12\/logo_ministerio_AEI-1024x175.jpg 1024w, https:\/\/webs.uab.cat\/efi\/wp-content\/uploads\/sites\/311\/2023\/12\/logo_ministerio_AEI-300x51.jpg 300w, https:\/\/webs.uab.cat\/efi\/wp-content\/uploads\/sites\/311\/2023\/12\/logo_ministerio_AEI-768x131.jpg 768w, https:\/\/webs.uab.cat\/efi\/wp-content\/uploads\/sites\/311\/2023\/12\/logo_ministerio_AEI-1536x262.jpg 1536w, https:\/\/webs.uab.cat\/efi\/wp-content\/uploads\/sites\/311\/2023\/12\/logo_ministerio_AEI-2048x350.jpg 2048w, https:\/\/webs.uab.cat\/efi\/wp-content\/uploads\/sites\/311\/2023\/12\/logo_ministerio_AEI-1200x205.jpg 1200w, https:\/\/webs.uab.cat\/efi\/wp-content\/uploads\/sites\/311\/2023\/12\/logo_ministerio_AEI-1980x338.jpg 1980w\" sizes=\"auto, (max-width: 1024px) 100vw, 1024px\" \/><\/a><\/figure>\n<\/div>\n<\/div>\n","protected":false},"excerpt":{"rendered":"<p>El proyecto se organiza en 5 l\u00edneas que se interrelacionan y que organizan el trabajo para a cumplir con los objetivos de la investigaci\u00f3n. Las l\u00edneas del proyecto son:<\/p>\n","protected":false},"author":1869,"featured_media":0,"parent":1301,"menu_order":0,"comment_status":"closed","ping_status":"closed","template":"","meta":{"footnotes":""},"class_list":["post-1277","page","type-page","status-publish","hentry"],"_links":{"self":[{"href":"https:\/\/webs.uab.cat\/efi\/es\/wp-json\/wp\/v2\/pages\/1277","targetHints":{"allow":["GET"]}}],"collection":[{"href":"https:\/\/webs.uab.cat\/efi\/es\/wp-json\/wp\/v2\/pages"}],"about":[{"href":"https:\/\/webs.uab.cat\/efi\/es\/wp-json\/wp\/v2\/types\/page"}],"author":[{"embeddable":true,"href":"https:\/\/webs.uab.cat\/efi\/es\/wp-json\/wp\/v2\/users\/1869"}],"replies":[{"embeddable":true,"href":"https:\/\/webs.uab.cat\/efi\/es\/wp-json\/wp\/v2\/comments?post=1277"}],"version-history":[{"count":3,"href":"https:\/\/webs.uab.cat\/efi\/es\/wp-json\/wp\/v2\/pages\/1277\/revisions"}],"predecessor-version":[{"id":1474,"href":"https:\/\/webs.uab.cat\/efi\/es\/wp-json\/wp\/v2\/pages\/1277\/revisions\/1474"}],"up":[{"embeddable":true,"href":"https:\/\/webs.uab.cat\/efi\/es\/wp-json\/wp\/v2\/pages\/1301"}],"wp:attachment":[{"href":"https:\/\/webs.uab.cat\/efi\/es\/wp-json\/wp\/v2\/media?parent=1277"}],"curies":[{"name":"wp","href":"https:\/\/api.w.org\/{rel}","templated":true}]}}