{"id":1301,"date":"2023-11-06T21:45:05","date_gmt":"2023-11-06T19:45:05","guid":{"rendered":"https:\/\/webs.uab.cat\/efi\/ser-fp\/"},"modified":"2024-01-17T21:30:52","modified_gmt":"2024-01-17T19:30:52","slug":"ser-fp","status":"publish","type":"page","link":"https:\/\/webs.uab.cat\/efi\/es\/ser-fp\/","title":{"rendered":"SER FP"},"content":{"rendered":"\n<figure class=\"wp-block-image size-full\"><img loading=\"lazy\" decoding=\"async\" width=\"30000\" height=\"8693\" src=\"https:\/\/webs.uab.cat\/efi\/wp-content\/uploads\/sites\/311\/2023\/12\/SER-FP-sin-fondo.png\" alt=\"\" class=\"wp-image-1269\" \/><\/figure>\n\n\n\n<div class=\"wp-block-buttons alignfull is-content-justification-center is-layout-flex wp-container-core-buttons-is-layout-16018d1d wp-block-buttons-is-layout-flex\">\n<div class=\"wp-block-button is-style-fill\"><a class=\"wp-block-button__link has-background wp-element-button\" href=\"https:\/\/webs.uab.cat\/efi\/es\/ser-fp\/\" style=\"background:linear-gradient(90deg,rgb(202,248,128) 0%,rgb(114,99,173) 0%,rgb(114,99,173) 78%)\">El proyecto<\/a><\/div>\n\n\n\n<div class=\"wp-block-button is-style-fill\"><a class=\"wp-block-button__link has-background wp-element-button\" href=\"https:\/\/webs.uab.cat\/efi\/es\/ser-fp\/equip-del-projecte-ser-fp\/\" style=\"background:linear-gradient(97deg,rgb(94,110,255) 0%,rgb(94,110,255) 100%)\">Equipo<\/a><\/div>\n\n\n\n<div class=\"wp-block-button is-style-fill\"><a class=\"wp-block-button__link has-background wp-element-button\" href=\"https:\/\/webs.uab.cat\/efi\/es\/lineas-del-proyecto\/\" style=\"background:linear-gradient(127deg,rgb(254,195,93) 0%,rgb(254,195,93) 57%)\">L\u00edneas<\/a><\/div>\n\n\n\n<div class=\"wp-block-button\"><a class=\"wp-block-button__link has-background wp-element-button\" href=\"https:\/\/webs.uab.cat\/efi\/es\/ser-fp\/publicaciones\/\" style=\"background:linear-gradient(135deg,rgb(247,191,138) 0%,rgb(247,191,138) 100%)\">Publicaciones<\/a><\/div>\n\n\n\n<div class=\"wp-block-button\"><a class=\"wp-block-button__link has-background wp-element-button\" href=\"https:\/\/webs.uab.cat\/efi\/es\/ser-fp\/col%c2%b7laboracions\/\" style=\"background:linear-gradient(135deg,rgb(231,144,55) 0%,rgb(231,144,55) 100%)\">Colaboradores<\/a><\/div>\n\n\n\n<div class=\"wp-block-button\"><a class=\"wp-block-button__link has-background wp-element-button\" href=\"https:\/\/webs.uab.cat\/efi\/es\/productos-del-proyecto\/\" style=\"background:linear-gradient(135deg,rgb(99,172,30) 0%,rgb(99,172,30) 100%)\">Productos<\/a><\/div>\n<\/div>\n\n\n\n<p><strong>SER FP en Espa\u00f1a: Trayectorias de \u00c9xito y Valor Social en la Formaci\u00f3n Profesional <\/strong>es un proyecto financiado por el Ministerio de Ciencia e innovaci\u00f3n y la Agencia Estatal de Investigaci\u00f3n (PID2020-112842RB-I00) con el objetivo principal de visibilizar el valor de la Formaci\u00f3n Profesional para mejorar su imagen social.<\/p>\n\n\n\n<p>Para llevar a cabo este proyecto, en primer lugar, se busca explorar las concepciones sobre la FP que tiene el alumnado de la ESO, sus familias y el profesorado. En segundo lugar, se pretende analizar la calidad de la formaci\u00f3n en el trabajo como elemento potenciador de la visibilidad del valor de la FP. En tercer lugar, se quiere identificar las pr\u00e1cticas implementadas en educaci\u00f3n durante la crisis sanitaria provocada por el COVID-19 que contribuyan a aumentar el valor social de la FP. Y finalmente, en cuarto lugar, se plantea estudiar las narrativas del propio alumnado de FP para poner en valor sus experiencias y perspectivas.<\/p>\n\n\n<div class=\"wp-block-image\">\n<figure class=\"aligncenter size-full\"><img loading=\"lazy\" decoding=\"async\" width=\"966\" height=\"694\" src=\"https:\/\/webs.uab.cat\/efi\/wp-content\/uploads\/sites\/311\/2024\/01\/Imagen-resumen-cast-2.jpg\" alt=\"\" class=\"wp-image-1420\" srcset=\"https:\/\/webs.uab.cat\/efi\/wp-content\/uploads\/sites\/311\/2024\/01\/Imagen-resumen-cast-2.jpg 966w, https:\/\/webs.uab.cat\/efi\/wp-content\/uploads\/sites\/311\/2024\/01\/Imagen-resumen-cast-2-300x216.jpg 300w, https:\/\/webs.uab.cat\/efi\/wp-content\/uploads\/sites\/311\/2024\/01\/Imagen-resumen-cast-2-768x552.jpg 768w\" sizes=\"auto, (max-width: 966px) 100vw, 966px\" \/><\/figure>\n<\/div>\n\n\n<figure class=\"wp-block-image size-large\"><img loading=\"lazy\" decoding=\"async\" width=\"1024\" height=\"175\" src=\"https:\/\/webs.uab.cat\/efi\/wp-content\/uploads\/sites\/311\/2023\/12\/logo_ministerio_AEI-1024x175.jpg\" alt=\"\" class=\"wp-image-1251\" srcset=\"https:\/\/webs.uab.cat\/efi\/wp-content\/uploads\/sites\/311\/2023\/12\/logo_ministerio_AEI-1024x175.jpg 1024w, https:\/\/webs.uab.cat\/efi\/wp-content\/uploads\/sites\/311\/2023\/12\/logo_ministerio_AEI-300x51.jpg 300w, https:\/\/webs.uab.cat\/efi\/wp-content\/uploads\/sites\/311\/2023\/12\/logo_ministerio_AEI-768x131.jpg 768w, https:\/\/webs.uab.cat\/efi\/wp-content\/uploads\/sites\/311\/2023\/12\/logo_ministerio_AEI-1536x262.jpg 1536w, https:\/\/webs.uab.cat\/efi\/wp-content\/uploads\/sites\/311\/2023\/12\/logo_ministerio_AEI-2048x350.jpg 2048w, https:\/\/webs.uab.cat\/efi\/wp-content\/uploads\/sites\/311\/2023\/12\/logo_ministerio_AEI-1200x205.jpg 1200w, https:\/\/webs.uab.cat\/efi\/wp-content\/uploads\/sites\/311\/2023\/12\/logo_ministerio_AEI-1980x338.jpg 1980w\" sizes=\"auto, (max-width: 1024px) 100vw, 1024px\" \/><\/figure>\n","protected":false},"excerpt":{"rendered":"<p>SER FP en Espa\u00f1a: Trayectorias de \u00c9xito y Valor Social en la Formaci\u00f3n Profesional es un proyecto financiado por el Ministerio de Ciencia e innovaci\u00f3n y la Agencia Estatal de Investigaci\u00f3n (PID2020-112842RB-I00) con el objetivo principal de visibilizar el valor de la Formaci\u00f3n Profesional para mejorar su imagen social. Para llevar a cabo este proyecto, [&hellip;]<\/p>\n","protected":false},"author":1869,"featured_media":0,"parent":0,"menu_order":1,"comment_status":"closed","ping_status":"closed","template":"","meta":{"footnotes":""},"class_list":["post-1301","page","type-page","status-publish","hentry"],"_links":{"self":[{"href":"https:\/\/webs.uab.cat\/efi\/es\/wp-json\/wp\/v2\/pages\/1301","targetHints":{"allow":["GET"]}}],"collection":[{"href":"https:\/\/webs.uab.cat\/efi\/es\/wp-json\/wp\/v2\/pages"}],"about":[{"href":"https:\/\/webs.uab.cat\/efi\/es\/wp-json\/wp\/v2\/types\/page"}],"author":[{"embeddable":true,"href":"https:\/\/webs.uab.cat\/efi\/es\/wp-json\/wp\/v2\/users\/1869"}],"replies":[{"embeddable":true,"href":"https:\/\/webs.uab.cat\/efi\/es\/wp-json\/wp\/v2\/comments?post=1301"}],"version-history":[{"count":3,"href":"https:\/\/webs.uab.cat\/efi\/es\/wp-json\/wp\/v2\/pages\/1301\/revisions"}],"predecessor-version":[{"id":1423,"href":"https:\/\/webs.uab.cat\/efi\/es\/wp-json\/wp\/v2\/pages\/1301\/revisions\/1423"}],"wp:attachment":[{"href":"https:\/\/webs.uab.cat\/efi\/es\/wp-json\/wp\/v2\/media?parent=1301"}],"curies":[{"name":"wp","href":"https:\/\/api.w.org\/{rel}","templated":true}]}}