{"id":177,"date":"2010-01-21T13:40:57","date_gmt":"2010-01-21T11:40:57","guid":{"rendered":"https:\/\/webs.uab.cat\/efi\/quienes-somos\/"},"modified":"2010-01-21T13:40:57","modified_gmt":"2010-01-21T11:40:57","slug":"quienes-somos","status":"publish","type":"page","link":"https:\/\/webs.uab.cat\/efi\/es\/quienes-somos\/","title":{"rendered":"Qui\u00e9nes somos"},"content":{"rendered":"<p>Somos un grupo de investigaci\u00f3n que estudiamos la evaluaci\u00f3n de la formaci\u00f3n continua des de distintas disciplinas y poniendo especial \u00e9nfasis en la transferencia de la formaci\u00f3n. EFI lo forman investigadoras y profesionales con una base pedag\u00f3gica, psicol\u00f3gica y sociol\u00f3gica. &nbsp;<\/p>\n<p>Los objetivos que nos proponemos con nuestra actividad investigadora son:&nbsp;<\/p>\n<ol>\n<li>Mejorar la eficacia de la formaci\u00f3n en y para el trabajo.&nbsp;<\/li>\n<li>Evaluar la eficacia de la formaci\u00f3n profesional, ocupacional y continua en distintos contextos y organizaciones.&nbsp;<\/li>\n<li>Crear y aplicar modelos te\u00f3rico-pr\u00e1cticos para detectar y mejorar la eficacia de la formaci\u00f3n. &nbsp;<\/li>\n<li>Dise\u00f1ar herramientas para el desarrollo de acciones formativas altamente efectivas.<\/li>\n<li>Asesorar a entidades sobre como mejorar la eficacia de la formaci\u00f3n en su organizaci\u00f3n.&nbsp;<\/li>\n<li>Analizar las pol\u00edticas de formaci\u00f3n continua a nivel nacional e internacional, desde la doble \u00f3ptica de la eficacia y la equidad.&nbsp;<\/li>\n<\/ol>\n<p>Para m\u00e1s informaci\u00f3n: <a href=\"https:\/\/youtu.be\/qyxrhLrtU3w\" target=\"_blank\" rel=\"noopener\">video<\/a><\/p>\n","protected":false},"excerpt":{"rendered":"<p>Somos un grupo de investigaci\u00f3n que estudiamos la evaluaci\u00f3n de la formaci\u00f3n continua des de distintas disciplinas y poniendo especial \u00e9nfasis en la transferencia de la formaci\u00f3n. EFI lo forman investigadoras y profesionales con una base pedag\u00f3gica, psicol\u00f3gica y sociol\u00f3gica. &nbsp; Los objetivos que nos proponemos con nuestra actividad investigadora son:&nbsp; Mejorar la eficacia de [&hellip;]<\/p>\n","protected":false},"author":20,"featured_media":0,"parent":0,"menu_order":0,"comment_status":"closed","ping_status":"closed","template":"","meta":{"footnotes":""},"class_list":["post-177","page","type-page","status-publish","hentry"],"_links":{"self":[{"href":"https:\/\/webs.uab.cat\/efi\/es\/wp-json\/wp\/v2\/pages\/177","targetHints":{"allow":["GET"]}}],"collection":[{"href":"https:\/\/webs.uab.cat\/efi\/es\/wp-json\/wp\/v2\/pages"}],"about":[{"href":"https:\/\/webs.uab.cat\/efi\/es\/wp-json\/wp\/v2\/types\/page"}],"author":[{"embeddable":true,"href":"https:\/\/webs.uab.cat\/efi\/es\/wp-json\/wp\/v2\/users\/20"}],"replies":[{"embeddable":true,"href":"https:\/\/webs.uab.cat\/efi\/es\/wp-json\/wp\/v2\/comments?post=177"}],"version-history":[{"count":0,"href":"https:\/\/webs.uab.cat\/efi\/es\/wp-json\/wp\/v2\/pages\/177\/revisions"}],"wp:attachment":[{"href":"https:\/\/webs.uab.cat\/efi\/es\/wp-json\/wp\/v2\/media?parent=177"}],"curies":[{"name":"wp","href":"https:\/\/api.w.org\/{rel}","templated":true}]}}