{"id":185,"date":"2009-05-25T13:20:37","date_gmt":"2009-05-25T11:20:37","guid":{"rendered":"https:\/\/webs.uab.cat\/efi\/investigacion\/"},"modified":"2024-10-03T11:30:51","modified_gmt":"2024-10-03T09:30:51","slug":"investigacion","status":"publish","type":"page","link":"https:\/\/webs.uab.cat\/efi\/es\/investigacion\/","title":{"rendered":"Investigaci\u00f3n"},"content":{"rendered":"<p>En este apartado pod\u00e9is encontrar las investigaciones realizadas por el grupo de investigaci\u00f3n EFI, desde proyectos competitivos y contratos de investigaci\u00f3n, hasta tesis, tesinas, pr\u00e1cticums y becas de colaboraci\u00f3n.<\/p>\n\n\n<div class=\"wp-block-buttons is-content-justification-center is-layout-flex wp-container-core-buttons-is-layout-16018d1d wp-block-buttons-is-layout-flex\">\n<div class=\"wp-block-button\"><a class=\"wp-block-button__link wp-element-button\" href=\"https:\/\/webs.uab.cat\/efi\/es\/proyectos-competitivos\/\">Proyectos Competitivos<\/a><\/div>\n\n\n\n<div class=\"wp-block-button\"><a class=\"wp-block-button__link wp-element-button\" href=\"https:\/\/webs.uab.cat\/efi\/es\/proyectos-no-competitivos\/\">Contratos de investigaci\u00f3n<\/a><\/div>\n\n\n\n<div class=\"wp-block-button\"><a class=\"wp-block-button__link wp-element-button\" href=\"https:\/\/webs.uab.cat\/efi\/es\/tesis-y-tesinas\/\">Tesis y tesinas<\/a><\/div>\n<\/div>\n\n\n\n<p><\/p>\n","protected":false},"excerpt":{"rendered":"<p>En este apartado pod\u00e9is encontrar las investigaciones realizadas por el grupo de investigaci\u00f3n EFI, desde proyectos competitivos y contratos de investigaci\u00f3n, hasta tesis, tesinas, pr\u00e1cticums y becas de colaboraci\u00f3n.<\/p>\n","protected":false},"author":20,"featured_media":0,"parent":0,"menu_order":0,"comment_status":"closed","ping_status":"closed","template":"","meta":{"footnotes":""},"class_list":["post-185","page","type-page","status-publish","hentry"],"_links":{"self":[{"href":"https:\/\/webs.uab.cat\/efi\/es\/wp-json\/wp\/v2\/pages\/185","targetHints":{"allow":["GET"]}}],"collection":[{"href":"https:\/\/webs.uab.cat\/efi\/es\/wp-json\/wp\/v2\/pages"}],"about":[{"href":"https:\/\/webs.uab.cat\/efi\/es\/wp-json\/wp\/v2\/types\/page"}],"author":[{"embeddable":true,"href":"https:\/\/webs.uab.cat\/efi\/es\/wp-json\/wp\/v2\/users\/20"}],"replies":[{"embeddable":true,"href":"https:\/\/webs.uab.cat\/efi\/es\/wp-json\/wp\/v2\/comments?post=185"}],"version-history":[{"count":2,"href":"https:\/\/webs.uab.cat\/efi\/es\/wp-json\/wp\/v2\/pages\/185\/revisions"}],"predecessor-version":[{"id":1860,"href":"https:\/\/webs.uab.cat\/efi\/es\/wp-json\/wp\/v2\/pages\/185\/revisions\/1860"}],"wp:attachment":[{"href":"https:\/\/webs.uab.cat\/efi\/es\/wp-json\/wp\/v2\/media?parent=185"}],"curies":[{"name":"wp","href":"https:\/\/api.w.org\/{rel}","templated":true}]}}