{"id":192,"date":"2013-11-27T17:45:16","date_gmt":"2013-11-27T15:45:16","guid":{"rendered":"https:\/\/webs.uab.cat\/efi\/tesis-y-tesinas\/"},"modified":"2024-10-07T11:35:25","modified_gmt":"2024-10-07T09:35:25","slug":"tesis-y-tesinas","status":"publish","type":"page","link":"https:\/\/webs.uab.cat\/efi\/es\/tesis-y-tesinas\/","title":{"rendered":"Tesis y tesinas"},"content":{"rendered":"<p><strong>Alba Cristina Arenas Mej\u00eda, <\/strong><em>An\u00e1lisis de la pol\u00edtica p\u00fablica de capacitaci\u00f3n y empleo en Chile: una mirada desde la efectividad en el acceso y la eficacia de la formaci\u00f3n para el trabajo<\/em>. 20\/09\/2024 (Tesis)<\/p>\n<p>Directora: Pilar Pineda Herrero<\/p>\n<p><strong>Paloma Fernanda Sep\u00falveda Parrini,\u00a0<\/strong><em>Calidad de la Educaci\u00f3n Superior Online: Aportes desde las Perspectivas Ciberfeministas.\u00a0<\/em>20\/06\/2024 (Tesis).<\/p>\n<p>Directoras: Pilar Pineda Herrero y Paloma Valdivia Vizarreta<\/p>\n<p><strong>Paula Contesse Carvacho, <\/strong><em>Universidad y Discapacidad Intelectual: valoraci\u00f3n del Programa Diploma en Habilidades Laborales para la mejora de la Calidad de Vida. <\/em>08\/11\/2022. (Tesis)<\/p>\n<p>Directoras: Pilar Pineda Herrero y Jos\u00e9 Mar\u00eda Sanahuja Gavald\u00e0<\/p>\n<p><strong>Merc\u00e8 Prat Mart\u00ednez<\/strong>, <em>La toma de decisiones como competencia enfermera para cuidar a pacientes cr\u00f3nicos con necesidades complejas<\/em>. 01\/10\/2021 (Tesis).<\/p>\n<p>Directora: Pilar Pineda Herrero<\/p>\n<p><strong>Helena Roig Ester<\/strong>, <em>Evaluaci\u00f3n de la transferencia de la formaci\u00f3n de las enfermeras noveles<\/em><span class=\"NormalTextRun SCXW17558274 BCX0\">, 22\/06\/2021 (Tesis)<\/span><\/p>\n<p>Directoras: Carla Quesada Pallar\u00e8s y Pilar Pineda Herrero<\/p>\n<p><strong>Elke Elisabeth Eugenia Kleinert Altamirano<\/strong>, <em>La formaci\u00f3n continua de docentes en educaci\u00f3n preescolar: El apoyo de las directoras hacia la transferencia de aprendizajes<\/em><span class=\"TextRun SCXW218185876 BCX0\" lang=\"ES-ES\" xml:lang=\"ES-ES\" data-contrast=\"auto\"><span class=\"NormalTextRun SCXW218185876 BCX0\">, 22\/01\/2021 (Tesis).<\/span><\/span><\/p>\n<p>Directora: Pilar Pineda Herrero<\/p>\n<p><strong>Paloma Sep\u00falveda Parrini<\/strong>, <em>El tic-tac\u00a0de los MOOC: finalidades institucionales para su implementaci\u00f3n en la Universidad de Chile y Universidad Aut\u00f3noma de Barcelona<\/em>, septiembre 2019\u00a0(TFM del M\u00e1ster en Investigaci\u00f3n en Educaci\u00f3n).<\/p>\n<p>Directoras: Pilar Pineda Herrero y\u00a0Paloma Valdivia Vizarreta.<\/p>\n<p><strong>Sonia Fajardo Mart\u00ednez<\/strong>, <em>La formaci\u00f3n en las organizaciones del tercer sector social: estado actual y retos.<\/em> 26\/09\/2019 (Tesis)<\/p>\n<p>Directora: Pilar Pineda Herrero<\/p>\n<p><strong>Olga Ivanova<\/strong>, <em>Educaci\u00f3n en gesti\u00f3n para la innovaci\u00f3n: desarrollo de un curso de estudio para mejorar la capacidad de innovaci\u00f3n de los estudiantes de MBA<\/em>. 21\/11\/2016 (tesis).<\/p>\n<p>Directora: Pilar Pineda Herrero<\/p>\n<p><strong>Carla Quesada \u00a0Pallar\u00e8s<\/strong>, <em>\u00bfSe puede predecir la transferencia de los aprendizajes al lugar de trabajo?: Validaci\u00f3n del Modelo de Predicci\u00f3n de la Transferencia<\/em>, 05\/02\/2014. (Tesis)<\/p>\n<p>Directores: Pilar Pineda Herrero y Eduardo Cascallar<\/p>\n<p><strong>Judith Roca \u00a0Llobe<\/strong>t, <em>El desarrollo del Pensamiento Cr\u00edtico a trav\u00e9s de diferentes estrategias docentes en el Grado en Enfermer\u00eda<\/em>, 29\/11\/2013. (Tesis)<\/p>\n<p>Directora: Pilar Pineda Herrero<\/p>\n<p><strong>Carme Mart\u00ednez i Roca<\/strong>,\u00a0 <em>El rol de l\u2019orientaci\u00f3 professional a centres educatius de Catalunya en el desenvolupament de compet\u00e8ncies per a la reducci\u00f3 de factors estructurals de risc per a l\u2019ocupabilitat<\/em>, en curso. (Tesis)<\/p>\n<p>Directores: Pilar Pineda Herrero y Marius Mart\u00ednez<\/p>\n<p><strong>Helena Roig<\/strong>, <em>Avaluaci\u00f3 de la Transfer\u00e8ncia en la Formaci\u00f3 Continua, <\/em>19\/09\/2012. (Tesina)<\/p>\n<p>Directores: Pilar Pineda Herrero y Carles Dorado<\/p>\n<p><strong>Olga Ivanova<\/strong>, <em>Management Education for Innovation: Evaluating MBA Programs Effectiveness at Spanish Business Schools<\/em>, 19\/09\/2012. (Tesina)<\/p>\n<p>Directora: Pilar Pineda Herrero<\/p>\n<p><strong>Judith Roca Llobet<\/strong>, <em>El pensamiento cr\u00edtico en enfermer\u00eda: an\u00e1lisis sobre el rol e integrantes de una competencia clave<\/em>, 16\/09\/2010. (Tesina)<\/p>\n<p>Directora: Pilar Pineda Herrero<\/p>\n<p><strong>Carla Quesada i Pallar\u00e8s<\/strong>, <em>Barreres i facilitadors de la transfer\u00e8ncia de la formaci\u00f3 a l\u2019administraci\u00f3 p\u00fablica<\/em>, 14\/09\/2009. (Tesina)<\/p>\n<p>Directora: Pilar Pineda Herrero<\/p>\n<p><strong>Maria Victoria Moreno Andr\u00e9s<\/strong>, <em>Avaluaci\u00f3 de la transfer\u00e8ncia de la formaci\u00f3 cont\u00ednua per a directius\/ves de l\u2019Administraci\u00f3 P\u00fablica de Catalunya: Creaci\u00f3, aplicaci\u00f3 i an\u00e0lisi d\u2019un model d\u2019avaluaci\u00f3 de la transferencia, <\/em>21\/04\/2009. (Tesis)<\/p>\n<p>Directora: Pilar Pineda Herrero<\/p>\n<p><strong>Maria Victoria Moreno Andr\u00e9s<\/strong>, <em>Avaluaci\u00f3 de la Trasfer\u00e8ncia de la Formaci\u00f3 Continua, <\/em>15\/07\/2007 (DEA)<\/p>\n<p>Directora: Pilar Pineda Herrero<\/p>\n","protected":false},"excerpt":{"rendered":"<p>Alba Cristina Arenas Mej\u00eda, An\u00e1lisis de la pol\u00edtica p\u00fablica de capacitaci\u00f3n y empleo en Chile: una mirada desde la efectividad en el acceso y la eficacia de la formaci\u00f3n para el trabajo. 20\/09\/2024 (Tesis) Directora: Pilar Pineda Herrero Paloma Fernanda Sep\u00falveda Parrini,\u00a0Calidad de la Educaci\u00f3n Superior Online: Aportes desde las Perspectivas Ciberfeministas.\u00a020\/06\/2024 (Tesis). Directoras: Pilar [&hellip;]<\/p>\n","protected":false},"author":20,"featured_media":0,"parent":0,"menu_order":0,"comment_status":"closed","ping_status":"closed","template":"","meta":{"footnotes":""},"class_list":["post-192","page","type-page","status-publish","hentry"],"_links":{"self":[{"href":"https:\/\/webs.uab.cat\/efi\/es\/wp-json\/wp\/v2\/pages\/192","targetHints":{"allow":["GET"]}}],"collection":[{"href":"https:\/\/webs.uab.cat\/efi\/es\/wp-json\/wp\/v2\/pages"}],"about":[{"href":"https:\/\/webs.uab.cat\/efi\/es\/wp-json\/wp\/v2\/types\/page"}],"author":[{"embeddable":true,"href":"https:\/\/webs.uab.cat\/efi\/es\/wp-json\/wp\/v2\/users\/20"}],"replies":[{"embeddable":true,"href":"https:\/\/webs.uab.cat\/efi\/es\/wp-json\/wp\/v2\/comments?post=192"}],"version-history":[{"count":6,"href":"https:\/\/webs.uab.cat\/efi\/es\/wp-json\/wp\/v2\/pages\/192\/revisions"}],"predecessor-version":[{"id":1914,"href":"https:\/\/webs.uab.cat\/efi\/es\/wp-json\/wp\/v2\/pages\/192\/revisions\/1914"}],"wp:attachment":[{"href":"https:\/\/webs.uab.cat\/efi\/es\/wp-json\/wp\/v2\/media?parent=192"}],"curies":[{"name":"wp","href":"https:\/\/api.w.org\/{rel}","templated":true}]}}