{"id":254,"date":"2017-09-25T18:32:00","date_gmt":"2017-09-25T16:32:00","guid":{"rendered":"https:\/\/webs.uab.cat\/efi\/colaboraciones\/"},"modified":"2025-03-05T13:32:55","modified_gmt":"2025-03-05T11:32:55","slug":"colaboraciones","status":"publish","type":"page","link":"https:\/\/webs.uab.cat\/efi\/es\/colaboraciones\/","title":{"rendered":"Colaboraciones"},"content":{"rendered":"\n<p>El grupo EFI trabaja conjuntamente con diferentes entidades p\u00fablicas y privadas en proyectos de investigaci\u00f3n, acciones de consultor\u00eda, formaci\u00f3n e implementaci\u00f3n de evaluaci\u00f3n de la formaci\u00f3n.<\/p>\n\n\n\n<p>M\u00e1s informaci\u00f3n sobre las organizaciones que han trabajado con nosotros en los men\u00fas \u00ab<a href=\"https:\/\/webs.uab.cat\/efi\/es\/instituciones\/\" data-type=\"page\" data-id=\"257\">Instituciones<\/a>\u00bb y \u00ab<a href=\"https:\/\/webs.uab.cat\/efi\/es\/consultoria\/\" data-type=\"page\" data-id=\"258\">Consultor\u00eda<\/a>\u00ab.<\/p>\n\n\n\n<p><\/p>\n\n\n\n<p><strong>Colaboraci\u00f3n Especial<\/strong><\/p>\n\n\n\n<p>El pasado 4 de marzo de 2025, <strong>Pilar Pineda<\/strong> fue elegida una de las 9 pedagogas para compartir sus experiencias en la trayectoria profesional por el<a href=\"https:\/\/pedagogs.cat\/activitat-copec\/ca\/198\"> D\u00eda de la Mujer: Di\u00e1logos de Pedagog\u00eda con Mujeres Pedagogas del Siglo XXI<\/a>, organizado por el <a href=\"https:\/\/www.pedagogs.cat\/\" target=\"_blank\" rel=\"noreferrer noopener\">Colegio de Pedagog\u00eda de Catalu\u00f1a (COPEC)<\/a>.<\/p>\n\n\n\n<figure class=\"wp-block-image size-large\"><img loading=\"lazy\" decoding=\"async\" width=\"1024\" height=\"535\" src=\"https:\/\/webs.uab.cat\/efi\/wp-content\/uploads\/sites\/311\/2025\/03\/image-1024x535.png\" alt=\"\" class=\"wp-image-2115\" srcset=\"https:\/\/webs.uab.cat\/efi\/wp-content\/uploads\/sites\/311\/2025\/03\/image-1024x535.png 1024w, https:\/\/webs.uab.cat\/efi\/wp-content\/uploads\/sites\/311\/2025\/03\/image-300x157.png 300w, https:\/\/webs.uab.cat\/efi\/wp-content\/uploads\/sites\/311\/2025\/03\/image-768x401.png 768w, https:\/\/webs.uab.cat\/efi\/wp-content\/uploads\/sites\/311\/2025\/03\/image-1536x802.png 1536w, https:\/\/webs.uab.cat\/efi\/wp-content\/uploads\/sites\/311\/2025\/03\/image-1200x627.png 1200w, https:\/\/webs.uab.cat\/efi\/wp-content\/uploads\/sites\/311\/2025\/03\/image.png 1800w\" sizes=\"auto, (max-width: 1024px) 100vw, 1024px\" \/><\/figure>\n\n\n\n<div class=\"wp-block-columns is-layout-flex wp-container-core-columns-is-layout-9d6595d7 wp-block-columns-is-layout-flex\">\n<div class=\"wp-block-column is-layout-flow wp-block-column-is-layout-flow\">\n<figure class=\"wp-block-image size-large\"><img loading=\"lazy\" decoding=\"async\" width=\"1024\" height=\"768\" src=\"https:\/\/webs.uab.cat\/efi\/wp-content\/uploads\/sites\/311\/2025\/03\/IMG-20250305-WA0006-1024x768.jpg\" alt=\"\" class=\"wp-image-2118\" srcset=\"https:\/\/webs.uab.cat\/efi\/wp-content\/uploads\/sites\/311\/2025\/03\/IMG-20250305-WA0006-1024x768.jpg 1024w, https:\/\/webs.uab.cat\/efi\/wp-content\/uploads\/sites\/311\/2025\/03\/IMG-20250305-WA0006-300x225.jpg 300w, https:\/\/webs.uab.cat\/efi\/wp-content\/uploads\/sites\/311\/2025\/03\/IMG-20250305-WA0006-768x576.jpg 768w, https:\/\/webs.uab.cat\/efi\/wp-content\/uploads\/sites\/311\/2025\/03\/IMG-20250305-WA0006-1536x1152.jpg 1536w, https:\/\/webs.uab.cat\/efi\/wp-content\/uploads\/sites\/311\/2025\/03\/IMG-20250305-WA0006-1200x900.jpg 1200w, https:\/\/webs.uab.cat\/efi\/wp-content\/uploads\/sites\/311\/2025\/03\/IMG-20250305-WA0006-1980x1485.jpg 1980w, https:\/\/webs.uab.cat\/efi\/wp-content\/uploads\/sites\/311\/2025\/03\/IMG-20250305-WA0006.jpg 2000w\" sizes=\"auto, (max-width: 1024px) 100vw, 1024px\" \/><\/figure>\n<\/div>\n\n\n\n<div class=\"wp-block-column is-layout-flow wp-block-column-is-layout-flow\">\n<figure class=\"wp-block-image size-large\"><img loading=\"lazy\" decoding=\"async\" width=\"1024\" height=\"768\" src=\"https:\/\/webs.uab.cat\/efi\/wp-content\/uploads\/sites\/311\/2025\/03\/IMG-20250305-WA0007-1024x768.jpg\" alt=\"\" class=\"wp-image-2121\" srcset=\"https:\/\/webs.uab.cat\/efi\/wp-content\/uploads\/sites\/311\/2025\/03\/IMG-20250305-WA0007-1024x768.jpg 1024w, https:\/\/webs.uab.cat\/efi\/wp-content\/uploads\/sites\/311\/2025\/03\/IMG-20250305-WA0007-300x225.jpg 300w, https:\/\/webs.uab.cat\/efi\/wp-content\/uploads\/sites\/311\/2025\/03\/IMG-20250305-WA0007-768x576.jpg 768w, https:\/\/webs.uab.cat\/efi\/wp-content\/uploads\/sites\/311\/2025\/03\/IMG-20250305-WA0007-1536x1152.jpg 1536w, https:\/\/webs.uab.cat\/efi\/wp-content\/uploads\/sites\/311\/2025\/03\/IMG-20250305-WA0007-1200x900.jpg 1200w, https:\/\/webs.uab.cat\/efi\/wp-content\/uploads\/sites\/311\/2025\/03\/IMG-20250305-WA0007.jpg 1600w\" sizes=\"auto, (max-width: 1024px) 100vw, 1024px\" \/><\/figure>\n<\/div>\n<\/div>\n\n\n\n<p><\/p>\n","protected":false},"excerpt":{"rendered":"<p>El grupo EFI trabaja conjuntamente con diferentes entidades p\u00fablicas y privadas en proyectos de investigaci\u00f3n, acciones de consultor\u00eda, formaci\u00f3n e implementaci\u00f3n de evaluaci\u00f3n de la formaci\u00f3n. M\u00e1s informaci\u00f3n sobre las organizaciones que han trabajado con nosotros en los men\u00fas \u00abInstituciones\u00bb y \u00abConsultor\u00eda\u00ab. Colaboraci\u00f3n Especial El pasado 4 de marzo de 2025, Pilar Pineda fue elegida [&hellip;]<\/p>\n","protected":false},"author":20,"featured_media":0,"parent":0,"menu_order":0,"comment_status":"closed","ping_status":"closed","template":"","meta":{"footnotes":""},"class_list":["post-254","page","type-page","status-publish","hentry"],"_links":{"self":[{"href":"https:\/\/webs.uab.cat\/efi\/es\/wp-json\/wp\/v2\/pages\/254","targetHints":{"allow":["GET"]}}],"collection":[{"href":"https:\/\/webs.uab.cat\/efi\/es\/wp-json\/wp\/v2\/pages"}],"about":[{"href":"https:\/\/webs.uab.cat\/efi\/es\/wp-json\/wp\/v2\/types\/page"}],"author":[{"embeddable":true,"href":"https:\/\/webs.uab.cat\/efi\/es\/wp-json\/wp\/v2\/users\/20"}],"replies":[{"embeddable":true,"href":"https:\/\/webs.uab.cat\/efi\/es\/wp-json\/wp\/v2\/comments?post=254"}],"version-history":[{"count":2,"href":"https:\/\/webs.uab.cat\/efi\/es\/wp-json\/wp\/v2\/pages\/254\/revisions"}],"predecessor-version":[{"id":2124,"href":"https:\/\/webs.uab.cat\/efi\/es\/wp-json\/wp\/v2\/pages\/254\/revisions\/2124"}],"wp:attachment":[{"href":"https:\/\/webs.uab.cat\/efi\/es\/wp-json\/wp\/v2\/media?parent=254"}],"curies":[{"name":"wp","href":"https:\/\/api.w.org\/{rel}","templated":true}]}}