{"id":258,"date":"2017-09-25T18:44:48","date_gmt":"2017-09-25T16:44:48","guid":{"rendered":"https:\/\/webs.uab.cat\/efi\/consultoria\/"},"modified":"2017-09-25T18:44:48","modified_gmt":"2017-09-25T16:44:48","slug":"consultoria","status":"publish","type":"page","link":"https:\/\/webs.uab.cat\/efi\/es\/consultoria\/","title":{"rendered":"Consultor\u00eda"},"content":{"rendered":"<p>El grupo EFI tambi\u00e9n ofrece formaci\u00f3n, consultor\u00eda y evaluaci\u00f3n de la formaci\u00f3n para organizaciones p\u00fablicas o privadas. Algunas de las entidades donde hemos realizado estos servicios son:<\/p>\n<p><a href=\"https:\/\/www.aldi.es\/trabajaconnosotros\/formacion-dual.html\" target=\"_blank\" rel=\"noopener\">ALDI<\/a><\/p>\n<p><a href=\"http:\/\/www.seat.es\/compania\/recursos-humanos\/inicio.html\" target=\"_blank\" rel=\"noopener\">SEAT<\/a><\/p>\n<p><a href=\"https:\/\/www.telefonica.es\/es\/\" target=\"_blank\" rel=\"noopener\">Telef\u00f3nica<\/a><\/p>\n<p><a href=\"http:\/\/www.criteria.es\/\" target=\"_blank\" rel=\"noopener\">Criteria <\/a>&#8211; Consultor\u00eda de Recursos Humanos<\/p>\n<p><a href=\"http:\/\/universidad.asepeyo.es\/\" target=\"_blank\" rel=\"noopener\">UCA <\/a>&#8211; Universidad Corporativa Asepeyo<\/p>\n<p><a href=\"http:\/\/www.vidrala.com\/\" target=\"_blank\" rel=\"noopener\">Grupo Vidrala<\/a><\/p>\n<p><a href=\"http:\/\/www.juntadeandalucia.es\/educacion\/portals\/web\/cep-malaga\" target=\"_blank\" rel=\"noopener\">Centro del Profesorado de M\u00e1laga<\/a><\/p>\n<p><a href=\"http:\/\/www.tetfund.gov.ng\/\" target=\"_blank\" rel=\"noopener\">Tertiary Education Trust Fund (Nigeria)<\/a><\/p>\n","protected":false},"excerpt":{"rendered":"<p>El grupo EFI tambi\u00e9n ofrece formaci\u00f3n, consultor\u00eda y evaluaci\u00f3n de la formaci\u00f3n para organizaciones p\u00fablicas o privadas. Algunas de las entidades donde hemos realizado estos servicios son: ALDI SEAT Telef\u00f3nica Criteria &#8211; Consultor\u00eda de Recursos Humanos UCA &#8211; Universidad Corporativa Asepeyo Grupo Vidrala Centro del Profesorado de M\u00e1laga Tertiary Education Trust Fund (Nigeria)<\/p>\n","protected":false},"author":20,"featured_media":0,"parent":0,"menu_order":0,"comment_status":"closed","ping_status":"closed","template":"","meta":{"footnotes":""},"class_list":["post-258","page","type-page","status-publish","hentry"],"_links":{"self":[{"href":"https:\/\/webs.uab.cat\/efi\/es\/wp-json\/wp\/v2\/pages\/258","targetHints":{"allow":["GET"]}}],"collection":[{"href":"https:\/\/webs.uab.cat\/efi\/es\/wp-json\/wp\/v2\/pages"}],"about":[{"href":"https:\/\/webs.uab.cat\/efi\/es\/wp-json\/wp\/v2\/types\/page"}],"author":[{"embeddable":true,"href":"https:\/\/webs.uab.cat\/efi\/es\/wp-json\/wp\/v2\/users\/20"}],"replies":[{"embeddable":true,"href":"https:\/\/webs.uab.cat\/efi\/es\/wp-json\/wp\/v2\/comments?post=258"}],"version-history":[{"count":0,"href":"https:\/\/webs.uab.cat\/efi\/es\/wp-json\/wp\/v2\/pages\/258\/revisions"}],"wp:attachment":[{"href":"https:\/\/webs.uab.cat\/efi\/es\/wp-json\/wp\/v2\/media?parent=258"}],"curies":[{"name":"wp","href":"https:\/\/api.w.org\/{rel}","templated":true}]}}