{"id":1074,"date":"2023-11-06T21:45:05","date_gmt":"2023-11-06T19:45:05","guid":{"rendered":"https:\/\/webs.uab.cat\/efi\/?page_id=1074"},"modified":"2024-01-17T21:29:29","modified_gmt":"2024-01-17T19:29:29","slug":"ser-fp","status":"publish","type":"page","link":"https:\/\/webs.uab.cat\/efi\/ser-fp\/","title":{"rendered":"SER FP"},"content":{"rendered":"\n<figure class=\"wp-block-image size-full\"><img loading=\"lazy\" decoding=\"async\" width=\"30000\" height=\"8693\" src=\"https:\/\/webs.uab.cat\/efi\/wp-content\/uploads\/sites\/311\/2023\/12\/SER-FP-sin-fondo.png\" alt=\"\" class=\"wp-image-1267\" \/><\/figure>\n\n\n\n<div class=\"wp-block-buttons alignfull is-content-justification-center is-layout-flex wp-container-core-buttons-is-layout-16018d1d wp-block-buttons-is-layout-flex\">\n<div class=\"wp-block-button is-style-fill\"><a class=\"wp-block-button__link has-background wp-element-button\" href=\"https:\/\/webs.uab.cat\/efi\/ser-fp\/\" style=\"background:linear-gradient(90deg,rgb(202,248,128) 0%,rgb(114,99,173) 0%,rgb(114,99,173) 78%)\">El Projecte<\/a><\/div>\n\n\n\n<div class=\"wp-block-button is-style-fill\"><a class=\"wp-block-button__link has-background wp-element-button\" href=\"https:\/\/webs.uab.cat\/efi\/ser-fp\/equip-del-projecte-ser-fp\/\" style=\"background:linear-gradient(97deg,rgb(94,110,255) 0%,rgb(94,110,255) 100%)\">Equip<\/a><\/div>\n\n\n\n<div class=\"wp-block-button is-style-fill\"><a class=\"wp-block-button__link has-background wp-element-button\" href=\"https:\/\/webs.uab.cat\/efi\/ser-fp\/linies-del-projecte-ser-fp\/\" style=\"background:linear-gradient(127deg,rgb(254,195,93) 0%,rgb(254,195,93) 57%)\">L\u00ednies<\/a><\/div>\n\n\n\n<div class=\"wp-block-button\"><a class=\"wp-block-button__link has-background wp-element-button\" href=\"https:\/\/webs.uab.cat\/efi\/ser-fp\/publicacions\/\" style=\"background:linear-gradient(135deg,rgb(247,191,138) 0%,rgb(247,191,138) 100%)\">Publicacions<\/a><\/div>\n\n\n\n<div class=\"wp-block-button\"><a class=\"wp-block-button__link has-background wp-element-button\" href=\"https:\/\/webs.uab.cat\/efi\/ser-fp\/collaboracions\/\" style=\"background:linear-gradient(135deg,rgb(231,144,55) 0%,rgb(231,144,55) 100%)\">Col\u00b7laboracions<\/a><\/div>\n\n\n\n<div class=\"wp-block-button\"><a class=\"wp-block-button__link has-background wp-element-button\" href=\"https:\/\/webs.uab.cat\/efi\/productes-del-projecte-serfp\/\" style=\"background:linear-gradient(135deg,rgb(99,172,30) 0%,rgb(99,172,30) 100%)\">Productes<\/a><\/div>\n<\/div>\n\n\n\n<p><strong>SER FP a Espanya: Traject\u00f2ries d&#8217;\u00c8xit i Valor Social en la Formaci\u00f3 Professional <\/strong>\u00e9s un projecte finan\u00e7at pel Ministeri de Ci\u00e8ncia i Innovaci\u00f3 i l&#8217;Ag\u00e8ncia Estatal de Recerca (PID2020-112842RB-I00) amb l&#8217;objectiu principal de visibilitzar el valor de la Formaci\u00f3 Professional per a millorar la seva imatge social.<\/p>\n\n\n\n<p>Per dur a terme aquest projecte, en primer lloc, es busca explorar les <strong>concepcions<\/strong> <strong>sobre la FP<\/strong> que t\u00e9 l&#8217;alumnat de l&#8217;ESO, les seves fam\u00edlies i el professorat. En segon lloc, es pret\u00e9n analitzar la <strong>qualitat de la formaci\u00f3 en el treball<\/strong> com a element potenciador de la visibilitat del valor de la FP. En tercer lloc, es vol identificar les <strong>pr\u00e0ctiques implementades en educaci\u00f3 durant<\/strong> la crisi sanit\u00e0ria provocada pel <strong>COVID-19 <\/strong>que contribueixin a valoritzar la FP. I finalment, en quart lloc, es planteja estudiar les <strong>narratives del propi alumnat de FP<\/strong> per posar en valor les seves experi\u00e8ncies i perspectives.<\/p>\n\n\n<div class=\"wp-block-image\">\n<figure class=\"aligncenter size-full\"><img loading=\"lazy\" decoding=\"async\" width=\"960\" height=\"720\" src=\"https:\/\/webs.uab.cat\/efi\/wp-content\/uploads\/sites\/311\/2024\/01\/Imagen-resumen-cat.jpg\" alt=\"\" class=\"wp-image-1412\" srcset=\"https:\/\/webs.uab.cat\/efi\/wp-content\/uploads\/sites\/311\/2024\/01\/Imagen-resumen-cat.jpg 960w, https:\/\/webs.uab.cat\/efi\/wp-content\/uploads\/sites\/311\/2024\/01\/Imagen-resumen-cat-300x225.jpg 300w, https:\/\/webs.uab.cat\/efi\/wp-content\/uploads\/sites\/311\/2024\/01\/Imagen-resumen-cat-768x576.jpg 768w\" sizes=\"auto, (max-width: 960px) 100vw, 960px\" \/><\/figure>\n<\/div>\n\n\n<figure class=\"wp-block-image size-large\"><img loading=\"lazy\" decoding=\"async\" width=\"1024\" height=\"175\" src=\"https:\/\/webs.uab.cat\/efi\/wp-content\/uploads\/sites\/311\/2023\/12\/logo_ministerio_AEI-1024x175.jpg\" alt=\"\" class=\"wp-image-1249\" srcset=\"https:\/\/webs.uab.cat\/efi\/wp-content\/uploads\/sites\/311\/2023\/12\/logo_ministerio_AEI-1024x175.jpg 1024w, https:\/\/webs.uab.cat\/efi\/wp-content\/uploads\/sites\/311\/2023\/12\/logo_ministerio_AEI-300x51.jpg 300w, https:\/\/webs.uab.cat\/efi\/wp-content\/uploads\/sites\/311\/2023\/12\/logo_ministerio_AEI-768x131.jpg 768w, https:\/\/webs.uab.cat\/efi\/wp-content\/uploads\/sites\/311\/2023\/12\/logo_ministerio_AEI-1536x262.jpg 1536w, https:\/\/webs.uab.cat\/efi\/wp-content\/uploads\/sites\/311\/2023\/12\/logo_ministerio_AEI-2048x350.jpg 2048w, https:\/\/webs.uab.cat\/efi\/wp-content\/uploads\/sites\/311\/2023\/12\/logo_ministerio_AEI-1200x205.jpg 1200w, https:\/\/webs.uab.cat\/efi\/wp-content\/uploads\/sites\/311\/2023\/12\/logo_ministerio_AEI-1980x338.jpg 1980w\" sizes=\"auto, (max-width: 1024px) 100vw, 1024px\" \/><\/figure>\n","protected":false},"excerpt":{"rendered":"<p>SER FP a Espanya: Traject\u00f2ries d&#8217;\u00c8xit i Valor Social en la Formaci\u00f3 Professional \u00e9s un projecte finan\u00e7at pel Ministeri de Ci\u00e8ncia i Innovaci\u00f3 i l&#8217;Ag\u00e8ncia Estatal de Recerca (PID2020-112842RB-I00) amb l&#8217;objectiu principal de visibilitzar el valor de la Formaci\u00f3 Professional per a millorar la seva imatge social. Per dur a terme aquest projecte, en primer [&hellip;]<\/p>\n","protected":false},"author":1869,"featured_media":0,"parent":0,"menu_order":1,"comment_status":"closed","ping_status":"closed","template":"","meta":{"footnotes":""},"class_list":["post-1074","page","type-page","status-publish","hentry"],"_links":{"self":[{"href":"https:\/\/webs.uab.cat\/efi\/wp-json\/wp\/v2\/pages\/1074","targetHints":{"allow":["GET"]}}],"collection":[{"href":"https:\/\/webs.uab.cat\/efi\/wp-json\/wp\/v2\/pages"}],"about":[{"href":"https:\/\/webs.uab.cat\/efi\/wp-json\/wp\/v2\/types\/page"}],"author":[{"embeddable":true,"href":"https:\/\/webs.uab.cat\/efi\/wp-json\/wp\/v2\/users\/1869"}],"replies":[{"embeddable":true,"href":"https:\/\/webs.uab.cat\/efi\/wp-json\/wp\/v2\/comments?post=1074"}],"version-history":[{"count":27,"href":"https:\/\/webs.uab.cat\/efi\/wp-json\/wp\/v2\/pages\/1074\/revisions"}],"predecessor-version":[{"id":1415,"href":"https:\/\/webs.uab.cat\/efi\/wp-json\/wp\/v2\/pages\/1074\/revisions\/1415"}],"wp:attachment":[{"href":"https:\/\/webs.uab.cat\/efi\/wp-json\/wp\/v2\/media?parent=1074"}],"curies":[{"name":"wp","href":"https:\/\/api.w.org\/{rel}","templated":true}]}}