{"id":1113,"date":"2023-11-08T22:44:32","date_gmt":"2023-11-08T20:44:32","guid":{"rendered":"https:\/\/webs.uab.cat\/efi\/?page_id=1113"},"modified":"2024-01-18T13:12:31","modified_gmt":"2024-01-18T11:12:31","slug":"linies-del-projecte-ser-fp","status":"publish","type":"page","link":"https:\/\/webs.uab.cat\/efi\/ser-fp\/linies-del-projecte-ser-fp\/","title":{"rendered":"L\u00ednies del projecte"},"content":{"rendered":"\n<div class=\"wp-block-buttons alignfull is-content-justification-center is-layout-flex wp-container-core-buttons-is-layout-16018d1d wp-block-buttons-is-layout-flex\">\n<div class=\"wp-block-button is-style-fill\"><a class=\"wp-block-button__link has-background wp-element-button\" href=\"https:\/\/webs.uab.cat\/efi\/ser-fp\/\" style=\"background:linear-gradient(90deg,rgb(202,248,128) 0%,rgb(114,99,173) 0%,rgb(114,99,173) 78%)\">El Projecte<\/a><\/div>\n\n\n\n<div class=\"wp-block-button is-style-fill\"><a class=\"wp-block-button__link has-background wp-element-button\" href=\"https:\/\/webs.uab.cat\/efi\/ser-fp\/equip-del-projecte-ser-fp\/\" style=\"background:linear-gradient(97deg,rgb(94,110,255) 0%,rgb(94,110,255) 100%)\">Equip<\/a><\/div>\n\n\n\n<div class=\"wp-block-button is-style-fill\"><a class=\"wp-block-button__link has-background wp-element-button\" href=\"https:\/\/webs.uab.cat\/efi\/ser-fp\/linies-del-projecte-ser-fp\/\" style=\"background:linear-gradient(127deg,rgb(254,195,93) 0%,rgb(254,195,93) 57%)\">L\u00ednies<\/a><\/div>\n\n\n\n<div class=\"wp-block-button\"><a class=\"wp-block-button__link has-background wp-element-button\" href=\"https:\/\/webs.uab.cat\/efi\/ser-fp\/publicacions\/\" style=\"background:linear-gradient(135deg,rgb(247,191,138) 0%,rgb(247,191,138) 100%)\">Publicacions<\/a><\/div>\n\n\n\n<div class=\"wp-block-button\"><a class=\"wp-block-button__link has-background wp-element-button\" href=\"https:\/\/webs.uab.cat\/efi\/ser-fp\/collaboracions\/\" style=\"background:linear-gradient(135deg,rgb(231,144,55) 0%,rgb(231,144,55) 100%)\">Col\u00b7laboracions<\/a><\/div>\n\n\n\n<div class=\"wp-block-button\"><a class=\"wp-block-button__link has-background wp-element-button\" href=\"https:\/\/webs.uab.cat\/efi\/productes-del-projecte-serfp\/\" style=\"background:linear-gradient(135deg,rgb(99,172,30) 0%,rgb(99,172,30) 100%)\">Productes<\/a><\/div>\n<\/div>\n\n\n\n<p>El projecte s&#8217;organitza en 5 l\u00ednies que s&#8217;interrelacionen i organitzen el treball per a complir amb els objectius de la recerca. Les l\u00ednies del projecte s\u00f3n:<\/p>\n\n\n\n<figure class=\"wp-block-embed is-type-wp-embed is-provider-genially wp-block-embed-genially\"><div class=\"wp-block-embed__wrapper\">\n<iframe class=\"wp-embedded-content\" sandbox=\"allow-scripts\" security=\"restricted\" title=\"SER-FP (cat)\" frameborder='0' width='1200' height='675' src='https:\/\/view.genially.com\/6596776dcb6c96001442a8a0#?secret=K1F3HRo095' data-secret='K1F3HRo095' scrolling='yes'><\/iframe>\n<\/div><\/figure>\n\n\n\n<div class=\"wp-block-columns is-layout-flex wp-container-core-columns-is-layout-9d6595d7 wp-block-columns-is-layout-flex\">\n<div class=\"wp-block-column is-vertically-aligned-center is-layout-flow wp-block-column-is-layout-flow\" style=\"flex-basis:33.33%\">\n<p class=\"has-small-font-size\">Projecte<\/p>\n\n\n\n<figure class=\"wp-block-image size-full\"><a href=\"https:\/\/webs.uab.cat\/efi\/ser-fp\/\"><img loading=\"lazy\" decoding=\"async\" width=\"30000\" height=\"8693\" src=\"https:\/\/webs.uab.cat\/efi\/wp-content\/uploads\/sites\/311\/2023\/12\/SER-FP-sin-fondo.png\" alt=\"\" class=\"wp-image-1269\" \/><\/a><\/figure>\n<\/div>\n\n\n\n<div class=\"wp-block-column is-vertically-aligned-center is-layout-flow wp-block-column-is-layout-flow\" style=\"flex-basis:66.66%\">\n<p class=\"has-small-font-size\">Amb la financiaci\u00f3 de<\/p>\n\n\n\n<figure class=\"wp-block-image size-large\"><a href=\"https:\/\/www.aei.gob.es\/ca\" target=\"_blank\" rel=\"noreferrer noopener\"><img loading=\"lazy\" decoding=\"async\" width=\"1024\" height=\"175\" src=\"https:\/\/webs.uab.cat\/efi\/wp-content\/uploads\/sites\/311\/2023\/12\/logo_ministerio_AEI-1024x175.jpg\" alt=\"\" class=\"wp-image-1251\" srcset=\"https:\/\/webs.uab.cat\/efi\/wp-content\/uploads\/sites\/311\/2023\/12\/logo_ministerio_AEI-1024x175.jpg 1024w, https:\/\/webs.uab.cat\/efi\/wp-content\/uploads\/sites\/311\/2023\/12\/logo_ministerio_AEI-300x51.jpg 300w, https:\/\/webs.uab.cat\/efi\/wp-content\/uploads\/sites\/311\/2023\/12\/logo_ministerio_AEI-768x131.jpg 768w, https:\/\/webs.uab.cat\/efi\/wp-content\/uploads\/sites\/311\/2023\/12\/logo_ministerio_AEI-1536x262.jpg 1536w, https:\/\/webs.uab.cat\/efi\/wp-content\/uploads\/sites\/311\/2023\/12\/logo_ministerio_AEI-2048x350.jpg 2048w, https:\/\/webs.uab.cat\/efi\/wp-content\/uploads\/sites\/311\/2023\/12\/logo_ministerio_AEI-1200x205.jpg 1200w, https:\/\/webs.uab.cat\/efi\/wp-content\/uploads\/sites\/311\/2023\/12\/logo_ministerio_AEI-1980x338.jpg 1980w\" sizes=\"auto, (max-width: 1024px) 100vw, 1024px\" \/><\/a><\/figure>\n<\/div>\n<\/div>\n","protected":false},"excerpt":{"rendered":"<p>El projecte s&#8217;organitza en 5 l\u00ednies que s&#8217;interrelacionen i organitzen el treball per a complir amb els objectius de la recerca. Les l\u00ednies del projecte s\u00f3n:<\/p>\n","protected":false},"author":1869,"featured_media":0,"parent":1074,"menu_order":0,"comment_status":"closed","ping_status":"closed","template":"","meta":{"footnotes":""},"class_list":["post-1113","page","type-page","status-publish","hentry"],"_links":{"self":[{"href":"https:\/\/webs.uab.cat\/efi\/wp-json\/wp\/v2\/pages\/1113","targetHints":{"allow":["GET"]}}],"collection":[{"href":"https:\/\/webs.uab.cat\/efi\/wp-json\/wp\/v2\/pages"}],"about":[{"href":"https:\/\/webs.uab.cat\/efi\/wp-json\/wp\/v2\/types\/page"}],"author":[{"embeddable":true,"href":"https:\/\/webs.uab.cat\/efi\/wp-json\/wp\/v2\/users\/1869"}],"replies":[{"embeddable":true,"href":"https:\/\/webs.uab.cat\/efi\/wp-json\/wp\/v2\/comments?post=1113"}],"version-history":[{"count":8,"href":"https:\/\/webs.uab.cat\/efi\/wp-json\/wp\/v2\/pages\/1113\/revisions"}],"predecessor-version":[{"id":1481,"href":"https:\/\/webs.uab.cat\/efi\/wp-json\/wp\/v2\/pages\/1113\/revisions\/1481"}],"up":[{"embeddable":true,"href":"https:\/\/webs.uab.cat\/efi\/wp-json\/wp\/v2\/pages\/1074"}],"wp:attachment":[{"href":"https:\/\/webs.uab.cat\/efi\/wp-json\/wp\/v2\/media?parent=1113"}],"curies":[{"name":"wp","href":"https:\/\/api.w.org\/{rel}","templated":true}]}}