{"id":173,"date":"2009-05-25T13:30:47","date_gmt":"2009-05-25T11:30:47","guid":{"rendered":"https:\/\/webs.uab.cat\/efi\/qui-som\/"},"modified":"2009-05-25T13:30:47","modified_gmt":"2009-05-25T11:30:47","slug":"qui-som","status":"publish","type":"page","link":"https:\/\/webs.uab.cat\/efi\/qui-som\/","title":{"rendered":"Qui som?"},"content":{"rendered":"<p>Som un grup de recerca que abordem l\u2019avaluaci\u00f3 de la formaci\u00f3 cont\u00ednua des de diferents disciplines i posant un especial \u00e8mfasi en la transfer\u00e8ncia de la formaci\u00f3. EFI el formem investigadores i professionals amb una base pedag\u00f2gica, psicol\u00f2gica i sociol\u00f2gica.<\/p>\n<p>Els objectius que ens proposem amb la nostra activitat de recerca s\u00f3n:<\/p>\n<ol>\n<li>Millorar l&#8217;efic\u00e0cia de la formaci\u00f3 en i pel treball<\/li>\n<li>Avaluar l&#8217;efic\u00e0cia&nbsp;de la formaci\u00f3 professional, ocupacional i continua en diferents contextos i organitzacions.<\/li>\n<li>Crear i aplicar models te\u00f2rico-pr\u00e0ctics per a detectar i millorar l\u2019efic\u00e0cia de la formaci\u00f3.<\/li>\n<li>Dissenyar eines i materials per al desenvolupament d\u2019accions formatives&nbsp;altament efectives.<\/li>\n<li>Assessorar a entitats sobre com millorar l&#8217;efic\u00e0cia de la formaci\u00f3 a la seva&nbsp;organitzaci\u00f3.<\/li>\n<li>Analitzar les pol\u00edtiques de formaci\u00f3 cont\u00ednua a nivell nacional i internacional, des de la doble \u00f2ptica de l&#8217;efic\u00e0cia i l&#8217;equitat.<\/li>\n<\/ol>\n<div>\n<p>Per m\u00e9s informaci\u00f3: <a href=\"https:\/\/youtu.be\/3p_Zdj04kec\" target=\"_blank\" rel=\"noopener\">v\u00eddeo<\/a><\/p>\n<\/div>\n","protected":false},"excerpt":{"rendered":"<p>Som un grup de recerca que abordem l\u2019avaluaci\u00f3 de la formaci\u00f3 cont\u00ednua des de diferents disciplines i posant un especial \u00e8mfasi en la transfer\u00e8ncia de la formaci\u00f3. EFI el formem investigadores i professionals amb una base pedag\u00f2gica, psicol\u00f2gica i sociol\u00f2gica. Els objectius que ens proposem amb la nostra activitat de recerca s\u00f3n: Millorar l&#8217;efic\u00e0cia de [&hellip;]<\/p>\n","protected":false},"author":20,"featured_media":0,"parent":0,"menu_order":0,"comment_status":"closed","ping_status":"closed","template":"","meta":{"footnotes":""},"class_list":["post-173","page","type-page","status-publish","hentry"],"_links":{"self":[{"href":"https:\/\/webs.uab.cat\/efi\/wp-json\/wp\/v2\/pages\/173","targetHints":{"allow":["GET"]}}],"collection":[{"href":"https:\/\/webs.uab.cat\/efi\/wp-json\/wp\/v2\/pages"}],"about":[{"href":"https:\/\/webs.uab.cat\/efi\/wp-json\/wp\/v2\/types\/page"}],"author":[{"embeddable":true,"href":"https:\/\/webs.uab.cat\/efi\/wp-json\/wp\/v2\/users\/20"}],"replies":[{"embeddable":true,"href":"https:\/\/webs.uab.cat\/efi\/wp-json\/wp\/v2\/comments?post=173"}],"version-history":[{"count":0,"href":"https:\/\/webs.uab.cat\/efi\/wp-json\/wp\/v2\/pages\/173\/revisions"}],"wp:attachment":[{"href":"https:\/\/webs.uab.cat\/efi\/wp-json\/wp\/v2\/media?parent=173"}],"curies":[{"name":"wp","href":"https:\/\/api.w.org\/{rel}","templated":true}]}}