{"id":191,"date":"2013-11-27T17:45:16","date_gmt":"2013-11-27T15:45:16","guid":{"rendered":"https:\/\/webs.uab.cat\/efi\/tesis-i-tesines\/"},"modified":"2024-10-07T11:52:06","modified_gmt":"2024-10-07T09:52:06","slug":"tesis-i-tesines","status":"publish","type":"page","link":"https:\/\/webs.uab.cat\/efi\/tesis-i-tesines\/","title":{"rendered":"Tesis i tesines"},"content":{"rendered":"<p><strong>Alba Cristina Arenas Mej\u00eda, <\/strong><em>An\u00e0lisi de la pol\u00edtica p\u00fablica de capacitaci\u00f3 i ocupaci\u00f3 a Xile: una mirada des de l&#8217;efectivitat en l&#8217;acc\u00e9s i l&#8217;efic\u00e0cia de la formaci\u00f3 per al treball<\/em>. 20\/09\/2024 (Tesi)<\/p>\n<p>Directora: Pilar Pineda Herrero<\/p>\n<p><strong>Paloma Fernanda Sep\u00falveda Parrini,\u00a0<\/strong><em>Qualitat de l&#8217;Educaci\u00f3 Superior En l\u00ednia: Aportacions des de les Perspectives Ciberfeministes.\u00a0<\/em>20\/06\/2024 (Tesi).<\/p>\n<p>Directora: Pilar Pineda Herrero i Paloma Valdivia Vizarreta<\/p>\n<p><strong>Paula Contesse Carvacho, <\/strong><em>Universitat i Discapacitat Intel\u00b7lectual: valoraci\u00f3 del Programa Diploma en Habilitats Laborals per a la millora de la Qualitat de Vida. <\/em>08\/11\/2022. (Tesi)<\/p>\n<p>Directores: Pilar Pineda Herrero i Jos\u00e9 Mar\u00eda Sanahuja Gavald\u00e0<\/p>\n<p><strong>Merc\u00e8 Prat Mart\u00ednez<\/strong>, <em>La presa de decisions com a compet\u00e8ncia infermera per a cuidar a pacients cr\u00f2nics con necessitats complexes<\/em>. 01\/10\/2021 (Tesi).<\/p>\n<p>Directora: Pilar Pineda Herrero<\/p>\n<p><strong>Helena Roig Ester<\/strong>, <em>Avaluaci\u00f3 de la transfer\u00e8ncia de la formaci\u00f3 de les infermeres novelles<\/em>.<span class=\"NormalTextRun SCXW17558274 BCX0\"> 22\/06\/2021 (Tesi)<\/span><\/p>\n<p>Directora: Carla Quesada Pallar\u00e8s i Pilar Pineda Herrero<\/p>\n<p><strong>Elke Elisabeth Eugenia Kleinert Altamirano<\/strong>, <em>La formaci\u00f3 cont\u00ednua de docents en educaci\u00f3 preescolar: El suport de les directores cap a la transfer\u00e8ncia d&#8217;aprenentatges<\/em><span class=\"TextRun SCXW218185876 BCX0\" lang=\"ES-ES\" xml:lang=\"ES-ES\" data-contrast=\"auto\"><span class=\"NormalTextRun SCXW218185876 BCX0\">, 22\/01\/2021 (Tesi).<\/span><\/span><\/p>\n<p>Directora: Pilar Pineda Herrero<\/p>\n<p><strong>Paloma Sep\u00falveda Parrini<\/strong>, <em>El tic-tac\u00a0de los MOOC: finalidades institucionales para su implementaci\u00f3n en la Universidad de Chile y Universidad Aut\u00f3noma de Barcelona<\/em>, setembre 2019\u00a0(TFM del M\u00e0ster en Investigaci\u00f3 en Educaci\u00f3).<\/p>\n<p>Directores: Pilar Pineda Herrero i Paloma Valdivia Vizarreta.<\/p>\n<p><strong>Sonia Fajardo Mart\u00ednez<\/strong>, <em>La formaci\u00f3 a les organitzacions del tercer sector social<\/em>. 26\/09\/2019 (Tesi)<\/p>\n<p>Directora: Pilar Pineda Herrero<\/p>\n<p><strong>Olga Ivanova<\/strong>, <em>Educaci\u00f3 en gesti\u00f3 per a la innovaci\u00f3: desenvolupament d&#8217;un curs d&#8217;estudi per a millorar la capacitat d&#8217;innovaci\u00f3 dels estudiants de MBA<\/em>. 21\/11\/2016 (Tesi).<\/p>\n<p>Directora: Pilar Pineda Herrero<\/p>\n<p><strong>Carla Quesada Pallar\u00e8s<\/strong>, <em>Es pot predir la transfer\u00e8ncia dels aprenentatges al lloc de treball?: Validaci\u00f3 del Model de Predicci\u00f3 de la Transfer\u00e8ncia<\/em>, 05\/02\/2014. (Tesi)<\/p>\n<p>Directors: Pilar Pineda Herrero i Eduardo Cascallar<\/p>\n<p><strong>Judith Roca Llobe<\/strong>t, <em>El desenvolupament del Pensament Cr\u00edtic a trav\u00e9s de diferents estrat\u00e8gies docents en el Grau en Infermeria<\/em>, 29\/11\/2013 (Tesi)<\/p>\n<p>Directora: Pilar Pineda Herrero<\/p>\n<p><strong>Carme Mart\u00ednez i Roca<\/strong>,\u00a0\u00a0<em>El rol de l\u2019orientaci\u00f3 professional a centres educatius de Catalunya en el desenvolupament de compet\u00e8ncies per a la reducci\u00f3 de factors estructurals de risc per a l\u2019ocupabilitat<\/em>. (Tesi en curs)<\/p>\n<p>Directors: Pilar Pineda Herrero i Marius Mart\u00ednez<\/p>\n<p><strong>Helena Roig<\/strong>,\u00a0<em>Avaluaci\u00f3 de la Transfer\u00e8ncia en la Formaci\u00f3 Continua,\u00a0<\/em>19\/09\/2012 (Tesina)<\/p>\n<p>Directors: Pilar Pineda Herrero i Carles Dorado<\/p>\n<p><strong>Olga Ivanova<\/strong>,\u00a0<em>Management Education for Innovation: Evaluating MBA Programs Effectiveness at Spanish Business Schools<\/em>, 19\/09\/2012 (Tesina)<\/p>\n<p>Directora: Pilar Pineda Herrero<\/p>\n<p><strong>Judith Roca Llobet<\/strong>,\u00a0<em>El pensamiento cr\u00edtico en enfermer\u00eda: an\u00e1lisis sobre el rol e integrantes de una competencia clave<\/em>, 16\/09\/2010 (Tesina)<\/p>\n<p>Directora: Pilar Pineda Herrero<\/p>\n<p><strong>Carla Quesada Pallar\u00e8s<\/strong>,\u00a0<em>Barreres i facilitadors de la transfer\u00e8ncia de la formaci\u00f3 a l\u2019administraci\u00f3 p\u00fablica<\/em>, 14\/09\/2009 (Tesina)<\/p>\n<p>Directora: Pilar Pineda Herrero<\/p>\n<p><strong>Maria Victoria Moreno Andr\u00e9s<\/strong>,\u00a0<em>Avaluaci\u00f3 de la transfer\u00e8ncia de la formaci\u00f3 cont\u00ednua per a directius\/ves de l\u2019Administraci\u00f3 P\u00fablica de Catalunya: Creaci\u00f3, aplicaci\u00f3 i an\u00e0lisi d\u2019un model d\u2019avaluaci\u00f3 de la transferencia,\u00a0<\/em>21\/04\/2009 (Tesi)<\/p>\n<p>Directora: Pilar Pineda Herrero<\/p>\n<p><strong>Maria Victoria Moreno Andr\u00e9s<\/strong>,\u00a0<em>Avaluaci\u00f3 de la Trasfer\u00e8ncia de la Formaci\u00f3 Continua,\u00a0<\/em>15\/07\/2007 (DEA)<\/p>\n<p>Directora: Pilar Pineda Herrero<\/p>\n","protected":false},"excerpt":{"rendered":"<p>Alba Cristina Arenas Mej\u00eda, An\u00e0lisi de la pol\u00edtica p\u00fablica de capacitaci\u00f3 i ocupaci\u00f3 a Xile: una mirada des de l&#8217;efectivitat en l&#8217;acc\u00e9s i l&#8217;efic\u00e0cia de la formaci\u00f3 per al treball. 20\/09\/2024 (Tesi) Directora: Pilar Pineda Herrero Paloma Fernanda Sep\u00falveda Parrini,\u00a0Qualitat de l&#8217;Educaci\u00f3 Superior En l\u00ednia: Aportacions des de les Perspectives Ciberfeministes.\u00a020\/06\/2024 (Tesi). Directora: Pilar Pineda [&hellip;]<\/p>\n","protected":false},"author":20,"featured_media":0,"parent":0,"menu_order":0,"comment_status":"closed","ping_status":"closed","template":"","meta":{"footnotes":""},"class_list":["post-191","page","type-page","status-publish","hentry"],"_links":{"self":[{"href":"https:\/\/webs.uab.cat\/efi\/wp-json\/wp\/v2\/pages\/191","targetHints":{"allow":["GET"]}}],"collection":[{"href":"https:\/\/webs.uab.cat\/efi\/wp-json\/wp\/v2\/pages"}],"about":[{"href":"https:\/\/webs.uab.cat\/efi\/wp-json\/wp\/v2\/types\/page"}],"author":[{"embeddable":true,"href":"https:\/\/webs.uab.cat\/efi\/wp-json\/wp\/v2\/users\/20"}],"replies":[{"embeddable":true,"href":"https:\/\/webs.uab.cat\/efi\/wp-json\/wp\/v2\/comments?post=191"}],"version-history":[{"count":6,"href":"https:\/\/webs.uab.cat\/efi\/wp-json\/wp\/v2\/pages\/191\/revisions"}],"predecessor-version":[{"id":1917,"href":"https:\/\/webs.uab.cat\/efi\/wp-json\/wp\/v2\/pages\/191\/revisions\/1917"}],"wp:attachment":[{"href":"https:\/\/webs.uab.cat\/efi\/wp-json\/wp\/v2\/media?parent=191"}],"curies":[{"name":"wp","href":"https:\/\/api.w.org\/{rel}","templated":true}]}}