{"id":255,"date":"2017-09-25T18:32:00","date_gmt":"2017-09-25T16:32:00","guid":{"rendered":"https:\/\/webs.uab.cat\/efi\/col%c2%b7laboracions\/"},"modified":"2025-03-05T13:34:59","modified_gmt":"2025-03-05T11:34:59","slug":"col%c2%b7laboracions","status":"publish","type":"page","link":"https:\/\/webs.uab.cat\/efi\/col%c2%b7laboracions\/","title":{"rendered":"Col\u00b7laboracions"},"content":{"rendered":"\n<p>El grup&nbsp;EFI treballa conjuntament amb diferents entitats p\u00fabliques i privades en projectes de recerca, accions de consultoria, formaci\u00f3 i implementaci\u00f3 d&#8217;avaluaci\u00f3 de la formaci\u00f3.<\/p>\n\n\n\n<p>M\u00e9s informaci\u00f3 sobre les organitzacions que han treballat amb nosaltres als men\u00fas &#8220;<a href=\"https:\/\/webs.uab.cat\/efi\/institucions\/\" data-type=\"page\" data-id=\"260\">Institucions<\/a>&#8221; i &#8220;<a href=\"https:\/\/webs.uab.cat\/efi\/consultoria\/\" data-type=\"page\" data-id=\"262\">Consultoria<\/a>&#8220;.<\/p>\n\n\n\n<p><strong>Col\u00b7laboraci\u00f3 Especial<\/strong><\/p>\n\n\n\n<p>El passat 4 de mar\u00e7 de 2025, <strong>Pilar Pineda<\/strong> va ser triada una de les 9 pedagogues per a compartir les seves experi\u00e8ncies en la traject\u00f2ria professional pel <a href=\"https:\/\/pedagogs.cat\/activitat-copec\/ca\/198\" target=\"_blank\" rel=\"noreferrer noopener\">Dia de la Dona: Di\u00e0legs de Pedagogia amb Dones Pedagogues del Segle XXI<\/a>, organitzat pel <a href=\"https:\/\/www.pedagogs.cat\/\" target=\"_blank\" rel=\"noreferrer noopener\">Col\u00b7legi Oficial de Pedagogia de Catalunya (COPEC)<\/a>.<\/p>\n\n\n\n<figure class=\"wp-block-image size-large\"><img loading=\"lazy\" decoding=\"async\" width=\"1024\" height=\"535\" src=\"https:\/\/webs.uab.cat\/efi\/wp-content\/uploads\/sites\/311\/2025\/03\/image-1024x535.png\" alt=\"\" class=\"wp-image-2116\" srcset=\"https:\/\/webs.uab.cat\/efi\/wp-content\/uploads\/sites\/311\/2025\/03\/image-1024x535.png 1024w, https:\/\/webs.uab.cat\/efi\/wp-content\/uploads\/sites\/311\/2025\/03\/image-300x157.png 300w, https:\/\/webs.uab.cat\/efi\/wp-content\/uploads\/sites\/311\/2025\/03\/image-768x401.png 768w, https:\/\/webs.uab.cat\/efi\/wp-content\/uploads\/sites\/311\/2025\/03\/image-1536x802.png 1536w, https:\/\/webs.uab.cat\/efi\/wp-content\/uploads\/sites\/311\/2025\/03\/image-1200x627.png 1200w, https:\/\/webs.uab.cat\/efi\/wp-content\/uploads\/sites\/311\/2025\/03\/image.png 1800w\" sizes=\"auto, (max-width: 1024px) 100vw, 1024px\" \/><\/figure>\n\n\n\n<div class=\"wp-block-columns is-layout-flex wp-container-core-columns-is-layout-9d6595d7 wp-block-columns-is-layout-flex\">\n<div class=\"wp-block-column is-layout-flow wp-block-column-is-layout-flow\">\n<figure class=\"wp-block-image size-large\"><img loading=\"lazy\" decoding=\"async\" width=\"1024\" height=\"768\" src=\"https:\/\/webs.uab.cat\/efi\/wp-content\/uploads\/sites\/311\/2025\/03\/IMG-20250305-WA0006-1024x768.jpg\" alt=\"\" class=\"wp-image-2119\" srcset=\"https:\/\/webs.uab.cat\/efi\/wp-content\/uploads\/sites\/311\/2025\/03\/IMG-20250305-WA0006-1024x768.jpg 1024w, https:\/\/webs.uab.cat\/efi\/wp-content\/uploads\/sites\/311\/2025\/03\/IMG-20250305-WA0006-300x225.jpg 300w, https:\/\/webs.uab.cat\/efi\/wp-content\/uploads\/sites\/311\/2025\/03\/IMG-20250305-WA0006-768x576.jpg 768w, https:\/\/webs.uab.cat\/efi\/wp-content\/uploads\/sites\/311\/2025\/03\/IMG-20250305-WA0006-1536x1152.jpg 1536w, https:\/\/webs.uab.cat\/efi\/wp-content\/uploads\/sites\/311\/2025\/03\/IMG-20250305-WA0006-1200x900.jpg 1200w, https:\/\/webs.uab.cat\/efi\/wp-content\/uploads\/sites\/311\/2025\/03\/IMG-20250305-WA0006-1980x1485.jpg 1980w, https:\/\/webs.uab.cat\/efi\/wp-content\/uploads\/sites\/311\/2025\/03\/IMG-20250305-WA0006.jpg 2000w\" sizes=\"auto, (max-width: 1024px) 100vw, 1024px\" \/><\/figure>\n<\/div>\n\n\n\n<div class=\"wp-block-column is-layout-flow wp-block-column-is-layout-flow\">\n<figure class=\"wp-block-image size-large\"><img loading=\"lazy\" decoding=\"async\" width=\"1024\" height=\"768\" src=\"https:\/\/webs.uab.cat\/efi\/wp-content\/uploads\/sites\/311\/2025\/03\/IMG-20250305-WA0007-1024x768.jpg\" alt=\"\" class=\"wp-image-2122\" srcset=\"https:\/\/webs.uab.cat\/efi\/wp-content\/uploads\/sites\/311\/2025\/03\/IMG-20250305-WA0007-1024x768.jpg 1024w, https:\/\/webs.uab.cat\/efi\/wp-content\/uploads\/sites\/311\/2025\/03\/IMG-20250305-WA0007-300x225.jpg 300w, https:\/\/webs.uab.cat\/efi\/wp-content\/uploads\/sites\/311\/2025\/03\/IMG-20250305-WA0007-768x576.jpg 768w, https:\/\/webs.uab.cat\/efi\/wp-content\/uploads\/sites\/311\/2025\/03\/IMG-20250305-WA0007-1536x1152.jpg 1536w, https:\/\/webs.uab.cat\/efi\/wp-content\/uploads\/sites\/311\/2025\/03\/IMG-20250305-WA0007-1200x900.jpg 1200w, https:\/\/webs.uab.cat\/efi\/wp-content\/uploads\/sites\/311\/2025\/03\/IMG-20250305-WA0007.jpg 1600w\" sizes=\"auto, (max-width: 1024px) 100vw, 1024px\" \/><\/figure>\n<\/div>\n<\/div>\n\n\n\n<p><\/p>\n","protected":false},"excerpt":{"rendered":"<p>El grup&nbsp;EFI treballa conjuntament amb diferents entitats p\u00fabliques i privades en projectes de recerca, accions de consultoria, formaci\u00f3 i implementaci\u00f3 d&#8217;avaluaci\u00f3 de la formaci\u00f3. M\u00e9s informaci\u00f3 sobre les organitzacions que han treballat amb nosaltres als men\u00fas &#8220;Institucions&#8221; i &#8220;Consultoria&#8220;. Col\u00b7laboraci\u00f3 Especial El passat 4 de mar\u00e7 de 2025, Pilar Pineda va ser triada una de [&hellip;]<\/p>\n","protected":false},"author":20,"featured_media":0,"parent":0,"menu_order":0,"comment_status":"closed","ping_status":"closed","template":"","meta":{"footnotes":""},"class_list":["post-255","page","type-page","status-publish","hentry"],"_links":{"self":[{"href":"https:\/\/webs.uab.cat\/efi\/wp-json\/wp\/v2\/pages\/255","targetHints":{"allow":["GET"]}}],"collection":[{"href":"https:\/\/webs.uab.cat\/efi\/wp-json\/wp\/v2\/pages"}],"about":[{"href":"https:\/\/webs.uab.cat\/efi\/wp-json\/wp\/v2\/types\/page"}],"author":[{"embeddable":true,"href":"https:\/\/webs.uab.cat\/efi\/wp-json\/wp\/v2\/users\/20"}],"replies":[{"embeddable":true,"href":"https:\/\/webs.uab.cat\/efi\/wp-json\/wp\/v2\/comments?post=255"}],"version-history":[{"count":5,"href":"https:\/\/webs.uab.cat\/efi\/wp-json\/wp\/v2\/pages\/255\/revisions"}],"predecessor-version":[{"id":2128,"href":"https:\/\/webs.uab.cat\/efi\/wp-json\/wp\/v2\/pages\/255\/revisions\/2128"}],"wp:attachment":[{"href":"https:\/\/webs.uab.cat\/efi\/wp-json\/wp\/v2\/media?parent=255"}],"curies":[{"name":"wp","href":"https:\/\/api.w.org\/{rel}","templated":true}]}}