{"id":260,"date":"2017-09-25T18:41:53","date_gmt":"2017-09-25T16:41:53","guid":{"rendered":"https:\/\/webs.uab.cat\/efi\/institucions\/"},"modified":"2025-03-05T10:15:03","modified_gmt":"2025-03-05T08:15:03","slug":"institucions","status":"publish","type":"page","link":"https:\/\/webs.uab.cat\/efi\/institucions\/","title":{"rendered":"Institucions"},"content":{"rendered":"<p>En diferents projectes de recerca, hem treballat conjuntament, o hem rebut suport, de les seg\u00fcents institutions:<\/p>\n<p><a href=\"http:\/\/gipe-igep.org\/presentation_castellano.php\" target=\"_blank\" rel=\"noopener\">GIPE <\/a>&#8211; Grup\u00a0Interdisciplinar de Pol\u00edtiques\u00a0Educatives<\/p>\n<p><a href=\"https:\/\/www.fundae.es\/Pages\/default.aspx\" target=\"_blank\" rel=\"noopener\">FUNDAE <\/a>&#8211; Fundaci\u00f3n Estatal para la Formaci\u00f3n en el Empleo<\/p>\n<p><a href=\"http:\/\/www.uab.cat\/fundaciouab\/\" target=\"_blank\" rel=\"noopener\">Fundaci\u00f3 UAB<\/a><\/p>\n<p><a href=\"http:\/\/www.fundaciobcnfp.cat\/index.php\/ca\/\" target=\"_blank\" rel=\"noopener\">Fundaci\u00f3 BCN Formaci\u00f3 Professional<\/a><\/p>\n<p><a href=\"https:\/\/www.peretarres.org\/\" target=\"_blank\" rel=\"noopener\">Fundaci\u00f3 Pere Tarr\u00e9s<\/a><\/p>\n<p><a href=\"https:\/\/www.fundacionbertelsmann.org\">Fundaci\u00f3n Bertelsmann<\/a><\/p>\n<p><a href=\"http:\/\/www.inap.es\/\" target=\"_blank\" rel=\"noopener\">INAP <\/a>&#8211; Instituto Nacional de Administraci\u00f3n P\u00fablica<\/p>\n<p><a href=\"https:\/\/www.asturias.es\/iaap\" target=\"_blank\" rel=\"noopener\">Instituto Asturiano de Administraci\u00f3n P\u00fablica Antonio Posada<\/a><\/p>\n<p><a href=\"http:\/\/eapc.gencat.cat\/ca\/inici\/\" target=\"_blank\" rel=\"noopener\">EAPC <\/a>&#8211; Escola d&#8217;Aministraci\u00f3 P\u00fablica de Catalunya<\/p>\n<p><a href=\"http:\/\/www.aragon.es\/DepartamentosOrganismosPublicos\/Institutos\/InstitutoAragonesAdministracionPublica\" target=\"_blank\" rel=\"noopener\">Instituto Aragon\u00e9s de Administraci\u00f3n P\u00fablica<\/a><\/p>\n<p><a href=\"http:\/\/www.ivap.gva.es\/\" target=\"_blank\" rel=\"noopener\">IVAP <\/a>&#8211; Institut Valenci\u00e0 d&#8217;Administraci\u00f3 P\u00fablica<\/p>\n<p><a href=\"http:\/\/www.ivap.euskadi.eus\/r61-vhome\/es\/\" target=\"_blank\" rel=\"noopener\">IVAP <\/a>&#8211; Instituto Vasco de Administraci\u00f3n P\u00fablico<\/p>\n<p><a href=\"http:\/\/ear.castillalamancha.es\/\" target=\"_blank\" rel=\"noopener\">EAR <\/a>&#8211; Escuela de Administraci\u00f3n Regional de Castilla-La Mancha<\/p>\n<p><a href=\"http:\/\/egap.xunta.gal\/\" target=\"_blank\" rel=\"noopener\">EGAP <\/a>&#8211; Escola Galega de Administraci\u00f3n P\u00fablica<\/p>\n<p><a href=\"http:\/\/www.eclap.jcyl.es\/\" target=\"_blank\" rel=\"noopener\">ECLAP <\/a>&#8211; Escuela de Administraci\u00f3n P\u00fablica de Castilla y Le\u00f3n<\/p>\n<p><a href=\"http:\/\/csda.gencat.cat\/es\" target=\"_blank\" rel=\"noopener\">Consell Superior d&#8217;Avaluaci\u00f3 del Sistema Educatiu<\/a><\/p>\n<p><a href=\"https:\/\/www.bibb.de\/\" target=\"_blank\" rel=\"noopener\">BIBB <\/a>&#8211; Budesinstitut f\u00fcr Berufsbildung (Institut\u00a0Alemany\u00a0de Formaci\u00f3\u00a0Professional)<\/p>\n<p><a href=\"https:\/\/valnalon.com\/\" target=\"_blank\" rel=\"noopener\">VALNAL\u00d3N<\/a> &#8211; Valnal\u00f3n, educaci\u00f3n y promoci\u00f3n emprendedora<\/p>\n","protected":false},"excerpt":{"rendered":"<p>En diferents projectes de recerca, hem treballat conjuntament, o hem rebut suport, de les seg\u00fcents institutions: GIPE &#8211; Grup\u00a0Interdisciplinar de Pol\u00edtiques\u00a0Educatives FUNDAE &#8211; Fundaci\u00f3n Estatal para la Formaci\u00f3n en el Empleo Fundaci\u00f3 UAB Fundaci\u00f3 BCN Formaci\u00f3 Professional Fundaci\u00f3 Pere Tarr\u00e9s Fundaci\u00f3n Bertelsmann INAP &#8211; Instituto Nacional de Administraci\u00f3n P\u00fablica Instituto Asturiano de Administraci\u00f3n P\u00fablica Antonio [&hellip;]<\/p>\n","protected":false},"author":20,"featured_media":0,"parent":0,"menu_order":0,"comment_status":"closed","ping_status":"closed","template":"","meta":{"footnotes":""},"class_list":["post-260","page","type-page","status-publish","hentry"],"_links":{"self":[{"href":"https:\/\/webs.uab.cat\/efi\/wp-json\/wp\/v2\/pages\/260","targetHints":{"allow":["GET"]}}],"collection":[{"href":"https:\/\/webs.uab.cat\/efi\/wp-json\/wp\/v2\/pages"}],"about":[{"href":"https:\/\/webs.uab.cat\/efi\/wp-json\/wp\/v2\/types\/page"}],"author":[{"embeddable":true,"href":"https:\/\/webs.uab.cat\/efi\/wp-json\/wp\/v2\/users\/20"}],"replies":[{"embeddable":true,"href":"https:\/\/webs.uab.cat\/efi\/wp-json\/wp\/v2\/comments?post=260"}],"version-history":[{"count":2,"href":"https:\/\/webs.uab.cat\/efi\/wp-json\/wp\/v2\/pages\/260\/revisions"}],"predecessor-version":[{"id":2107,"href":"https:\/\/webs.uab.cat\/efi\/wp-json\/wp\/v2\/pages\/260\/revisions\/2107"}],"wp:attachment":[{"href":"https:\/\/webs.uab.cat\/efi\/wp-json\/wp\/v2\/media?parent=260"}],"curies":[{"name":"wp","href":"https:\/\/api.w.org\/{rel}","templated":true}]}}