{"id":262,"date":"2018-01-16T19:06:06","date_gmt":"2018-01-16T17:06:06","guid":{"rendered":"https:\/\/webs.uab.cat\/efi\/consultoria\/"},"modified":"2018-01-16T19:06:06","modified_gmt":"2018-01-16T17:06:06","slug":"consultoria","status":"publish","type":"page","link":"https:\/\/webs.uab.cat\/efi\/consultoria\/","title":{"rendered":"Consultoria"},"content":{"rendered":"<p>El grup EFI tamb\u00e9 ofereix formaci\u00f3, consultoria i avaluaci\u00f3 de la formaci\u00f3 per a organitzacions p\u00fabliques i privades. Algunes de les entitats on hem realitzat aquests serveis s\u00f3n:<\/p>\n<p><a href=\"https:\/\/www.aldi.es\/trabajaconnosotros\/formacion-dual.html\" target=\"_blank\" rel=\"noopener\">ALDI<\/a><\/p>\n<p><a href=\"http:\/\/www.seat.es\/compania\/recursos-humanos\/inicio.html\" target=\"_blank\" rel=\"noopener\">SEAT<\/a><\/p>\n<p><a href=\"https:\/\/www.telefonica.es\/es\/\" target=\"_blank\" rel=\"noopener\">Telef\u00f3nica<\/a><\/p>\n<p><a href=\"http:\/\/www.criteria.es\/\" target=\"_blank\" rel=\"noopener\">Criteria <\/a>&#8211; Consultoria de Recursos Humans<\/p>\n<p><a href=\"http:\/\/universidad.asepeyo.es\/\" target=\"_blank\" rel=\"noopener\">UCA <\/a>&#8211; Universidad Corporativa Asepeyo<\/p>\n<p><a href=\"http:\/\/www.vidrala.com\/\" target=\"_blank\" rel=\"noopener\">Grupo Vidrala<\/a><\/p>\n<p><a href=\"http:\/\/www.juntadeandalucia.es\/educacion\/portals\/web\/cep-malaga\" target=\"_blank\" rel=\"noopener\">Centro del Profesorado de M\u00e1laga<\/a><\/p>\n<p><a href=\"http:\/\/www.tetfund.gov.ng\/\" target=\"_blank\" rel=\"noopener\">Tertiary Education Trust Fund (Nigeria)<\/a><\/p>\n","protected":false},"excerpt":{"rendered":"<p>El grup EFI tamb\u00e9 ofereix formaci\u00f3, consultoria i avaluaci\u00f3 de la formaci\u00f3 per a organitzacions p\u00fabliques i privades. Algunes de les entitats on hem realitzat aquests serveis s\u00f3n: ALDI SEAT Telef\u00f3nica Criteria &#8211; Consultoria de Recursos Humans UCA &#8211; Universidad Corporativa Asepeyo Grupo Vidrala Centro del Profesorado de M\u00e1laga Tertiary Education Trust Fund (Nigeria)<\/p>\n","protected":false},"author":20,"featured_media":0,"parent":0,"menu_order":0,"comment_status":"closed","ping_status":"closed","template":"","meta":{"footnotes":""},"class_list":["post-262","page","type-page","status-publish","hentry"],"_links":{"self":[{"href":"https:\/\/webs.uab.cat\/efi\/wp-json\/wp\/v2\/pages\/262","targetHints":{"allow":["GET"]}}],"collection":[{"href":"https:\/\/webs.uab.cat\/efi\/wp-json\/wp\/v2\/pages"}],"about":[{"href":"https:\/\/webs.uab.cat\/efi\/wp-json\/wp\/v2\/types\/page"}],"author":[{"embeddable":true,"href":"https:\/\/webs.uab.cat\/efi\/wp-json\/wp\/v2\/users\/20"}],"replies":[{"embeddable":true,"href":"https:\/\/webs.uab.cat\/efi\/wp-json\/wp\/v2\/comments?post=262"}],"version-history":[{"count":0,"href":"https:\/\/webs.uab.cat\/efi\/wp-json\/wp\/v2\/pages\/262\/revisions"}],"wp:attachment":[{"href":"https:\/\/webs.uab.cat\/efi\/wp-json\/wp\/v2\/media?parent=262"}],"curies":[{"name":"wp","href":"https:\/\/api.w.org\/{rel}","templated":true}]}}