{"id":144,"date":"2009-05-25T13:07:54","date_gmt":"2009-05-25T11:07:54","guid":{"rendered":"https:\/\/webs.uab.cat\/egolab\/presentacio\/"},"modified":"2023-03-03T18:26:36","modified_gmt":"2023-03-03T16:26:36","slug":"presentacio","status":"publish","type":"page","link":"https:\/\/webs.uab.cat\/egolab\/ca\/presentacio\/","title":{"rendered":"Qu\u00e8 fem?"},"content":{"rendered":"\n<div class=\"wp-block-columns is-layout-flex wp-container-core-columns-is-layout-9d6595d7 wp-block-columns-is-layout-flex\">\n<div class=\"wp-block-column is-layout-flow wp-block-column-is-layout-flow\" style=\"flex-basis:100%\">\n<div class=\"wp-block-columns is-layout-flex wp-container-core-columns-is-layout-9d6595d7 wp-block-columns-is-layout-flex\">\n<div class=\"wp-block-column is-layout-flow wp-block-column-is-layout-flow\" style=\"flex-basis:33.34%\">\n<div class=\"wp-block-buttons is-layout-flex wp-block-buttons-is-layout-flex\">\n<div class=\"wp-block-button is-style-outline is-style-outline--1\"><a class=\"wp-block-button__link\" href=\"https:\/\/webs.uab.cat\/egolab\/ca\/recerca-2\/\">RECERCA<\/a><\/div>\n<\/div>\n<\/div>\n\n\n\n<div class=\"wp-block-column is-layout-flow wp-block-column-is-layout-flow\" style=\"flex-basis:33.34%\">\n<div class=\"wp-block-buttons is-layout-flex wp-block-buttons-is-layout-flex\">\n<div class=\"wp-block-button is-style-outline is-style-outline--2\"><a class=\"wp-block-button__link\" href=\"https:\/\/webs.uab.cat\/egolab\/ca\/publications\/\">Publicacions<\/a><\/div>\n<\/div>\n<\/div>\n\n\n\n<div class=\"wp-block-column is-layout-flow wp-block-column-is-layout-flow\" style=\"flex-basis:33.33%\">\n<div class=\"wp-block-buttons is-layout-flex wp-block-buttons-is-layout-flex\">\n<div class=\"wp-block-button is-style-outline is-style-outline--3\"><a class=\"wp-block-button__link\" href=\"https:\/\/webs.uab.cat\/egolab\/ca\/knowledge-transfer-activities\/\">Transfer\u00e8ncia <\/a><\/div>\n<\/div>\n<\/div>\n<\/div>\n<\/div>\n<\/div>\n\n\n\n<p>A m\u00e9s de la recerca, egolab-GRAFO proporciona serveis per a investigadors\/es, institucions i professionals interessats en les aplicacions de les xarxes socials. Entre d&#8217;altres, es col\u00b7labora en el <strong>desenvolupament de programari<\/strong> per a la recollida de dades de les xarxes personals i organitza anualment un <strong><a href=\"https:\/\/webs.uab.cat\/egolab\/ca\/12th-course-personal-networks\/\">curs d&#8217;estiu internacional<\/a><\/strong> en la teoria i an\u00e0lisi de xarxes personals per a doctorands i investigadors, normalment el mes de juliol. <\/p>\n\n\n\n<p>Tamb\u00e9 va organitzar la <strong>primera Confer\u00e8ncia Europea en Xarxes Socials<\/strong> (EUSN) a Barcelona el 2014; la segona es va organitzar a Par\u00eds a 2016 (Sciences Po) i la tercera a&nbsp;Mainz a&nbsp;<a href=\"http:\/\/www.eusn2017.uni-mainz.de\/\">2017<\/a> (Johannes Gutenburg Universit\u00e4t). <\/p>\n\n\n\n<p>A m\u00e9s, egolab-GRAFO tamb\u00e9 coedita la <strong><a href=\"http:\/\/revistes.uab.cat\/redes\">Revista Redes<\/a><\/strong>, indexada en el primer quartil de <a href=\"http:\/\/ececubo.ugr.es\/ec3\/Antropologia.html\">IN-RECS Antropologia,<\/a><a href=\"https:\/\/dbh.nsd.uib.no\/publiseringskanaler\/erihplus\/periodical\/info.action?id=473793\"> ERIH Plus<\/a> y Scopus. A m\u00e9s ha estat reconeguda amb el segell de qualitat de la FECYT.<\/p>\n\n\n\n<p>Seguim el <a href=\"http:\/\/revista-redes.rediris.es\/recerca\/Egoredes\/research\/CBPC-eng.pdf\">Codi de bones pr\u00e0ctiques cient\u00edfiques<\/a> i aquest codi espec\u00edfic per a <a href=\"http:\/\/revista-redes.rediris.es\/recerca\/Egoredes\/research\/ethics.pdf\">l&#8217;\u00e8tica, l&#8217;emmagatzematge i les pol\u00edtiques de publicaci\u00f3 per a les dades de la xarxa personal<\/a>.<\/p>\n\n\n\n<p class=\"has-text-align-left\">Aquest treball t\u00e9 licencia de <a href=\"http:\/\/creativecommons.org\/licenses\/by-nc\/3.0\/\">Creative Commons Attribution-NonCommercial 3.0 Unported License<\/a>.<\/p>\n\n\n\n<p>&nbsp;<\/p>\n","protected":false},"excerpt":{"rendered":"<p>A m\u00e9s de la recerca, egolab-GRAFO proporciona serveis per a investigadors\/es, institucions i professionals interessats en les aplicacions de les xarxes socials. Entre d&#8217;altres, es col\u00b7labora en el desenvolupament de programari per a la recollida de dades de les xarxes personals i organitza anualment un curs d&#8217;estiu internacional en la teoria i an\u00e0lisi de xarxes [&hellip;]<\/p>\n","protected":false},"author":20,"featured_media":0,"parent":0,"menu_order":0,"comment_status":"closed","ping_status":"closed","template":"","meta":{"footnotes":""},"class_list":["post-144","page","type-page","status-publish","hentry"],"_links":{"self":[{"href":"https:\/\/webs.uab.cat\/egolab\/ca\/wp-json\/wp\/v2\/pages\/144","targetHints":{"allow":["GET"]}}],"collection":[{"href":"https:\/\/webs.uab.cat\/egolab\/ca\/wp-json\/wp\/v2\/pages"}],"about":[{"href":"https:\/\/webs.uab.cat\/egolab\/ca\/wp-json\/wp\/v2\/types\/page"}],"author":[{"embeddable":true,"href":"https:\/\/webs.uab.cat\/egolab\/ca\/wp-json\/wp\/v2\/users\/20"}],"replies":[{"embeddable":true,"href":"https:\/\/webs.uab.cat\/egolab\/ca\/wp-json\/wp\/v2\/comments?post=144"}],"version-history":[{"count":10,"href":"https:\/\/webs.uab.cat\/egolab\/ca\/wp-json\/wp\/v2\/pages\/144\/revisions"}],"predecessor-version":[{"id":2197,"href":"https:\/\/webs.uab.cat\/egolab\/ca\/wp-json\/wp\/v2\/pages\/144\/revisions\/2197"}],"wp:attachment":[{"href":"https:\/\/webs.uab.cat\/egolab\/ca\/wp-json\/wp\/v2\/media?parent=144"}],"curies":[{"name":"wp","href":"https:\/\/api.w.org\/{rel}","templated":true}]}}