{"id":1685,"date":"2023-02-24T10:46:47","date_gmt":"2023-02-24T08:46:47","guid":{"rendered":"https:\/\/webs.uab.cat\/egolab\/?page_id=1685"},"modified":"2023-04-12T20:23:04","modified_gmt":"2023-04-12T18:23:04","slug":"inici","status":"publish","type":"page","link":"https:\/\/webs.uab.cat\/egolab\/ca\/","title":{"rendered":"Inici"},"content":{"rendered":"\n<p class=\"has-blanc-coco-color has-verd-tropic-background-color has-text-color has-background\">Benvinguts i benvingudes al lloc web de l&#8217;equip de recerca egolab-GRAFO, que forma part del Grup de Recerca en Antropologia Fonamental i Orientada (<a href=\"https:\/\/webs.uab.cat\/grafo\/ca\/\">GRAFO<\/a>), reconegut per l&#8217;Ag\u00e8ncia de Gesti\u00f3 d&#8217;Ajuts Universitaris i de Recerca (AGAUR) del <a href=\"https:\/\/www.uab.cat\/ca\/antropologia\">Departament d&#8217;Antropologia Social i Cultural <\/a>de la UAB.<\/p>\n\n\n\n<div class=\"wp-block-columns has-blanc-coco-background-color has-background is-layout-flex wp-container-core-columns-is-layout-9d6595d7 wp-block-columns-is-layout-flex\">\n<div class=\"wp-block-column is-layout-flow wp-block-column-is-layout-flow\">\n<figure class=\"wp-block-image size-large\"><img loading=\"lazy\" decoding=\"async\" width=\"1014\" height=\"1024\" src=\"https:\/\/webs.uab.cat\/egolab\/wp-content\/uploads\/sites\/283\/2023\/03\/egolab-3-1014x1024.png\" alt=\"\" class=\"wp-image-2218\" srcset=\"https:\/\/webs.uab.cat\/egolab\/wp-content\/uploads\/sites\/283\/2023\/03\/egolab-3-1014x1024.png 1014w, https:\/\/webs.uab.cat\/egolab\/wp-content\/uploads\/sites\/283\/2023\/03\/egolab-3-297x300.png 297w, https:\/\/webs.uab.cat\/egolab\/wp-content\/uploads\/sites\/283\/2023\/03\/egolab-3-150x150.png 150w, https:\/\/webs.uab.cat\/egolab\/wp-content\/uploads\/sites\/283\/2023\/03\/egolab-3-768x775.png 768w, https:\/\/webs.uab.cat\/egolab\/wp-content\/uploads\/sites\/283\/2023\/03\/egolab-3.png 1054w\" sizes=\"auto, (max-width: 1014px) 100vw, 1014px\" \/><\/figure>\n<\/div>\n\n\n\n<div class=\"wp-block-column is-layout-flow wp-block-column-is-layout-flow\">\n<figure class=\"wp-block-image size-full\"><img loading=\"lazy\" decoding=\"async\" width=\"818\" height=\"818\" src=\"https:\/\/webs.uab.cat\/egolab\/wp-content\/uploads\/sites\/283\/2023\/03\/egolab2.png\" alt=\"\" class=\"wp-image-2221\" srcset=\"https:\/\/webs.uab.cat\/egolab\/wp-content\/uploads\/sites\/283\/2023\/03\/egolab2.png 818w, https:\/\/webs.uab.cat\/egolab\/wp-content\/uploads\/sites\/283\/2023\/03\/egolab2-300x300.png 300w, https:\/\/webs.uab.cat\/egolab\/wp-content\/uploads\/sites\/283\/2023\/03\/egolab2-150x150.png 150w, https:\/\/webs.uab.cat\/egolab\/wp-content\/uploads\/sites\/283\/2023\/03\/egolab2-768x768.png 768w\" sizes=\"auto, (max-width: 818px) 100vw, 818px\" \/><\/figure>\n<\/div>\n<\/div>\n\n\n\n<p>L&#8217;equip est\u00e0 especialitzat en l&#8217;estudi de les<strong> xarxes personals i comunitats<\/strong>. Apliquem aquesta perspectiva relacional per investigar els fen\u00f2mens socials emergents, principalment en els \u00e0mbits d&#8217; <strong>antropologia econ\u00f2mica<\/strong> i <strong>antropologia de la migraci\u00f3, mobilitat i transnacionalisme<\/strong>.<\/p>\n\n\n\n<h2 class=\"wp-block-heading\"><strong>INTER\u00c8S PRINCIPAL<\/strong><\/h2>\n\n\n\n<ul class=\"wp-block-list\"><li>Comprendre el paper de les relacions socials en les estrat\u00e8gies individuals per guanyar-se la vida.<\/li><\/ul>\n\n\n\n<h2 class=\"wp-block-heading\"><strong>\u00c0REA D&#8217;INVESTIGACI\u00d3 ETNOGR\u00c0FICA<\/strong><\/h2>\n\n\n\n<ul class=\"wp-block-list\"><li>Sud i Sud-est d\u2019Europa<\/li><\/ul>\n\n\n\n<ul class=\"wp-block-list\"><li>M\u00e8xic<\/li><\/ul>\n\n\n\n<ul class=\"wp-block-list\"><li>Mal\u00e0isia<\/li><\/ul>\n\n\n\n<figure class=\"wp-block-gallery has-nested-images columns-default is-cropped wp-block-gallery-1 is-layout-flex wp-block-gallery-is-layout-flex\">\n<figure class=\"wp-block-image size-large\"><img loading=\"lazy\" decoding=\"async\" width=\"1024\" height=\"768\" data-id=\"1779\" src=\"https:\/\/webs.uab.cat\/egolab\/wp-content\/uploads\/sites\/283\/2023\/02\/IMG_1901-1-1024x768.jpg\" alt=\"\" class=\"wp-image-1779\" srcset=\"https:\/\/webs.uab.cat\/egolab\/wp-content\/uploads\/sites\/283\/2023\/02\/IMG_1901-1-1024x768.jpg 1024w, https:\/\/webs.uab.cat\/egolab\/wp-content\/uploads\/sites\/283\/2023\/02\/IMG_1901-1-300x225.jpg 300w, https:\/\/webs.uab.cat\/egolab\/wp-content\/uploads\/sites\/283\/2023\/02\/IMG_1901-1-768x576.jpg 768w, https:\/\/webs.uab.cat\/egolab\/wp-content\/uploads\/sites\/283\/2023\/02\/IMG_1901-1-1536x1152.jpg 1536w, https:\/\/webs.uab.cat\/egolab\/wp-content\/uploads\/sites\/283\/2023\/02\/IMG_1901-1-2048x1536.jpg 2048w, https:\/\/webs.uab.cat\/egolab\/wp-content\/uploads\/sites\/283\/2023\/02\/IMG_1901-1-1200x900.jpg 1200w, https:\/\/webs.uab.cat\/egolab\/wp-content\/uploads\/sites\/283\/2023\/02\/IMG_1901-1-1980x1485.jpg 1980w\" sizes=\"auto, (max-width: 1024px) 100vw, 1024px\" \/><\/figure>\n\n\n\n<figure class=\"wp-block-image size-large\"><img loading=\"lazy\" decoding=\"async\" width=\"768\" height=\"1024\" data-id=\"1782\" src=\"https:\/\/webs.uab.cat\/egolab\/wp-content\/uploads\/sites\/283\/2023\/02\/IMG_1913-1-768x1024.jpg\" alt=\"\" class=\"wp-image-1782\" srcset=\"https:\/\/webs.uab.cat\/egolab\/wp-content\/uploads\/sites\/283\/2023\/02\/IMG_1913-1-768x1024.jpg 768w, https:\/\/webs.uab.cat\/egolab\/wp-content\/uploads\/sites\/283\/2023\/02\/IMG_1913-1-225x300.jpg 225w, https:\/\/webs.uab.cat\/egolab\/wp-content\/uploads\/sites\/283\/2023\/02\/IMG_1913-1-1152x1536.jpg 1152w, https:\/\/webs.uab.cat\/egolab\/wp-content\/uploads\/sites\/283\/2023\/02\/IMG_1913-1-1536x2048.jpg 1536w, https:\/\/webs.uab.cat\/egolab\/wp-content\/uploads\/sites\/283\/2023\/02\/IMG_1913-1-1200x1600.jpg 1200w, https:\/\/webs.uab.cat\/egolab\/wp-content\/uploads\/sites\/283\/2023\/02\/IMG_1913-1-1980x2640.jpg 1980w, https:\/\/webs.uab.cat\/egolab\/wp-content\/uploads\/sites\/283\/2023\/02\/IMG_1913-1-scaled.jpg 1920w\" sizes=\"auto, (max-width: 768px) 100vw, 768px\" \/><\/figure>\n\n\n\n<figure class=\"wp-block-image size-large\"><img loading=\"lazy\" decoding=\"async\" width=\"1024\" height=\"768\" data-id=\"1785\" src=\"https:\/\/webs.uab.cat\/egolab\/wp-content\/uploads\/sites\/283\/2023\/02\/IMG_1969-copia-1-1024x768.jpg\" alt=\"\" class=\"wp-image-1785\" srcset=\"https:\/\/webs.uab.cat\/egolab\/wp-content\/uploads\/sites\/283\/2023\/02\/IMG_1969-copia-1-1024x768.jpg 1024w, https:\/\/webs.uab.cat\/egolab\/wp-content\/uploads\/sites\/283\/2023\/02\/IMG_1969-copia-1-300x225.jpg 300w, https:\/\/webs.uab.cat\/egolab\/wp-content\/uploads\/sites\/283\/2023\/02\/IMG_1969-copia-1-768x576.jpg 768w, https:\/\/webs.uab.cat\/egolab\/wp-content\/uploads\/sites\/283\/2023\/02\/IMG_1969-copia-1-1536x1152.jpg 1536w, https:\/\/webs.uab.cat\/egolab\/wp-content\/uploads\/sites\/283\/2023\/02\/IMG_1969-copia-1-2048x1536.jpg 2048w, https:\/\/webs.uab.cat\/egolab\/wp-content\/uploads\/sites\/283\/2023\/02\/IMG_1969-copia-1-1200x900.jpg 1200w, https:\/\/webs.uab.cat\/egolab\/wp-content\/uploads\/sites\/283\/2023\/02\/IMG_1969-copia-1-1980x1485.jpg 1980w\" sizes=\"auto, (max-width: 1024px) 100vw, 1024px\" \/><\/figure>\n<\/figure>\n\n\n\n<div class=\"wp-block-buttons is-content-justification-center is-nowrap is-layout-flex wp-container-core-buttons-is-layout-1fb9aab6 wp-block-buttons-is-layout-flex\">\n<div class=\"wp-block-button has-custom-width wp-block-button__width-50 is-style-outline is-style-outline--2\"><a class=\"wp-block-button__link\" href=\"https:\/\/webs.uab.cat\/egolab\/ca\/equip\/\">Qui som?<\/a><\/div>\n\n\n\n<div class=\"wp-block-button has-custom-width wp-block-button__width-50 is-style-outline is-style-outline--3\"><a class=\"wp-block-button__link\" href=\"https:\/\/webs.uab.cat\/egolab\/ca\/presentacio\/\">Qu\u00e8 fem?<\/a><\/div>\n\n\n\n<div class=\"wp-block-button has-custom-width wp-block-button__width-50 is-style-outline is-style-outline--4\"><a class=\"wp-block-button__link\" href=\"https:\/\/webs.uab.cat\/egolab\/ca\/on-som\/\">a on trobar-nos?<\/a><\/div>\n<\/div>\n","protected":false},"excerpt":{"rendered":"<p>Benvinguts i benvingudes al lloc web de l&#8217;equip de recerca egolab-GRAFO, que forma part del Grup de Recerca en Antropologia Fonamental i Orientada (GRAFO), reconegut per l&#8217;Ag\u00e8ncia de Gesti\u00f3 d&#8217;Ajuts Universitaris i de Recerca (AGAUR) del Departament d&#8217;Antropologia Social i Cultural de la UAB. L&#8217;equip est\u00e0 especialitzat en l&#8217;estudi de les xarxes personals i comunitats. [&hellip;]<\/p>\n","protected":false},"author":2548,"featured_media":0,"parent":0,"menu_order":0,"comment_status":"closed","ping_status":"closed","template":"","meta":{"footnotes":""},"class_list":["post-1685","page","type-page","status-publish","hentry"],"_links":{"self":[{"href":"https:\/\/webs.uab.cat\/egolab\/ca\/wp-json\/wp\/v2\/pages\/1685","targetHints":{"allow":["GET"]}}],"collection":[{"href":"https:\/\/webs.uab.cat\/egolab\/ca\/wp-json\/wp\/v2\/pages"}],"about":[{"href":"https:\/\/webs.uab.cat\/egolab\/ca\/wp-json\/wp\/v2\/types\/page"}],"author":[{"embeddable":true,"href":"https:\/\/webs.uab.cat\/egolab\/ca\/wp-json\/wp\/v2\/users\/2548"}],"replies":[{"embeddable":true,"href":"https:\/\/webs.uab.cat\/egolab\/ca\/wp-json\/wp\/v2\/comments?post=1685"}],"version-history":[{"count":28,"href":"https:\/\/webs.uab.cat\/egolab\/ca\/wp-json\/wp\/v2\/pages\/1685\/revisions"}],"predecessor-version":[{"id":2262,"href":"https:\/\/webs.uab.cat\/egolab\/ca\/wp-json\/wp\/v2\/pages\/1685\/revisions\/2262"}],"wp:attachment":[{"href":"https:\/\/webs.uab.cat\/egolab\/ca\/wp-json\/wp\/v2\/media?parent=1685"}],"curies":[{"name":"wp","href":"https:\/\/api.w.org\/{rel}","templated":true}]}}