{"id":222,"date":"2009-05-25T14:05:25","date_gmt":"2009-05-25T12:05:25","guid":{"rendered":"https:\/\/webs.uab.cat\/egolab\/on-som\/"},"modified":"2023-03-03T13:34:12","modified_gmt":"2023-03-03T11:34:12","slug":"on-som","status":"publish","type":"page","link":"https:\/\/webs.uab.cat\/egolab\/ca\/on-som\/","title":{"rendered":"A on trobar-nos?"},"content":{"rendered":"<p>El grup es troba al <strong>Departament d&#8217;Antropologia Social i Cultural de la Universitat Aut\u00f2noma de Barcelona<\/strong> i, entre d&#8217;altres, ha rebut finan\u00e7ament del Ministeri d&#8217;Economia i Compet\u00e8ncia espanyol, del programa RecerCaixa i de la Fundaci\u00f3 Europea de Ci\u00e8ncia.<\/p>\n<p>Podeu contactar amb nosaltres emplenant aquest formulari: <a href=\"https:\/\/webs.uab.cat\/egolab\/ca\/contact-us\/\">https:\/\/webs.uab.cat\/egolab\/ca\/contact-us\/<\/a><\/p>\n","protected":false},"excerpt":{"rendered":"<p>El grup es troba al Departament d&#8217;Antropologia Social i Cultural de la Universitat Aut\u00f2noma de Barcelona i, entre d&#8217;altres, ha rebut finan\u00e7ament del Ministeri d&#8217;Economia i Compet\u00e8ncia espanyol, del programa RecerCaixa i de la Fundaci\u00f3 Europea de Ci\u00e8ncia. Podeu contactar amb nosaltres emplenant aquest formulari: https:\/\/webs.uab.cat\/egolab\/ca\/contact-us\/<\/p>\n","protected":false},"author":20,"featured_media":0,"parent":0,"menu_order":0,"comment_status":"closed","ping_status":"closed","template":"","meta":{"footnotes":""},"class_list":["post-222","page","type-page","status-publish","hentry"],"_links":{"self":[{"href":"https:\/\/webs.uab.cat\/egolab\/ca\/wp-json\/wp\/v2\/pages\/222","targetHints":{"allow":["GET"]}}],"collection":[{"href":"https:\/\/webs.uab.cat\/egolab\/ca\/wp-json\/wp\/v2\/pages"}],"about":[{"href":"https:\/\/webs.uab.cat\/egolab\/ca\/wp-json\/wp\/v2\/types\/page"}],"author":[{"embeddable":true,"href":"https:\/\/webs.uab.cat\/egolab\/ca\/wp-json\/wp\/v2\/users\/20"}],"replies":[{"embeddable":true,"href":"https:\/\/webs.uab.cat\/egolab\/ca\/wp-json\/wp\/v2\/comments?post=222"}],"version-history":[{"count":4,"href":"https:\/\/webs.uab.cat\/egolab\/ca\/wp-json\/wp\/v2\/pages\/222\/revisions"}],"predecessor-version":[{"id":2017,"href":"https:\/\/webs.uab.cat\/egolab\/ca\/wp-json\/wp\/v2\/pages\/222\/revisions\/2017"}],"wp:attachment":[{"href":"https:\/\/webs.uab.cat\/egolab\/ca\/wp-json\/wp\/v2\/media?parent=222"}],"curies":[{"name":"wp","href":"https:\/\/api.w.org\/{rel}","templated":true}]}}