{"id":1662,"date":"2023-02-24T10:20:03","date_gmt":"2023-02-24T08:20:03","guid":{"rendered":"https:\/\/webs.uab.cat\/egolab\/?page_id=1662"},"modified":"2023-03-31T16:41:43","modified_gmt":"2023-03-31T14:41:43","slug":"dimcom","status":"publish","type":"page","link":"https:\/\/webs.uab.cat\/egolab\/es\/dimcom\/","title":{"rendered":"DIMCOM: Dimensi\u00f3n comunitaria, redes sociales y exclusi\u00f3n social"},"content":{"rendered":"<div class=\"wp-block-image\">\n<figure class=\"aligncenter size-full\"><img loading=\"lazy\" decoding=\"async\" width=\"2560\" height=\"1708\" src=\"https:\/\/webs.uab.cat\/egolab\/wp-content\/uploads\/sites\/283\/2023\/02\/zac-durant-76HhAKI5JXI-unsplash-2-scaled.jpg\" alt=\"\" class=\"wp-image-1746\" srcset=\"https:\/\/webs.uab.cat\/egolab\/wp-content\/uploads\/sites\/283\/2023\/02\/zac-durant-76HhAKI5JXI-unsplash-2-scaled.jpg 2560w, https:\/\/webs.uab.cat\/egolab\/wp-content\/uploads\/sites\/283\/2023\/02\/zac-durant-76HhAKI5JXI-unsplash-2-300x200.jpg 300w, https:\/\/webs.uab.cat\/egolab\/wp-content\/uploads\/sites\/283\/2023\/02\/zac-durant-76HhAKI5JXI-unsplash-2-1024x683.jpg 1024w, https:\/\/webs.uab.cat\/egolab\/wp-content\/uploads\/sites\/283\/2023\/02\/zac-durant-76HhAKI5JXI-unsplash-2-768x512.jpg 768w, https:\/\/webs.uab.cat\/egolab\/wp-content\/uploads\/sites\/283\/2023\/02\/zac-durant-76HhAKI5JXI-unsplash-2-1536x1025.jpg 1536w, https:\/\/webs.uab.cat\/egolab\/wp-content\/uploads\/sites\/283\/2023\/02\/zac-durant-76HhAKI5JXI-unsplash-2-2048x1366.jpg 2048w, https:\/\/webs.uab.cat\/egolab\/wp-content\/uploads\/sites\/283\/2023\/02\/zac-durant-76HhAKI5JXI-unsplash-2-1200x800.jpg 1200w, https:\/\/webs.uab.cat\/egolab\/wp-content\/uploads\/sites\/283\/2023\/02\/zac-durant-76HhAKI5JXI-unsplash-2-1980x1321.jpg 1980w\" sizes=\"auto, (max-width: 2560px) 100vw, 2560px\" \/><\/figure>\n<\/div>\n\n\n<p class=\"has-accent-background-color has-background\">IP: Hugo Valenzuela y Miranda J. Lubbers. Ref. PID2019-111251RB-I00. Periodo: Junio 2019\u2013Junio 2023. Investigadores\/as: JL Molina, Roser Fern\u00e1ndez, Paula Escribano. Raphael Cantillana<\/p>\n\n\n\n<p>DIMCOM, acr\u00f3nimo para Dimensi\u00f3n comunitaria, redes sociales y exclusi\u00f3n social es un proyecto que surge con el objetivo de analizar la dimensi\u00f3n social del precariat. Bajo un \u00e1ngulo m\u00e1s amplio, sin embargo, nos cuestionamos de qu\u00e9 manera las condiciones laborales deplorables afectan las relaciones sociales e impactan emocional e ideol\u00f3gicamente en el individuo. Para lo cual nos preguntamos c\u00f3mo se filtra la din\u00e1mica precaria en las relaciones cotidianas, como se experimenta este proceso y qu\u00e9 nuevas formas de relaciones y transformaci\u00f3n sociales se producen. Para m\u00e1s informaci\u00f3n dir\u00edgete a la p\u00e1gina web del proyecto. Gracias.<\/p>\n\n\n\n<p>Enlace a la p\u00e1gina web: <a href=\"https:\/\/webs.uab.cat\/dimcom\/\">https:\/\/webs.uab.cat\/dimcom\/ <\/a><\/p>\n","protected":false},"excerpt":{"rendered":"<p>IP: Hugo Valenzuela y Miranda J. Lubbers. Ref. PID2019-111251RB-I00. Periodo: Junio 2019\u2013Junio 2023. Investigadores\/as: JL Molina, Roser Fern\u00e1ndez, Paula Escribano. Raphael Cantillana DIMCOM, acr\u00f3nimo para Dimensi\u00f3n comunitaria, redes sociales y exclusi\u00f3n social es un proyecto que surge con el objetivo de analizar la dimensi\u00f3n social del precariat. Bajo un \u00e1ngulo m\u00e1s amplio, sin embargo, nos [&hellip;]<\/p>\n","protected":false},"author":2548,"featured_media":0,"parent":0,"menu_order":0,"comment_status":"closed","ping_status":"closed","template":"","meta":{"footnotes":""},"class_list":["post-1662","page","type-page","status-publish","hentry"],"_links":{"self":[{"href":"https:\/\/webs.uab.cat\/egolab\/es\/wp-json\/wp\/v2\/pages\/1662","targetHints":{"allow":["GET"]}}],"collection":[{"href":"https:\/\/webs.uab.cat\/egolab\/es\/wp-json\/wp\/v2\/pages"}],"about":[{"href":"https:\/\/webs.uab.cat\/egolab\/es\/wp-json\/wp\/v2\/types\/page"}],"author":[{"embeddable":true,"href":"https:\/\/webs.uab.cat\/egolab\/es\/wp-json\/wp\/v2\/users\/2548"}],"replies":[{"embeddable":true,"href":"https:\/\/webs.uab.cat\/egolab\/es\/wp-json\/wp\/v2\/comments?post=1662"}],"version-history":[{"count":7,"href":"https:\/\/webs.uab.cat\/egolab\/es\/wp-json\/wp\/v2\/pages\/1662\/revisions"}],"predecessor-version":[{"id":2235,"href":"https:\/\/webs.uab.cat\/egolab\/es\/wp-json\/wp\/v2\/pages\/1662\/revisions\/2235"}],"wp:attachment":[{"href":"https:\/\/webs.uab.cat\/egolab\/es\/wp-json\/wp\/v2\/media?parent=1662"}],"curies":[{"name":"wp","href":"https:\/\/api.w.org\/{rel}","templated":true}]}}